{"id":11216,"date":"2026-04-08T11:10:22","date_gmt":"2026-04-08T11:10:22","guid":{"rendered":"https:\/\/plcsupplyspot.com\/?post_type=product&#038;p=11216"},"modified":"2026-04-08T11:17:52","modified_gmt":"2026-04-08T11:17:52","slug":"vpl-b1002e-pj12aa","status":"publish","type":"product","link":"https:\/\/plcsupplyspot.com\/lt\/automatikos-komponentai\/vpl-b1002e-pj12aa\/","title":{"rendered":"VPL-B1002E-PJ12AA"},"content":{"rendered":"<p data-start=\"1776\" data-end=\"1828\"><strong data-start=\"1776\" data-end=\"1828\">Allen-Bradley VPL-B1002E-PJ12AA \u2013 servo variklis<\/strong><\/p>\n<p data-start=\"1830\" data-end=\"2095\">Allen-Bradley VPL-B1002E-PJ12AA yra kompakti\u0161kas Kinetix VPL serijos servo variklis, skirtas auk\u0161to tikslumo judesio valdymui pramon\u0117s automatizavimo sistemose. Jis pasi\u017eymi tikslia pozicionavimo kontrole, efektyviu veikimu ir patikimumu sud\u0117tingose aplikacijose.<\/p>\n<p data-start=\"2097\" data-end=\"2193\">Variklis optimizuotas darbui su Kinetix servo pavaromis ir puikiai tinka kompakti\u0161koms ma\u0161inoms.<\/p>\n<p data-start=\"2195\" data-end=\"2503\"><strong data-start=\"2195\" data-end=\"2218\">Technin\u0117 santrauka:<\/strong><br data-start=\"2218\" data-end=\"2221\" \/>\u2022 Serija: Kinetix VPL<br data-start=\"2242\" data-end=\"2245\" \/>\u2022 Produkto tipas: servo variklis<br data-start=\"2277\" data-end=\"2280\" \/>\u2022 Modelis: VPL-B1002E-PJ12AA<br data-start=\"2308\" data-end=\"2311\" \/>\u2022 Tipas: ma\u017eos inercijos<br data-start=\"2335\" data-end=\"2338\" \/>\u2022 \u012etampa: apie 200 V klas\u0117<br data-start=\"2364\" data-end=\"2367\" \/>\u2022 Enkoderis: auk\u0161tos rai\u0161kos<br data-start=\"2395\" data-end=\"2398\" \/>\u2022 Konstrukcija: kompakti\u0161ka<br data-start=\"2425\" data-end=\"2428\" \/>\u2022 Au\u0161inimas: nat\u016bralus<br data-start=\"2450\" data-end=\"2453\" \/>\u2022 Montavimas: flan\u0161inis<br data-start=\"2476\" data-end=\"2479\" \/>\u2022 Apsaugos klas\u0117: IP65<\/p>\n<p data-start=\"2505\" data-end=\"2652\"><strong data-start=\"2505\" data-end=\"2536\">Tipin\u0117s panaudojimo sritys:<\/strong><br data-start=\"2536\" data-end=\"2539\" \/>\u2022 Judesio valdymo sistemos<br data-start=\"2565\" data-end=\"2568\" \/>\u2022 Pakavimo \u012franga<br data-start=\"2585\" data-end=\"2588\" \/>\u2022 Robotika<br data-start=\"2598\" data-end=\"2601\" \/>\u2022 CNC stakl\u0117s<br data-start=\"2614\" data-end=\"2617\" \/>\u2022 Tikslaus pozicionavimo sistemos<\/p>\n<p data-start=\"2654\" data-end=\"2844\"><strong data-start=\"2654\" data-end=\"2673\">Apie gamintoj\u0105:<\/strong><br data-start=\"2673\" data-end=\"2676\" \/>Allen-Bradley \u2013 Rockwell Automation prek\u0117s \u017eenklas ir vienas i\u0161 pasaulini\u0173 lyderi\u0173 pramon\u0117s automatizavimo srityje, kuriantis servo sistemas, PLC ir valdymo sprendimus.<\/p>\n","protected":false},"excerpt":{"rendered":"<p data-start=\"501\" data-end=\"583\">Kompakti\u0161kas Kinetix servo variklis tiksliam valdymui.<\/p>\n<p data-start=\"439\" data-end=\"524\">\n","protected":false},"featured_media":11218,"template":"","meta":{"site-sidebar-layout":"default","site-content-layout":"","ast-site-content-layout":"default","site-content-style":"default","site-sidebar-style":"default","ast-global-header-display":"","ast-banner-title-visibility":"","ast-main-header-display":"","ast-hfb-above-header-display":"","ast-hfb-below-header-display":"","ast-hfb-mobile-header-display":"","site-post-title":"","ast-breadcrumbs-content":"","ast-featured-img":"","footer-sml-layout":"","ast-disable-related-posts":"","theme-transparent-header-meta":"default","adv-header-id-meta":"","stick-header-meta":"default","header-above-stick-meta":"","header-main-stick-meta":"","header-below-stick-meta":"","astra-migrate-meta-layouts":"set","ast-page-background-enabled":"default","ast-page-background-meta":{"desktop":{"background-color":"","background-image":"","background-repeat":"repeat","background-position":"center center","background-size":"auto","background-attachment":"scroll","background-type":"","background-media":"","overlay-type":"","overlay-color":"","overlay-opacity":"","overlay-gradient":""},"tablet":{"background-color":"","background-image":"","background-repeat":"repeat","background-position":"center center","background-size":"auto","background-attachment":"scroll","background-type":"","background-media":"","overlay-type":"","overlay-color":"","overlay-opacity":"","overlay-gradient":""},"mobile":{"background-color":"","background-image":"","background-repeat":"repeat","background-position":"center center","background-size":"auto","background-attachment":"scroll","background-type":"","background-media":"","overlay-type":"","overlay-color":"","overlay-opacity":"","overlay-gradient":""}},"ast-content-background-meta":{"desktop":{"background-color":"var(--ast-global-color-5)","background-image":"","background-repeat":"repeat","background-position":"center center","background-size":"auto","background-attachment":"scroll","background-type":"","background-media":"","overlay-type":"","overlay-color":"","overlay-opacity":"","overlay-gradient":""},"tablet":{"background-color":"var(--ast-global-color-5)","background-image":"","background-repeat":"repeat","background-position":"center center","background-size":"auto","background-attachment":"scroll","background-type":"","background-media":"","overlay-type":"","overlay-color":"","overlay-opacity":"","overlay-gradient":""},"mobile":{"background-color":"var(--ast-global-color-5)","background-image":"","background-repeat":"repeat","background-position":"center center","background-size":"auto","background-attachment":"scroll","background-type":"","background-media":"","overlay-type":"","overlay-color":"","overlay-opacity":"","overlay-gradient":""}}},"product_brand":[],"product_cat":[116],"product_tag":[],"class_list":{"0":"post-11216","1":"product","2":"type-product","3":"status-publish","4":"has-post-thumbnail","6":"product_cat-allen-bradley","7":"desktop-align-left","8":"tablet-align-left","9":"mobile-align-left","10":"ast-product-gallery-layout-horizontal-slider","11":"ast-product-gallery-with-no-image","12":"ast-product-tabs-layout-horizontal","14":"first","15":"onbackorder","16":"taxable","17":"shipping-taxable","18":"purchasable","19":"product-type-simple"},"yoast_head":"<!-- This site is optimized with the Yoast SEO plugin v27.3 - https:\/\/yoast.com\/product\/yoast-seo-wordpress\/ -->\n<title>VPL-B1002E-PJ12AA | PLC Supply spot<\/title>\n<meta name=\"description\" content=\"Allen-Bradley VPL-B1002E-PJ12AA \u2013 kompakti\u0161kas servo variklis tiksliam judesio valdymui.\" \/>\n<meta name=\"robots\" content=\"index, follow, max-snippet:-1, max-image-preview:large, max-video-preview:-1\" \/>\n<link rel=\"canonical\" href=\"https:\/\/plcsupplyspot.com\/lt\/automatikos-komponentai\/vpl-b1002e-pj12aa\/\" \/>\n<meta property=\"og:locale\" content=\"lt_LT\" \/>\n<meta property=\"og:type\" content=\"article\" \/>\n<meta property=\"og:title\" content=\"VPL-B1002E-PJ12AA | PLC Supply spot\" \/>\n<meta property=\"og:description\" content=\"Allen-Bradley VPL-B1002E-PJ12AA \u2013 kompakti\u0161kas servo variklis tiksliam judesio valdymui.\" \/>\n<meta property=\"og:url\" content=\"https:\/\/plcsupplyspot.com\/lt\/automatikos-komponentai\/vpl-b1002e-pj12aa\/\" \/>\n<meta property=\"og:site_name\" content=\"PLC Supply spot\" \/>\n<meta property=\"article:publisher\" content=\"https:\/\/www.facebook.com\/profile.php?id=61571705128033\" \/>\n<meta property=\"article:modified_time\" content=\"2026-04-08T11:17:52+00:00\" \/>\n<meta property=\"og:image\" content=\"https:\/\/plcsupplyspot.com\/wp-content\/uploads\/2026\/04\/VPL-B1303F-PK14AA_1000x1000.jpg\" \/>\n\t<meta property=\"og:image:width\" content=\"1000\" \/>\n\t<meta property=\"og:image:height\" content=\"1000\" \/>\n\t<meta property=\"og:image:type\" content=\"image\/jpeg\" \/>\n<meta name=\"twitter:card\" content=\"summary_large_image\" \/>\n<meta name=\"twitter:label1\" content=\"Est. reading time\" \/>\n\t<meta name=\"twitter:data1\" content=\"1 minut\u0117\" \/>\n<!-- \/ Yoast SEO plugin. -->","yoast_head_json":{"title":"VPL-B1002E-PJ12AA | PLC Supply spot","description":"Allen-Bradley VPL-B1002E-PJ12AA \u2013 kompakti\u0161kas servo variklis tiksliam judesio valdymui.","robots":{"index":"index","follow":"follow","max-snippet":"max-snippet:-1","max-image-preview":"max-image-preview:large","max-video-preview":"max-video-preview:-1"},"canonical":"https:\/\/plcsupplyspot.com\/lt\/automatikos-komponentai\/vpl-b1002e-pj12aa\/","og_locale":"lt_LT","og_type":"article","og_title":"VPL-B1002E-PJ12AA | PLC Supply spot","og_description":"Allen-Bradley VPL-B1002E-PJ12AA \u2013 kompakti\u0161kas servo variklis tiksliam judesio valdymui.","og_url":"https:\/\/plcsupplyspot.com\/lt\/automatikos-komponentai\/vpl-b1002e-pj12aa\/","og_site_name":"PLC Supply spot","article_publisher":"https:\/\/www.facebook.com\/profile.php?id=61571705128033","article_modified_time":"2026-04-08T11:17:52+00:00","og_image":[{"width":1000,"height":1000,"url":"https:\/\/plcsupplyspot.com\/wp-content\/uploads\/2026\/04\/VPL-B1303F-PK14AA_1000x1000.jpg","type":"image\/jpeg"}],"twitter_card":"summary_large_image","twitter_misc":{"Est. reading time":"1 minut\u0117"},"schema":{"@context":"https:\/\/schema.org","@graph":[{"@type":"WebPage","@id":"https:\/\/plcsupplyspot.com\/lt\/automatikos-komponentai\/vpl-b1002e-pj12aa\/","url":"https:\/\/plcsupplyspot.com\/lt\/automatikos-komponentai\/vpl-b1002e-pj12aa\/","name":"VPL-B1002E-PJ12AA | PLC Supply spot","isPartOf":{"@id":"https:\/\/plcsupplyspot.com\/lt\/#website"},"primaryImageOfPage":{"@id":"https:\/\/plcsupplyspot.com\/lt\/automatikos-komponentai\/vpl-b1002e-pj12aa\/#primaryimage"},"image":{"@id":"https:\/\/plcsupplyspot.com\/lt\/automatikos-komponentai\/vpl-b1002e-pj12aa\/#primaryimage"},"thumbnailUrl":"https:\/\/plcsupplyspot.com\/wp-content\/uploads\/2026\/04\/VPL-B1303F-PK14AA_1000x1000.jpg","datePublished":"2026-04-08T11:10:22+00:00","dateModified":"2026-04-08T11:17:52+00:00","description":"Allen-Bradley VPL-B1002E-PJ12AA \u2013 kompakti\u0161kas servo variklis tiksliam judesio valdymui.","breadcrumb":{"@id":"https:\/\/plcsupplyspot.com\/lt\/automatikos-komponentai\/vpl-b1002e-pj12aa\/#breadcrumb"},"inLanguage":"lt-LT","potentialAction":[{"@type":"ReadAction","target":["https:\/\/plcsupplyspot.com\/lt\/automatikos-komponentai\/vpl-b1002e-pj12aa\/"]}]},{"@type":"ImageObject","inLanguage":"lt-LT","@id":"https:\/\/plcsupplyspot.com\/lt\/automatikos-komponentai\/vpl-b1002e-pj12aa\/#primaryimage","url":"https:\/\/plcsupplyspot.com\/wp-content\/uploads\/2026\/04\/VPL-B1303F-PK14AA_1000x1000.jpg","contentUrl":"https:\/\/plcsupplyspot.com\/wp-content\/uploads\/2026\/04\/VPL-B1303F-PK14AA_1000x1000.jpg","width":1000,"height":1000},{"@type":"BreadcrumbList","@id":"https:\/\/plcsupplyspot.com\/lt\/automatikos-komponentai\/vpl-b1002e-pj12aa\/#breadcrumb","itemListElement":[{"@type":"ListItem","position":1,"name":"home","item":"https:\/\/plcsupplyspot.com\/lt\/"},{"@type":"ListItem","position":2,"name":"Automatikos komponentai","item":"https:\/\/plcsupplyspot.com\/lt\/automatikos-komponentai\/"},{"@type":"ListItem","position":3,"name":"VPL-B1002E-PJ12AA"}]},{"@type":"WebSite","@id":"https:\/\/plcsupplyspot.com\/lt\/#website","url":"https:\/\/plcsupplyspot.com\/lt\/","name":"PLC Supply Spot","description":"Innovate. Accelerate. Automate!","publisher":{"@id":"https:\/\/plcsupplyspot.com\/lt\/#organization"},"potentialAction":[{"@type":"SearchAction","target":{"@type":"EntryPoint","urlTemplate":"https:\/\/plcsupplyspot.com\/lt\/?s={search_term_string}"},"query-input":{"@type":"PropertyValueSpecification","valueRequired":true,"valueName":"search_term_string"}}],"inLanguage":"lt-LT"},{"@type":"Organization","@id":"https:\/\/plcsupplyspot.com\/lt\/#organization","name":"PLC Supply Spot","alternateName":"PLC Supply Spot","url":"https:\/\/plcsupplyspot.com\/lt\/","logo":{"@type":"ImageObject","inLanguage":"lt-LT","@id":"https:\/\/plcsupplyspot.com\/lt\/#\/schema\/logo\/image\/","url":"https:\/\/plcsupplyspot.com\/wp-content\/uploads\/2026\/01\/plc-supply-spot-logo-1.png","contentUrl":"https:\/\/plcsupplyspot.com\/wp-content\/uploads\/2026\/01\/plc-supply-spot-logo-1.png","width":720,"height":720,"caption":"PLC Supply Spot"},"image":{"@id":"https:\/\/plcsupplyspot.com\/lt\/#\/schema\/logo\/image\/"},"sameAs":["https:\/\/www.facebook.com\/profile.php?id=61571705128033"]}]}},"_links":{"self":[{"href":"https:\/\/plcsupplyspot.com\/lt\/wp-json\/wp\/v2\/product\/11216","targetHints":{"allow":["GET"]}}],"collection":[{"href":"https:\/\/plcsupplyspot.com\/lt\/wp-json\/wp\/v2\/product"}],"about":[{"href":"https:\/\/plcsupplyspot.com\/lt\/wp-json\/wp\/v2\/types\/product"}],"version-history":[{"count":3,"href":"https:\/\/plcsupplyspot.com\/lt\/wp-json\/wp\/v2\/product\/11216\/revisions"}],"predecessor-version":[{"id":11223,"href":"https:\/\/plcsupplyspot.com\/lt\/wp-json\/wp\/v2\/product\/11216\/revisions\/11223"}],"wp:featuredmedia":[{"embeddable":true,"href":"https:\/\/plcsupplyspot.com\/lt\/wp-json\/wp\/v2\/media\/11218"}],"wp:attachment":[{"href":"https:\/\/plcsupplyspot.com\/lt\/wp-json\/wp\/v2\/media?parent=11216"}],"wp:term":[{"taxonomy":"product_brand","embeddable":true,"href":"https:\/\/plcsupplyspot.com\/lt\/wp-json\/wp\/v2\/product_brand?post=11216"},{"taxonomy":"product_cat","embeddable":true,"href":"https:\/\/plcsupplyspot.com\/lt\/wp-json\/wp\/v2\/product_cat?post=11216"},{"taxonomy":"product_tag","embeddable":true,"href":"https:\/\/plcsupplyspot.com\/lt\/wp-json\/wp\/v2\/product_tag?post=11216"}],"curies":[{"name":"wp","href":"https:\/\/api.w.org\/{rel}","templated":true}]}}