{"id":11118,"date":"2026-04-07T12:33:06","date_gmt":"2026-04-07T12:33:06","guid":{"rendered":"https:\/\/plcsupplyspot.com\/?post_type=product&#038;p=11118"},"modified":"2026-04-07T12:39:12","modified_gmt":"2026-04-07T12:39:12","slug":"6sl3210-1ke23-2uf1","status":"publish","type":"product","link":"https:\/\/plcsupplyspot.com\/lt\/automatikos-komponentai\/6sl3210-1ke23-2uf1\/","title":{"rendered":"6SL3210-1KE23-2UF1"},"content":{"rendered":"<p data-start=\"1949\" data-end=\"1998\"><strong data-start=\"1949\" data-end=\"1998\">Siemens 6SL3210-1KE23-2UF1 \u2013 da\u017enio keitiklis<\/strong><\/p>\n<p data-start=\"2000\" data-end=\"2268\">Siemens 6SL3210-1KE23-2UF1 yra kompakti\u0161kas SINAMICS G120C serijos da\u017enio keitiklis, skirtas trifazi\u0173 varikli\u0173 valdymui pramon\u0117s automatizavimo sistemose. Jis sujungia galios ir valdymo funkcijas viename \u012frenginyje, tod\u0117l u\u017etikrina kompakti\u0161k\u0105 ir patikim\u0105 sprendim\u0105.<\/p>\n<p data-start=\"2270\" data-end=\"2390\">Keitiklis leid\u017eia tiksliai valdyti greit\u012f, ma\u017eina energijos s\u0105naudas ir lengvai integruojamas \u012f automatizavimo sistemas.<\/p>\n<p data-start=\"2392\" data-end=\"2815\"><strong data-start=\"2392\" data-end=\"2415\">Technin\u0117 santrauka:<\/strong><br data-start=\"2415\" data-end=\"2418\" \/>\u2022 Serija: SINAMICS G120C<br data-start=\"2442\" data-end=\"2445\" \/>\u2022 Produkto tipas: da\u017enio keitiklis (VFD)<br data-start=\"2485\" data-end=\"2488\" \/>\u2022 Modelis: 6SL3210-1KE23-2UF1<br data-start=\"2517\" data-end=\"2520\" \/>\u2022 \u012e\u0117jimo \u012ftampa: 3 fazi\u0173 380\u2013480 V AC<br data-start=\"2557\" data-end=\"2560\" \/>\u2022 Galia: apie 11 kW<br data-start=\"2579\" data-end=\"2582\" \/>\u2022 Valdymas: V\/f ir vektorin\u0117 kontrol\u0117<br data-start=\"2619\" data-end=\"2622\" \/>\u2022 Komunikacija: PROFINET \/ papildomi moduliai<br data-start=\"2667\" data-end=\"2670\" \/>\u2022 Saugos funkcija: STO (Safe Torque Off)<br data-start=\"2710\" data-end=\"2713\" \/>\u2022 Apsaugos klas\u0117: IP20<br data-start=\"2735\" data-end=\"2738\" \/>\u2022 Montavimas: panel\u0117 \/ spinta<br data-start=\"2767\" data-end=\"2770\" \/>\u2022 Darbin\u0117 temperat\u016bra: apie \u201310\u00b0C iki +40\u00b0C<\/p>\n<p data-start=\"2817\" data-end=\"2986\"><strong data-start=\"2817\" data-end=\"2848\">Tipin\u0117s panaudojimo sritys:<\/strong><br data-start=\"2848\" data-end=\"2851\" \/>\u2022 Siurbliai ir ventiliatoriai<br data-start=\"2880\" data-end=\"2883\" \/>\u2022 Konvejeriai<br data-start=\"2896\" data-end=\"2899\" \/>\u2022 Pramoniniai \u012frenginiai<br data-start=\"2923\" data-end=\"2926\" \/>\u2022 Gamybos automatizavimas<br data-start=\"2951\" data-end=\"2954\" \/>\u2022 Energij\u0105 taupan\u010dios sistemos<\/p>\n<p data-start=\"2988\" data-end=\"3162\"><strong data-start=\"2988\" data-end=\"3007\">Apie gamintoj\u0105:<\/strong><br data-start=\"3007\" data-end=\"3010\" \/>Siemens \u2013 viena i\u0161 pasaulini\u0173 lyderi\u0173 pramon\u0117s automatizavimo ir pavar\u0173 technologij\u0173 srityje, kurianti PLC, da\u017enio keitiklius ir pramoninius sprendimus.<\/p>\n","protected":false},"excerpt":{"rendered":"<p data-start=\"491\" data-end=\"581\">SINAMICS G120C da\u017enio keitiklis pramoniniam varikli\u0173 valdymui.<\/p>\n","protected":false},"featured_media":11120,"template":"","meta":{"site-sidebar-layout":"default","site-content-layout":"","ast-site-content-layout":"default","site-content-style":"default","site-sidebar-style":"default","ast-global-header-display":"","ast-banner-title-visibility":"","ast-main-header-display":"","ast-hfb-above-header-display":"","ast-hfb-below-header-display":"","ast-hfb-mobile-header-display":"","site-post-title":"","ast-breadcrumbs-content":"","ast-featured-img":"","footer-sml-layout":"","ast-disable-related-posts":"","theme-transparent-header-meta":"default","adv-header-id-meta":"","stick-header-meta":"default","header-above-stick-meta":"","header-main-stick-meta":"","header-below-stick-meta":"","astra-migrate-meta-layouts":"set","ast-page-background-enabled":"default","ast-page-background-meta":{"desktop":{"background-color":"","background-image":"","background-repeat":"repeat","background-position":"center center","background-size":"auto","background-attachment":"scroll","background-type":"","background-media":"","overlay-type":"","overlay-color":"","overlay-opacity":"","overlay-gradient":""},"tablet":{"background-color":"","background-image":"","background-repeat":"repeat","background-position":"center center","background-size":"auto","background-attachment":"scroll","background-type":"","background-media":"","overlay-type":"","overlay-color":"","overlay-opacity":"","overlay-gradient":""},"mobile":{"background-color":"","background-image":"","background-repeat":"repeat","background-position":"center center","background-size":"auto","background-attachment":"scroll","background-type":"","background-media":"","overlay-type":"","overlay-color":"","overlay-opacity":"","overlay-gradient":""}},"ast-content-background-meta":{"desktop":{"background-color":"var(--ast-global-color-5)","background-image":"","background-repeat":"repeat","background-position":"center center","background-size":"auto","background-attachment":"scroll","background-type":"","background-media":"","overlay-type":"","overlay-color":"","overlay-opacity":"","overlay-gradient":""},"tablet":{"background-color":"var(--ast-global-color-5)","background-image":"","background-repeat":"repeat","background-position":"center center","background-size":"auto","background-attachment":"scroll","background-type":"","background-media":"","overlay-type":"","overlay-color":"","overlay-opacity":"","overlay-gradient":""},"mobile":{"background-color":"var(--ast-global-color-5)","background-image":"","background-repeat":"repeat","background-position":"center center","background-size":"auto","background-attachment":"scroll","background-type":"","background-media":"","overlay-type":"","overlay-color":"","overlay-opacity":"","overlay-gradient":""}}},"product_brand":[],"product_cat":[122,121],"product_tag":[],"class_list":{"0":"post-11118","1":"product","2":"type-product","3":"status-publish","4":"has-post-thumbnail","6":"product_cat-daznio-keitikliai","7":"product_cat-siemens","8":"desktop-align-left","9":"tablet-align-left","10":"mobile-align-left","11":"ast-product-gallery-layout-horizontal-slider","12":"ast-product-gallery-with-no-image","13":"ast-product-tabs-layout-horizontal","15":"first","16":"onbackorder","17":"taxable","18":"shipping-taxable","19":"purchasable","20":"product-type-simple"},"yoast_head":"<!-- This site is optimized with the Yoast SEO plugin v27.3 - https:\/\/yoast.com\/product\/yoast-seo-wordpress\/ -->\n<title>6SL3210-1KE23-2UF1 | PLC Supply spot<\/title>\n<meta name=\"description\" content=\"Siemens 6SL3210-1KE23-2UF1 \u2013 SINAMICS G120C da\u017enio keitiklis 380\u2013480V varikli\u0173 valdymui.\" \/>\n<meta name=\"robots\" content=\"index, follow, max-snippet:-1, max-image-preview:large, max-video-preview:-1\" \/>\n<link rel=\"canonical\" href=\"https:\/\/plcsupplyspot.com\/lt\/automatikos-komponentai\/6sl3210-1ke23-2uf1\/\" \/>\n<meta property=\"og:locale\" content=\"lt_LT\" \/>\n<meta property=\"og:type\" content=\"article\" \/>\n<meta property=\"og:title\" content=\"6SL3210-1KE23-2UF1 | PLC Supply spot\" \/>\n<meta property=\"og:description\" content=\"Siemens 6SL3210-1KE23-2UF1 \u2013 SINAMICS G120C da\u017enio keitiklis 380\u2013480V varikli\u0173 valdymui.\" \/>\n<meta property=\"og:url\" content=\"https:\/\/plcsupplyspot.com\/lt\/automatikos-komponentai\/6sl3210-1ke23-2uf1\/\" \/>\n<meta property=\"og:site_name\" content=\"PLC Supply spot\" \/>\n<meta property=\"article:publisher\" content=\"https:\/\/www.facebook.com\/profile.php?id=61571705128033\" \/>\n<meta property=\"article:modified_time\" content=\"2026-04-07T12:39:12+00:00\" \/>\n<meta property=\"og:image\" content=\"https:\/\/plcsupplyspot.com\/wp-content\/uploads\/2026\/04\/6SL3210-1KE23-2UF1.jpg\" \/>\n\t<meta property=\"og:image:width\" content=\"300\" \/>\n\t<meta property=\"og:image:height\" content=\"300\" \/>\n\t<meta property=\"og:image:type\" content=\"image\/jpeg\" \/>\n<meta name=\"twitter:card\" content=\"summary_large_image\" \/>\n<meta name=\"twitter:label1\" content=\"Est. reading time\" \/>\n\t<meta name=\"twitter:data1\" content=\"1 minut\u0117\" \/>\n<!-- \/ Yoast SEO plugin. -->","yoast_head_json":{"title":"6SL3210-1KE23-2UF1 | PLC Supply spot","description":"Siemens 6SL3210-1KE23-2UF1 \u2013 SINAMICS G120C da\u017enio keitiklis 380\u2013480V varikli\u0173 valdymui.","robots":{"index":"index","follow":"follow","max-snippet":"max-snippet:-1","max-image-preview":"max-image-preview:large","max-video-preview":"max-video-preview:-1"},"canonical":"https:\/\/plcsupplyspot.com\/lt\/automatikos-komponentai\/6sl3210-1ke23-2uf1\/","og_locale":"lt_LT","og_type":"article","og_title":"6SL3210-1KE23-2UF1 | PLC Supply spot","og_description":"Siemens 6SL3210-1KE23-2UF1 \u2013 SINAMICS G120C da\u017enio keitiklis 380\u2013480V varikli\u0173 valdymui.","og_url":"https:\/\/plcsupplyspot.com\/lt\/automatikos-komponentai\/6sl3210-1ke23-2uf1\/","og_site_name":"PLC Supply spot","article_publisher":"https:\/\/www.facebook.com\/profile.php?id=61571705128033","article_modified_time":"2026-04-07T12:39:12+00:00","og_image":[{"width":300,"height":300,"url":"https:\/\/plcsupplyspot.com\/wp-content\/uploads\/2026\/04\/6SL3210-1KE23-2UF1.jpg","type":"image\/jpeg"}],"twitter_card":"summary_large_image","twitter_misc":{"Est. reading time":"1 minut\u0117"},"schema":{"@context":"https:\/\/schema.org","@graph":[{"@type":"WebPage","@id":"https:\/\/plcsupplyspot.com\/lt\/automatikos-komponentai\/6sl3210-1ke23-2uf1\/","url":"https:\/\/plcsupplyspot.com\/lt\/automatikos-komponentai\/6sl3210-1ke23-2uf1\/","name":"6SL3210-1KE23-2UF1 | PLC Supply spot","isPartOf":{"@id":"https:\/\/plcsupplyspot.com\/lt\/#website"},"primaryImageOfPage":{"@id":"https:\/\/plcsupplyspot.com\/lt\/automatikos-komponentai\/6sl3210-1ke23-2uf1\/#primaryimage"},"image":{"@id":"https:\/\/plcsupplyspot.com\/lt\/automatikos-komponentai\/6sl3210-1ke23-2uf1\/#primaryimage"},"thumbnailUrl":"https:\/\/plcsupplyspot.com\/wp-content\/uploads\/2026\/04\/6SL3210-1KE23-2UF1.jpg","datePublished":"2026-04-07T12:33:06+00:00","dateModified":"2026-04-07T12:39:12+00:00","description":"Siemens 6SL3210-1KE23-2UF1 \u2013 SINAMICS G120C da\u017enio keitiklis 380\u2013480V varikli\u0173 valdymui.","breadcrumb":{"@id":"https:\/\/plcsupplyspot.com\/lt\/automatikos-komponentai\/6sl3210-1ke23-2uf1\/#breadcrumb"},"inLanguage":"lt-LT","potentialAction":[{"@type":"ReadAction","target":["https:\/\/plcsupplyspot.com\/lt\/automatikos-komponentai\/6sl3210-1ke23-2uf1\/"]}]},{"@type":"ImageObject","inLanguage":"lt-LT","@id":"https:\/\/plcsupplyspot.com\/lt\/automatikos-komponentai\/6sl3210-1ke23-2uf1\/#primaryimage","url":"https:\/\/plcsupplyspot.com\/wp-content\/uploads\/2026\/04\/6SL3210-1KE23-2UF1.jpg","contentUrl":"https:\/\/plcsupplyspot.com\/wp-content\/uploads\/2026\/04\/6SL3210-1KE23-2UF1.jpg","width":300,"height":300},{"@type":"BreadcrumbList","@id":"https:\/\/plcsupplyspot.com\/lt\/automatikos-komponentai\/6sl3210-1ke23-2uf1\/#breadcrumb","itemListElement":[{"@type":"ListItem","position":1,"name":"home","item":"https:\/\/plcsupplyspot.com\/lt\/"},{"@type":"ListItem","position":2,"name":"Automatikos komponentai","item":"https:\/\/plcsupplyspot.com\/lt\/automatikos-komponentai\/"},{"@type":"ListItem","position":3,"name":"6SL3210-1KE23-2UF1"}]},{"@type":"WebSite","@id":"https:\/\/plcsupplyspot.com\/lt\/#website","url":"https:\/\/plcsupplyspot.com\/lt\/","name":"PLC Supply Spot","description":"Innovate. Accelerate. Automate!","publisher":{"@id":"https:\/\/plcsupplyspot.com\/lt\/#organization"},"potentialAction":[{"@type":"SearchAction","target":{"@type":"EntryPoint","urlTemplate":"https:\/\/plcsupplyspot.com\/lt\/?s={search_term_string}"},"query-input":{"@type":"PropertyValueSpecification","valueRequired":true,"valueName":"search_term_string"}}],"inLanguage":"lt-LT"},{"@type":"Organization","@id":"https:\/\/plcsupplyspot.com\/lt\/#organization","name":"PLC Supply Spot","alternateName":"PLC Supply Spot","url":"https:\/\/plcsupplyspot.com\/lt\/","logo":{"@type":"ImageObject","inLanguage":"lt-LT","@id":"https:\/\/plcsupplyspot.com\/lt\/#\/schema\/logo\/image\/","url":"https:\/\/plcsupplyspot.com\/wp-content\/uploads\/2026\/01\/plc-supply-spot-logo-1.png","contentUrl":"https:\/\/plcsupplyspot.com\/wp-content\/uploads\/2026\/01\/plc-supply-spot-logo-1.png","width":720,"height":720,"caption":"PLC Supply Spot"},"image":{"@id":"https:\/\/plcsupplyspot.com\/lt\/#\/schema\/logo\/image\/"},"sameAs":["https:\/\/www.facebook.com\/profile.php?id=61571705128033"]}]}},"_links":{"self":[{"href":"https:\/\/plcsupplyspot.com\/lt\/wp-json\/wp\/v2\/product\/11118","targetHints":{"allow":["GET"]}}],"collection":[{"href":"https:\/\/plcsupplyspot.com\/lt\/wp-json\/wp\/v2\/product"}],"about":[{"href":"https:\/\/plcsupplyspot.com\/lt\/wp-json\/wp\/v2\/types\/product"}],"version-history":[{"count":3,"href":"https:\/\/plcsupplyspot.com\/lt\/wp-json\/wp\/v2\/product\/11118\/revisions"}],"predecessor-version":[{"id":11124,"href":"https:\/\/plcsupplyspot.com\/lt\/wp-json\/wp\/v2\/product\/11118\/revisions\/11124"}],"wp:featuredmedia":[{"embeddable":true,"href":"https:\/\/plcsupplyspot.com\/lt\/wp-json\/wp\/v2\/media\/11120"}],"wp:attachment":[{"href":"https:\/\/plcsupplyspot.com\/lt\/wp-json\/wp\/v2\/media?parent=11118"}],"wp:term":[{"taxonomy":"product_brand","embeddable":true,"href":"https:\/\/plcsupplyspot.com\/lt\/wp-json\/wp\/v2\/product_brand?post=11118"},{"taxonomy":"product_cat","embeddable":true,"href":"https:\/\/plcsupplyspot.com\/lt\/wp-json\/wp\/v2\/product_cat?post=11118"},{"taxonomy":"product_tag","embeddable":true,"href":"https:\/\/plcsupplyspot.com\/lt\/wp-json\/wp\/v2\/product_tag?post=11118"}],"curies":[{"name":"wp","href":"https:\/\/api.w.org\/{rel}","templated":true}]}}