{"id":11102,"date":"2026-04-07T12:14:40","date_gmt":"2026-04-07T12:14:40","guid":{"rendered":"https:\/\/plcsupplyspot.com\/?post_type=product&#038;p=11102"},"modified":"2026-04-07T12:21:22","modified_gmt":"2026-04-07T12:21:22","slug":"6es7155-6au00-0cn0","status":"publish","type":"product","link":"https:\/\/plcsupplyspot.com\/lt\/automatikos-komponentai\/6es7155-6au00-0cn0\/","title":{"rendered":"6ES7155-6AU00-0CN0"},"content":{"rendered":"<p data-start=\"1862\" data-end=\"1910\"><strong data-start=\"1862\" data-end=\"1910\">Siemens 6ES7155-6AU00-0CN0 \u2013 s\u0105sajos modulis<\/strong><\/p>\n<p data-start=\"1912\" data-end=\"2148\">Siemens 6ES7155-6AU00-0CN0 yra ET 200SP paskirstytos I\/O sistemos s\u0105sajos modulis, skirtas prijungti modulius prie PROFINET tinklo. Jis u\u017etikrina ry\u0161\u012f tarp PLC valdikli\u0173 ir decentralizuot\u0173 I\/O sto\u010di\u0173 pramon\u0117s automatizavimo sistemose.<\/p>\n<p data-start=\"2150\" data-end=\"2274\">Modulis leid\u017eia patikimai keistis duomenimis, u\u017etikrina greit\u0105 komunikacij\u0105 ir lengv\u0105 integracij\u0105 \u012f automatizavimo sistemas.<\/p>\n<p data-start=\"2276\" data-end=\"2620\"><strong data-start=\"2276\" data-end=\"2299\">Technin\u0117 santrauka:<\/strong><br data-start=\"2299\" data-end=\"2302\" \/>\u2022 Serija: ET 200SP<br data-start=\"2320\" data-end=\"2323\" \/>\u2022 Modulio tipas: s\u0105sajos modulis (IM 155-6 PN)<br data-start=\"2369\" data-end=\"2372\" \/>\u2022 Modelis: 6ES7155-6AU00-0CN0<br data-start=\"2401\" data-end=\"2404\" \/>\u2022 Komunikacija: PROFINET<br data-start=\"2428\" data-end=\"2431\" \/>\u2022 Prievadai: 2 \u00d7 RJ45 Ethernet<br data-start=\"2461\" data-end=\"2464\" \/>\u2022 Funkcijos: duomen\u0173 perdavimas, diagnostika<br data-start=\"2508\" data-end=\"2511\" \/>\u2022 Montavimas: DIN b\u0117gelis (ET 200SP)<br data-start=\"2547\" data-end=\"2550\" \/>\u2022 Apsaugos klas\u0117: IP20<br data-start=\"2572\" data-end=\"2575\" \/>\u2022 Darbin\u0117 temperat\u016bra: apie \u201320\u00b0C iki +60\u00b0C<\/p>\n<p data-start=\"2622\" data-end=\"2808\"><strong data-start=\"2622\" data-end=\"2653\">Tipin\u0117s panaudojimo sritys:<\/strong><br data-start=\"2653\" data-end=\"2656\" \/>\u2022 Paskirstytos I\/O sistemos<br data-start=\"2683\" data-end=\"2686\" \/>\u2022 Pramoniniai Ethernet tinklai<br data-start=\"2716\" data-end=\"2719\" \/>\u2022 PLC ir nuotolini\u0173 moduli\u0173 komunikacija<br data-start=\"2759\" data-end=\"2762\" \/>\u2022 Ma\u0161in\u0173 automatizavimas<br data-start=\"2786\" data-end=\"2789\" \/>\u2022 Gamybos linijos<\/p>\n<p data-start=\"2810\" data-end=\"2995\"><strong data-start=\"2810\" data-end=\"2829\">Apie gamintoj\u0105:<\/strong><br data-start=\"2829\" data-end=\"2832\" \/>Siemens \u2013 viena i\u0161 pasaulini\u0173 lyderi\u0173 pramon\u0117s automatizavimo ir skaitmenizacijos srityje, kurianti PLC sistemas, komunikacijos modulius ir pramoninius sprendimus.<\/p>\n","protected":false},"excerpt":{"rendered":"<p data-start=\"494\" data-end=\"556\">ET 200SP PROFINET s\u0105sajos modulis.<\/p>\n","protected":false},"featured_media":11104,"template":"","meta":{"site-sidebar-layout":"default","site-content-layout":"","ast-site-content-layout":"default","site-content-style":"default","site-sidebar-style":"default","ast-global-header-display":"","ast-banner-title-visibility":"","ast-main-header-display":"","ast-hfb-above-header-display":"","ast-hfb-below-header-display":"","ast-hfb-mobile-header-display":"","site-post-title":"","ast-breadcrumbs-content":"","ast-featured-img":"","footer-sml-layout":"","ast-disable-related-posts":"","theme-transparent-header-meta":"default","adv-header-id-meta":"","stick-header-meta":"default","header-above-stick-meta":"","header-main-stick-meta":"","header-below-stick-meta":"","astra-migrate-meta-layouts":"set","ast-page-background-enabled":"default","ast-page-background-meta":{"desktop":{"background-color":"","background-image":"","background-repeat":"repeat","background-position":"center center","background-size":"auto","background-attachment":"scroll","background-type":"","background-media":"","overlay-type":"","overlay-color":"","overlay-opacity":"","overlay-gradient":""},"tablet":{"background-color":"","background-image":"","background-repeat":"repeat","background-position":"center center","background-size":"auto","background-attachment":"scroll","background-type":"","background-media":"","overlay-type":"","overlay-color":"","overlay-opacity":"","overlay-gradient":""},"mobile":{"background-color":"","background-image":"","background-repeat":"repeat","background-position":"center center","background-size":"auto","background-attachment":"scroll","background-type":"","background-media":"","overlay-type":"","overlay-color":"","overlay-opacity":"","overlay-gradient":""}},"ast-content-background-meta":{"desktop":{"background-color":"var(--ast-global-color-5)","background-image":"","background-repeat":"repeat","background-position":"center center","background-size":"auto","background-attachment":"scroll","background-type":"","background-media":"","overlay-type":"","overlay-color":"","overlay-opacity":"","overlay-gradient":""},"tablet":{"background-color":"var(--ast-global-color-5)","background-image":"","background-repeat":"repeat","background-position":"center center","background-size":"auto","background-attachment":"scroll","background-type":"","background-media":"","overlay-type":"","overlay-color":"","overlay-opacity":"","overlay-gradient":""},"mobile":{"background-color":"var(--ast-global-color-5)","background-image":"","background-repeat":"repeat","background-position":"center center","background-size":"auto","background-attachment":"scroll","background-type":"","background-media":"","overlay-type":"","overlay-color":"","overlay-opacity":"","overlay-gradient":""}}},"product_brand":[],"product_cat":[121],"product_tag":[],"class_list":{"0":"post-11102","1":"product","2":"type-product","3":"status-publish","4":"has-post-thumbnail","6":"product_cat-siemens","7":"desktop-align-left","8":"tablet-align-left","9":"mobile-align-left","10":"ast-product-gallery-layout-horizontal-slider","11":"ast-product-gallery-with-no-image","12":"ast-product-tabs-layout-horizontal","14":"first","15":"onbackorder","16":"taxable","17":"shipping-taxable","18":"purchasable","19":"product-type-simple"},"yoast_head":"<!-- This site is optimized with the Yoast SEO plugin v27.3 - https:\/\/yoast.com\/product\/yoast-seo-wordpress\/ -->\n<title>6ES7155-6AU00-0CN0 | PLC Supply spot<\/title>\n<meta name=\"description\" content=\"Siemens 6ES7155-6AU00-0CN0 \u2013 ET 200SP PROFINET s\u0105sajos modulis paskirstytoms I\/O sistemoms.\" \/>\n<meta name=\"robots\" content=\"index, follow, max-snippet:-1, max-image-preview:large, max-video-preview:-1\" \/>\n<link rel=\"canonical\" href=\"https:\/\/plcsupplyspot.com\/lt\/automatikos-komponentai\/6es7155-6au00-0cn0\/\" \/>\n<meta property=\"og:locale\" content=\"lt_LT\" \/>\n<meta property=\"og:type\" content=\"article\" \/>\n<meta property=\"og:title\" content=\"6ES7155-6AU00-0CN0 | PLC Supply spot\" \/>\n<meta property=\"og:description\" content=\"Siemens 6ES7155-6AU00-0CN0 \u2013 ET 200SP PROFINET s\u0105sajos modulis paskirstytoms I\/O sistemoms.\" \/>\n<meta property=\"og:url\" content=\"https:\/\/plcsupplyspot.com\/lt\/automatikos-komponentai\/6es7155-6au00-0cn0\/\" \/>\n<meta property=\"og:site_name\" content=\"PLC Supply spot\" \/>\n<meta property=\"article:publisher\" content=\"https:\/\/www.facebook.com\/profile.php?id=61571705128033\" \/>\n<meta property=\"article:modified_time\" content=\"2026-04-07T12:21:22+00:00\" \/>\n<meta property=\"og:image\" content=\"https:\/\/plcsupplyspot.com\/wp-content\/uploads\/2026\/04\/G_ST70_XX_00903I.jpg\" \/>\n\t<meta property=\"og:image:width\" content=\"300\" \/>\n\t<meta property=\"og:image:height\" content=\"300\" \/>\n\t<meta property=\"og:image:type\" content=\"image\/jpeg\" \/>\n<meta name=\"twitter:card\" content=\"summary_large_image\" \/>\n<meta name=\"twitter:label1\" content=\"Est. reading time\" \/>\n\t<meta name=\"twitter:data1\" content=\"1 minut\u0117\" \/>\n<!-- \/ Yoast SEO plugin. -->","yoast_head_json":{"title":"6ES7155-6AU00-0CN0 | PLC Supply spot","description":"Siemens 6ES7155-6AU00-0CN0 \u2013 ET 200SP PROFINET s\u0105sajos modulis paskirstytoms I\/O sistemoms.","robots":{"index":"index","follow":"follow","max-snippet":"max-snippet:-1","max-image-preview":"max-image-preview:large","max-video-preview":"max-video-preview:-1"},"canonical":"https:\/\/plcsupplyspot.com\/lt\/automatikos-komponentai\/6es7155-6au00-0cn0\/","og_locale":"lt_LT","og_type":"article","og_title":"6ES7155-6AU00-0CN0 | PLC Supply spot","og_description":"Siemens 6ES7155-6AU00-0CN0 \u2013 ET 200SP PROFINET s\u0105sajos modulis paskirstytoms I\/O sistemoms.","og_url":"https:\/\/plcsupplyspot.com\/lt\/automatikos-komponentai\/6es7155-6au00-0cn0\/","og_site_name":"PLC Supply spot","article_publisher":"https:\/\/www.facebook.com\/profile.php?id=61571705128033","article_modified_time":"2026-04-07T12:21:22+00:00","og_image":[{"width":300,"height":300,"url":"https:\/\/plcsupplyspot.com\/wp-content\/uploads\/2026\/04\/G_ST70_XX_00903I.jpg","type":"image\/jpeg"}],"twitter_card":"summary_large_image","twitter_misc":{"Est. reading time":"1 minut\u0117"},"schema":{"@context":"https:\/\/schema.org","@graph":[{"@type":"WebPage","@id":"https:\/\/plcsupplyspot.com\/lt\/automatikos-komponentai\/6es7155-6au00-0cn0\/","url":"https:\/\/plcsupplyspot.com\/lt\/automatikos-komponentai\/6es7155-6au00-0cn0\/","name":"6ES7155-6AU00-0CN0 | PLC Supply spot","isPartOf":{"@id":"https:\/\/plcsupplyspot.com\/lt\/#website"},"primaryImageOfPage":{"@id":"https:\/\/plcsupplyspot.com\/lt\/automatikos-komponentai\/6es7155-6au00-0cn0\/#primaryimage"},"image":{"@id":"https:\/\/plcsupplyspot.com\/lt\/automatikos-komponentai\/6es7155-6au00-0cn0\/#primaryimage"},"thumbnailUrl":"https:\/\/plcsupplyspot.com\/wp-content\/uploads\/2026\/04\/G_ST70_XX_00903I.jpg","datePublished":"2026-04-07T12:14:40+00:00","dateModified":"2026-04-07T12:21:22+00:00","description":"Siemens 6ES7155-6AU00-0CN0 \u2013 ET 200SP PROFINET s\u0105sajos modulis paskirstytoms I\/O sistemoms.","breadcrumb":{"@id":"https:\/\/plcsupplyspot.com\/lt\/automatikos-komponentai\/6es7155-6au00-0cn0\/#breadcrumb"},"inLanguage":"lt-LT","potentialAction":[{"@type":"ReadAction","target":["https:\/\/plcsupplyspot.com\/lt\/automatikos-komponentai\/6es7155-6au00-0cn0\/"]}]},{"@type":"ImageObject","inLanguage":"lt-LT","@id":"https:\/\/plcsupplyspot.com\/lt\/automatikos-komponentai\/6es7155-6au00-0cn0\/#primaryimage","url":"https:\/\/plcsupplyspot.com\/wp-content\/uploads\/2026\/04\/G_ST70_XX_00903I.jpg","contentUrl":"https:\/\/plcsupplyspot.com\/wp-content\/uploads\/2026\/04\/G_ST70_XX_00903I.jpg","width":300,"height":300},{"@type":"BreadcrumbList","@id":"https:\/\/plcsupplyspot.com\/lt\/automatikos-komponentai\/6es7155-6au00-0cn0\/#breadcrumb","itemListElement":[{"@type":"ListItem","position":1,"name":"home","item":"https:\/\/plcsupplyspot.com\/lt\/"},{"@type":"ListItem","position":2,"name":"Automatikos komponentai","item":"https:\/\/plcsupplyspot.com\/lt\/automatikos-komponentai\/"},{"@type":"ListItem","position":3,"name":"6ES7155-6AU00-0CN0"}]},{"@type":"WebSite","@id":"https:\/\/plcsupplyspot.com\/lt\/#website","url":"https:\/\/plcsupplyspot.com\/lt\/","name":"PLC Supply Spot","description":"Innovate. Accelerate. Automate!","publisher":{"@id":"https:\/\/plcsupplyspot.com\/lt\/#organization"},"potentialAction":[{"@type":"SearchAction","target":{"@type":"EntryPoint","urlTemplate":"https:\/\/plcsupplyspot.com\/lt\/?s={search_term_string}"},"query-input":{"@type":"PropertyValueSpecification","valueRequired":true,"valueName":"search_term_string"}}],"inLanguage":"lt-LT"},{"@type":"Organization","@id":"https:\/\/plcsupplyspot.com\/lt\/#organization","name":"PLC Supply Spot","alternateName":"PLC Supply Spot","url":"https:\/\/plcsupplyspot.com\/lt\/","logo":{"@type":"ImageObject","inLanguage":"lt-LT","@id":"https:\/\/plcsupplyspot.com\/lt\/#\/schema\/logo\/image\/","url":"https:\/\/plcsupplyspot.com\/wp-content\/uploads\/2026\/01\/plc-supply-spot-logo-1.png","contentUrl":"https:\/\/plcsupplyspot.com\/wp-content\/uploads\/2026\/01\/plc-supply-spot-logo-1.png","width":720,"height":720,"caption":"PLC Supply Spot"},"image":{"@id":"https:\/\/plcsupplyspot.com\/lt\/#\/schema\/logo\/image\/"},"sameAs":["https:\/\/www.facebook.com\/profile.php?id=61571705128033"]}]}},"_links":{"self":[{"href":"https:\/\/plcsupplyspot.com\/lt\/wp-json\/wp\/v2\/product\/11102","targetHints":{"allow":["GET"]}}],"collection":[{"href":"https:\/\/plcsupplyspot.com\/lt\/wp-json\/wp\/v2\/product"}],"about":[{"href":"https:\/\/plcsupplyspot.com\/lt\/wp-json\/wp\/v2\/types\/product"}],"version-history":[{"count":3,"href":"https:\/\/plcsupplyspot.com\/lt\/wp-json\/wp\/v2\/product\/11102\/revisions"}],"predecessor-version":[{"id":11108,"href":"https:\/\/plcsupplyspot.com\/lt\/wp-json\/wp\/v2\/product\/11102\/revisions\/11108"}],"wp:featuredmedia":[{"embeddable":true,"href":"https:\/\/plcsupplyspot.com\/lt\/wp-json\/wp\/v2\/media\/11104"}],"wp:attachment":[{"href":"https:\/\/plcsupplyspot.com\/lt\/wp-json\/wp\/v2\/media?parent=11102"}],"wp:term":[{"taxonomy":"product_brand","embeddable":true,"href":"https:\/\/plcsupplyspot.com\/lt\/wp-json\/wp\/v2\/product_brand?post=11102"},{"taxonomy":"product_cat","embeddable":true,"href":"https:\/\/plcsupplyspot.com\/lt\/wp-json\/wp\/v2\/product_cat?post=11102"},{"taxonomy":"product_tag","embeddable":true,"href":"https:\/\/plcsupplyspot.com\/lt\/wp-json\/wp\/v2\/product_tag?post=11102"}],"curies":[{"name":"wp","href":"https:\/\/api.w.org\/{rel}","templated":true}]}}