{"id":10863,"date":"2026-03-20T10:28:18","date_gmt":"2026-03-20T10:28:18","guid":{"rendered":"https:\/\/plcsupplyspot.com\/?post_type=product&#038;p=10863"},"modified":"2026-04-01T09:47:50","modified_gmt":"2026-04-01T09:47:50","slug":"eb2114","status":"publish","type":"product","link":"https:\/\/plcsupplyspot.com\/lt\/automatikos-komponentai\/eb2114\/","title":{"rendered":"EB2114"},"content":{"rendered":"<p data-start=\"1780\" data-end=\"1842\"><strong data-start=\"1780\" data-end=\"1840\">Panasonic EB2114 \u2013 elektroninis signalizatorius (buzzer)<\/strong><\/p>\n<p data-start=\"1844\" data-end=\"2056\">Panasonic EB2114 yra elektroninis signalizatorius, skirtas garsiniam signalui generuoti pramonin\u0117je \u012frangoje. Jis veikia su 24V DC \u012ftampa ir naudojamas b\u016bsenos indikacijai, \u012fsp\u0117jimams ar proces\u0173 signalizacijai.<\/p>\n<p data-start=\"2058\" data-end=\"2180\">Kompakti\u0161kas dydis ir ma\u017eos energijos s\u0105naudos leid\u017eia lengvai integruoti j\u012f \u012f valdymo spintas ir automatizavimo sistemas.<\/p>\n<p data-start=\"2182\" data-end=\"2530\"><strong data-start=\"2182\" data-end=\"2205\">Technin\u0117 santrauka:<\/strong><br data-start=\"2205\" data-end=\"2208\" \/>\u2022 Produkto tipas: elektroninis signalizatorius (buzzer)<br data-start=\"2263\" data-end=\"2266\" \/>\u2022 Modelis: EB2114<br data-start=\"2283\" data-end=\"2286\" \/>\u2022 Nominali \u012ftampa: 24 V DC<br data-start=\"2312\" data-end=\"2315\" \/>\u2022 Nominali srov\u0117: apie 25 mA<br data-start=\"2343\" data-end=\"2346\" \/>\u2022 Garso tipas: pertraukiamas signalas<br data-start=\"2383\" data-end=\"2386\" \/>\u2022 Matmenys: 45 \u00d7 25 \u00d7 34 mm<br data-start=\"2413\" data-end=\"2416\" \/>\u2022 Montavimas: \u012frenginiuose \/ panel\u0117je<br data-start=\"2453\" data-end=\"2456\" \/>\u2022 Pakuot\u0117: bulk<br data-start=\"2471\" data-end=\"2474\" \/>\u2022 B\u016bkl\u0117: nebegaminamas (obsolete)<br data-start=\"2507\" data-end=\"2510\" \/>\u2022 RoHS: neatitinka<\/p>\n<p data-start=\"2532\" data-end=\"2728\"><strong data-start=\"2532\" data-end=\"2563\">Tipin\u0117s panaudojimo sritys:<\/strong><br data-start=\"2563\" data-end=\"2566\" \/>\u2022 Pramonin\u0117s valdymo spintos<br data-start=\"2594\" data-end=\"2597\" \/>\u2022 \u012esp\u0117jimo ir signalizacijos sistemos<br data-start=\"2634\" data-end=\"2637\" \/>\u2022 \u012erengini\u0173 b\u016bsenos indikacija<br data-start=\"2667\" data-end=\"2670\" \/>\u2022 Automatizavimo \u012franga<br data-start=\"2693\" data-end=\"2696\" \/>\u2022 Operatoriams skirti signalai<\/p>\n<p data-start=\"2730\" data-end=\"2905\"><strong data-start=\"2730\" data-end=\"2749\">Apie gamintoj\u0105:<\/strong><br data-start=\"2749\" data-end=\"2752\" \/>Panasonic \u2013 pasaulin\u0117 technologij\u0173 \u012fmon\u0117, kurianti elektroninius komponentus ir pramon\u0117s automatizavimo sprendimus, naudojamus \u012fvairiose pramon\u0117s \u0161akose.<\/p>\n","protected":false},"excerpt":{"rendered":"<p data-start=\"466\" data-end=\"553\">24V DC elektroninis signalizatorius pramoniniam naudojimui.<\/p>\n<p data-start=\"317\" data-end=\"487\">\n","protected":false},"featured_media":10865,"template":"","meta":{"site-sidebar-layout":"no-sidebar","site-content-layout":"default","ast-site-content-layout":"normal-width-container","site-content-style":"default","site-sidebar-style":"default","ast-global-header-display":"","ast-banner-title-visibility":"","ast-main-header-display":"","ast-hfb-above-header-display":"","ast-hfb-below-header-display":"","ast-hfb-mobile-header-display":"","site-post-title":"","ast-breadcrumbs-content":"","ast-featured-img":"","footer-sml-layout":"","ast-disable-related-posts":"","theme-transparent-header-meta":"default","adv-header-id-meta":"","stick-header-meta":"default","header-above-stick-meta":"","header-main-stick-meta":"","header-below-stick-meta":"","astra-migrate-meta-layouts":"set","ast-page-background-enabled":"default","ast-page-background-meta":{"desktop":{"background-color":"","background-image":"","background-repeat":"repeat","background-position":"center center","background-size":"auto","background-attachment":"scroll","background-type":"","background-media":"","overlay-type":"","overlay-color":"","overlay-opacity":"","overlay-gradient":""},"tablet":{"background-color":"","background-image":"","background-repeat":"repeat","background-position":"center center","background-size":"auto","background-attachment":"scroll","background-type":"","background-media":"","overlay-type":"","overlay-color":"","overlay-opacity":"","overlay-gradient":""},"mobile":{"background-color":"","background-image":"","background-repeat":"repeat","background-position":"center center","background-size":"auto","background-attachment":"scroll","background-type":"","background-media":"","overlay-type":"","overlay-color":"","overlay-opacity":"","overlay-gradient":""}},"ast-content-background-meta":{"desktop":{"background-color":"var(--ast-global-color-5)","background-image":"","background-repeat":"repeat","background-position":"center center","background-size":"auto","background-attachment":"scroll","background-type":"","background-media":"","overlay-type":"","overlay-color":"","overlay-opacity":"","overlay-gradient":""},"tablet":{"background-color":"var(--ast-global-color-5)","background-image":"","background-repeat":"repeat","background-position":"center center","background-size":"auto","background-attachment":"scroll","background-type":"","background-media":"","overlay-type":"","overlay-color":"","overlay-opacity":"","overlay-gradient":""},"mobile":{"background-color":"var(--ast-global-color-5)","background-image":"","background-repeat":"repeat","background-position":"center center","background-size":"auto","background-attachment":"scroll","background-type":"","background-media":"","overlay-type":"","overlay-color":"","overlay-opacity":"","overlay-gradient":""}}},"product_brand":[],"product_cat":[126,123],"product_tag":[],"class_list":{"0":"post-10863","1":"product","2":"type-product","3":"status-publish","4":"has-post-thumbnail","6":"product_cat-elektros-prekes","7":"product_cat-kiti-prekes-zenklai","8":"desktop-align-left","9":"tablet-align-left","10":"mobile-align-left","11":"ast-product-gallery-layout-horizontal-slider","12":"ast-product-tabs-layout-horizontal","14":"first","15":"onbackorder","16":"downloadable","17":"taxable","18":"shipping-taxable","19":"purchasable","20":"product-type-simple"},"yoast_head":"<!-- This site is optimized with the Yoast SEO plugin v27.3 - https:\/\/yoast.com\/product\/yoast-seo-wordpress\/ -->\n<title>EB2114 | PLC Supply spot<\/title>\n<meta name=\"description\" content=\"Panasonic EB2114 \u2013 24V DC elektroninis signalizatorius (buzzer) pramoninei \u012frangai.\" \/>\n<meta name=\"robots\" content=\"index, follow, max-snippet:-1, max-image-preview:large, max-video-preview:-1\" \/>\n<link rel=\"canonical\" href=\"https:\/\/plcsupplyspot.com\/lt\/automatikos-komponentai\/eb2114\/\" \/>\n<meta property=\"og:locale\" content=\"lt_LT\" \/>\n<meta property=\"og:type\" content=\"article\" \/>\n<meta property=\"og:title\" content=\"EB2114 | PLC Supply spot\" \/>\n<meta property=\"og:description\" content=\"Panasonic EB2114 \u2013 24V DC elektroninis signalizatorius (buzzer) pramoninei \u012frangai.\" \/>\n<meta property=\"og:url\" content=\"https:\/\/plcsupplyspot.com\/lt\/automatikos-komponentai\/eb2114\/\" \/>\n<meta property=\"og:site_name\" content=\"PLC Supply spot\" \/>\n<meta property=\"article:publisher\" content=\"https:\/\/www.facebook.com\/profile.php?id=61571705128033\" \/>\n<meta property=\"article:modified_time\" content=\"2026-04-01T09:47:50+00:00\" \/>\n<meta property=\"og:image\" content=\"https:\/\/plcsupplyspot.com\/wp-content\/uploads\/2026\/03\/EB2114.jpg\" \/>\n\t<meta property=\"og:image:width\" content=\"800\" \/>\n\t<meta property=\"og:image:height\" content=\"600\" \/>\n\t<meta property=\"og:image:type\" content=\"image\/jpeg\" \/>\n<meta name=\"twitter:card\" content=\"summary_large_image\" \/>\n<meta name=\"twitter:label1\" content=\"Est. reading time\" \/>\n\t<meta name=\"twitter:data1\" content=\"1 minut\u0117\" \/>\n<!-- \/ Yoast SEO plugin. -->","yoast_head_json":{"title":"EB2114 | PLC Supply spot","description":"Panasonic EB2114 \u2013 24V DC elektroninis signalizatorius (buzzer) pramoninei \u012frangai.","robots":{"index":"index","follow":"follow","max-snippet":"max-snippet:-1","max-image-preview":"max-image-preview:large","max-video-preview":"max-video-preview:-1"},"canonical":"https:\/\/plcsupplyspot.com\/lt\/automatikos-komponentai\/eb2114\/","og_locale":"lt_LT","og_type":"article","og_title":"EB2114 | PLC Supply spot","og_description":"Panasonic EB2114 \u2013 24V DC elektroninis signalizatorius (buzzer) pramoninei \u012frangai.","og_url":"https:\/\/plcsupplyspot.com\/lt\/automatikos-komponentai\/eb2114\/","og_site_name":"PLC Supply spot","article_publisher":"https:\/\/www.facebook.com\/profile.php?id=61571705128033","article_modified_time":"2026-04-01T09:47:50+00:00","og_image":[{"width":800,"height":600,"url":"https:\/\/plcsupplyspot.com\/wp-content\/uploads\/2026\/03\/EB2114.jpg","type":"image\/jpeg"}],"twitter_card":"summary_large_image","twitter_misc":{"Est. reading time":"1 minut\u0117"},"schema":{"@context":"https:\/\/schema.org","@graph":[{"@type":"WebPage","@id":"https:\/\/plcsupplyspot.com\/lt\/automatikos-komponentai\/eb2114\/","url":"https:\/\/plcsupplyspot.com\/lt\/automatikos-komponentai\/eb2114\/","name":"EB2114 | PLC Supply spot","isPartOf":{"@id":"https:\/\/plcsupplyspot.com\/lt\/#website"},"primaryImageOfPage":{"@id":"https:\/\/plcsupplyspot.com\/lt\/automatikos-komponentai\/eb2114\/#primaryimage"},"image":{"@id":"https:\/\/plcsupplyspot.com\/lt\/automatikos-komponentai\/eb2114\/#primaryimage"},"thumbnailUrl":"https:\/\/plcsupplyspot.com\/wp-content\/uploads\/2026\/03\/EB2114.jpg","datePublished":"2026-03-20T10:28:18+00:00","dateModified":"2026-04-01T09:47:50+00:00","description":"Panasonic EB2114 \u2013 24V DC elektroninis signalizatorius (buzzer) pramoninei \u012frangai.","breadcrumb":{"@id":"https:\/\/plcsupplyspot.com\/lt\/automatikos-komponentai\/eb2114\/#breadcrumb"},"inLanguage":"lt-LT","potentialAction":[{"@type":"ReadAction","target":["https:\/\/plcsupplyspot.com\/lt\/automatikos-komponentai\/eb2114\/"]}]},{"@type":"ImageObject","inLanguage":"lt-LT","@id":"https:\/\/plcsupplyspot.com\/lt\/automatikos-komponentai\/eb2114\/#primaryimage","url":"https:\/\/plcsupplyspot.com\/wp-content\/uploads\/2026\/03\/EB2114.jpg","contentUrl":"https:\/\/plcsupplyspot.com\/wp-content\/uploads\/2026\/03\/EB2114.jpg","width":800,"height":600},{"@type":"BreadcrumbList","@id":"https:\/\/plcsupplyspot.com\/lt\/automatikos-komponentai\/eb2114\/#breadcrumb","itemListElement":[{"@type":"ListItem","position":1,"name":"home","item":"https:\/\/plcsupplyspot.com\/lt\/"},{"@type":"ListItem","position":2,"name":"Automatikos komponentai","item":"https:\/\/plcsupplyspot.com\/lt\/automatikos-komponentai\/"},{"@type":"ListItem","position":3,"name":"EB2114"}]},{"@type":"WebSite","@id":"https:\/\/plcsupplyspot.com\/lt\/#website","url":"https:\/\/plcsupplyspot.com\/lt\/","name":"PLC Supply Spot","description":"Innovate. Accelerate. Automate!","publisher":{"@id":"https:\/\/plcsupplyspot.com\/lt\/#organization"},"potentialAction":[{"@type":"SearchAction","target":{"@type":"EntryPoint","urlTemplate":"https:\/\/plcsupplyspot.com\/lt\/?s={search_term_string}"},"query-input":{"@type":"PropertyValueSpecification","valueRequired":true,"valueName":"search_term_string"}}],"inLanguage":"lt-LT"},{"@type":"Organization","@id":"https:\/\/plcsupplyspot.com\/lt\/#organization","name":"PLC Supply Spot","alternateName":"PLC Supply Spot","url":"https:\/\/plcsupplyspot.com\/lt\/","logo":{"@type":"ImageObject","inLanguage":"lt-LT","@id":"https:\/\/plcsupplyspot.com\/lt\/#\/schema\/logo\/image\/","url":"https:\/\/plcsupplyspot.com\/wp-content\/uploads\/2026\/01\/plc-supply-spot-logo-1.png","contentUrl":"https:\/\/plcsupplyspot.com\/wp-content\/uploads\/2026\/01\/plc-supply-spot-logo-1.png","width":720,"height":720,"caption":"PLC Supply Spot"},"image":{"@id":"https:\/\/plcsupplyspot.com\/lt\/#\/schema\/logo\/image\/"},"sameAs":["https:\/\/www.facebook.com\/profile.php?id=61571705128033"]}]}},"_links":{"self":[{"href":"https:\/\/plcsupplyspot.com\/lt\/wp-json\/wp\/v2\/product\/10863","targetHints":{"allow":["GET"]}}],"collection":[{"href":"https:\/\/plcsupplyspot.com\/lt\/wp-json\/wp\/v2\/product"}],"about":[{"href":"https:\/\/plcsupplyspot.com\/lt\/wp-json\/wp\/v2\/types\/product"}],"version-history":[{"count":3,"href":"https:\/\/plcsupplyspot.com\/lt\/wp-json\/wp\/v2\/product\/10863\/revisions"}],"predecessor-version":[{"id":10954,"href":"https:\/\/plcsupplyspot.com\/lt\/wp-json\/wp\/v2\/product\/10863\/revisions\/10954"}],"wp:featuredmedia":[{"embeddable":true,"href":"https:\/\/plcsupplyspot.com\/lt\/wp-json\/wp\/v2\/media\/10865"}],"wp:attachment":[{"href":"https:\/\/plcsupplyspot.com\/lt\/wp-json\/wp\/v2\/media?parent=10863"}],"wp:term":[{"taxonomy":"product_brand","embeddable":true,"href":"https:\/\/plcsupplyspot.com\/lt\/wp-json\/wp\/v2\/product_brand?post=10863"},{"taxonomy":"product_cat","embeddable":true,"href":"https:\/\/plcsupplyspot.com\/lt\/wp-json\/wp\/v2\/product_cat?post=10863"},{"taxonomy":"product_tag","embeddable":true,"href":"https:\/\/plcsupplyspot.com\/lt\/wp-json\/wp\/v2\/product_tag?post=10863"}],"curies":[{"name":"wp","href":"https:\/\/api.w.org\/{rel}","templated":true}]}}