{"id":10717,"date":"2026-03-17T10:23:06","date_gmt":"2026-03-17T10:23:06","guid":{"rendered":"https:\/\/plcsupplyspot.com\/?post_type=product&#038;p=10717"},"modified":"2026-04-03T09:43:30","modified_gmt":"2026-04-03T09:43:30","slug":"kfd2-stc5-ex2","status":"publish","type":"product","link":"https:\/\/plcsupplyspot.com\/lt\/automatikos-komponentai\/kfd2-stc5-ex2\/","title":{"rendered":"KFD2-STC5-EX2"},"content":{"rendered":"<p data-start=\"2237\" data-end=\"2303\"><strong data-start=\"2237\" data-end=\"2303\">Pepperl+Fuchs KFD2-STC5-Ex2 \u2013 SMART si\u0173stuv\u0173 maitinimo modulis<\/strong><\/p>\n<p data-start=\"2305\" data-end=\"2598\">Pepperl+Fuchs KFD2-STC5-Ex2 yra 2 kanal\u0173 intrinsinio saugumo barjeras, skirtas SMART si\u0173stuv\u0173 maitinimui ir prijungimui pavojingose zonose. Jis palaiko tiek 2 laid\u0173, tiek 3 laid\u0173 si\u0173stuvus, taip pat SMART srov\u0117s \u0161altinius, tod\u0117l u\u017etikrina lankst\u0173 pritaikym\u0105 proces\u0173 automatizavimo sistemose.<\/p>\n<p data-start=\"2600\" data-end=\"2840\">Modulis saugiai perduoda 4\u201320 mA signalus \u012f valdymo sistem\u0105 ir leid\u017eia dvikrypt\u0119 komunikacij\u0105 su HART bei kitais protokolais. Taip pat palaiko tiek srov\u0117s \u201esink\u201c, tiek \u201esource\u201c re\u017eimus, suteikdamas daugiau lankstumo integruojant \u012f sistemas.<\/p>\n<p data-start=\"2842\" data-end=\"3212\"><strong data-start=\"2842\" data-end=\"2865\">Technin\u0117 santrauka:<\/strong><br data-start=\"2865\" data-end=\"2868\" \/>\u2022 Tipas: intrinsinio saugumo barjeras<br data-start=\"2905\" data-end=\"2908\" \/>\u2022 Kanalai: 2<br data-start=\"2920\" data-end=\"2923\" \/>\u2022 \u012e\u0117jimo signalas: 4\u201320 mA<br data-start=\"2949\" data-end=\"2952\" \/>\u2022 I\u0161\u0117jimo signalas: 4\u201320 mA (sink \/ source)<br data-start=\"2995\" data-end=\"2998\" \/>\u2022 Palaikomi protokolai: HART, BRAIN, Foxboro<br data-start=\"3042\" data-end=\"3045\" \/>\u2022 Maitinimas: 18\u201330 V DC<br data-start=\"3069\" data-end=\"3072\" \/>\u2022 Apkrova: iki 600 \u03a9<br data-start=\"3092\" data-end=\"3095\" \/>\u2022 Tikslumas: \u2264 10 \u00b5A<br data-start=\"3115\" data-end=\"3118\" \/>\u2022 Izoliacija: galvanin\u0117<br data-start=\"3141\" data-end=\"3144\" \/>\u2022 Montavimas: DIN b\u0117gelis<br data-start=\"3169\" data-end=\"3172\" \/>\u2022 Darbin\u0117 temperat\u016bra: \u201320\u00b0C iki +60\u00b0C<\/p>\n<p data-start=\"3214\" data-end=\"3318\"><strong data-start=\"3214\" data-end=\"3224\">Sauga:<\/strong><br data-start=\"3224\" data-end=\"3227\" \/>\u2022 SIL 2 (SC 3) pagal IEC\/EN 61508<br data-start=\"3260\" data-end=\"3263\" \/>\u2022 ATEX \/ IECEx sertifikatai<br data-start=\"3290\" data-end=\"3293\" \/>\u2022 Tinkamas Zone 0, 1, 2<\/p>\n<p data-start=\"3320\" data-end=\"3520\"><strong data-start=\"3320\" data-end=\"3351\">Tipin\u0117s panaudojimo sritys:<\/strong><br data-start=\"3351\" data-end=\"3354\" \/>\u2022 SMART si\u0173stuv\u0173 (2 ir 3 laid\u0173) prijungimas<br data-start=\"3397\" data-end=\"3400\" \/>\u2022 Signal\u0173 perdavimas pavojingose zonose<br data-start=\"3439\" data-end=\"3442\" \/>\u2022 Proces\u0173 automatizavimo sistemos (PLC \/ DCS)<br data-start=\"3487\" data-end=\"3490\" \/>\u2022 Naftos ir chemijos pramon\u0117<\/p>\n<p data-start=\"3522\" data-end=\"3708\"><strong data-start=\"3522\" data-end=\"3541\">Apie gamintoj\u0105:<\/strong><br data-start=\"3541\" data-end=\"3544\" \/>Pepperl+Fuchs \u2013 viena i\u0161 pasaulini\u0173 lyderi\u0173 intrinsinio saugumo ir pramon\u0117s automatizavimo technologij\u0173 srityje, kurianti sprendimus darbui pavojingose aplinkose.<\/p>\n","protected":false},"excerpt":{"rendered":"<p data-start=\"547\" data-end=\"653\">SMART si\u0173stuv\u0173 maitinimo modulis<\/p>\n<p data-start=\"317\" data-end=\"487\">\n","protected":false},"featured_media":10719,"template":"","meta":{"site-sidebar-layout":"no-sidebar","site-content-layout":"default","ast-site-content-layout":"normal-width-container","site-content-style":"default","site-sidebar-style":"default","ast-global-header-display":"","ast-banner-title-visibility":"","ast-main-header-display":"","ast-hfb-above-header-display":"","ast-hfb-below-header-display":"","ast-hfb-mobile-header-display":"","site-post-title":"","ast-breadcrumbs-content":"","ast-featured-img":"","footer-sml-layout":"","ast-disable-related-posts":"","theme-transparent-header-meta":"default","adv-header-id-meta":"","stick-header-meta":"default","header-above-stick-meta":"","header-main-stick-meta":"","header-below-stick-meta":"","astra-migrate-meta-layouts":"set","ast-page-background-enabled":"default","ast-page-background-meta":{"desktop":{"background-color":"","background-image":"","background-repeat":"repeat","background-position":"center center","background-size":"auto","background-attachment":"scroll","background-type":"","background-media":"","overlay-type":"","overlay-color":"","overlay-opacity":"","overlay-gradient":""},"tablet":{"background-color":"","background-image":"","background-repeat":"repeat","background-position":"center center","background-size":"auto","background-attachment":"scroll","background-type":"","background-media":"","overlay-type":"","overlay-color":"","overlay-opacity":"","overlay-gradient":""},"mobile":{"background-color":"","background-image":"","background-repeat":"repeat","background-position":"center center","background-size":"auto","background-attachment":"scroll","background-type":"","background-media":"","overlay-type":"","overlay-color":"","overlay-opacity":"","overlay-gradient":""}},"ast-content-background-meta":{"desktop":{"background-color":"var(--ast-global-color-5)","background-image":"","background-repeat":"repeat","background-position":"center center","background-size":"auto","background-attachment":"scroll","background-type":"","background-media":"","overlay-type":"","overlay-color":"","overlay-opacity":"","overlay-gradient":""},"tablet":{"background-color":"var(--ast-global-color-5)","background-image":"","background-repeat":"repeat","background-position":"center center","background-size":"auto","background-attachment":"scroll","background-type":"","background-media":"","overlay-type":"","overlay-color":"","overlay-opacity":"","overlay-gradient":""},"mobile":{"background-color":"var(--ast-global-color-5)","background-image":"","background-repeat":"repeat","background-position":"center center","background-size":"auto","background-attachment":"scroll","background-type":"","background-media":"","overlay-type":"","overlay-color":"","overlay-opacity":"","overlay-gradient":""}}},"product_brand":[],"product_cat":[118,123],"product_tag":[],"class_list":{"0":"post-10717","1":"product","2":"type-product","3":"status-publish","4":"has-post-thumbnail","6":"product_cat-jutikliai","7":"product_cat-kiti-prekes-zenklai","8":"desktop-align-left","9":"tablet-align-left","10":"mobile-align-left","11":"ast-product-gallery-layout-horizontal-slider","12":"ast-product-gallery-with-no-image","13":"ast-product-tabs-layout-horizontal","15":"first","16":"onbackorder","17":"downloadable","18":"taxable","19":"shipping-taxable","20":"purchasable","21":"product-type-simple"},"yoast_head":"<!-- This site is optimized with the Yoast SEO plugin v26.6 - https:\/\/yoast.com\/wordpress\/plugins\/seo\/ -->\n<title>KFD2-STC5-EX2 | PLC Supply spot<\/title>\n<meta name=\"description\" content=\"Pepperl+Fuchs KFD2-STC5-Ex2 \u2013 2 kanal\u0173 intrinsinio saugumo barjeras SMART si\u0173stuvams su 4\u201320 mA signalu.\" \/>\n<meta name=\"robots\" content=\"index, follow, max-snippet:-1, max-image-preview:large, max-video-preview:-1\" \/>\n<link rel=\"canonical\" href=\"https:\/\/plcsupplyspot.com\/lt\/automatikos-komponentai\/kfd2-stc5-ex2\/\" \/>\n<meta property=\"og:locale\" content=\"lt_LT\" \/>\n<meta property=\"og:type\" content=\"article\" \/>\n<meta property=\"og:title\" content=\"KFD2-STC5-EX2 | PLC Supply spot\" \/>\n<meta property=\"og:description\" content=\"Pepperl+Fuchs KFD2-STC5-Ex2 \u2013 2 kanal\u0173 intrinsinio saugumo barjeras SMART si\u0173stuvams su 4\u201320 mA signalu.\" \/>\n<meta property=\"og:url\" content=\"https:\/\/plcsupplyspot.com\/lt\/automatikos-komponentai\/kfd2-stc5-ex2\/\" \/>\n<meta property=\"og:site_name\" content=\"PLC Supply spot\" \/>\n<meta property=\"article:publisher\" content=\"https:\/\/www.facebook.com\/profile.php?id=61571705128033\" \/>\n<meta property=\"article:modified_time\" content=\"2026-04-03T09:43:30+00:00\" \/>\n<meta property=\"og:image\" content=\"https:\/\/plcsupplyspot.com\/wp-content\/uploads\/2026\/03\/KFD2-STC5-EX2.jpg\" \/>\n\t<meta property=\"og:image:width\" content=\"800\" \/>\n\t<meta property=\"og:image:height\" content=\"800\" \/>\n\t<meta property=\"og:image:type\" content=\"image\/jpeg\" \/>\n<meta name=\"twitter:card\" content=\"summary_large_image\" \/>\n<meta name=\"twitter:label1\" content=\"Est. reading time\" \/>\n\t<meta name=\"twitter:data1\" content=\"2 minut\u0117s\" \/>\n<!-- \/ Yoast SEO plugin. -->","yoast_head_json":{"title":"KFD2-STC5-EX2 | PLC Supply spot","description":"Pepperl+Fuchs KFD2-STC5-Ex2 \u2013 2 kanal\u0173 intrinsinio saugumo barjeras SMART si\u0173stuvams su 4\u201320 mA signalu.","robots":{"index":"index","follow":"follow","max-snippet":"max-snippet:-1","max-image-preview":"max-image-preview:large","max-video-preview":"max-video-preview:-1"},"canonical":"https:\/\/plcsupplyspot.com\/lt\/automatikos-komponentai\/kfd2-stc5-ex2\/","og_locale":"lt_LT","og_type":"article","og_title":"KFD2-STC5-EX2 | PLC Supply spot","og_description":"Pepperl+Fuchs KFD2-STC5-Ex2 \u2013 2 kanal\u0173 intrinsinio saugumo barjeras SMART si\u0173stuvams su 4\u201320 mA signalu.","og_url":"https:\/\/plcsupplyspot.com\/lt\/automatikos-komponentai\/kfd2-stc5-ex2\/","og_site_name":"PLC Supply spot","article_publisher":"https:\/\/www.facebook.com\/profile.php?id=61571705128033","article_modified_time":"2026-04-03T09:43:30+00:00","og_image":[{"width":800,"height":800,"url":"https:\/\/plcsupplyspot.com\/wp-content\/uploads\/2026\/03\/KFD2-STC5-EX2.jpg","type":"image\/jpeg"}],"twitter_card":"summary_large_image","twitter_misc":{"Est. reading time":"2 minut\u0117s"},"schema":{"@context":"https:\/\/schema.org","@graph":[{"@type":"WebPage","@id":"https:\/\/plcsupplyspot.com\/lt\/automatikos-komponentai\/kfd2-stc5-ex2\/","url":"https:\/\/plcsupplyspot.com\/lt\/automatikos-komponentai\/kfd2-stc5-ex2\/","name":"KFD2-STC5-EX2 | PLC Supply spot","isPartOf":{"@id":"https:\/\/plcsupplyspot.com\/lt\/#website"},"primaryImageOfPage":{"@id":"https:\/\/plcsupplyspot.com\/lt\/automatikos-komponentai\/kfd2-stc5-ex2\/#primaryimage"},"image":{"@id":"https:\/\/plcsupplyspot.com\/lt\/automatikos-komponentai\/kfd2-stc5-ex2\/#primaryimage"},"thumbnailUrl":"https:\/\/plcsupplyspot.com\/wp-content\/uploads\/2026\/03\/KFD2-STC5-EX2.jpg","datePublished":"2026-03-17T10:23:06+00:00","dateModified":"2026-04-03T09:43:30+00:00","description":"Pepperl+Fuchs KFD2-STC5-Ex2 \u2013 2 kanal\u0173 intrinsinio saugumo barjeras SMART si\u0173stuvams su 4\u201320 mA signalu.","breadcrumb":{"@id":"https:\/\/plcsupplyspot.com\/lt\/automatikos-komponentai\/kfd2-stc5-ex2\/#breadcrumb"},"inLanguage":"lt-LT","potentialAction":[{"@type":"ReadAction","target":["https:\/\/plcsupplyspot.com\/lt\/automatikos-komponentai\/kfd2-stc5-ex2\/"]}]},{"@type":"ImageObject","inLanguage":"lt-LT","@id":"https:\/\/plcsupplyspot.com\/lt\/automatikos-komponentai\/kfd2-stc5-ex2\/#primaryimage","url":"https:\/\/plcsupplyspot.com\/wp-content\/uploads\/2026\/03\/KFD2-STC5-EX2.jpg","contentUrl":"https:\/\/plcsupplyspot.com\/wp-content\/uploads\/2026\/03\/KFD2-STC5-EX2.jpg","width":800,"height":800},{"@type":"BreadcrumbList","@id":"https:\/\/plcsupplyspot.com\/lt\/automatikos-komponentai\/kfd2-stc5-ex2\/#breadcrumb","itemListElement":[{"@type":"ListItem","position":1,"name":"home","item":"https:\/\/plcsupplyspot.com\/lt\/"},{"@type":"ListItem","position":2,"name":"Automatikos komponentai","item":"https:\/\/plcsupplyspot.com\/lt\/automatikos-komponentai\/"},{"@type":"ListItem","position":3,"name":"KFD2-STC5-EX2"}]},{"@type":"WebSite","@id":"https:\/\/plcsupplyspot.com\/lt\/#website","url":"https:\/\/plcsupplyspot.com\/lt\/","name":"PLC Supply Spot","description":"Innovate. Accelerate. Automate!","publisher":{"@id":"https:\/\/plcsupplyspot.com\/lt\/#organization"},"potentialAction":[{"@type":"SearchAction","target":{"@type":"EntryPoint","urlTemplate":"https:\/\/plcsupplyspot.com\/lt\/?s={search_term_string}"},"query-input":{"@type":"PropertyValueSpecification","valueRequired":true,"valueName":"search_term_string"}}],"inLanguage":"lt-LT"},{"@type":"Organization","@id":"https:\/\/plcsupplyspot.com\/lt\/#organization","name":"PLC Supply Spot","alternateName":"PLC Supply Spot","url":"https:\/\/plcsupplyspot.com\/lt\/","logo":{"@type":"ImageObject","inLanguage":"lt-LT","@id":"https:\/\/plcsupplyspot.com\/lt\/#\/schema\/logo\/image\/","url":"https:\/\/plcsupplyspot.com\/wp-content\/uploads\/2026\/01\/plc-supply-spot-logo-1.png","contentUrl":"https:\/\/plcsupplyspot.com\/wp-content\/uploads\/2026\/01\/plc-supply-spot-logo-1.png","width":720,"height":720,"caption":"PLC Supply Spot"},"image":{"@id":"https:\/\/plcsupplyspot.com\/lt\/#\/schema\/logo\/image\/"},"sameAs":["https:\/\/www.facebook.com\/profile.php?id=61571705128033"]}]}},"_links":{"self":[{"href":"https:\/\/plcsupplyspot.com\/lt\/wp-json\/wp\/v2\/product\/10717","targetHints":{"allow":["GET"]}}],"collection":[{"href":"https:\/\/plcsupplyspot.com\/lt\/wp-json\/wp\/v2\/product"}],"about":[{"href":"https:\/\/plcsupplyspot.com\/lt\/wp-json\/wp\/v2\/types\/product"}],"version-history":[{"count":5,"href":"https:\/\/plcsupplyspot.com\/lt\/wp-json\/wp\/v2\/product\/10717\/revisions"}],"predecessor-version":[{"id":10974,"href":"https:\/\/plcsupplyspot.com\/lt\/wp-json\/wp\/v2\/product\/10717\/revisions\/10974"}],"wp:featuredmedia":[{"embeddable":true,"href":"https:\/\/plcsupplyspot.com\/lt\/wp-json\/wp\/v2\/media\/10719"}],"wp:attachment":[{"href":"https:\/\/plcsupplyspot.com\/lt\/wp-json\/wp\/v2\/media?parent=10717"}],"wp:term":[{"taxonomy":"product_brand","embeddable":true,"href":"https:\/\/plcsupplyspot.com\/lt\/wp-json\/wp\/v2\/product_brand?post=10717"},{"taxonomy":"product_cat","embeddable":true,"href":"https:\/\/plcsupplyspot.com\/lt\/wp-json\/wp\/v2\/product_cat?post=10717"},{"taxonomy":"product_tag","embeddable":true,"href":"https:\/\/plcsupplyspot.com\/lt\/wp-json\/wp\/v2\/product_tag?post=10717"}],"curies":[{"name":"wp","href":"https:\/\/api.w.org\/{rel}","templated":true}]}}