{"id":10658,"date":"2026-03-13T11:23:38","date_gmt":"2026-03-13T11:23:38","guid":{"rendered":"https:\/\/plcsupplyspot.com\/?post_type=product&#038;p=10658"},"modified":"2026-03-13T11:36:30","modified_gmt":"2026-03-13T11:36:30","slug":"hf-mp23k","status":"publish","type":"product","link":"https:\/\/plcsupplyspot.com\/lt\/automatikos-komponentai\/hf-mp23k\/","title":{"rendered":"HF-MP23K"},"content":{"rendered":"<p data-start=\"1965\" data-end=\"2005\"><strong data-start=\"1965\" data-end=\"2005\">Mitsubishi HF-MP23K \u2013 servo variklis<\/strong><\/p>\n<p data-start=\"2007\" data-end=\"2283\">Mitsubishi HF-MP23K yra AC servo variklis, skirtas tiksliam judesio valdymui pramon\u0117s automatizavimo sistemose. Jis priklauso Mitsubishi HF-MP servo varikli\u0173 serijai ir da\u017eniausiai naudojamas kartu su Mitsubishi servo stiprintuvais ma\u0161in\u0173 valdymo ir pozicionavimo sistemose.<\/p>\n<p data-start=\"2285\" data-end=\"2430\">Variklis u\u017etikrina tiksl\u0173 grei\u010dio ir pozicijos valdym\u0105, tod\u0117l puikiai tinka sistemoms, kuriose reikalingas didelis dinamika ir stabilus veikimas.<\/p>\n<p data-start=\"2432\" data-end=\"2827\"><strong data-start=\"2432\" data-end=\"2455\">Technin\u0117 santrauka:<\/strong><br data-start=\"2455\" data-end=\"2458\" \/>\u2022 Serija: HF-MP servo varikli\u0173 serija<br data-start=\"2495\" data-end=\"2498\" \/>\u2022 Produkto tipas: AC servo variklis<br data-start=\"2533\" data-end=\"2536\" \/>\u2022 Modelis: HF-MP23K<br data-start=\"2555\" data-end=\"2558\" \/>\u2022 Nominali galia: apie 200 W<br data-start=\"2586\" data-end=\"2589\" \/>\u2022 Nominalus greitis: apie 3000 rpm<br data-start=\"2623\" data-end=\"2626\" \/>\u2022 Enkoderis: auk\u0161tos rezoliucijos pozicijos enkoderis<br data-start=\"2679\" data-end=\"2682\" \/>\u2022 Apsaugos klas\u0117: apie IP65<br data-start=\"2709\" data-end=\"2712\" \/>\u2022 Au\u0161inimas: nat\u016bralus au\u0161inimas<br data-start=\"2744\" data-end=\"2747\" \/>\u2022 Montavimas: flan\u0161inis montavimas<br data-start=\"2781\" data-end=\"2784\" \/>\u2022 Darbin\u0117 temperat\u016bra: apie 0\u00b0C iki +40\u00b0C<\/p>\n<p data-start=\"2829\" data-end=\"3032\"><strong data-start=\"2829\" data-end=\"2860\">Tipin\u0117s panaudojimo sritys:<\/strong><br data-start=\"2860\" data-end=\"2863\" \/>\u2022 Pramonini\u0173 ma\u0161in\u0173 automatizavimas<br data-start=\"2898\" data-end=\"2901\" \/>\u2022 Pakavimo \u012franga<br data-start=\"2918\" data-end=\"2921\" \/>\u2022 CNC ir pozicionavimo sistemos<br data-start=\"2952\" data-end=\"2955\" \/>\u2022 Konvejeri\u0173 ir transportavimo sistemos<br data-start=\"2994\" data-end=\"2997\" \/>\u2022 Tikslaus judesio valdymo \u012franga<\/p>\n<p data-start=\"3034\" data-end=\"3294\"><strong data-start=\"3034\" data-end=\"3053\">Apie gamintoj\u0105:<\/strong><br data-start=\"3053\" data-end=\"3056\" \/>Mitsubishi Electric \u2013 pasaulin\u0117 pramon\u0117s automatizavimo ir judesio valdymo technologij\u0173 gamintoja. \u012emon\u0117 kuria PLC sistemas, servo pavaras, robotikos sprendimus ir automatizavimo \u012frang\u0105, naudojam\u0105 gamybos ir ma\u0161in\u0173 automatizavimo srityse.<\/p>\n","protected":false},"excerpt":{"rendered":"<p data-start=\"475\" data-end=\"557\">AC servo variklis tiksliam judesio valdymui pramon\u0117je.<\/p>\n<p data-start=\"317\" data-end=\"487\">\n","protected":false},"featured_media":10660,"template":"","meta":{"site-sidebar-layout":"no-sidebar","site-content-layout":"default","ast-site-content-layout":"normal-width-container","site-content-style":"default","site-sidebar-style":"default","ast-global-header-display":"","ast-banner-title-visibility":"","ast-main-header-display":"","ast-hfb-above-header-display":"","ast-hfb-below-header-display":"","ast-hfb-mobile-header-display":"","site-post-title":"","ast-breadcrumbs-content":"","ast-featured-img":"","footer-sml-layout":"","ast-disable-related-posts":"","theme-transparent-header-meta":"default","adv-header-id-meta":"","stick-header-meta":"default","header-above-stick-meta":"","header-main-stick-meta":"","header-below-stick-meta":"","astra-migrate-meta-layouts":"set","ast-page-background-enabled":"default","ast-page-background-meta":{"desktop":{"background-color":"","background-image":"","background-repeat":"repeat","background-position":"center center","background-size":"auto","background-attachment":"scroll","background-type":"","background-media":"","overlay-type":"","overlay-color":"","overlay-opacity":"","overlay-gradient":""},"tablet":{"background-color":"","background-image":"","background-repeat":"repeat","background-position":"center center","background-size":"auto","background-attachment":"scroll","background-type":"","background-media":"","overlay-type":"","overlay-color":"","overlay-opacity":"","overlay-gradient":""},"mobile":{"background-color":"","background-image":"","background-repeat":"repeat","background-position":"center center","background-size":"auto","background-attachment":"scroll","background-type":"","background-media":"","overlay-type":"","overlay-color":"","overlay-opacity":"","overlay-gradient":""}},"ast-content-background-meta":{"desktop":{"background-color":"var(--ast-global-color-5)","background-image":"","background-repeat":"repeat","background-position":"center center","background-size":"auto","background-attachment":"scroll","background-type":"","background-media":"","overlay-type":"","overlay-color":"","overlay-opacity":"","overlay-gradient":""},"tablet":{"background-color":"var(--ast-global-color-5)","background-image":"","background-repeat":"repeat","background-position":"center center","background-size":"auto","background-attachment":"scroll","background-type":"","background-media":"","overlay-type":"","overlay-color":"","overlay-opacity":"","overlay-gradient":""},"mobile":{"background-color":"var(--ast-global-color-5)","background-image":"","background-repeat":"repeat","background-position":"center center","background-size":"auto","background-attachment":"scroll","background-type":"","background-media":"","overlay-type":"","overlay-color":"","overlay-opacity":"","overlay-gradient":""}}},"product_brand":[],"product_cat":[128,127],"product_tag":[],"class_list":{"0":"post-10658","1":"product","2":"type-product","3":"status-publish","4":"has-post-thumbnail","6":"product_cat-mitsubishi","7":"product_cat-servo-varikliai","8":"desktop-align-left","9":"tablet-align-left","10":"mobile-align-left","11":"ast-product-gallery-layout-horizontal-slider","12":"ast-product-tabs-layout-horizontal","14":"first","15":"onbackorder","16":"downloadable","17":"taxable","18":"shipping-taxable","19":"purchasable","20":"product-type-simple"},"yoast_head":"<!-- This site is optimized with the Yoast SEO plugin v27.3 - https:\/\/yoast.com\/product\/yoast-seo-wordpress\/ -->\n<title>HF-MP23K | PLC Supply spot<\/title>\n<meta name=\"description\" content=\"Mitsubishi HF-MP23K \u2013 AC servo variklis skirtas tiksliam judesio valdymui pramon\u0117s automatizavimo sistemose.\" \/>\n<meta name=\"robots\" content=\"index, follow, max-snippet:-1, max-image-preview:large, max-video-preview:-1\" \/>\n<link rel=\"canonical\" href=\"https:\/\/plcsupplyspot.com\/lt\/automatikos-komponentai\/hf-mp23k\/\" \/>\n<meta property=\"og:locale\" content=\"lt_LT\" \/>\n<meta property=\"og:type\" content=\"article\" \/>\n<meta property=\"og:title\" content=\"HF-MP23K | PLC Supply spot\" \/>\n<meta property=\"og:description\" content=\"Mitsubishi HF-MP23K \u2013 AC servo variklis skirtas tiksliam judesio valdymui pramon\u0117s automatizavimo sistemose.\" \/>\n<meta property=\"og:url\" content=\"https:\/\/plcsupplyspot.com\/lt\/automatikos-komponentai\/hf-mp23k\/\" \/>\n<meta property=\"og:site_name\" content=\"PLC Supply spot\" \/>\n<meta property=\"article:publisher\" content=\"https:\/\/www.facebook.com\/profile.php?id=61571705128033\" \/>\n<meta property=\"article:modified_time\" content=\"2026-03-13T11:36:30+00:00\" \/>\n<meta property=\"og:image\" content=\"https:\/\/plcsupplyspot.com\/wp-content\/uploads\/2026\/03\/HF-MP23K.jpg\" \/>\n\t<meta property=\"og:image:width\" content=\"1000\" \/>\n\t<meta property=\"og:image:height\" content=\"811\" \/>\n\t<meta property=\"og:image:type\" content=\"image\/jpeg\" \/>\n<meta name=\"twitter:card\" content=\"summary_large_image\" \/>\n<meta name=\"twitter:label1\" content=\"Est. reading time\" \/>\n\t<meta name=\"twitter:data1\" content=\"1 minut\u0117\" \/>\n<!-- \/ Yoast SEO plugin. -->","yoast_head_json":{"title":"HF-MP23K | PLC Supply spot","description":"Mitsubishi HF-MP23K \u2013 AC servo variklis skirtas tiksliam judesio valdymui pramon\u0117s automatizavimo sistemose.","robots":{"index":"index","follow":"follow","max-snippet":"max-snippet:-1","max-image-preview":"max-image-preview:large","max-video-preview":"max-video-preview:-1"},"canonical":"https:\/\/plcsupplyspot.com\/lt\/automatikos-komponentai\/hf-mp23k\/","og_locale":"lt_LT","og_type":"article","og_title":"HF-MP23K | PLC Supply spot","og_description":"Mitsubishi HF-MP23K \u2013 AC servo variklis skirtas tiksliam judesio valdymui pramon\u0117s automatizavimo sistemose.","og_url":"https:\/\/plcsupplyspot.com\/lt\/automatikos-komponentai\/hf-mp23k\/","og_site_name":"PLC Supply spot","article_publisher":"https:\/\/www.facebook.com\/profile.php?id=61571705128033","article_modified_time":"2026-03-13T11:36:30+00:00","og_image":[{"width":1000,"height":811,"url":"https:\/\/plcsupplyspot.com\/wp-content\/uploads\/2026\/03\/HF-MP23K.jpg","type":"image\/jpeg"}],"twitter_card":"summary_large_image","twitter_misc":{"Est. reading time":"1 minut\u0117"},"schema":{"@context":"https:\/\/schema.org","@graph":[{"@type":"WebPage","@id":"https:\/\/plcsupplyspot.com\/lt\/automatikos-komponentai\/hf-mp23k\/","url":"https:\/\/plcsupplyspot.com\/lt\/automatikos-komponentai\/hf-mp23k\/","name":"HF-MP23K | PLC Supply spot","isPartOf":{"@id":"https:\/\/plcsupplyspot.com\/lt\/#website"},"primaryImageOfPage":{"@id":"https:\/\/plcsupplyspot.com\/lt\/automatikos-komponentai\/hf-mp23k\/#primaryimage"},"image":{"@id":"https:\/\/plcsupplyspot.com\/lt\/automatikos-komponentai\/hf-mp23k\/#primaryimage"},"thumbnailUrl":"https:\/\/plcsupplyspot.com\/wp-content\/uploads\/2026\/03\/HF-MP23K.jpg","datePublished":"2026-03-13T11:23:38+00:00","dateModified":"2026-03-13T11:36:30+00:00","description":"Mitsubishi HF-MP23K \u2013 AC servo variklis skirtas tiksliam judesio valdymui pramon\u0117s automatizavimo sistemose.","breadcrumb":{"@id":"https:\/\/plcsupplyspot.com\/lt\/automatikos-komponentai\/hf-mp23k\/#breadcrumb"},"inLanguage":"lt-LT","potentialAction":[{"@type":"ReadAction","target":["https:\/\/plcsupplyspot.com\/lt\/automatikos-komponentai\/hf-mp23k\/"]}]},{"@type":"ImageObject","inLanguage":"lt-LT","@id":"https:\/\/plcsupplyspot.com\/lt\/automatikos-komponentai\/hf-mp23k\/#primaryimage","url":"https:\/\/plcsupplyspot.com\/wp-content\/uploads\/2026\/03\/HF-MP23K.jpg","contentUrl":"https:\/\/plcsupplyspot.com\/wp-content\/uploads\/2026\/03\/HF-MP23K.jpg","width":1000,"height":811},{"@type":"BreadcrumbList","@id":"https:\/\/plcsupplyspot.com\/lt\/automatikos-komponentai\/hf-mp23k\/#breadcrumb","itemListElement":[{"@type":"ListItem","position":1,"name":"home","item":"https:\/\/plcsupplyspot.com\/lt\/"},{"@type":"ListItem","position":2,"name":"Automatikos komponentai","item":"https:\/\/plcsupplyspot.com\/lt\/automatikos-komponentai\/"},{"@type":"ListItem","position":3,"name":"HF-MP23K"}]},{"@type":"WebSite","@id":"https:\/\/plcsupplyspot.com\/lt\/#website","url":"https:\/\/plcsupplyspot.com\/lt\/","name":"PLC Supply Spot","description":"Innovate. Accelerate. Automate!","publisher":{"@id":"https:\/\/plcsupplyspot.com\/lt\/#organization"},"potentialAction":[{"@type":"SearchAction","target":{"@type":"EntryPoint","urlTemplate":"https:\/\/plcsupplyspot.com\/lt\/?s={search_term_string}"},"query-input":{"@type":"PropertyValueSpecification","valueRequired":true,"valueName":"search_term_string"}}],"inLanguage":"lt-LT"},{"@type":"Organization","@id":"https:\/\/plcsupplyspot.com\/lt\/#organization","name":"PLC Supply Spot","alternateName":"PLC Supply Spot","url":"https:\/\/plcsupplyspot.com\/lt\/","logo":{"@type":"ImageObject","inLanguage":"lt-LT","@id":"https:\/\/plcsupplyspot.com\/lt\/#\/schema\/logo\/image\/","url":"https:\/\/plcsupplyspot.com\/wp-content\/uploads\/2026\/01\/plc-supply-spot-logo-1.png","contentUrl":"https:\/\/plcsupplyspot.com\/wp-content\/uploads\/2026\/01\/plc-supply-spot-logo-1.png","width":720,"height":720,"caption":"PLC Supply Spot"},"image":{"@id":"https:\/\/plcsupplyspot.com\/lt\/#\/schema\/logo\/image\/"},"sameAs":["https:\/\/www.facebook.com\/profile.php?id=61571705128033"]}]}},"_links":{"self":[{"href":"https:\/\/plcsupplyspot.com\/lt\/wp-json\/wp\/v2\/product\/10658","targetHints":{"allow":["GET"]}}],"collection":[{"href":"https:\/\/plcsupplyspot.com\/lt\/wp-json\/wp\/v2\/product"}],"about":[{"href":"https:\/\/plcsupplyspot.com\/lt\/wp-json\/wp\/v2\/types\/product"}],"version-history":[{"count":3,"href":"https:\/\/plcsupplyspot.com\/lt\/wp-json\/wp\/v2\/product\/10658\/revisions"}],"predecessor-version":[{"id":10666,"href":"https:\/\/plcsupplyspot.com\/lt\/wp-json\/wp\/v2\/product\/10658\/revisions\/10666"}],"wp:featuredmedia":[{"embeddable":true,"href":"https:\/\/plcsupplyspot.com\/lt\/wp-json\/wp\/v2\/media\/10660"}],"wp:attachment":[{"href":"https:\/\/plcsupplyspot.com\/lt\/wp-json\/wp\/v2\/media?parent=10658"}],"wp:term":[{"taxonomy":"product_brand","embeddable":true,"href":"https:\/\/plcsupplyspot.com\/lt\/wp-json\/wp\/v2\/product_brand?post=10658"},{"taxonomy":"product_cat","embeddable":true,"href":"https:\/\/plcsupplyspot.com\/lt\/wp-json\/wp\/v2\/product_cat?post=10658"},{"taxonomy":"product_tag","embeddable":true,"href":"https:\/\/plcsupplyspot.com\/lt\/wp-json\/wp\/v2\/product_tag?post=10658"}],"curies":[{"name":"wp","href":"https:\/\/api.w.org\/{rel}","templated":true}]}}