{"id":10570,"date":"2026-03-12T13:13:09","date_gmt":"2026-03-12T13:13:09","guid":{"rendered":"https:\/\/plcsupplyspot.com\/?post_type=product&#038;p=10570"},"modified":"2026-03-16T11:02:10","modified_gmt":"2026-03-16T11:02:10","slug":"6es7648-2bf02-0xg0","status":"publish","type":"product","link":"https:\/\/plcsupplyspot.com\/lt\/automatikos-komponentai\/6es7648-2bf02-0xg0\/","title":{"rendered":"6ES7648-2BF02-0XG0"},"content":{"rendered":"<p data-start=\"2194\" data-end=\"2252\"><strong data-start=\"2194\" data-end=\"2252\">Siemens 6ES7648-2BF02-0XG0 \u2013 SIMATIC atminties kortel\u0117<\/strong><\/p>\n<p data-start=\"2254\" data-end=\"2530\">Siemens 6ES7648-2BF02-0XG0 yra SIMATIC atminties kortel\u0117, skirta program\u0173, konfig\u016bracijos fail\u0173 ir duomen\u0173 saugojimui Siemens automatizavimo sistemose. Ji naudojama i\u0161pl\u0117sti \u012frengini\u0173 atmint\u012f ir u\u017etikrinti patikim\u0105 duomen\u0173 atsargin\u012f kopijavim\u0105 pramonin\u0117se valdymo sistemose.<\/p>\n<p data-start=\"2532\" data-end=\"2711\">Atminties kortel\u0117 leid\u017eia greitai perkelti programin\u0119 \u012frang\u0105 ir sistemos parametrus tarp \u012frengini\u0173, tod\u0117l supaprastina automatizavimo sistem\u0173 prie\u017ei\u016br\u0105, paleidim\u0105 ir atnaujinimus.<\/p>\n<p data-start=\"2713\" data-end=\"3204\"><strong data-start=\"2713\" data-end=\"2736\">Technin\u0117 santrauka:<\/strong><br data-start=\"2736\" data-end=\"2739\" \/>\u2022 Produkto tipas: pramonin\u0117 atminties kortel\u0117<br data-start=\"2784\" data-end=\"2787\" \/>\u2022 Serija: SIMATIC priedai<br data-start=\"2812\" data-end=\"2815\" \/>\u2022 Modelis: 6ES7648-2BF02-0XG0<br data-start=\"2844\" data-end=\"2847\" \/>\u2022 Funkcija: program\u0173 ir konfig\u016bracijos duomen\u0173 saugojimas<br data-start=\"2904\" data-end=\"2907\" \/>\u2022 Suderinamumas: Siemens SIMATIC automatizavimo \u012frenginiai<br data-start=\"2965\" data-end=\"2968\" \/>\u2022 Saugojami duomenys: PLC programos, konfig\u016bracijos ir sistemos duomenys<br data-start=\"3040\" data-end=\"3043\" \/>\u2022 Pritaikymas: program\u0173 perk\u0117limas ir atsargin\u0117s kopijos<br data-start=\"3099\" data-end=\"3102\" \/>\u2022 Montavimas: \u012fstatoma \u012f suderinamus Siemens \u012frenginius<br data-start=\"3157\" data-end=\"3160\" \/>\u2022 Skirta pramon\u0117s automatizavimo sistemoms<\/p>\n<p data-start=\"3206\" data-end=\"3455\"><strong data-start=\"3206\" data-end=\"3237\">Tipin\u0117s panaudojimo sritys:<\/strong><br data-start=\"3237\" data-end=\"3240\" \/>\u2022 PLC program\u0173 saugojimas<br data-start=\"3265\" data-end=\"3268\" \/>\u2022 Automatizavimo sistem\u0173 konfig\u016bracijos perk\u0117limas<br data-start=\"3318\" data-end=\"3321\" \/>\u2022 Pramonini\u0173 valdymo sistem\u0173 prie\u017ei\u016bra<br data-start=\"3359\" data-end=\"3362\" \/>\u2022 Ma\u0161in\u0173 paleidimas ir program\u0173 atnaujinimas<br data-start=\"3406\" data-end=\"3409\" \/>\u2022 Duomen\u0173 saugojimas automatizavimo \u012frangoje<\/p>\n<p data-start=\"3457\" data-end=\"3732\"><strong data-start=\"3457\" data-end=\"3476\">Apie gamintoj\u0105:<\/strong><br data-start=\"3476\" data-end=\"3479\" \/>Siemens \u2013 viena i\u0161 pasaulio lyderi\u0173 pramon\u0117s automatizavimo ir skaitmenizacijos technologij\u0173 srityje. \u012emon\u0117 kuria SIMATIC PLC sistemas, pramoninius komunikacijos tinklus, HMI \u012frenginius ir automatizavimo sprendimus, naudojamus \u012fvairiose pramon\u0117s \u0161akose.<\/p>\n","protected":false},"excerpt":{"rendered":"<p data-start=\"539\" data-end=\"649\">SIMATIC atminties kortel\u0117 program\u0173 ir duomen\u0173 saugojimui automatizavimo sistemose.<\/p>\n<p data-start=\"317\" data-end=\"487\">\n","protected":false},"featured_media":10572,"template":"","meta":{"site-sidebar-layout":"no-sidebar","site-content-layout":"default","ast-site-content-layout":"normal-width-container","site-content-style":"default","site-sidebar-style":"default","ast-global-header-display":"","ast-banner-title-visibility":"","ast-main-header-display":"","ast-hfb-above-header-display":"","ast-hfb-below-header-display":"","ast-hfb-mobile-header-display":"","site-post-title":"","ast-breadcrumbs-content":"","ast-featured-img":"","footer-sml-layout":"","ast-disable-related-posts":"","theme-transparent-header-meta":"default","adv-header-id-meta":"","stick-header-meta":"default","header-above-stick-meta":"","header-main-stick-meta":"","header-below-stick-meta":"","astra-migrate-meta-layouts":"set","ast-page-background-enabled":"default","ast-page-background-meta":{"desktop":{"background-color":"","background-image":"","background-repeat":"repeat","background-position":"center center","background-size":"auto","background-attachment":"scroll","background-type":"","background-media":"","overlay-type":"","overlay-color":"","overlay-opacity":"","overlay-gradient":""},"tablet":{"background-color":"","background-image":"","background-repeat":"repeat","background-position":"center center","background-size":"auto","background-attachment":"scroll","background-type":"","background-media":"","overlay-type":"","overlay-color":"","overlay-opacity":"","overlay-gradient":""},"mobile":{"background-color":"","background-image":"","background-repeat":"repeat","background-position":"center center","background-size":"auto","background-attachment":"scroll","background-type":"","background-media":"","overlay-type":"","overlay-color":"","overlay-opacity":"","overlay-gradient":""}},"ast-content-background-meta":{"desktop":{"background-color":"var(--ast-global-color-5)","background-image":"","background-repeat":"repeat","background-position":"center center","background-size":"auto","background-attachment":"scroll","background-type":"","background-media":"","overlay-type":"","overlay-color":"","overlay-opacity":"","overlay-gradient":""},"tablet":{"background-color":"var(--ast-global-color-5)","background-image":"","background-repeat":"repeat","background-position":"center center","background-size":"auto","background-attachment":"scroll","background-type":"","background-media":"","overlay-type":"","overlay-color":"","overlay-opacity":"","overlay-gradient":""},"mobile":{"background-color":"var(--ast-global-color-5)","background-image":"","background-repeat":"repeat","background-position":"center center","background-size":"auto","background-attachment":"scroll","background-type":"","background-media":"","overlay-type":"","overlay-color":"","overlay-opacity":"","overlay-gradient":""}}},"product_brand":[],"product_cat":[121],"product_tag":[],"class_list":{"0":"post-10570","1":"product","2":"type-product","3":"status-publish","4":"has-post-thumbnail","6":"product_cat-siemens","7":"desktop-align-left","8":"tablet-align-left","9":"mobile-align-left","10":"ast-product-gallery-layout-horizontal-slider","11":"ast-product-tabs-layout-horizontal","13":"first","14":"onbackorder","15":"downloadable","16":"taxable","17":"shipping-taxable","18":"purchasable","19":"product-type-simple"},"yoast_head":"<!-- This site is optimized with the Yoast SEO plugin v27.3 - https:\/\/yoast.com\/product\/yoast-seo-wordpress\/ -->\n<title>6ES7648-2BF02-0XG0 | PLC Supply spot<\/title>\n<meta name=\"description\" content=\"Siemens 6ES7648-2BF02-0XG0 \u2013 SIMATIC atminties kortel\u0117 program\u0173 ir duomen\u0173 saugojimui Siemens automatizavimo sistemose.\" \/>\n<meta name=\"robots\" content=\"index, follow, max-snippet:-1, max-image-preview:large, max-video-preview:-1\" \/>\n<link rel=\"canonical\" href=\"https:\/\/plcsupplyspot.com\/lt\/automatikos-komponentai\/6es7648-2bf02-0xg0\/\" \/>\n<meta property=\"og:locale\" content=\"lt_LT\" \/>\n<meta property=\"og:type\" content=\"article\" \/>\n<meta property=\"og:title\" content=\"6ES7648-2BF02-0XG0 | PLC Supply spot\" \/>\n<meta property=\"og:description\" content=\"Siemens 6ES7648-2BF02-0XG0 \u2013 SIMATIC atminties kortel\u0117 program\u0173 ir duomen\u0173 saugojimui Siemens automatizavimo sistemose.\" \/>\n<meta property=\"og:url\" content=\"https:\/\/plcsupplyspot.com\/lt\/automatikos-komponentai\/6es7648-2bf02-0xg0\/\" \/>\n<meta property=\"og:site_name\" content=\"PLC Supply spot\" \/>\n<meta property=\"article:publisher\" content=\"https:\/\/www.facebook.com\/profile.php?id=61571705128033\" \/>\n<meta property=\"article:modified_time\" content=\"2026-03-16T11:02:10+00:00\" \/>\n<meta property=\"og:image\" content=\"https:\/\/plcsupplyspot.com\/wp-content\/uploads\/2026\/03\/6ES76482BF020XG0.jpg\" \/>\n\t<meta property=\"og:image:width\" content=\"800\" \/>\n\t<meta property=\"og:image:height\" content=\"800\" \/>\n\t<meta property=\"og:image:type\" content=\"image\/jpeg\" \/>\n<meta name=\"twitter:card\" content=\"summary_large_image\" \/>\n<meta name=\"twitter:label1\" content=\"Est. reading time\" \/>\n\t<meta name=\"twitter:data1\" content=\"1 minut\u0117\" \/>\n<!-- \/ Yoast SEO plugin. -->","yoast_head_json":{"title":"6ES7648-2BF02-0XG0 | PLC Supply spot","description":"Siemens 6ES7648-2BF02-0XG0 \u2013 SIMATIC atminties kortel\u0117 program\u0173 ir duomen\u0173 saugojimui Siemens automatizavimo sistemose.","robots":{"index":"index","follow":"follow","max-snippet":"max-snippet:-1","max-image-preview":"max-image-preview:large","max-video-preview":"max-video-preview:-1"},"canonical":"https:\/\/plcsupplyspot.com\/lt\/automatikos-komponentai\/6es7648-2bf02-0xg0\/","og_locale":"lt_LT","og_type":"article","og_title":"6ES7648-2BF02-0XG0 | PLC Supply spot","og_description":"Siemens 6ES7648-2BF02-0XG0 \u2013 SIMATIC atminties kortel\u0117 program\u0173 ir duomen\u0173 saugojimui Siemens automatizavimo sistemose.","og_url":"https:\/\/plcsupplyspot.com\/lt\/automatikos-komponentai\/6es7648-2bf02-0xg0\/","og_site_name":"PLC Supply spot","article_publisher":"https:\/\/www.facebook.com\/profile.php?id=61571705128033","article_modified_time":"2026-03-16T11:02:10+00:00","og_image":[{"width":800,"height":800,"url":"https:\/\/plcsupplyspot.com\/wp-content\/uploads\/2026\/03\/6ES76482BF020XG0.jpg","type":"image\/jpeg"}],"twitter_card":"summary_large_image","twitter_misc":{"Est. reading time":"1 minut\u0117"},"schema":{"@context":"https:\/\/schema.org","@graph":[{"@type":"WebPage","@id":"https:\/\/plcsupplyspot.com\/lt\/automatikos-komponentai\/6es7648-2bf02-0xg0\/","url":"https:\/\/plcsupplyspot.com\/lt\/automatikos-komponentai\/6es7648-2bf02-0xg0\/","name":"6ES7648-2BF02-0XG0 | PLC Supply spot","isPartOf":{"@id":"https:\/\/plcsupplyspot.com\/lt\/#website"},"primaryImageOfPage":{"@id":"https:\/\/plcsupplyspot.com\/lt\/automatikos-komponentai\/6es7648-2bf02-0xg0\/#primaryimage"},"image":{"@id":"https:\/\/plcsupplyspot.com\/lt\/automatikos-komponentai\/6es7648-2bf02-0xg0\/#primaryimage"},"thumbnailUrl":"https:\/\/plcsupplyspot.com\/wp-content\/uploads\/2026\/03\/6ES76482BF020XG0.jpg","datePublished":"2026-03-12T13:13:09+00:00","dateModified":"2026-03-16T11:02:10+00:00","description":"Siemens 6ES7648-2BF02-0XG0 \u2013 SIMATIC atminties kortel\u0117 program\u0173 ir duomen\u0173 saugojimui Siemens automatizavimo sistemose.","breadcrumb":{"@id":"https:\/\/plcsupplyspot.com\/lt\/automatikos-komponentai\/6es7648-2bf02-0xg0\/#breadcrumb"},"inLanguage":"lt-LT","potentialAction":[{"@type":"ReadAction","target":["https:\/\/plcsupplyspot.com\/lt\/automatikos-komponentai\/6es7648-2bf02-0xg0\/"]}]},{"@type":"ImageObject","inLanguage":"lt-LT","@id":"https:\/\/plcsupplyspot.com\/lt\/automatikos-komponentai\/6es7648-2bf02-0xg0\/#primaryimage","url":"https:\/\/plcsupplyspot.com\/wp-content\/uploads\/2026\/03\/6ES76482BF020XG0.jpg","contentUrl":"https:\/\/plcsupplyspot.com\/wp-content\/uploads\/2026\/03\/6ES76482BF020XG0.jpg","width":800,"height":800},{"@type":"BreadcrumbList","@id":"https:\/\/plcsupplyspot.com\/lt\/automatikos-komponentai\/6es7648-2bf02-0xg0\/#breadcrumb","itemListElement":[{"@type":"ListItem","position":1,"name":"home","item":"https:\/\/plcsupplyspot.com\/lt\/"},{"@type":"ListItem","position":2,"name":"Automatikos komponentai","item":"https:\/\/plcsupplyspot.com\/lt\/automatikos-komponentai\/"},{"@type":"ListItem","position":3,"name":"6ES7648-2BF02-0XG0"}]},{"@type":"WebSite","@id":"https:\/\/plcsupplyspot.com\/lt\/#website","url":"https:\/\/plcsupplyspot.com\/lt\/","name":"PLC Supply Spot","description":"Innovate. Accelerate. Automate!","publisher":{"@id":"https:\/\/plcsupplyspot.com\/lt\/#organization"},"potentialAction":[{"@type":"SearchAction","target":{"@type":"EntryPoint","urlTemplate":"https:\/\/plcsupplyspot.com\/lt\/?s={search_term_string}"},"query-input":{"@type":"PropertyValueSpecification","valueRequired":true,"valueName":"search_term_string"}}],"inLanguage":"lt-LT"},{"@type":"Organization","@id":"https:\/\/plcsupplyspot.com\/lt\/#organization","name":"PLC Supply Spot","alternateName":"PLC Supply Spot","url":"https:\/\/plcsupplyspot.com\/lt\/","logo":{"@type":"ImageObject","inLanguage":"lt-LT","@id":"https:\/\/plcsupplyspot.com\/lt\/#\/schema\/logo\/image\/","url":"https:\/\/plcsupplyspot.com\/wp-content\/uploads\/2026\/01\/plc-supply-spot-logo-1.png","contentUrl":"https:\/\/plcsupplyspot.com\/wp-content\/uploads\/2026\/01\/plc-supply-spot-logo-1.png","width":720,"height":720,"caption":"PLC Supply Spot"},"image":{"@id":"https:\/\/plcsupplyspot.com\/lt\/#\/schema\/logo\/image\/"},"sameAs":["https:\/\/www.facebook.com\/profile.php?id=61571705128033"]}]}},"_links":{"self":[{"href":"https:\/\/plcsupplyspot.com\/lt\/wp-json\/wp\/v2\/product\/10570","targetHints":{"allow":["GET"]}}],"collection":[{"href":"https:\/\/plcsupplyspot.com\/lt\/wp-json\/wp\/v2\/product"}],"about":[{"href":"https:\/\/plcsupplyspot.com\/lt\/wp-json\/wp\/v2\/types\/product"}],"version-history":[{"count":4,"href":"https:\/\/plcsupplyspot.com\/lt\/wp-json\/wp\/v2\/product\/10570\/revisions"}],"predecessor-version":[{"id":10679,"href":"https:\/\/plcsupplyspot.com\/lt\/wp-json\/wp\/v2\/product\/10570\/revisions\/10679"}],"wp:featuredmedia":[{"embeddable":true,"href":"https:\/\/plcsupplyspot.com\/lt\/wp-json\/wp\/v2\/media\/10572"}],"wp:attachment":[{"href":"https:\/\/plcsupplyspot.com\/lt\/wp-json\/wp\/v2\/media?parent=10570"}],"wp:term":[{"taxonomy":"product_brand","embeddable":true,"href":"https:\/\/plcsupplyspot.com\/lt\/wp-json\/wp\/v2\/product_brand?post=10570"},{"taxonomy":"product_cat","embeddable":true,"href":"https:\/\/plcsupplyspot.com\/lt\/wp-json\/wp\/v2\/product_cat?post=10570"},{"taxonomy":"product_tag","embeddable":true,"href":"https:\/\/plcsupplyspot.com\/lt\/wp-json\/wp\/v2\/product_tag?post=10570"}],"curies":[{"name":"wp","href":"https:\/\/api.w.org\/{rel}","templated":true}]}}