{"id":10459,"date":"2026-03-06T08:50:39","date_gmt":"2026-03-06T08:50:39","guid":{"rendered":"https:\/\/plcsupplyspot.com\/?post_type=product&#038;p=10459"},"modified":"2026-03-06T09:16:56","modified_gmt":"2026-03-06T09:16:56","slug":"rh916dd","status":"publish","type":"product","link":"https:\/\/plcsupplyspot.com\/lt\/automatikos-komponentai\/rh916dd\/","title":{"rendered":"RH916DD"},"content":{"rendered":"<p data-start=\"2293\" data-end=\"2341\"><strong data-start=\"2293\" data-end=\"2341\">Foxboro RH916DD \u2013 Type 1 jungiamasis kabelis<\/strong><\/p>\n<p data-start=\"2343\" data-end=\"2702\">Foxboro RH916DD yra Type 1 jungiamasis kabelis, naudojamas Foxboro \/ Schneider Electric EcoStruxure Foxboro DCS ir I\/A Series valdymo sistemose. Kabelis sujungia FBM (Fieldbus Module) bazin\u0117s plok\u0161t\u0117s jungt\u012f su ant DIN b\u0117gelio montuojamu terminaliniu bloku (Termination Assembly \u2013 TA), u\u017etikrindamas patikim\u0105 ry\u0161\u012f tarp lauko instaliacijos ir I\/O posistem\u0117s.<\/p>\n<p data-start=\"2704\" data-end=\"2869\">\u0160is kabelis leid\u017eia stabiliai perduoti signalus tarp lauko \u012frengini\u0173 ir valdymo sistemos bei supaprastina Foxboro paskirstyt\u0173 valdymo sistem\u0173 montavim\u0105 ir prie\u017ei\u016br\u0105.<\/p>\n<p data-start=\"2871\" data-end=\"3331\"><strong data-start=\"2871\" data-end=\"2894\">Technin\u0117 santrauka:<\/strong><br data-start=\"2894\" data-end=\"2897\" \/>\u2022 Produkto tipas: jungiamasis kabelis<br data-start=\"2934\" data-end=\"2937\" \/>\u2022 Modelis: RH916DD<br data-start=\"2955\" data-end=\"2958\" \/>\u2022 Kabelio tipas: Type 1 termination cable<br data-start=\"2999\" data-end=\"3002\" \/>\u2022 Suderinamumas: Foxboro EcoStruxure Foxboro DCS \/ I\/A Series<br data-start=\"3063\" data-end=\"3066\" \/>\u2022 Funkcija: FBM modulio prijungimas prie terminalinio bloko<br data-start=\"3125\" data-end=\"3128\" \/>\u2022 Jungtis: FBM baseplate jungtis \u2013 DIN b\u0117gelio terminalinis blokas<br data-start=\"3194\" data-end=\"3197\" \/>\u2022 Pritaikymas: I\/O posistem\u0117s signal\u0173 perdavimas<br data-start=\"3245\" data-end=\"3248\" \/>\u2022 Montavimas: valdymo spintos \/ DIN b\u0117gelio sistemos<br data-start=\"3300\" data-end=\"3303\" \/>\u2022 Skirtas darbui pramon\u0117je<\/p>\n<p data-start=\"3333\" data-end=\"3567\"><strong data-start=\"3333\" data-end=\"3364\">Tipin\u0117s panaudojimo sritys:<\/strong><br data-start=\"3364\" data-end=\"3367\" \/>\u2022 Foxboro paskirstytos valdymo sistemos (DCS)<br data-start=\"3412\" data-end=\"3415\" \/>\u2022 Pramonini\u0173 proces\u0173 automatizavimo sistemos<br data-start=\"3459\" data-end=\"3462\" \/>\u2022 Naftos ir duj\u0173 pramon\u0117<br data-start=\"3486\" data-end=\"3489\" \/>\u2022 Chemijos ir petrochemijos gamyklos<br data-start=\"3525\" data-end=\"3528\" \/>\u2022 Elektros energijos gamybos sistemos<\/p>\n<p data-start=\"3569\" data-end=\"3829\"><strong data-start=\"3569\" data-end=\"3588\">Apie gamintoj\u0105:<\/strong><br data-start=\"3588\" data-end=\"3591\" \/>Foxboro \u2013 Schneider Electric grup\u0117s proces\u0173 automatizavimo technologij\u0173 prek\u0117s \u017eenklas. Foxboro sprendimai pla\u010diai naudojami pramoniniuose objektuose, kuriuose b\u016btinas patikimas proces\u0173 steb\u0117jimas, signal\u0173 perdavimas ir stabilus valdymas.<\/p>\n","protected":false},"excerpt":{"rendered":"<p data-start=\"532\" data-end=\"635\">Type 1 jungiamasis kabelis Foxboro FBM moduliams ir terminaliniams blokams.<\/p>\n<p data-start=\"317\" data-end=\"487\">\n","protected":false},"featured_media":10461,"template":"","meta":{"site-sidebar-layout":"no-sidebar","site-content-layout":"default","ast-site-content-layout":"normal-width-container","site-content-style":"default","site-sidebar-style":"default","ast-global-header-display":"","ast-banner-title-visibility":"","ast-main-header-display":"","ast-hfb-above-header-display":"","ast-hfb-below-header-display":"","ast-hfb-mobile-header-display":"","site-post-title":"","ast-breadcrumbs-content":"","ast-featured-img":"","footer-sml-layout":"","ast-disable-related-posts":"","theme-transparent-header-meta":"default","adv-header-id-meta":"","stick-header-meta":"default","header-above-stick-meta":"","header-main-stick-meta":"","header-below-stick-meta":"","astra-migrate-meta-layouts":"set","ast-page-background-enabled":"default","ast-page-background-meta":{"desktop":{"background-color":"","background-image":"","background-repeat":"repeat","background-position":"center center","background-size":"auto","background-attachment":"scroll","background-type":"","background-media":"","overlay-type":"","overlay-color":"","overlay-opacity":"","overlay-gradient":""},"tablet":{"background-color":"","background-image":"","background-repeat":"repeat","background-position":"center center","background-size":"auto","background-attachment":"scroll","background-type":"","background-media":"","overlay-type":"","overlay-color":"","overlay-opacity":"","overlay-gradient":""},"mobile":{"background-color":"","background-image":"","background-repeat":"repeat","background-position":"center center","background-size":"auto","background-attachment":"scroll","background-type":"","background-media":"","overlay-type":"","overlay-color":"","overlay-opacity":"","overlay-gradient":""}},"ast-content-background-meta":{"desktop":{"background-color":"var(--ast-global-color-5)","background-image":"","background-repeat":"repeat","background-position":"center center","background-size":"auto","background-attachment":"scroll","background-type":"","background-media":"","overlay-type":"","overlay-color":"","overlay-opacity":"","overlay-gradient":""},"tablet":{"background-color":"var(--ast-global-color-5)","background-image":"","background-repeat":"repeat","background-position":"center center","background-size":"auto","background-attachment":"scroll","background-type":"","background-media":"","overlay-type":"","overlay-color":"","overlay-opacity":"","overlay-gradient":""},"mobile":{"background-color":"var(--ast-global-color-5)","background-image":"","background-repeat":"repeat","background-position":"center center","background-size":"auto","background-attachment":"scroll","background-type":"","background-media":"","overlay-type":"","overlay-color":"","overlay-opacity":"","overlay-gradient":""}}},"product_brand":[],"product_cat":[123],"product_tag":[],"class_list":{"0":"post-10459","1":"product","2":"type-product","3":"status-publish","4":"has-post-thumbnail","6":"product_cat-kiti-prekes-zenklai","7":"desktop-align-left","8":"tablet-align-left","9":"mobile-align-left","10":"ast-product-gallery-layout-horizontal-slider","11":"ast-product-gallery-with-no-image","12":"ast-product-tabs-layout-horizontal","14":"first","15":"onbackorder","16":"downloadable","17":"taxable","18":"shipping-taxable","19":"purchasable","20":"product-type-simple"},"yoast_head":"<!-- This site is optimized with the Yoast SEO plugin v26.6 - https:\/\/yoast.com\/wordpress\/plugins\/seo\/ -->\n<title>RH916DD | PLC Supply spot<\/title>\n<meta name=\"description\" content=\"Foxboro RH916DD \u2013 Type 1 jungiamasis kabelis FBM moduli\u0173 prijungimui prie terminalini\u0173 blok\u0173 Foxboro DCS sistemose.\" \/>\n<meta name=\"robots\" content=\"index, follow, max-snippet:-1, max-image-preview:large, max-video-preview:-1\" \/>\n<link rel=\"canonical\" href=\"https:\/\/plcsupplyspot.com\/lt\/automatikos-komponentai\/rh916dd\/\" \/>\n<meta property=\"og:locale\" content=\"lt_LT\" \/>\n<meta property=\"og:type\" content=\"article\" \/>\n<meta property=\"og:title\" content=\"RH916DD | PLC Supply spot\" \/>\n<meta property=\"og:description\" content=\"Foxboro RH916DD \u2013 Type 1 jungiamasis kabelis FBM moduli\u0173 prijungimui prie terminalini\u0173 blok\u0173 Foxboro DCS sistemose.\" \/>\n<meta property=\"og:url\" content=\"https:\/\/plcsupplyspot.com\/lt\/automatikos-komponentai\/rh916dd\/\" \/>\n<meta property=\"og:site_name\" content=\"PLC Supply spot\" \/>\n<meta property=\"article:publisher\" content=\"https:\/\/www.facebook.com\/profile.php?id=61571705128033\" \/>\n<meta property=\"article:modified_time\" content=\"2026-03-06T09:16:56+00:00\" \/>\n<meta property=\"og:image\" content=\"https:\/\/plcsupplyspot.com\/wp-content\/uploads\/2026\/03\/RH916DD.png\" \/>\n\t<meta property=\"og:image:width\" content=\"1024\" \/>\n\t<meta property=\"og:image:height\" content=\"1024\" \/>\n\t<meta property=\"og:image:type\" content=\"image\/png\" \/>\n<meta name=\"twitter:card\" content=\"summary_large_image\" \/>\n<meta name=\"twitter:label1\" content=\"Est. reading time\" \/>\n\t<meta name=\"twitter:data1\" content=\"2 minut\u0117s\" \/>\n<!-- \/ Yoast SEO plugin. -->","yoast_head_json":{"title":"RH916DD | PLC Supply spot","description":"Foxboro RH916DD \u2013 Type 1 jungiamasis kabelis FBM moduli\u0173 prijungimui prie terminalini\u0173 blok\u0173 Foxboro DCS sistemose.","robots":{"index":"index","follow":"follow","max-snippet":"max-snippet:-1","max-image-preview":"max-image-preview:large","max-video-preview":"max-video-preview:-1"},"canonical":"https:\/\/plcsupplyspot.com\/lt\/automatikos-komponentai\/rh916dd\/","og_locale":"lt_LT","og_type":"article","og_title":"RH916DD | PLC Supply spot","og_description":"Foxboro RH916DD \u2013 Type 1 jungiamasis kabelis FBM moduli\u0173 prijungimui prie terminalini\u0173 blok\u0173 Foxboro DCS sistemose.","og_url":"https:\/\/plcsupplyspot.com\/lt\/automatikos-komponentai\/rh916dd\/","og_site_name":"PLC Supply spot","article_publisher":"https:\/\/www.facebook.com\/profile.php?id=61571705128033","article_modified_time":"2026-03-06T09:16:56+00:00","og_image":[{"width":1024,"height":1024,"url":"https:\/\/plcsupplyspot.com\/wp-content\/uploads\/2026\/03\/RH916DD.png","type":"image\/png"}],"twitter_card":"summary_large_image","twitter_misc":{"Est. reading time":"2 minut\u0117s"},"schema":{"@context":"https:\/\/schema.org","@graph":[{"@type":"WebPage","@id":"https:\/\/plcsupplyspot.com\/lt\/automatikos-komponentai\/rh916dd\/","url":"https:\/\/plcsupplyspot.com\/lt\/automatikos-komponentai\/rh916dd\/","name":"RH916DD | PLC Supply spot","isPartOf":{"@id":"https:\/\/plcsupplyspot.com\/lt\/#website"},"primaryImageOfPage":{"@id":"https:\/\/plcsupplyspot.com\/lt\/automatikos-komponentai\/rh916dd\/#primaryimage"},"image":{"@id":"https:\/\/plcsupplyspot.com\/lt\/automatikos-komponentai\/rh916dd\/#primaryimage"},"thumbnailUrl":"https:\/\/plcsupplyspot.com\/wp-content\/uploads\/2026\/03\/RH916DD.png","datePublished":"2026-03-06T08:50:39+00:00","dateModified":"2026-03-06T09:16:56+00:00","description":"Foxboro RH916DD \u2013 Type 1 jungiamasis kabelis FBM moduli\u0173 prijungimui prie terminalini\u0173 blok\u0173 Foxboro DCS sistemose.","breadcrumb":{"@id":"https:\/\/plcsupplyspot.com\/lt\/automatikos-komponentai\/rh916dd\/#breadcrumb"},"inLanguage":"lt-LT","potentialAction":[{"@type":"ReadAction","target":["https:\/\/plcsupplyspot.com\/lt\/automatikos-komponentai\/rh916dd\/"]}]},{"@type":"ImageObject","inLanguage":"lt-LT","@id":"https:\/\/plcsupplyspot.com\/lt\/automatikos-komponentai\/rh916dd\/#primaryimage","url":"https:\/\/plcsupplyspot.com\/wp-content\/uploads\/2026\/03\/RH916DD.png","contentUrl":"https:\/\/plcsupplyspot.com\/wp-content\/uploads\/2026\/03\/RH916DD.png","width":1024,"height":1024},{"@type":"BreadcrumbList","@id":"https:\/\/plcsupplyspot.com\/lt\/automatikos-komponentai\/rh916dd\/#breadcrumb","itemListElement":[{"@type":"ListItem","position":1,"name":"home","item":"https:\/\/plcsupplyspot.com\/lt\/"},{"@type":"ListItem","position":2,"name":"Automatikos komponentai","item":"https:\/\/plcsupplyspot.com\/lt\/automatikos-komponentai\/"},{"@type":"ListItem","position":3,"name":"RH916DD"}]},{"@type":"WebSite","@id":"https:\/\/plcsupplyspot.com\/lt\/#website","url":"https:\/\/plcsupplyspot.com\/lt\/","name":"PLC Supply Spot","description":"Innovate. Accelerate. Automate!","publisher":{"@id":"https:\/\/plcsupplyspot.com\/lt\/#organization"},"potentialAction":[{"@type":"SearchAction","target":{"@type":"EntryPoint","urlTemplate":"https:\/\/plcsupplyspot.com\/lt\/?s={search_term_string}"},"query-input":{"@type":"PropertyValueSpecification","valueRequired":true,"valueName":"search_term_string"}}],"inLanguage":"lt-LT"},{"@type":"Organization","@id":"https:\/\/plcsupplyspot.com\/lt\/#organization","name":"PLC Supply Spot","alternateName":"PLC Supply Spot","url":"https:\/\/plcsupplyspot.com\/lt\/","logo":{"@type":"ImageObject","inLanguage":"lt-LT","@id":"https:\/\/plcsupplyspot.com\/lt\/#\/schema\/logo\/image\/","url":"https:\/\/plcsupplyspot.com\/wp-content\/uploads\/2026\/01\/plc-supply-spot-logo-1.png","contentUrl":"https:\/\/plcsupplyspot.com\/wp-content\/uploads\/2026\/01\/plc-supply-spot-logo-1.png","width":720,"height":720,"caption":"PLC Supply Spot"},"image":{"@id":"https:\/\/plcsupplyspot.com\/lt\/#\/schema\/logo\/image\/"},"sameAs":["https:\/\/www.facebook.com\/profile.php?id=61571705128033"]}]}},"_links":{"self":[{"href":"https:\/\/plcsupplyspot.com\/lt\/wp-json\/wp\/v2\/product\/10459","targetHints":{"allow":["GET"]}}],"collection":[{"href":"https:\/\/plcsupplyspot.com\/lt\/wp-json\/wp\/v2\/product"}],"about":[{"href":"https:\/\/plcsupplyspot.com\/lt\/wp-json\/wp\/v2\/types\/product"}],"version-history":[{"count":3,"href":"https:\/\/plcsupplyspot.com\/lt\/wp-json\/wp\/v2\/product\/10459\/revisions"}],"predecessor-version":[{"id":10465,"href":"https:\/\/plcsupplyspot.com\/lt\/wp-json\/wp\/v2\/product\/10459\/revisions\/10465"}],"wp:featuredmedia":[{"embeddable":true,"href":"https:\/\/plcsupplyspot.com\/lt\/wp-json\/wp\/v2\/media\/10461"}],"wp:attachment":[{"href":"https:\/\/plcsupplyspot.com\/lt\/wp-json\/wp\/v2\/media?parent=10459"}],"wp:term":[{"taxonomy":"product_brand","embeddable":true,"href":"https:\/\/plcsupplyspot.com\/lt\/wp-json\/wp\/v2\/product_brand?post=10459"},{"taxonomy":"product_cat","embeddable":true,"href":"https:\/\/plcsupplyspot.com\/lt\/wp-json\/wp\/v2\/product_cat?post=10459"},{"taxonomy":"product_tag","embeddable":true,"href":"https:\/\/plcsupplyspot.com\/lt\/wp-json\/wp\/v2\/product_tag?post=10459"}],"curies":[{"name":"wp","href":"https:\/\/api.w.org\/{rel}","templated":true}]}}