{"id":10434,"date":"2026-03-05T13:32:26","date_gmt":"2026-03-05T13:32:26","guid":{"rendered":"https:\/\/plcsupplyspot.com\/?post_type=product&#038;p=10434"},"modified":"2026-03-05T13:40:12","modified_gmt":"2026-03-05T13:40:12","slug":"2094-bc02-m02-s","status":"publish","type":"product","link":"https:\/\/plcsupplyspot.com\/lt\/automatikos-komponentai\/2094-bc02-m02-s\/","title":{"rendered":"2094-BC02-M02-S"},"content":{"rendered":"<p data-start=\"2588\" data-end=\"2662\"><strong data-start=\"2588\" data-end=\"2662\">Allen-Bradley 2094-BC02-M02-S \u2013 Kinetix 6000 integruotas a\u0161ies modulis<\/strong><\/p>\n<p data-start=\"2664\" data-end=\"2922\">Allen-Bradley 2094-BC02-M02-S yra Kinetix 6000 judesio valdymo platformos integruotas a\u0161ies modulis. Jis viename modulyje sujungia servo pavaros ir a\u0161ies valdymo funkcijas, tod\u0117l leid\u017eia kurti kompakti\u0161kas ir efektyvias daugiaa\u0161es judesio valdymo sistemas.<\/p>\n<p data-start=\"2924\" data-end=\"3213\">Modulis u\u017etikrina tiksl\u0173 variklio grei\u010dio, sukimo momento ir pozicijos valdym\u0105 bei yra naudojamas sistemose, kuriose reikalingas sinchronizuotas judesys ir auk\u0161tas dinaminis na\u0161umas. Jis lengvai integruojamas \u012f Rockwell Automation judesio valdymo architekt\u016br\u0105 ir ControlLogix PLC sistemas.<\/p>\n<p data-start=\"3215\" data-end=\"3794\"><strong data-start=\"3215\" data-end=\"3238\">Technin\u0117 santrauka:<\/strong><br data-start=\"3238\" data-end=\"3241\" \/>\u2022 Produkto tipas: integruotas servo a\u0161ies modulis<br data-start=\"3290\" data-end=\"3293\" \/>\u2022 Serija: Kinetix 6000<br data-start=\"3315\" data-end=\"3318\" \/>\u2022 Modelis: 2094-BC02-M02-S<br data-start=\"3344\" data-end=\"3347\" \/>\u2022 Valdom\u0173 a\u0161i\u0173 skai\u010dius: 1 servo a\u0161is<br data-start=\"3384\" data-end=\"3387\" \/>\u2022 Nuolatin\u0117 i\u0161\u0117jimo srov\u0117: apie 2.8 A<br data-start=\"3424\" data-end=\"3427\" \/>\u2022 Maksimali momentin\u0117 srov\u0117: apie 8.4 A<br data-start=\"3466\" data-end=\"3469\" \/>\u2022 DC magistral\u0117s \u012ftampa: apie 325 V DC<br data-start=\"3507\" data-end=\"3510\" \/>\u2022 Komunikacija: SERCOS per judesio valdymo modulius<br data-start=\"3561\" data-end=\"3564\" \/>\u2022 Suderinami varikliai: Allen-Bradley Kinetix servo varikliai<br data-start=\"3625\" data-end=\"3628\" \/>\u2022 Integruota pavaros ir a\u0161ies valdymo funkcija<br data-start=\"3674\" data-end=\"3677\" \/>\u2022 Montavimas: Kinetix 6000 pavar\u0173 sistemos \u0161asi<br data-start=\"3724\" data-end=\"3727\" \/>\u2022 Darbin\u0117 temperat\u016bra: 0\u00b0C iki +50\u00b0C<br data-start=\"3763\" data-end=\"3766\" \/>\u2022 Skirtas darbui pramon\u0117je<\/p>\n<p data-start=\"3796\" data-end=\"4023\"><strong data-start=\"3796\" data-end=\"3827\">Tipin\u0117s panaudojimo sritys:<\/strong><br data-start=\"3827\" data-end=\"3830\" \/>\u2022 Daugiaa\u0161\u0117s judesio valdymo sistemos<br data-start=\"3867\" data-end=\"3870\" \/>\u2022 Robotikos ir automatizavimo cel\u0117s<br data-start=\"3905\" data-end=\"3908\" \/>\u2022 Pakavimo ir surinkimo \u012franga<br data-start=\"3938\" data-end=\"3941\" \/>\u2022 CNC ir tiksliosios judesio valdymo sistemos<br data-start=\"3986\" data-end=\"3989\" \/>\u2022 Automatizuotos gamybos ma\u0161inos<\/p>\n<p data-start=\"4025\" data-end=\"4368\"><strong data-start=\"4025\" data-end=\"4044\">Apie gamintoj\u0105:<\/strong><br data-start=\"4044\" data-end=\"4047\" \/>Allen-Bradley \u2013 Rockwell Automation prek\u0117s \u017eenklas ir vienas \u017einomiausi\u0173 pramon\u0117s automatizavimo \u012frangos gamintoj\u0173 pasaulyje. \u012emon\u0117 kuria PLC platformas, judesio valdymo technologijas, pramoninius komunikacijos tinklus ir integruotus automatizavimo sprendimus, naudojamus gamybos bei proces\u0173 pramon\u0117je visame pasaulyje.<\/p>\n","protected":false},"excerpt":{"rendered":"<p data-start=\"625\" data-end=\"727\">Kinetix 6000 integruotas a\u0161ies modulis pramonin\u0117ms servo pavar\u0173 sistemoms.<\/p>\n<p data-start=\"317\" data-end=\"487\">\n","protected":false},"featured_media":10436,"template":"","meta":{"site-sidebar-layout":"no-sidebar","site-content-layout":"default","ast-site-content-layout":"normal-width-container","site-content-style":"default","site-sidebar-style":"default","ast-global-header-display":"","ast-banner-title-visibility":"","ast-main-header-display":"","ast-hfb-above-header-display":"","ast-hfb-below-header-display":"","ast-hfb-mobile-header-display":"","site-post-title":"","ast-breadcrumbs-content":"","ast-featured-img":"","footer-sml-layout":"","ast-disable-related-posts":"","theme-transparent-header-meta":"default","adv-header-id-meta":"","stick-header-meta":"default","header-above-stick-meta":"","header-main-stick-meta":"","header-below-stick-meta":"","astra-migrate-meta-layouts":"set","ast-page-background-enabled":"default","ast-page-background-meta":{"desktop":{"background-color":"","background-image":"","background-repeat":"repeat","background-position":"center center","background-size":"auto","background-attachment":"scroll","background-type":"","background-media":"","overlay-type":"","overlay-color":"","overlay-opacity":"","overlay-gradient":""},"tablet":{"background-color":"","background-image":"","background-repeat":"repeat","background-position":"center center","background-size":"auto","background-attachment":"scroll","background-type":"","background-media":"","overlay-type":"","overlay-color":"","overlay-opacity":"","overlay-gradient":""},"mobile":{"background-color":"","background-image":"","background-repeat":"repeat","background-position":"center center","background-size":"auto","background-attachment":"scroll","background-type":"","background-media":"","overlay-type":"","overlay-color":"","overlay-opacity":"","overlay-gradient":""}},"ast-content-background-meta":{"desktop":{"background-color":"var(--ast-global-color-5)","background-image":"","background-repeat":"repeat","background-position":"center center","background-size":"auto","background-attachment":"scroll","background-type":"","background-media":"","overlay-type":"","overlay-color":"","overlay-opacity":"","overlay-gradient":""},"tablet":{"background-color":"var(--ast-global-color-5)","background-image":"","background-repeat":"repeat","background-position":"center center","background-size":"auto","background-attachment":"scroll","background-type":"","background-media":"","overlay-type":"","overlay-color":"","overlay-opacity":"","overlay-gradient":""},"mobile":{"background-color":"var(--ast-global-color-5)","background-image":"","background-repeat":"repeat","background-position":"center center","background-size":"auto","background-attachment":"scroll","background-type":"","background-media":"","overlay-type":"","overlay-color":"","overlay-opacity":"","overlay-gradient":""}}},"product_brand":[],"product_cat":[116],"product_tag":[],"class_list":{"0":"post-10434","1":"product","2":"type-product","3":"status-publish","4":"has-post-thumbnail","6":"product_cat-allen-bradley","7":"desktop-align-left","8":"tablet-align-left","9":"mobile-align-left","10":"ast-product-gallery-layout-horizontal-slider","11":"ast-product-tabs-layout-horizontal","13":"first","14":"onbackorder","15":"downloadable","16":"taxable","17":"shipping-taxable","18":"purchasable","19":"product-type-simple"},"yoast_head":"<!-- This site is optimized with the Yoast SEO plugin v27.3 - https:\/\/yoast.com\/product\/yoast-seo-wordpress\/ -->\n<title>2094-BC02-M02-S | PLC Supply spot<\/title>\n<meta name=\"description\" content=\"Allen-Bradley 2094-BC02-M02-S \u2013 Kinetix 6000 integruotas servo a\u0161ies modulis tiksliam judesio valdymui pramon\u0117s automatizavimo sistemose.\" \/>\n<meta name=\"robots\" content=\"index, follow, max-snippet:-1, max-image-preview:large, max-video-preview:-1\" \/>\n<link rel=\"canonical\" href=\"https:\/\/plcsupplyspot.com\/lt\/automatikos-komponentai\/2094-bc02-m02-s\/\" \/>\n<meta property=\"og:locale\" content=\"lt_LT\" \/>\n<meta property=\"og:type\" content=\"article\" \/>\n<meta property=\"og:title\" content=\"2094-BC02-M02-S | PLC Supply spot\" \/>\n<meta property=\"og:description\" content=\"Allen-Bradley 2094-BC02-M02-S \u2013 Kinetix 6000 integruotas servo a\u0161ies modulis tiksliam judesio valdymui pramon\u0117s automatizavimo sistemose.\" \/>\n<meta property=\"og:url\" content=\"https:\/\/plcsupplyspot.com\/lt\/automatikos-komponentai\/2094-bc02-m02-s\/\" \/>\n<meta property=\"og:site_name\" content=\"PLC Supply spot\" \/>\n<meta property=\"article:publisher\" content=\"https:\/\/www.facebook.com\/profile.php?id=61571705128033\" \/>\n<meta property=\"article:modified_time\" content=\"2026-03-05T13:40:12+00:00\" \/>\n<meta property=\"og:image\" content=\"https:\/\/plcsupplyspot.com\/wp-content\/uploads\/2026\/03\/2094-BC02-M02-S.webp\" \/>\n\t<meta property=\"og:image:width\" content=\"750\" \/>\n\t<meta property=\"og:image:height\" content=\"750\" \/>\n\t<meta property=\"og:image:type\" content=\"image\/webp\" \/>\n<meta name=\"twitter:card\" content=\"summary_large_image\" \/>\n<meta name=\"twitter:label1\" content=\"Est. reading time\" \/>\n\t<meta name=\"twitter:data1\" content=\"2 minut\u0117s\" \/>\n<!-- \/ Yoast SEO plugin. -->","yoast_head_json":{"title":"2094-BC02-M02-S | PLC Supply spot","description":"Allen-Bradley 2094-BC02-M02-S \u2013 Kinetix 6000 integruotas servo a\u0161ies modulis tiksliam judesio valdymui pramon\u0117s automatizavimo sistemose.","robots":{"index":"index","follow":"follow","max-snippet":"max-snippet:-1","max-image-preview":"max-image-preview:large","max-video-preview":"max-video-preview:-1"},"canonical":"https:\/\/plcsupplyspot.com\/lt\/automatikos-komponentai\/2094-bc02-m02-s\/","og_locale":"lt_LT","og_type":"article","og_title":"2094-BC02-M02-S | PLC Supply spot","og_description":"Allen-Bradley 2094-BC02-M02-S \u2013 Kinetix 6000 integruotas servo a\u0161ies modulis tiksliam judesio valdymui pramon\u0117s automatizavimo sistemose.","og_url":"https:\/\/plcsupplyspot.com\/lt\/automatikos-komponentai\/2094-bc02-m02-s\/","og_site_name":"PLC Supply spot","article_publisher":"https:\/\/www.facebook.com\/profile.php?id=61571705128033","article_modified_time":"2026-03-05T13:40:12+00:00","og_image":[{"width":750,"height":750,"url":"https:\/\/plcsupplyspot.com\/wp-content\/uploads\/2026\/03\/2094-BC02-M02-S.webp","type":"image\/webp"}],"twitter_card":"summary_large_image","twitter_misc":{"Est. reading time":"2 minut\u0117s"},"schema":{"@context":"https:\/\/schema.org","@graph":[{"@type":"WebPage","@id":"https:\/\/plcsupplyspot.com\/lt\/automatikos-komponentai\/2094-bc02-m02-s\/","url":"https:\/\/plcsupplyspot.com\/lt\/automatikos-komponentai\/2094-bc02-m02-s\/","name":"2094-BC02-M02-S | PLC Supply spot","isPartOf":{"@id":"https:\/\/plcsupplyspot.com\/lt\/#website"},"primaryImageOfPage":{"@id":"https:\/\/plcsupplyspot.com\/lt\/automatikos-komponentai\/2094-bc02-m02-s\/#primaryimage"},"image":{"@id":"https:\/\/plcsupplyspot.com\/lt\/automatikos-komponentai\/2094-bc02-m02-s\/#primaryimage"},"thumbnailUrl":"https:\/\/plcsupplyspot.com\/wp-content\/uploads\/2026\/03\/2094-BC02-M02-S.webp","datePublished":"2026-03-05T13:32:26+00:00","dateModified":"2026-03-05T13:40:12+00:00","description":"Allen-Bradley 2094-BC02-M02-S \u2013 Kinetix 6000 integruotas servo a\u0161ies modulis tiksliam judesio valdymui pramon\u0117s automatizavimo sistemose.","breadcrumb":{"@id":"https:\/\/plcsupplyspot.com\/lt\/automatikos-komponentai\/2094-bc02-m02-s\/#breadcrumb"},"inLanguage":"lt-LT","potentialAction":[{"@type":"ReadAction","target":["https:\/\/plcsupplyspot.com\/lt\/automatikos-komponentai\/2094-bc02-m02-s\/"]}]},{"@type":"ImageObject","inLanguage":"lt-LT","@id":"https:\/\/plcsupplyspot.com\/lt\/automatikos-komponentai\/2094-bc02-m02-s\/#primaryimage","url":"https:\/\/plcsupplyspot.com\/wp-content\/uploads\/2026\/03\/2094-BC02-M02-S.webp","contentUrl":"https:\/\/plcsupplyspot.com\/wp-content\/uploads\/2026\/03\/2094-BC02-M02-S.webp","width":750,"height":750},{"@type":"BreadcrumbList","@id":"https:\/\/plcsupplyspot.com\/lt\/automatikos-komponentai\/2094-bc02-m02-s\/#breadcrumb","itemListElement":[{"@type":"ListItem","position":1,"name":"home","item":"https:\/\/plcsupplyspot.com\/lt\/"},{"@type":"ListItem","position":2,"name":"Automatikos komponentai","item":"https:\/\/plcsupplyspot.com\/lt\/automatikos-komponentai\/"},{"@type":"ListItem","position":3,"name":"2094-BC02-M02-S"}]},{"@type":"WebSite","@id":"https:\/\/plcsupplyspot.com\/lt\/#website","url":"https:\/\/plcsupplyspot.com\/lt\/","name":"PLC Supply Spot","description":"Innovate. Accelerate. Automate!","publisher":{"@id":"https:\/\/plcsupplyspot.com\/lt\/#organization"},"potentialAction":[{"@type":"SearchAction","target":{"@type":"EntryPoint","urlTemplate":"https:\/\/plcsupplyspot.com\/lt\/?s={search_term_string}"},"query-input":{"@type":"PropertyValueSpecification","valueRequired":true,"valueName":"search_term_string"}}],"inLanguage":"lt-LT"},{"@type":"Organization","@id":"https:\/\/plcsupplyspot.com\/lt\/#organization","name":"PLC Supply Spot","alternateName":"PLC Supply Spot","url":"https:\/\/plcsupplyspot.com\/lt\/","logo":{"@type":"ImageObject","inLanguage":"lt-LT","@id":"https:\/\/plcsupplyspot.com\/lt\/#\/schema\/logo\/image\/","url":"https:\/\/plcsupplyspot.com\/wp-content\/uploads\/2026\/01\/plc-supply-spot-logo-1.png","contentUrl":"https:\/\/plcsupplyspot.com\/wp-content\/uploads\/2026\/01\/plc-supply-spot-logo-1.png","width":720,"height":720,"caption":"PLC Supply Spot"},"image":{"@id":"https:\/\/plcsupplyspot.com\/lt\/#\/schema\/logo\/image\/"},"sameAs":["https:\/\/www.facebook.com\/profile.php?id=61571705128033"]}]}},"_links":{"self":[{"href":"https:\/\/plcsupplyspot.com\/lt\/wp-json\/wp\/v2\/product\/10434","targetHints":{"allow":["GET"]}}],"collection":[{"href":"https:\/\/plcsupplyspot.com\/lt\/wp-json\/wp\/v2\/product"}],"about":[{"href":"https:\/\/plcsupplyspot.com\/lt\/wp-json\/wp\/v2\/types\/product"}],"version-history":[{"count":3,"href":"https:\/\/plcsupplyspot.com\/lt\/wp-json\/wp\/v2\/product\/10434\/revisions"}],"predecessor-version":[{"id":10440,"href":"https:\/\/plcsupplyspot.com\/lt\/wp-json\/wp\/v2\/product\/10434\/revisions\/10440"}],"wp:featuredmedia":[{"embeddable":true,"href":"https:\/\/plcsupplyspot.com\/lt\/wp-json\/wp\/v2\/media\/10436"}],"wp:attachment":[{"href":"https:\/\/plcsupplyspot.com\/lt\/wp-json\/wp\/v2\/media?parent=10434"}],"wp:term":[{"taxonomy":"product_brand","embeddable":true,"href":"https:\/\/plcsupplyspot.com\/lt\/wp-json\/wp\/v2\/product_brand?post=10434"},{"taxonomy":"product_cat","embeddable":true,"href":"https:\/\/plcsupplyspot.com\/lt\/wp-json\/wp\/v2\/product_cat?post=10434"},{"taxonomy":"product_tag","embeddable":true,"href":"https:\/\/plcsupplyspot.com\/lt\/wp-json\/wp\/v2\/product_tag?post=10434"}],"curies":[{"name":"wp","href":"https:\/\/api.w.org\/{rel}","templated":true}]}}