{"id":10416,"date":"2026-03-05T12:59:35","date_gmt":"2026-03-05T12:59:35","guid":{"rendered":"https:\/\/plcsupplyspot.com\/?post_type=product&#038;p=10416"},"modified":"2026-03-05T13:20:48","modified_gmt":"2026-03-05T13:20:48","slug":"2094-prs6","status":"publish","type":"product","link":"https:\/\/plcsupplyspot.com\/lt\/automatikos-komponentai\/2094-prs6\/","title":{"rendered":"2094-PRS6"},"content":{"rendered":"<p data-start=\"2310\" data-end=\"2373\"><strong data-start=\"2310\" data-end=\"2373\">Allen-Bradley 2094-PRS6 \u2013 Kinetix 6000 maitinimo magistral\u0117<\/strong><\/p>\n<p data-start=\"2375\" data-end=\"2661\">Allen-Bradley 2094-PRS6 yra maitinimo magistral\u0117, skirta Kinetix 6000 servo pavar\u0173 sistemai. Ji naudojama mechaniniam ir elektriniam keli\u0173 pavar\u0173 moduli\u0173 sujungimui, leid\u017eiant paskirstyti DC magistral\u0117s maitinim\u0105 ir valdymo signalus tarp moduli\u0173 daugiaa\u0161\u0117se judesio valdymo sistemose.<\/p>\n<p data-start=\"2663\" data-end=\"2933\">Maitinimo magistral\u0117 supaprastina sistemos montavim\u0105, nes suma\u017eina laid\u0173 kiek\u012f ir leid\u017eia sukurti modulin\u0119 pavar\u0173 architekt\u016br\u0105. Ji u\u017etikrina patikim\u0105 ry\u0161\u012f tarp maitinimo moduli\u0173 ir a\u0161ies moduli\u0173, tod\u0117l yra tinkama naudoti auk\u0161to na\u0161umo pramon\u0117s automatizavimo sistemose.<\/p>\n<p data-start=\"2935\" data-end=\"3361\"><strong data-start=\"2935\" data-end=\"2958\">Technin\u0117 santrauka:<\/strong><br data-start=\"2958\" data-end=\"2961\" \/>\u2022 Produkto tipas: maitinimo magistral\u0117<br data-start=\"2999\" data-end=\"3002\" \/>\u2022 Serija: Kinetix 6000<br data-start=\"3024\" data-end=\"3027\" \/>\u2022 Modelis: 2094-PRS6<br data-start=\"3047\" data-end=\"3050\" \/>\u2022 Funkcija: pavar\u0173 moduli\u0173 mechaninis ir elektrinis sujungimas<br data-start=\"3112\" data-end=\"3115\" \/>\u2022 Pritaikymas: daugiaa\u0161\u0117s servo pavar\u0173 sistemos<br data-start=\"3162\" data-end=\"3165\" \/>\u2022 Suderinami moduliai: Kinetix 6000 maitinimo ir a\u0161ies moduliai<br data-start=\"3228\" data-end=\"3231\" \/>\u2022 DC magistral\u0117s maitinimo paskirstymas<br data-start=\"3270\" data-end=\"3273\" \/>\u2022 Montavimas: Kinetix 6000 pavar\u0173 sistemos konstrukcijoje<br data-start=\"3330\" data-end=\"3333\" \/>\u2022 Skirtas darbui pramon\u0117je<\/p>\n<p data-start=\"3363\" data-end=\"3575\"><strong data-start=\"3363\" data-end=\"3394\">Tipin\u0117s panaudojimo sritys:<\/strong><br data-start=\"3394\" data-end=\"3397\" \/>\u2022 Daugiaa\u0161\u0117s judesio valdymo sistemos<br data-start=\"3434\" data-end=\"3437\" \/>\u2022 Pramonin\u0117 robotika<br data-start=\"3457\" data-end=\"3460\" \/>\u2022 Pakavimo ir surinkimo \u012franga<br data-start=\"3490\" data-end=\"3493\" \/>\u2022 Automatizuotos gamybos linijos<br data-start=\"3525\" data-end=\"3528\" \/>\u2022 CNC ir tiksliosios judesio valdymo sistemos<\/p>\n<p data-start=\"3577\" data-end=\"3920\"><strong data-start=\"3577\" data-end=\"3596\">Apie gamintoj\u0105:<\/strong><br data-start=\"3596\" data-end=\"3599\" \/>Allen-Bradley \u2013 Rockwell Automation prek\u0117s \u017eenklas ir vienas \u017einomiausi\u0173 pramon\u0117s automatizavimo \u012frangos gamintoj\u0173 pasaulyje. \u012emon\u0117 kuria PLC platformas, judesio valdymo technologijas, pramoninius komunikacijos tinklus ir integruotus automatizavimo sprendimus, naudojamus gamybos bei proces\u0173 pramon\u0117je visame pasaulyje.<\/p>\n","protected":false},"excerpt":{"rendered":"<p data-start=\"570\" data-end=\"670\">Kinetix 6000 maitinimo magistral\u0117 keli\u0173 servo pavar\u0173 moduli\u0173 sujungimui.<\/p>\n<p data-start=\"317\" data-end=\"487\">\n","protected":false},"featured_media":10420,"template":"","meta":{"site-sidebar-layout":"no-sidebar","site-content-layout":"default","ast-site-content-layout":"normal-width-container","site-content-style":"default","site-sidebar-style":"default","ast-global-header-display":"","ast-banner-title-visibility":"","ast-main-header-display":"","ast-hfb-above-header-display":"","ast-hfb-below-header-display":"","ast-hfb-mobile-header-display":"","site-post-title":"","ast-breadcrumbs-content":"","ast-featured-img":"","footer-sml-layout":"","ast-disable-related-posts":"","theme-transparent-header-meta":"default","adv-header-id-meta":"","stick-header-meta":"default","header-above-stick-meta":"","header-main-stick-meta":"","header-below-stick-meta":"","astra-migrate-meta-layouts":"set","ast-page-background-enabled":"default","ast-page-background-meta":{"desktop":{"background-color":"","background-image":"","background-repeat":"repeat","background-position":"center center","background-size":"auto","background-attachment":"scroll","background-type":"","background-media":"","overlay-type":"","overlay-color":"","overlay-opacity":"","overlay-gradient":""},"tablet":{"background-color":"","background-image":"","background-repeat":"repeat","background-position":"center center","background-size":"auto","background-attachment":"scroll","background-type":"","background-media":"","overlay-type":"","overlay-color":"","overlay-opacity":"","overlay-gradient":""},"mobile":{"background-color":"","background-image":"","background-repeat":"repeat","background-position":"center center","background-size":"auto","background-attachment":"scroll","background-type":"","background-media":"","overlay-type":"","overlay-color":"","overlay-opacity":"","overlay-gradient":""}},"ast-content-background-meta":{"desktop":{"background-color":"var(--ast-global-color-5)","background-image":"","background-repeat":"repeat","background-position":"center center","background-size":"auto","background-attachment":"scroll","background-type":"","background-media":"","overlay-type":"","overlay-color":"","overlay-opacity":"","overlay-gradient":""},"tablet":{"background-color":"var(--ast-global-color-5)","background-image":"","background-repeat":"repeat","background-position":"center center","background-size":"auto","background-attachment":"scroll","background-type":"","background-media":"","overlay-type":"","overlay-color":"","overlay-opacity":"","overlay-gradient":""},"mobile":{"background-color":"var(--ast-global-color-5)","background-image":"","background-repeat":"repeat","background-position":"center center","background-size":"auto","background-attachment":"scroll","background-type":"","background-media":"","overlay-type":"","overlay-color":"","overlay-opacity":"","overlay-gradient":""}}},"product_brand":[],"product_cat":[116],"product_tag":[],"class_list":{"0":"post-10416","1":"product","2":"type-product","3":"status-publish","4":"has-post-thumbnail","6":"product_cat-allen-bradley","7":"desktop-align-left","8":"tablet-align-left","9":"mobile-align-left","10":"ast-product-gallery-layout-horizontal-slider","11":"ast-product-gallery-with-no-image","12":"ast-product-tabs-layout-horizontal","14":"first","15":"onbackorder","16":"downloadable","17":"taxable","18":"shipping-taxable","19":"purchasable","20":"product-type-simple"},"yoast_head":"<!-- This site is optimized with the Yoast SEO plugin v26.6 - https:\/\/yoast.com\/wordpress\/plugins\/seo\/ -->\n<title>2094-PRS6 | PLC Supply spot<\/title>\n<meta name=\"description\" content=\"Allen-Bradley 2094-PRS6 \u2013 Kinetix 6000 maitinimo magistral\u0117 servo pavar\u0173 moduli\u0173 sujungimui ir DC magistral\u0117s paskirstymui.\" \/>\n<meta name=\"robots\" content=\"index, follow, max-snippet:-1, max-image-preview:large, max-video-preview:-1\" \/>\n<link rel=\"canonical\" href=\"https:\/\/plcsupplyspot.com\/lt\/automatikos-komponentai\/2094-prs6\/\" \/>\n<meta property=\"og:locale\" content=\"lt_LT\" \/>\n<meta property=\"og:type\" content=\"article\" \/>\n<meta property=\"og:title\" content=\"2094-PRS6 | PLC Supply spot\" \/>\n<meta property=\"og:description\" content=\"Allen-Bradley 2094-PRS6 \u2013 Kinetix 6000 maitinimo magistral\u0117 servo pavar\u0173 moduli\u0173 sujungimui ir DC magistral\u0117s paskirstymui.\" \/>\n<meta property=\"og:url\" content=\"https:\/\/plcsupplyspot.com\/lt\/automatikos-komponentai\/2094-prs6\/\" \/>\n<meta property=\"og:site_name\" content=\"PLC Supply spot\" \/>\n<meta property=\"article:publisher\" content=\"https:\/\/www.facebook.com\/profile.php?id=61571705128033\" \/>\n<meta property=\"article:modified_time\" content=\"2026-03-05T13:20:48+00:00\" \/>\n<meta property=\"og:image\" content=\"https:\/\/plcsupplyspot.com\/wp-content\/uploads\/2026\/03\/2094-PRS6-1.jpg\" \/>\n\t<meta property=\"og:image:width\" content=\"1000\" \/>\n\t<meta property=\"og:image:height\" content=\"1000\" \/>\n\t<meta property=\"og:image:type\" content=\"image\/jpeg\" \/>\n<meta name=\"twitter:card\" content=\"summary_large_image\" \/>\n<meta name=\"twitter:label1\" content=\"Est. reading time\" \/>\n\t<meta name=\"twitter:data1\" content=\"2 minut\u0117s\" \/>\n<!-- \/ Yoast SEO plugin. -->","yoast_head_json":{"title":"2094-PRS6 | PLC Supply spot","description":"Allen-Bradley 2094-PRS6 \u2013 Kinetix 6000 maitinimo magistral\u0117 servo pavar\u0173 moduli\u0173 sujungimui ir DC magistral\u0117s paskirstymui.","robots":{"index":"index","follow":"follow","max-snippet":"max-snippet:-1","max-image-preview":"max-image-preview:large","max-video-preview":"max-video-preview:-1"},"canonical":"https:\/\/plcsupplyspot.com\/lt\/automatikos-komponentai\/2094-prs6\/","og_locale":"lt_LT","og_type":"article","og_title":"2094-PRS6 | PLC Supply spot","og_description":"Allen-Bradley 2094-PRS6 \u2013 Kinetix 6000 maitinimo magistral\u0117 servo pavar\u0173 moduli\u0173 sujungimui ir DC magistral\u0117s paskirstymui.","og_url":"https:\/\/plcsupplyspot.com\/lt\/automatikos-komponentai\/2094-prs6\/","og_site_name":"PLC Supply spot","article_publisher":"https:\/\/www.facebook.com\/profile.php?id=61571705128033","article_modified_time":"2026-03-05T13:20:48+00:00","og_image":[{"width":1000,"height":1000,"url":"https:\/\/plcsupplyspot.com\/wp-content\/uploads\/2026\/03\/2094-PRS6-1.jpg","type":"image\/jpeg"}],"twitter_card":"summary_large_image","twitter_misc":{"Est. reading time":"2 minut\u0117s"},"schema":{"@context":"https:\/\/schema.org","@graph":[{"@type":"WebPage","@id":"https:\/\/plcsupplyspot.com\/lt\/automatikos-komponentai\/2094-prs6\/","url":"https:\/\/plcsupplyspot.com\/lt\/automatikos-komponentai\/2094-prs6\/","name":"2094-PRS6 | PLC Supply spot","isPartOf":{"@id":"https:\/\/plcsupplyspot.com\/lt\/#website"},"primaryImageOfPage":{"@id":"https:\/\/plcsupplyspot.com\/lt\/automatikos-komponentai\/2094-prs6\/#primaryimage"},"image":{"@id":"https:\/\/plcsupplyspot.com\/lt\/automatikos-komponentai\/2094-prs6\/#primaryimage"},"thumbnailUrl":"https:\/\/plcsupplyspot.com\/wp-content\/uploads\/2026\/03\/2094-PRS6-1.jpg","datePublished":"2026-03-05T12:59:35+00:00","dateModified":"2026-03-05T13:20:48+00:00","description":"Allen-Bradley 2094-PRS6 \u2013 Kinetix 6000 maitinimo magistral\u0117 servo pavar\u0173 moduli\u0173 sujungimui ir DC magistral\u0117s paskirstymui.","breadcrumb":{"@id":"https:\/\/plcsupplyspot.com\/lt\/automatikos-komponentai\/2094-prs6\/#breadcrumb"},"inLanguage":"lt-LT","potentialAction":[{"@type":"ReadAction","target":["https:\/\/plcsupplyspot.com\/lt\/automatikos-komponentai\/2094-prs6\/"]}]},{"@type":"ImageObject","inLanguage":"lt-LT","@id":"https:\/\/plcsupplyspot.com\/lt\/automatikos-komponentai\/2094-prs6\/#primaryimage","url":"https:\/\/plcsupplyspot.com\/wp-content\/uploads\/2026\/03\/2094-PRS6-1.jpg","contentUrl":"https:\/\/plcsupplyspot.com\/wp-content\/uploads\/2026\/03\/2094-PRS6-1.jpg","width":1000,"height":1000},{"@type":"BreadcrumbList","@id":"https:\/\/plcsupplyspot.com\/lt\/automatikos-komponentai\/2094-prs6\/#breadcrumb","itemListElement":[{"@type":"ListItem","position":1,"name":"home","item":"https:\/\/plcsupplyspot.com\/lt\/"},{"@type":"ListItem","position":2,"name":"Automatikos komponentai","item":"https:\/\/plcsupplyspot.com\/lt\/automatikos-komponentai\/"},{"@type":"ListItem","position":3,"name":"2094-PRS6"}]},{"@type":"WebSite","@id":"https:\/\/plcsupplyspot.com\/lt\/#website","url":"https:\/\/plcsupplyspot.com\/lt\/","name":"PLC Supply Spot","description":"Innovate. Accelerate. Automate!","publisher":{"@id":"https:\/\/plcsupplyspot.com\/lt\/#organization"},"potentialAction":[{"@type":"SearchAction","target":{"@type":"EntryPoint","urlTemplate":"https:\/\/plcsupplyspot.com\/lt\/?s={search_term_string}"},"query-input":{"@type":"PropertyValueSpecification","valueRequired":true,"valueName":"search_term_string"}}],"inLanguage":"lt-LT"},{"@type":"Organization","@id":"https:\/\/plcsupplyspot.com\/lt\/#organization","name":"PLC Supply Spot","alternateName":"PLC Supply Spot","url":"https:\/\/plcsupplyspot.com\/lt\/","logo":{"@type":"ImageObject","inLanguage":"lt-LT","@id":"https:\/\/plcsupplyspot.com\/lt\/#\/schema\/logo\/image\/","url":"https:\/\/plcsupplyspot.com\/wp-content\/uploads\/2026\/01\/plc-supply-spot-logo-1.png","contentUrl":"https:\/\/plcsupplyspot.com\/wp-content\/uploads\/2026\/01\/plc-supply-spot-logo-1.png","width":720,"height":720,"caption":"PLC Supply Spot"},"image":{"@id":"https:\/\/plcsupplyspot.com\/lt\/#\/schema\/logo\/image\/"},"sameAs":["https:\/\/www.facebook.com\/profile.php?id=61571705128033"]}]}},"_links":{"self":[{"href":"https:\/\/plcsupplyspot.com\/lt\/wp-json\/wp\/v2\/product\/10416","targetHints":{"allow":["GET"]}}],"collection":[{"href":"https:\/\/plcsupplyspot.com\/lt\/wp-json\/wp\/v2\/product"}],"about":[{"href":"https:\/\/plcsupplyspot.com\/lt\/wp-json\/wp\/v2\/types\/product"}],"version-history":[{"count":3,"href":"https:\/\/plcsupplyspot.com\/lt\/wp-json\/wp\/v2\/product\/10416\/revisions"}],"predecessor-version":[{"id":10424,"href":"https:\/\/plcsupplyspot.com\/lt\/wp-json\/wp\/v2\/product\/10416\/revisions\/10424"}],"wp:featuredmedia":[{"embeddable":true,"href":"https:\/\/plcsupplyspot.com\/lt\/wp-json\/wp\/v2\/media\/10420"}],"wp:attachment":[{"href":"https:\/\/plcsupplyspot.com\/lt\/wp-json\/wp\/v2\/media?parent=10416"}],"wp:term":[{"taxonomy":"product_brand","embeddable":true,"href":"https:\/\/plcsupplyspot.com\/lt\/wp-json\/wp\/v2\/product_brand?post=10416"},{"taxonomy":"product_cat","embeddable":true,"href":"https:\/\/plcsupplyspot.com\/lt\/wp-json\/wp\/v2\/product_cat?post=10416"},{"taxonomy":"product_tag","embeddable":true,"href":"https:\/\/plcsupplyspot.com\/lt\/wp-json\/wp\/v2\/product_tag?post=10416"}],"curies":[{"name":"wp","href":"https:\/\/api.w.org\/{rel}","templated":true}]}}