{"id":10320,"date":"2026-03-03T13:51:57","date_gmt":"2026-03-03T13:51:57","guid":{"rendered":"https:\/\/plcsupplyspot.com\/?post_type=product&#038;p=10320"},"modified":"2026-03-03T13:57:18","modified_gmt":"2026-03-03T13:57:18","slug":"1756-ba1","status":"publish","type":"product","link":"https:\/\/plcsupplyspot.com\/lt\/automatikos-komponentai\/1756-ba1\/","title":{"rendered":"1756-BA1"},"content":{"rendered":"<p data-start=\"1866\" data-end=\"1918\"><strong data-start=\"1866\" data-end=\"1916\">Allen-Bradley 1756-BA1 \u2013 ControlLogix baterija<\/strong><\/p>\n<p data-start=\"1920\" data-end=\"2158\">Allen-Bradley 1756-BA1 yra li\u010dio atsargin\u0117 baterija, skirta naudoti su ControlLogix valdikliais. Ji palaiko vartotojo atmint\u012f ir realaus laiko laikrod\u012f nutr\u016bkus maitinimui, u\u017etikrindama duomen\u0173 i\u0161saugojim\u0105 ir sistemos veikimo t\u0119stinum\u0105.<\/p>\n<p data-start=\"2160\" data-end=\"2341\">Baterija apsaugo valdiklyje saugomas programas ir konfig\u016bracijos duomenis. Ji lengvai montuojama ir kei\u010diama, tod\u0117l tinka planinei prie\u017ei\u016brai pramonin\u0117se automatizavimo sistemose.<\/p>\n<p data-start=\"2343\" data-end=\"2615\"><strong data-start=\"2343\" data-end=\"2366\">Technin\u0117 santrauka:<\/strong><br data-start=\"2366\" data-end=\"2369\" \/>\u2022 Produkto tipas: li\u010dio atsargin\u0117 baterija<br data-start=\"2411\" data-end=\"2414\" \/>\u2022 Serija: ControlLogix<br data-start=\"2436\" data-end=\"2439\" \/>\u2022 Pritaikymas: atminties ir laikrod\u017eio palaikymas<br data-start=\"2488\" data-end=\"2491\" \/>\u2022 Suderinamumas: ControlLogix valdikliai<br data-start=\"2531\" data-end=\"2534\" \/>\u2022 Funkcija: duomen\u0173 i\u0161saugojimas dingus maitinimui<br data-start=\"2584\" data-end=\"2587\" \/>\u2022 Skirtas darbui pramon\u0117je<\/p>\n<p data-start=\"2617\" data-end=\"2799\"><strong data-start=\"2617\" data-end=\"2648\">Tipin\u0117s panaudojimo sritys:<\/strong><br data-start=\"2648\" data-end=\"2651\" \/>\u2022 PLC sistem\u0173 atsarginis maitinimas<br data-start=\"2686\" data-end=\"2689\" \/>\u2022 Pramonin\u0117s automatizavimo sistemos<br data-start=\"2725\" data-end=\"2728\" \/>\u2022 Gamybos linijos<br data-start=\"2745\" data-end=\"2748\" \/>\u2022 Proces\u0173 valdymas<br data-start=\"2766\" data-end=\"2769\" \/>\u2022 Planin\u0117 technin\u0117 prie\u017ei\u016bra<\/p>\n<p data-start=\"2801\" data-end=\"2952\"><strong data-start=\"2801\" data-end=\"2820\">Apie gamintoj\u0105:<\/strong><br data-start=\"2820\" data-end=\"2823\" \/>Allen-Bradley \u2013 Rockwell Automation dalis, pasaulyje \u017einoma d\u0117l pa\u017eangi\u0173 PLC sistem\u0173 ir patikim\u0173 valdymo technologij\u0173 pramonei.<\/p>\n","protected":false},"excerpt":{"rendered":"<p data-start=\"540\" data-end=\"622\">Li\u010dio atsargin\u0117 baterija ControlLogix PLC valdikliams.<\/p>\n<p data-start=\"317\" data-end=\"487\">\n","protected":false},"featured_media":10322,"template":"","meta":{"site-sidebar-layout":"no-sidebar","site-content-layout":"default","ast-site-content-layout":"normal-width-container","site-content-style":"default","site-sidebar-style":"default","ast-global-header-display":"","ast-banner-title-visibility":"","ast-main-header-display":"","ast-hfb-above-header-display":"","ast-hfb-below-header-display":"","ast-hfb-mobile-header-display":"","site-post-title":"","ast-breadcrumbs-content":"","ast-featured-img":"","footer-sml-layout":"","ast-disable-related-posts":"","theme-transparent-header-meta":"default","adv-header-id-meta":"","stick-header-meta":"default","header-above-stick-meta":"","header-main-stick-meta":"","header-below-stick-meta":"","astra-migrate-meta-layouts":"set","ast-page-background-enabled":"default","ast-page-background-meta":{"desktop":{"background-color":"","background-image":"","background-repeat":"repeat","background-position":"center center","background-size":"auto","background-attachment":"scroll","background-type":"","background-media":"","overlay-type":"","overlay-color":"","overlay-opacity":"","overlay-gradient":""},"tablet":{"background-color":"","background-image":"","background-repeat":"repeat","background-position":"center center","background-size":"auto","background-attachment":"scroll","background-type":"","background-media":"","overlay-type":"","overlay-color":"","overlay-opacity":"","overlay-gradient":""},"mobile":{"background-color":"","background-image":"","background-repeat":"repeat","background-position":"center center","background-size":"auto","background-attachment":"scroll","background-type":"","background-media":"","overlay-type":"","overlay-color":"","overlay-opacity":"","overlay-gradient":""}},"ast-content-background-meta":{"desktop":{"background-color":"var(--ast-global-color-5)","background-image":"","background-repeat":"repeat","background-position":"center center","background-size":"auto","background-attachment":"scroll","background-type":"","background-media":"","overlay-type":"","overlay-color":"","overlay-opacity":"","overlay-gradient":""},"tablet":{"background-color":"var(--ast-global-color-5)","background-image":"","background-repeat":"repeat","background-position":"center center","background-size":"auto","background-attachment":"scroll","background-type":"","background-media":"","overlay-type":"","overlay-color":"","overlay-opacity":"","overlay-gradient":""},"mobile":{"background-color":"var(--ast-global-color-5)","background-image":"","background-repeat":"repeat","background-position":"center center","background-size":"auto","background-attachment":"scroll","background-type":"","background-media":"","overlay-type":"","overlay-color":"","overlay-opacity":"","overlay-gradient":""}}},"product_brand":[],"product_cat":[116],"product_tag":[],"class_list":{"0":"post-10320","1":"product","2":"type-product","3":"status-publish","4":"has-post-thumbnail","6":"product_cat-allen-bradley","7":"desktop-align-left","8":"tablet-align-left","9":"mobile-align-left","10":"ast-product-gallery-layout-horizontal-slider","11":"ast-product-gallery-with-no-image","12":"ast-product-tabs-layout-horizontal","14":"first","15":"onbackorder","16":"downloadable","17":"taxable","18":"shipping-taxable","19":"purchasable","20":"product-type-simple"},"yoast_head":"<!-- This site is optimized with the Yoast SEO plugin v27.3 - https:\/\/yoast.com\/product\/yoast-seo-wordpress\/ -->\n<title>1756-BA1 | PLC Supply spot<\/title>\n<meta name=\"description\" content=\"Allen-Bradley 1756-BA1 \u2013 li\u010dio baterija ControlLogix valdikliams, skirta atminties ir laikrod\u017eio palaikymui dingus maitinimui.\" \/>\n<meta name=\"robots\" content=\"index, follow, max-snippet:-1, max-image-preview:large, max-video-preview:-1\" \/>\n<link rel=\"canonical\" href=\"https:\/\/plcsupplyspot.com\/lt\/automatikos-komponentai\/1756-ba1\/\" \/>\n<meta property=\"og:locale\" content=\"lt_LT\" \/>\n<meta property=\"og:type\" content=\"article\" \/>\n<meta property=\"og:title\" content=\"1756-BA1 | PLC Supply spot\" \/>\n<meta property=\"og:description\" content=\"Allen-Bradley 1756-BA1 \u2013 li\u010dio baterija ControlLogix valdikliams, skirta atminties ir laikrod\u017eio palaikymui dingus maitinimui.\" \/>\n<meta property=\"og:url\" content=\"https:\/\/plcsupplyspot.com\/lt\/automatikos-komponentai\/1756-ba1\/\" \/>\n<meta property=\"og:site_name\" content=\"PLC Supply spot\" \/>\n<meta property=\"article:publisher\" content=\"https:\/\/www.facebook.com\/profile.php?id=61571705128033\" \/>\n<meta property=\"article:modified_time\" content=\"2026-03-03T13:57:18+00:00\" \/>\n<meta property=\"og:image\" content=\"https:\/\/plcsupplyspot.com\/wp-content\/uploads\/2026\/03\/1756-BA1.jpg\" \/>\n\t<meta property=\"og:image:width\" content=\"540\" \/>\n\t<meta property=\"og:image:height\" content=\"540\" \/>\n\t<meta property=\"og:image:type\" content=\"image\/jpeg\" \/>\n<meta name=\"twitter:card\" content=\"summary_large_image\" \/>\n<meta name=\"twitter:label1\" content=\"Est. reading time\" \/>\n\t<meta name=\"twitter:data1\" content=\"1 minut\u0117\" \/>\n<!-- \/ Yoast SEO plugin. -->","yoast_head_json":{"title":"1756-BA1 | PLC Supply spot","description":"Allen-Bradley 1756-BA1 \u2013 li\u010dio baterija ControlLogix valdikliams, skirta atminties ir laikrod\u017eio palaikymui dingus maitinimui.","robots":{"index":"index","follow":"follow","max-snippet":"max-snippet:-1","max-image-preview":"max-image-preview:large","max-video-preview":"max-video-preview:-1"},"canonical":"https:\/\/plcsupplyspot.com\/lt\/automatikos-komponentai\/1756-ba1\/","og_locale":"lt_LT","og_type":"article","og_title":"1756-BA1 | PLC Supply spot","og_description":"Allen-Bradley 1756-BA1 \u2013 li\u010dio baterija ControlLogix valdikliams, skirta atminties ir laikrod\u017eio palaikymui dingus maitinimui.","og_url":"https:\/\/plcsupplyspot.com\/lt\/automatikos-komponentai\/1756-ba1\/","og_site_name":"PLC Supply spot","article_publisher":"https:\/\/www.facebook.com\/profile.php?id=61571705128033","article_modified_time":"2026-03-03T13:57:18+00:00","og_image":[{"width":540,"height":540,"url":"https:\/\/plcsupplyspot.com\/wp-content\/uploads\/2026\/03\/1756-BA1.jpg","type":"image\/jpeg"}],"twitter_card":"summary_large_image","twitter_misc":{"Est. reading time":"1 minut\u0117"},"schema":{"@context":"https:\/\/schema.org","@graph":[{"@type":"WebPage","@id":"https:\/\/plcsupplyspot.com\/lt\/automatikos-komponentai\/1756-ba1\/","url":"https:\/\/plcsupplyspot.com\/lt\/automatikos-komponentai\/1756-ba1\/","name":"1756-BA1 | PLC Supply spot","isPartOf":{"@id":"https:\/\/plcsupplyspot.com\/lt\/#website"},"primaryImageOfPage":{"@id":"https:\/\/plcsupplyspot.com\/lt\/automatikos-komponentai\/1756-ba1\/#primaryimage"},"image":{"@id":"https:\/\/plcsupplyspot.com\/lt\/automatikos-komponentai\/1756-ba1\/#primaryimage"},"thumbnailUrl":"https:\/\/plcsupplyspot.com\/wp-content\/uploads\/2026\/03\/1756-BA1.jpg","datePublished":"2026-03-03T13:51:57+00:00","dateModified":"2026-03-03T13:57:18+00:00","description":"Allen-Bradley 1756-BA1 \u2013 li\u010dio baterija ControlLogix valdikliams, skirta atminties ir laikrod\u017eio palaikymui dingus maitinimui.","breadcrumb":{"@id":"https:\/\/plcsupplyspot.com\/lt\/automatikos-komponentai\/1756-ba1\/#breadcrumb"},"inLanguage":"lt-LT","potentialAction":[{"@type":"ReadAction","target":["https:\/\/plcsupplyspot.com\/lt\/automatikos-komponentai\/1756-ba1\/"]}]},{"@type":"ImageObject","inLanguage":"lt-LT","@id":"https:\/\/plcsupplyspot.com\/lt\/automatikos-komponentai\/1756-ba1\/#primaryimage","url":"https:\/\/plcsupplyspot.com\/wp-content\/uploads\/2026\/03\/1756-BA1.jpg","contentUrl":"https:\/\/plcsupplyspot.com\/wp-content\/uploads\/2026\/03\/1756-BA1.jpg","width":540,"height":540},{"@type":"BreadcrumbList","@id":"https:\/\/plcsupplyspot.com\/lt\/automatikos-komponentai\/1756-ba1\/#breadcrumb","itemListElement":[{"@type":"ListItem","position":1,"name":"home","item":"https:\/\/plcsupplyspot.com\/lt\/"},{"@type":"ListItem","position":2,"name":"Automatikos komponentai","item":"https:\/\/plcsupplyspot.com\/lt\/automatikos-komponentai\/"},{"@type":"ListItem","position":3,"name":"1756-BA1"}]},{"@type":"WebSite","@id":"https:\/\/plcsupplyspot.com\/lt\/#website","url":"https:\/\/plcsupplyspot.com\/lt\/","name":"PLC Supply Spot","description":"Innovate. Accelerate. Automate!","publisher":{"@id":"https:\/\/plcsupplyspot.com\/lt\/#organization"},"potentialAction":[{"@type":"SearchAction","target":{"@type":"EntryPoint","urlTemplate":"https:\/\/plcsupplyspot.com\/lt\/?s={search_term_string}"},"query-input":{"@type":"PropertyValueSpecification","valueRequired":true,"valueName":"search_term_string"}}],"inLanguage":"lt-LT"},{"@type":"Organization","@id":"https:\/\/plcsupplyspot.com\/lt\/#organization","name":"PLC Supply Spot","alternateName":"PLC Supply Spot","url":"https:\/\/plcsupplyspot.com\/lt\/","logo":{"@type":"ImageObject","inLanguage":"lt-LT","@id":"https:\/\/plcsupplyspot.com\/lt\/#\/schema\/logo\/image\/","url":"https:\/\/plcsupplyspot.com\/wp-content\/uploads\/2026\/01\/plc-supply-spot-logo-1.png","contentUrl":"https:\/\/plcsupplyspot.com\/wp-content\/uploads\/2026\/01\/plc-supply-spot-logo-1.png","width":720,"height":720,"caption":"PLC Supply Spot"},"image":{"@id":"https:\/\/plcsupplyspot.com\/lt\/#\/schema\/logo\/image\/"},"sameAs":["https:\/\/www.facebook.com\/profile.php?id=61571705128033"]}]}},"_links":{"self":[{"href":"https:\/\/plcsupplyspot.com\/lt\/wp-json\/wp\/v2\/product\/10320","targetHints":{"allow":["GET"]}}],"collection":[{"href":"https:\/\/plcsupplyspot.com\/lt\/wp-json\/wp\/v2\/product"}],"about":[{"href":"https:\/\/plcsupplyspot.com\/lt\/wp-json\/wp\/v2\/types\/product"}],"version-history":[{"count":3,"href":"https:\/\/plcsupplyspot.com\/lt\/wp-json\/wp\/v2\/product\/10320\/revisions"}],"predecessor-version":[{"id":10326,"href":"https:\/\/plcsupplyspot.com\/lt\/wp-json\/wp\/v2\/product\/10320\/revisions\/10326"}],"wp:featuredmedia":[{"embeddable":true,"href":"https:\/\/plcsupplyspot.com\/lt\/wp-json\/wp\/v2\/media\/10322"}],"wp:attachment":[{"href":"https:\/\/plcsupplyspot.com\/lt\/wp-json\/wp\/v2\/media?parent=10320"}],"wp:term":[{"taxonomy":"product_brand","embeddable":true,"href":"https:\/\/plcsupplyspot.com\/lt\/wp-json\/wp\/v2\/product_brand?post=10320"},{"taxonomy":"product_cat","embeddable":true,"href":"https:\/\/plcsupplyspot.com\/lt\/wp-json\/wp\/v2\/product_cat?post=10320"},{"taxonomy":"product_tag","embeddable":true,"href":"https:\/\/plcsupplyspot.com\/lt\/wp-json\/wp\/v2\/product_tag?post=10320"}],"curies":[{"name":"wp","href":"https:\/\/api.w.org\/{rel}","templated":true}]}}