{"id":10296,"date":"2026-03-03T13:31:31","date_gmt":"2026-03-03T13:31:31","guid":{"rendered":"https:\/\/plcsupplyspot.com\/?post_type=product&#038;p=10296"},"modified":"2026-03-03T13:37:07","modified_gmt":"2026-03-03T13:37:07","slug":"adpi-01","status":"publish","type":"product","link":"https:\/\/plcsupplyspot.com\/lt\/automatikos-komponentai\/adpi-01\/","title":{"rendered":"ADPI-01"},"content":{"rendered":"<p data-start=\"1889\" data-end=\"1936\"><strong data-start=\"1889\" data-end=\"1934\">ABB ADPI-01 \u2013 Profibus DP s\u0105sajos modulis<\/strong><\/p>\n<p data-start=\"1938\" data-end=\"2217\">ABB ADPI-01 yra komunikacijos s\u0105sajos modulis, skirtas prijungti ABB pavar\u0173 sistemas prie Profibus DP tinklo. Jis u\u017etikrina patikim\u0105 duomen\u0173 perdavim\u0105 tarp pavaros ir auk\u0161tesnio lygio PLC ar valdymo sistem\u0173, leid\u017eiant skland\u017eiai integruoti \u012f pramonines automatizavimo sistemas.<\/p>\n<p data-start=\"2219\" data-end=\"2424\">Modulis palaiko greit\u0105 ir stabil\u0173 ry\u0161\u012f, leid\u017eiant\u012f steb\u0117ti, konfig\u016bruoti parametrus ir valdyti pavar\u0105 per Profibus tinkl\u0105. Kompakti\u0161ka konstrukcija u\u017etikrina paprast\u0105 montavim\u0105 suderinamose ABB pavarose.<\/p>\n<p data-start=\"2426\" data-end=\"2675\"><strong data-start=\"2426\" data-end=\"2449\">Technin\u0117 santrauka:<\/strong><br data-start=\"2449\" data-end=\"2452\" \/>\u2022 Produkto tipas: komunikacijos s\u0105sajos modulis<br data-start=\"2499\" data-end=\"2502\" \/>\u2022 Modelis: ADPI-01<br data-start=\"2520\" data-end=\"2523\" \/>\u2022 Komunikacijos protokolas: Profibus DP<br data-start=\"2562\" data-end=\"2565\" \/>\u2022 Pritaikymas: ABB pavar\u0173 sistemos<br data-start=\"2599\" data-end=\"2602\" \/>\u2022 Funkcija: lauko magistral\u0117s komunikacija<br data-start=\"2644\" data-end=\"2647\" \/>\u2022 Skirtas darbui pramon\u0117je<\/p>\n<p data-start=\"2677\" data-end=\"2856\"><strong data-start=\"2677\" data-end=\"2708\">Tipin\u0117s panaudojimo sritys:<\/strong><br data-start=\"2708\" data-end=\"2711\" \/>\u2022 Da\u017enio keitikli\u0173 integracija<br data-start=\"2741\" data-end=\"2744\" \/>\u2022 PLC valdomos varikli\u0173 sistemos<br data-start=\"2776\" data-end=\"2779\" \/>\u2022 Pramoniniai komunikacijos tinklai<br data-start=\"2814\" data-end=\"2817\" \/>\u2022 Proces\u0173 valdymas<br data-start=\"2835\" data-end=\"2838\" \/>\u2022 Gamybos \u012franga<\/p>\n<p data-start=\"2858\" data-end=\"3070\"><strong data-start=\"2858\" data-end=\"2877\">Apie gamintoj\u0105:<\/strong><br data-start=\"2877\" data-end=\"2880\" \/>ABB \u2013 pasaulin\u0117 elektrifikacijos ir automatizavimo technologij\u0173 lyder\u0117, kurianti pa\u017eangias pavar\u0173 sistemas, PLC sprendimus ir pramoninius komunikacijos modulius \u012fvairioms pramon\u0117s sritims.<\/p>\n","protected":false},"excerpt":{"rendered":"<p data-start=\"520\" data-end=\"603\">Profibus DP komunikacijos modulis ABB pavar\u0173 sistemoms.<\/p>\n<p data-start=\"317\" data-end=\"487\">\n","protected":false},"featured_media":10298,"template":"","meta":{"site-sidebar-layout":"no-sidebar","site-content-layout":"default","ast-site-content-layout":"normal-width-container","site-content-style":"default","site-sidebar-style":"default","ast-global-header-display":"","ast-banner-title-visibility":"","ast-main-header-display":"","ast-hfb-above-header-display":"","ast-hfb-below-header-display":"","ast-hfb-mobile-header-display":"","site-post-title":"","ast-breadcrumbs-content":"","ast-featured-img":"","footer-sml-layout":"","ast-disable-related-posts":"","theme-transparent-header-meta":"default","adv-header-id-meta":"","stick-header-meta":"default","header-above-stick-meta":"","header-main-stick-meta":"","header-below-stick-meta":"","astra-migrate-meta-layouts":"set","ast-page-background-enabled":"default","ast-page-background-meta":{"desktop":{"background-color":"","background-image":"","background-repeat":"repeat","background-position":"center center","background-size":"auto","background-attachment":"scroll","background-type":"","background-media":"","overlay-type":"","overlay-color":"","overlay-opacity":"","overlay-gradient":""},"tablet":{"background-color":"","background-image":"","background-repeat":"repeat","background-position":"center center","background-size":"auto","background-attachment":"scroll","background-type":"","background-media":"","overlay-type":"","overlay-color":"","overlay-opacity":"","overlay-gradient":""},"mobile":{"background-color":"","background-image":"","background-repeat":"repeat","background-position":"center center","background-size":"auto","background-attachment":"scroll","background-type":"","background-media":"","overlay-type":"","overlay-color":"","overlay-opacity":"","overlay-gradient":""}},"ast-content-background-meta":{"desktop":{"background-color":"var(--ast-global-color-5)","background-image":"","background-repeat":"repeat","background-position":"center center","background-size":"auto","background-attachment":"scroll","background-type":"","background-media":"","overlay-type":"","overlay-color":"","overlay-opacity":"","overlay-gradient":""},"tablet":{"background-color":"var(--ast-global-color-5)","background-image":"","background-repeat":"repeat","background-position":"center center","background-size":"auto","background-attachment":"scroll","background-type":"","background-media":"","overlay-type":"","overlay-color":"","overlay-opacity":"","overlay-gradient":""},"mobile":{"background-color":"var(--ast-global-color-5)","background-image":"","background-repeat":"repeat","background-position":"center center","background-size":"auto","background-attachment":"scroll","background-type":"","background-media":"","overlay-type":"","overlay-color":"","overlay-opacity":"","overlay-gradient":""}}},"product_brand":[],"product_cat":[124],"product_tag":[],"class_list":{"0":"post-10296","1":"product","2":"type-product","3":"status-publish","4":"has-post-thumbnail","6":"product_cat-abb","7":"desktop-align-left","8":"tablet-align-left","9":"mobile-align-left","10":"ast-product-gallery-layout-horizontal-slider","11":"ast-product-tabs-layout-horizontal","13":"first","14":"onbackorder","15":"downloadable","16":"taxable","17":"shipping-taxable","18":"purchasable","19":"product-type-simple"},"yoast_head":"<!-- This site is optimized with the Yoast SEO plugin v27.3 - https:\/\/yoast.com\/product\/yoast-seo-wordpress\/ -->\n<title>ADPI-01 | PLC Supply spot<\/title>\n<meta name=\"description\" content=\"ABB ADPI-01 \u2013 Profibus DP s\u0105sajos modulis ABB pavaroms, skirtas patikimai komunikacijai pramonin\u0117se sistemose.\" \/>\n<meta name=\"robots\" content=\"index, follow, max-snippet:-1, max-image-preview:large, max-video-preview:-1\" \/>\n<link rel=\"canonical\" href=\"https:\/\/plcsupplyspot.com\/lt\/automatikos-komponentai\/adpi-01\/\" \/>\n<meta property=\"og:locale\" content=\"lt_LT\" \/>\n<meta property=\"og:type\" content=\"article\" \/>\n<meta property=\"og:title\" content=\"ADPI-01 | PLC Supply spot\" \/>\n<meta property=\"og:description\" content=\"ABB ADPI-01 \u2013 Profibus DP s\u0105sajos modulis ABB pavaroms, skirtas patikimai komunikacijai pramonin\u0117se sistemose.\" \/>\n<meta property=\"og:url\" content=\"https:\/\/plcsupplyspot.com\/lt\/automatikos-komponentai\/adpi-01\/\" \/>\n<meta property=\"og:site_name\" content=\"PLC Supply spot\" \/>\n<meta property=\"article:publisher\" content=\"https:\/\/www.facebook.com\/profile.php?id=61571705128033\" \/>\n<meta property=\"article:modified_time\" content=\"2026-03-03T13:37:07+00:00\" \/>\n<meta property=\"og:image\" content=\"https:\/\/plcsupplyspot.com\/wp-content\/uploads\/2026\/03\/ADPI-01.jpg\" \/>\n\t<meta property=\"og:image:width\" content=\"700\" \/>\n\t<meta property=\"og:image:height\" content=\"700\" \/>\n\t<meta property=\"og:image:type\" content=\"image\/jpeg\" \/>\n<meta name=\"twitter:card\" content=\"summary_large_image\" \/>\n<meta name=\"twitter:label1\" content=\"Est. reading time\" \/>\n\t<meta name=\"twitter:data1\" content=\"1 minut\u0117\" \/>\n<!-- \/ Yoast SEO plugin. -->","yoast_head_json":{"title":"ADPI-01 | PLC Supply spot","description":"ABB ADPI-01 \u2013 Profibus DP s\u0105sajos modulis ABB pavaroms, skirtas patikimai komunikacijai pramonin\u0117se sistemose.","robots":{"index":"index","follow":"follow","max-snippet":"max-snippet:-1","max-image-preview":"max-image-preview:large","max-video-preview":"max-video-preview:-1"},"canonical":"https:\/\/plcsupplyspot.com\/lt\/automatikos-komponentai\/adpi-01\/","og_locale":"lt_LT","og_type":"article","og_title":"ADPI-01 | PLC Supply spot","og_description":"ABB ADPI-01 \u2013 Profibus DP s\u0105sajos modulis ABB pavaroms, skirtas patikimai komunikacijai pramonin\u0117se sistemose.","og_url":"https:\/\/plcsupplyspot.com\/lt\/automatikos-komponentai\/adpi-01\/","og_site_name":"PLC Supply spot","article_publisher":"https:\/\/www.facebook.com\/profile.php?id=61571705128033","article_modified_time":"2026-03-03T13:37:07+00:00","og_image":[{"width":700,"height":700,"url":"https:\/\/plcsupplyspot.com\/wp-content\/uploads\/2026\/03\/ADPI-01.jpg","type":"image\/jpeg"}],"twitter_card":"summary_large_image","twitter_misc":{"Est. reading time":"1 minut\u0117"},"schema":{"@context":"https:\/\/schema.org","@graph":[{"@type":"WebPage","@id":"https:\/\/plcsupplyspot.com\/lt\/automatikos-komponentai\/adpi-01\/","url":"https:\/\/plcsupplyspot.com\/lt\/automatikos-komponentai\/adpi-01\/","name":"ADPI-01 | PLC Supply spot","isPartOf":{"@id":"https:\/\/plcsupplyspot.com\/lt\/#website"},"primaryImageOfPage":{"@id":"https:\/\/plcsupplyspot.com\/lt\/automatikos-komponentai\/adpi-01\/#primaryimage"},"image":{"@id":"https:\/\/plcsupplyspot.com\/lt\/automatikos-komponentai\/adpi-01\/#primaryimage"},"thumbnailUrl":"https:\/\/plcsupplyspot.com\/wp-content\/uploads\/2026\/03\/ADPI-01.jpg","datePublished":"2026-03-03T13:31:31+00:00","dateModified":"2026-03-03T13:37:07+00:00","description":"ABB ADPI-01 \u2013 Profibus DP s\u0105sajos modulis ABB pavaroms, skirtas patikimai komunikacijai pramonin\u0117se sistemose.","breadcrumb":{"@id":"https:\/\/plcsupplyspot.com\/lt\/automatikos-komponentai\/adpi-01\/#breadcrumb"},"inLanguage":"lt-LT","potentialAction":[{"@type":"ReadAction","target":["https:\/\/plcsupplyspot.com\/lt\/automatikos-komponentai\/adpi-01\/"]}]},{"@type":"ImageObject","inLanguage":"lt-LT","@id":"https:\/\/plcsupplyspot.com\/lt\/automatikos-komponentai\/adpi-01\/#primaryimage","url":"https:\/\/plcsupplyspot.com\/wp-content\/uploads\/2026\/03\/ADPI-01.jpg","contentUrl":"https:\/\/plcsupplyspot.com\/wp-content\/uploads\/2026\/03\/ADPI-01.jpg","width":700,"height":700},{"@type":"BreadcrumbList","@id":"https:\/\/plcsupplyspot.com\/lt\/automatikos-komponentai\/adpi-01\/#breadcrumb","itemListElement":[{"@type":"ListItem","position":1,"name":"home","item":"https:\/\/plcsupplyspot.com\/lt\/"},{"@type":"ListItem","position":2,"name":"Automatikos komponentai","item":"https:\/\/plcsupplyspot.com\/lt\/automatikos-komponentai\/"},{"@type":"ListItem","position":3,"name":"ADPI-01"}]},{"@type":"WebSite","@id":"https:\/\/plcsupplyspot.com\/lt\/#website","url":"https:\/\/plcsupplyspot.com\/lt\/","name":"PLC Supply Spot","description":"Innovate. Accelerate. Automate!","publisher":{"@id":"https:\/\/plcsupplyspot.com\/lt\/#organization"},"potentialAction":[{"@type":"SearchAction","target":{"@type":"EntryPoint","urlTemplate":"https:\/\/plcsupplyspot.com\/lt\/?s={search_term_string}"},"query-input":{"@type":"PropertyValueSpecification","valueRequired":true,"valueName":"search_term_string"}}],"inLanguage":"lt-LT"},{"@type":"Organization","@id":"https:\/\/plcsupplyspot.com\/lt\/#organization","name":"PLC Supply Spot","alternateName":"PLC Supply Spot","url":"https:\/\/plcsupplyspot.com\/lt\/","logo":{"@type":"ImageObject","inLanguage":"lt-LT","@id":"https:\/\/plcsupplyspot.com\/lt\/#\/schema\/logo\/image\/","url":"https:\/\/plcsupplyspot.com\/wp-content\/uploads\/2026\/01\/plc-supply-spot-logo-1.png","contentUrl":"https:\/\/plcsupplyspot.com\/wp-content\/uploads\/2026\/01\/plc-supply-spot-logo-1.png","width":720,"height":720,"caption":"PLC Supply Spot"},"image":{"@id":"https:\/\/plcsupplyspot.com\/lt\/#\/schema\/logo\/image\/"},"sameAs":["https:\/\/www.facebook.com\/profile.php?id=61571705128033"]}]}},"_links":{"self":[{"href":"https:\/\/plcsupplyspot.com\/lt\/wp-json\/wp\/v2\/product\/10296","targetHints":{"allow":["GET"]}}],"collection":[{"href":"https:\/\/plcsupplyspot.com\/lt\/wp-json\/wp\/v2\/product"}],"about":[{"href":"https:\/\/plcsupplyspot.com\/lt\/wp-json\/wp\/v2\/types\/product"}],"version-history":[{"count":3,"href":"https:\/\/plcsupplyspot.com\/lt\/wp-json\/wp\/v2\/product\/10296\/revisions"}],"predecessor-version":[{"id":10302,"href":"https:\/\/plcsupplyspot.com\/lt\/wp-json\/wp\/v2\/product\/10296\/revisions\/10302"}],"wp:featuredmedia":[{"embeddable":true,"href":"https:\/\/plcsupplyspot.com\/lt\/wp-json\/wp\/v2\/media\/10298"}],"wp:attachment":[{"href":"https:\/\/plcsupplyspot.com\/lt\/wp-json\/wp\/v2\/media?parent=10296"}],"wp:term":[{"taxonomy":"product_brand","embeddable":true,"href":"https:\/\/plcsupplyspot.com\/lt\/wp-json\/wp\/v2\/product_brand?post=10296"},{"taxonomy":"product_cat","embeddable":true,"href":"https:\/\/plcsupplyspot.com\/lt\/wp-json\/wp\/v2\/product_cat?post=10296"},{"taxonomy":"product_tag","embeddable":true,"href":"https:\/\/plcsupplyspot.com\/lt\/wp-json\/wp\/v2\/product_tag?post=10296"}],"curies":[{"name":"wp","href":"https:\/\/api.w.org\/{rel}","templated":true}]}}