{"id":10235,"date":"2026-03-02T13:37:47","date_gmt":"2026-03-02T13:37:47","guid":{"rendered":"https:\/\/plcsupplyspot.com\/?post_type=product&#038;p=10235"},"modified":"2026-03-02T14:04:17","modified_gmt":"2026-03-02T14:04:17","slug":"140cps12420","status":"publish","type":"product","link":"https:\/\/plcsupplyspot.com\/lt\/automatikos-komponentai\/140cps12420\/","title":{"rendered":"140CPS12420"},"content":{"rendered":"<p data-start=\"1973\" data-end=\"2037\"><strong data-start=\"1973\" data-end=\"2035\">Schneider Electric 140CPS12420 \u2013 Quantum maitinimo modulis<\/strong><\/p>\n<p data-start=\"2039\" data-end=\"2269\">Schneider Electric 140CPS12420 yra maitinimo modulis, skirtas Modicon Quantum automatizavimo platformai. Jis tiekia stabil\u0173 24V DC maitinim\u0105 PLC \u0161asi, u\u017etikrindamas patikim\u0105 visos valdymo sistemos veikim\u0105 pramonin\u0117mis s\u0105lygomis.<\/p>\n<p data-start=\"2271\" data-end=\"2513\">Modulis sukurtas nepertraukiamam darbui ir auk\u0161tam sistemos patikimumui. Jis montuojamas tiesiogiai \u012f Quantum \u0161asi ir paskirsto reguliuot\u0105 maitinim\u0105 CPU bei I\/O moduliams, tod\u0117l tinka sud\u0117tingoms automatizavimo ir proces\u0173 valdymo sistemoms.<\/p>\n<p data-start=\"2515\" data-end=\"2762\"><strong data-start=\"2515\" data-end=\"2538\">Technin\u0117 santrauka:<\/strong><br data-start=\"2538\" data-end=\"2541\" \/>\u2022 Produkto tipas: maitinimo modulis<br data-start=\"2576\" data-end=\"2579\" \/>\u2022 Serija: Modicon Quantum<br data-start=\"2604\" data-end=\"2607\" \/>\u2022 \u012e\u0117jimo \u012ftampa: 115\/230V AC<br data-start=\"2635\" data-end=\"2638\" \/>\u2022 I\u0161\u0117jimo \u012ftampa: 24V DC<br data-start=\"2662\" data-end=\"2665\" \/>\u2022 Montavimas: Quantum \u0161asi<br data-start=\"2691\" data-end=\"2694\" \/>\u2022 Pritaikymas: PLC sistem\u0173 maitinimas<br data-start=\"2731\" data-end=\"2734\" \/>\u2022 Skirtas darbui pramon\u0117je<\/p>\n<p data-start=\"2764\" data-end=\"2958\"><strong data-start=\"2764\" data-end=\"2795\">Tipin\u0117s panaudojimo sritys:<\/strong><br data-start=\"2795\" data-end=\"2798\" \/>\u2022 Pramonin\u0117s automatizavimo sistemos<br data-start=\"2834\" data-end=\"2837\" \/>\u2022 Proces\u0173 valdymas<br data-start=\"2855\" data-end=\"2858\" \/>\u2022 Gamybos linijos<br data-start=\"2875\" data-end=\"2878\" \/>\u2022 Energetikos ir komunalin\u0117s sistemos<br data-start=\"2915\" data-end=\"2918\" \/>\u2022 Didelio masto PLC valdymo sprendimai<\/p>\n<p data-start=\"2960\" data-end=\"3186\"><strong data-start=\"2960\" data-end=\"2979\">Apie gamintoj\u0105:<\/strong><br data-start=\"2979\" data-end=\"2982\" \/>Schneider Electric \u2013 pasaulin\u0117 energijos valdymo ir pramon\u0117s automatizavimo sprendim\u0173 lyder\u0117, kurianti pa\u017eangias PLC sistemas, maitinimo sprendimus ir valdymo technologijas pramonei bei infrastrukt\u016brai.<\/p>\n","protected":false},"excerpt":{"rendered":"<p data-start=\"563\" data-end=\"648\">24V DC maitinimo modulis Schneider Quantum PLC sistemoms.<\/p>\n<p data-start=\"563\" data-end=\"648\">\n<p data-start=\"317\" data-end=\"487\">\n","protected":false},"featured_media":10237,"template":"","meta":{"site-sidebar-layout":"no-sidebar","site-content-layout":"default","ast-site-content-layout":"normal-width-container","site-content-style":"default","site-sidebar-style":"default","ast-global-header-display":"","ast-banner-title-visibility":"","ast-main-header-display":"","ast-hfb-above-header-display":"","ast-hfb-below-header-display":"","ast-hfb-mobile-header-display":"","site-post-title":"","ast-breadcrumbs-content":"","ast-featured-img":"","footer-sml-layout":"","ast-disable-related-posts":"","theme-transparent-header-meta":"default","adv-header-id-meta":"","stick-header-meta":"default","header-above-stick-meta":"","header-main-stick-meta":"","header-below-stick-meta":"","astra-migrate-meta-layouts":"set","ast-page-background-enabled":"default","ast-page-background-meta":{"desktop":{"background-color":"","background-image":"","background-repeat":"repeat","background-position":"center center","background-size":"auto","background-attachment":"scroll","background-type":"","background-media":"","overlay-type":"","overlay-color":"","overlay-opacity":"","overlay-gradient":""},"tablet":{"background-color":"","background-image":"","background-repeat":"repeat","background-position":"center center","background-size":"auto","background-attachment":"scroll","background-type":"","background-media":"","overlay-type":"","overlay-color":"","overlay-opacity":"","overlay-gradient":""},"mobile":{"background-color":"","background-image":"","background-repeat":"repeat","background-position":"center center","background-size":"auto","background-attachment":"scroll","background-type":"","background-media":"","overlay-type":"","overlay-color":"","overlay-opacity":"","overlay-gradient":""}},"ast-content-background-meta":{"desktop":{"background-color":"var(--ast-global-color-5)","background-image":"","background-repeat":"repeat","background-position":"center center","background-size":"auto","background-attachment":"scroll","background-type":"","background-media":"","overlay-type":"","overlay-color":"","overlay-opacity":"","overlay-gradient":""},"tablet":{"background-color":"var(--ast-global-color-5)","background-image":"","background-repeat":"repeat","background-position":"center center","background-size":"auto","background-attachment":"scroll","background-type":"","background-media":"","overlay-type":"","overlay-color":"","overlay-opacity":"","overlay-gradient":""},"mobile":{"background-color":"var(--ast-global-color-5)","background-image":"","background-repeat":"repeat","background-position":"center center","background-size":"auto","background-attachment":"scroll","background-type":"","background-media":"","overlay-type":"","overlay-color":"","overlay-opacity":"","overlay-gradient":""}}},"product_brand":[],"product_cat":[119],"product_tag":[],"class_list":{"0":"post-10235","1":"product","2":"type-product","3":"status-publish","4":"has-post-thumbnail","6":"product_cat-schneider","7":"desktop-align-left","8":"tablet-align-left","9":"mobile-align-left","10":"ast-product-gallery-layout-horizontal-slider","11":"ast-product-gallery-with-no-image","12":"ast-product-tabs-layout-horizontal","14":"first","15":"onbackorder","16":"downloadable","17":"taxable","18":"shipping-taxable","19":"purchasable","20":"product-type-simple"},"yoast_head":"<!-- This site is optimized with the Yoast SEO plugin v27.3 - https:\/\/yoast.com\/product\/yoast-seo-wordpress\/ -->\n<title>140CPS12420 | PLC Supply spot<\/title>\n<meta name=\"description\" content=\"Schneider Electric 140CPS12420 \u2013 Quantum maitinimo modulis 24V DC, skirtas patikimam PLC sistem\u0173 veikimui pramon\u0117je.\" \/>\n<meta name=\"robots\" content=\"index, follow, max-snippet:-1, max-image-preview:large, max-video-preview:-1\" \/>\n<link rel=\"canonical\" href=\"https:\/\/plcsupplyspot.com\/lt\/automatikos-komponentai\/140cps12420\/\" \/>\n<meta property=\"og:locale\" content=\"lt_LT\" \/>\n<meta property=\"og:type\" content=\"article\" \/>\n<meta property=\"og:title\" content=\"140CPS12420 | PLC Supply spot\" \/>\n<meta property=\"og:description\" content=\"Schneider Electric 140CPS12420 \u2013 Quantum maitinimo modulis 24V DC, skirtas patikimam PLC sistem\u0173 veikimui pramon\u0117je.\" \/>\n<meta property=\"og:url\" content=\"https:\/\/plcsupplyspot.com\/lt\/automatikos-komponentai\/140cps12420\/\" \/>\n<meta property=\"og:site_name\" content=\"PLC Supply spot\" \/>\n<meta property=\"article:publisher\" content=\"https:\/\/www.facebook.com\/profile.php?id=61571705128033\" \/>\n<meta property=\"article:modified_time\" content=\"2026-03-02T14:04:17+00:00\" \/>\n<meta property=\"og:image\" content=\"https:\/\/plcsupplyspot.com\/wp-content\/uploads\/2026\/03\/Quant_538_CPODA17007_369-1.jpg\" \/>\n\t<meta property=\"og:image:width\" content=\"369\" \/>\n\t<meta property=\"og:image:height\" content=\"369\" \/>\n\t<meta property=\"og:image:type\" content=\"image\/jpeg\" \/>\n<meta name=\"twitter:card\" content=\"summary_large_image\" \/>\n<meta name=\"twitter:label1\" content=\"Est. reading time\" \/>\n\t<meta name=\"twitter:data1\" content=\"1 minut\u0117\" \/>\n<!-- \/ Yoast SEO plugin. -->","yoast_head_json":{"title":"140CPS12420 | PLC Supply spot","description":"Schneider Electric 140CPS12420 \u2013 Quantum maitinimo modulis 24V DC, skirtas patikimam PLC sistem\u0173 veikimui pramon\u0117je.","robots":{"index":"index","follow":"follow","max-snippet":"max-snippet:-1","max-image-preview":"max-image-preview:large","max-video-preview":"max-video-preview:-1"},"canonical":"https:\/\/plcsupplyspot.com\/lt\/automatikos-komponentai\/140cps12420\/","og_locale":"lt_LT","og_type":"article","og_title":"140CPS12420 | PLC Supply spot","og_description":"Schneider Electric 140CPS12420 \u2013 Quantum maitinimo modulis 24V DC, skirtas patikimam PLC sistem\u0173 veikimui pramon\u0117je.","og_url":"https:\/\/plcsupplyspot.com\/lt\/automatikos-komponentai\/140cps12420\/","og_site_name":"PLC Supply spot","article_publisher":"https:\/\/www.facebook.com\/profile.php?id=61571705128033","article_modified_time":"2026-03-02T14:04:17+00:00","og_image":[{"width":369,"height":369,"url":"https:\/\/plcsupplyspot.com\/wp-content\/uploads\/2026\/03\/Quant_538_CPODA17007_369-1.jpg","type":"image\/jpeg"}],"twitter_card":"summary_large_image","twitter_misc":{"Est. reading time":"1 minut\u0117"},"schema":{"@context":"https:\/\/schema.org","@graph":[{"@type":"WebPage","@id":"https:\/\/plcsupplyspot.com\/lt\/automatikos-komponentai\/140cps12420\/","url":"https:\/\/plcsupplyspot.com\/lt\/automatikos-komponentai\/140cps12420\/","name":"140CPS12420 | PLC Supply spot","isPartOf":{"@id":"https:\/\/plcsupplyspot.com\/lt\/#website"},"primaryImageOfPage":{"@id":"https:\/\/plcsupplyspot.com\/lt\/automatikos-komponentai\/140cps12420\/#primaryimage"},"image":{"@id":"https:\/\/plcsupplyspot.com\/lt\/automatikos-komponentai\/140cps12420\/#primaryimage"},"thumbnailUrl":"https:\/\/plcsupplyspot.com\/wp-content\/uploads\/2026\/03\/Quant_538_CPODA17007_369-1.jpg","datePublished":"2026-03-02T13:37:47+00:00","dateModified":"2026-03-02T14:04:17+00:00","description":"Schneider Electric 140CPS12420 \u2013 Quantum maitinimo modulis 24V DC, skirtas patikimam PLC sistem\u0173 veikimui pramon\u0117je.","breadcrumb":{"@id":"https:\/\/plcsupplyspot.com\/lt\/automatikos-komponentai\/140cps12420\/#breadcrumb"},"inLanguage":"lt-LT","potentialAction":[{"@type":"ReadAction","target":["https:\/\/plcsupplyspot.com\/lt\/automatikos-komponentai\/140cps12420\/"]}]},{"@type":"ImageObject","inLanguage":"lt-LT","@id":"https:\/\/plcsupplyspot.com\/lt\/automatikos-komponentai\/140cps12420\/#primaryimage","url":"https:\/\/plcsupplyspot.com\/wp-content\/uploads\/2026\/03\/Quant_538_CPODA17007_369-1.jpg","contentUrl":"https:\/\/plcsupplyspot.com\/wp-content\/uploads\/2026\/03\/Quant_538_CPODA17007_369-1.jpg","width":369,"height":369},{"@type":"BreadcrumbList","@id":"https:\/\/plcsupplyspot.com\/lt\/automatikos-komponentai\/140cps12420\/#breadcrumb","itemListElement":[{"@type":"ListItem","position":1,"name":"home","item":"https:\/\/plcsupplyspot.com\/lt\/"},{"@type":"ListItem","position":2,"name":"Automatikos komponentai","item":"https:\/\/plcsupplyspot.com\/lt\/automatikos-komponentai\/"},{"@type":"ListItem","position":3,"name":"140CPS12420"}]},{"@type":"WebSite","@id":"https:\/\/plcsupplyspot.com\/lt\/#website","url":"https:\/\/plcsupplyspot.com\/lt\/","name":"PLC Supply Spot","description":"Innovate. Accelerate. Automate!","publisher":{"@id":"https:\/\/plcsupplyspot.com\/lt\/#organization"},"potentialAction":[{"@type":"SearchAction","target":{"@type":"EntryPoint","urlTemplate":"https:\/\/plcsupplyspot.com\/lt\/?s={search_term_string}"},"query-input":{"@type":"PropertyValueSpecification","valueRequired":true,"valueName":"search_term_string"}}],"inLanguage":"lt-LT"},{"@type":"Organization","@id":"https:\/\/plcsupplyspot.com\/lt\/#organization","name":"PLC Supply Spot","alternateName":"PLC Supply Spot","url":"https:\/\/plcsupplyspot.com\/lt\/","logo":{"@type":"ImageObject","inLanguage":"lt-LT","@id":"https:\/\/plcsupplyspot.com\/lt\/#\/schema\/logo\/image\/","url":"https:\/\/plcsupplyspot.com\/wp-content\/uploads\/2026\/01\/plc-supply-spot-logo-1.png","contentUrl":"https:\/\/plcsupplyspot.com\/wp-content\/uploads\/2026\/01\/plc-supply-spot-logo-1.png","width":720,"height":720,"caption":"PLC Supply Spot"},"image":{"@id":"https:\/\/plcsupplyspot.com\/lt\/#\/schema\/logo\/image\/"},"sameAs":["https:\/\/www.facebook.com\/profile.php?id=61571705128033"]}]}},"_links":{"self":[{"href":"https:\/\/plcsupplyspot.com\/lt\/wp-json\/wp\/v2\/product\/10235","targetHints":{"allow":["GET"]}}],"collection":[{"href":"https:\/\/plcsupplyspot.com\/lt\/wp-json\/wp\/v2\/product"}],"about":[{"href":"https:\/\/plcsupplyspot.com\/lt\/wp-json\/wp\/v2\/types\/product"}],"version-history":[{"count":3,"href":"https:\/\/plcsupplyspot.com\/lt\/wp-json\/wp\/v2\/product\/10235\/revisions"}],"predecessor-version":[{"id":10243,"href":"https:\/\/plcsupplyspot.com\/lt\/wp-json\/wp\/v2\/product\/10235\/revisions\/10243"}],"wp:featuredmedia":[{"embeddable":true,"href":"https:\/\/plcsupplyspot.com\/lt\/wp-json\/wp\/v2\/media\/10237"}],"wp:attachment":[{"href":"https:\/\/plcsupplyspot.com\/lt\/wp-json\/wp\/v2\/media?parent=10235"}],"wp:term":[{"taxonomy":"product_brand","embeddable":true,"href":"https:\/\/plcsupplyspot.com\/lt\/wp-json\/wp\/v2\/product_brand?post=10235"},{"taxonomy":"product_cat","embeddable":true,"href":"https:\/\/plcsupplyspot.com\/lt\/wp-json\/wp\/v2\/product_cat?post=10235"},{"taxonomy":"product_tag","embeddable":true,"href":"https:\/\/plcsupplyspot.com\/lt\/wp-json\/wp\/v2\/product_tag?post=10235"}],"curies":[{"name":"wp","href":"https:\/\/api.w.org\/{rel}","templated":true}]}}