{"id":10203,"date":"2026-03-02T11:29:57","date_gmt":"2026-03-02T11:29:57","guid":{"rendered":"https:\/\/plcsupplyspot.com\/?post_type=product&#038;p=10203"},"modified":"2026-03-02T11:45:37","modified_gmt":"2026-03-02T11:45:37","slug":"3bse008516r1","status":"publish","type":"product","link":"https:\/\/plcsupplyspot.com\/lt\/automatikos-komponentai\/3bse008516r1\/","title":{"rendered":"3BSE008516R1"},"content":{"rendered":"<p data-start=\"2055\" data-end=\"2098\"><strong data-start=\"2055\" data-end=\"2096\">ABB 3BSE008516R1 \u2013 PM851K01 valdiklis<\/strong><\/p>\n<p data-start=\"2100\" data-end=\"2406\">ABB 3BSE008516R1 (PM851K01) yra procesoriaus modulis, skirtas AC 800M valdymo sistem\u0173 platformai. Jis u\u017etikrina stabil\u0173 ir patikim\u0105 paskirstyt\u0173 automatizavimo sistem\u0173 valdym\u0105 pramon\u0117je ir proces\u0173 kontrol\u0117s srityje. Modulis sukurtas darbui aplinkose, kur reikalingas nepertraukiamas ir patikimas veikimas.<\/p>\n<p data-start=\"2408\" data-end=\"2653\">PM851K01 integruojamas \u012f AC 800M valdiklio architekt\u016br\u0105 ir palaiko komunikacij\u0105 per pramoninius tinklus, leid\u017eian\u010dius lanks\u010diai konfig\u016bruoti bei pl\u0117sti sistem\u0105. Kompakti\u0161ka ir tvirta konstrukcija u\u017etikrina ilgalaik\u012f naudojim\u0105 valdymo spintose.<\/p>\n<p data-start=\"2655\" data-end=\"2934\"><strong data-start=\"2655\" data-end=\"2678\">Technin\u0117 santrauka:<\/strong><br data-start=\"2678\" data-end=\"2681\" \/>\u2022 Produkto tipas: procesoriaus modulis<br data-start=\"2719\" data-end=\"2722\" \/>\u2022 Modelis: PM851K01<br data-start=\"2741\" data-end=\"2744\" \/>\u2022 Platforma: AC 800M<br data-start=\"2764\" data-end=\"2767\" \/>\u2022 Pritaikymas: paskirstytos valdymo sistemos (DCS)<br data-start=\"2817\" data-end=\"2820\" \/>\u2022 Komunikacija: pramonini\u0173 tinkl\u0173 s\u0105sajos<br data-start=\"2861\" data-end=\"2864\" \/>\u2022 Montavimas: AC 800M valdiklio sistema<br data-start=\"2903\" data-end=\"2906\" \/>\u2022 Skirtas darbui pramon\u0117je<\/p>\n<p data-start=\"2936\" data-end=\"3109\"><strong data-start=\"2936\" data-end=\"2967\">Tipin\u0117s panaudojimo sritys:<\/strong><br data-start=\"2967\" data-end=\"2970\" \/>\u2022 Proces\u0173 valdymas<br data-start=\"2988\" data-end=\"2991\" \/>\u2022 Gamybos automatizavimas<br data-start=\"3016\" data-end=\"3019\" \/>\u2022 Energetikos sistemos<br data-start=\"3041\" data-end=\"3044\" \/>\u2022 Infrastrukt\u016bros valdymas<br data-start=\"3070\" data-end=\"3073\" \/>\u2022 Nepertraukiamos gamybos procesai<\/p>\n<p data-start=\"3111\" data-end=\"3319\"><strong data-start=\"3111\" data-end=\"3130\">Apie gamintoj\u0105:<\/strong><br data-start=\"3130\" data-end=\"3133\" \/>ABB \u2013 pasaulin\u0117 elektrifikacijos ir automatizavimo sprendim\u0173 tiek\u0117ja, kurianti pa\u017eangias PLC ir DCS sistemas, pla\u010diai naudojamas pramon\u0117je, energetikoje ir infrastrukt\u016bros projektuose.<\/p>\n","protected":false},"excerpt":{"rendered":"<p data-start=\"514\" data-end=\"613\">PM851K01 valdiklis skirtas ABB AC 800M paskirstytoms valdymo sistemoms.<\/p>\n<p data-start=\"317\" data-end=\"487\">\n","protected":false},"featured_media":10205,"template":"","meta":{"site-sidebar-layout":"no-sidebar","site-content-layout":"default","ast-site-content-layout":"normal-width-container","site-content-style":"default","site-sidebar-style":"default","ast-global-header-display":"","ast-banner-title-visibility":"","ast-main-header-display":"","ast-hfb-above-header-display":"","ast-hfb-below-header-display":"","ast-hfb-mobile-header-display":"","site-post-title":"","ast-breadcrumbs-content":"","ast-featured-img":"","footer-sml-layout":"","ast-disable-related-posts":"","theme-transparent-header-meta":"default","adv-header-id-meta":"","stick-header-meta":"default","header-above-stick-meta":"","header-main-stick-meta":"","header-below-stick-meta":"","astra-migrate-meta-layouts":"set","ast-page-background-enabled":"default","ast-page-background-meta":{"desktop":{"background-color":"","background-image":"","background-repeat":"repeat","background-position":"center center","background-size":"auto","background-attachment":"scroll","background-type":"","background-media":"","overlay-type":"","overlay-color":"","overlay-opacity":"","overlay-gradient":""},"tablet":{"background-color":"","background-image":"","background-repeat":"repeat","background-position":"center center","background-size":"auto","background-attachment":"scroll","background-type":"","background-media":"","overlay-type":"","overlay-color":"","overlay-opacity":"","overlay-gradient":""},"mobile":{"background-color":"","background-image":"","background-repeat":"repeat","background-position":"center center","background-size":"auto","background-attachment":"scroll","background-type":"","background-media":"","overlay-type":"","overlay-color":"","overlay-opacity":"","overlay-gradient":""}},"ast-content-background-meta":{"desktop":{"background-color":"var(--ast-global-color-5)","background-image":"","background-repeat":"repeat","background-position":"center center","background-size":"auto","background-attachment":"scroll","background-type":"","background-media":"","overlay-type":"","overlay-color":"","overlay-opacity":"","overlay-gradient":""},"tablet":{"background-color":"var(--ast-global-color-5)","background-image":"","background-repeat":"repeat","background-position":"center center","background-size":"auto","background-attachment":"scroll","background-type":"","background-media":"","overlay-type":"","overlay-color":"","overlay-opacity":"","overlay-gradient":""},"mobile":{"background-color":"var(--ast-global-color-5)","background-image":"","background-repeat":"repeat","background-position":"center center","background-size":"auto","background-attachment":"scroll","background-type":"","background-media":"","overlay-type":"","overlay-color":"","overlay-opacity":"","overlay-gradient":""}}},"product_brand":[],"product_cat":[124],"product_tag":[],"class_list":{"0":"post-10203","1":"product","2":"type-product","3":"status-publish","4":"has-post-thumbnail","6":"product_cat-abb","7":"desktop-align-left","8":"tablet-align-left","9":"mobile-align-left","10":"ast-product-gallery-layout-horizontal-slider","11":"ast-product-gallery-with-no-image","12":"ast-product-tabs-layout-horizontal","14":"first","15":"onbackorder","16":"downloadable","17":"taxable","18":"shipping-taxable","19":"purchasable","20":"product-type-simple"},"yoast_head":"<!-- This site is optimized with the Yoast SEO plugin v26.6 - https:\/\/yoast.com\/wordpress\/plugins\/seo\/ -->\n<title>3BSE008516R1 | PLC Supply spot<\/title>\n<meta name=\"description\" content=\"ABB 3BSE008516R1 \u2013 PM851K01 processor unit for AC 800M control systems, designed for reliable industrial automation and process control.\" \/>\n<meta name=\"robots\" content=\"index, follow, max-snippet:-1, max-image-preview:large, max-video-preview:-1\" \/>\n<link rel=\"canonical\" href=\"https:\/\/plcsupplyspot.com\/lt\/automatikos-komponentai\/3bse008516r1\/\" \/>\n<meta property=\"og:locale\" content=\"lt_LT\" \/>\n<meta property=\"og:type\" content=\"article\" \/>\n<meta property=\"og:title\" content=\"3BSE008516R1 | PLC Supply spot\" \/>\n<meta property=\"og:description\" content=\"ABB 3BSE008516R1 \u2013 PM851K01 processor unit for AC 800M control systems, designed for reliable industrial automation and process control.\" \/>\n<meta property=\"og:url\" content=\"https:\/\/plcsupplyspot.com\/lt\/automatikos-komponentai\/3bse008516r1\/\" \/>\n<meta property=\"og:site_name\" content=\"PLC Supply spot\" \/>\n<meta property=\"article:publisher\" content=\"https:\/\/www.facebook.com\/profile.php?id=61571705128033\" \/>\n<meta property=\"article:modified_time\" content=\"2026-03-02T11:45:37+00:00\" \/>\n<meta property=\"og:image\" content=\"https:\/\/plcsupplyspot.com\/wp-content\/uploads\/2026\/03\/3BSE008516R1.jpg\" \/>\n\t<meta property=\"og:image:width\" content=\"523\" \/>\n\t<meta property=\"og:image:height\" content=\"755\" \/>\n\t<meta property=\"og:image:type\" content=\"image\/jpeg\" \/>\n<meta name=\"twitter:card\" content=\"summary_large_image\" \/>\n<meta name=\"twitter:label1\" content=\"Est. reading time\" \/>\n\t<meta name=\"twitter:data1\" content=\"1 minut\u0117\" \/>\n<!-- \/ Yoast SEO plugin. -->","yoast_head_json":{"title":"3BSE008516R1 | PLC Supply spot","description":"ABB 3BSE008516R1 \u2013 PM851K01 processor unit for AC 800M control systems, designed for reliable industrial automation and process control.","robots":{"index":"index","follow":"follow","max-snippet":"max-snippet:-1","max-image-preview":"max-image-preview:large","max-video-preview":"max-video-preview:-1"},"canonical":"https:\/\/plcsupplyspot.com\/lt\/automatikos-komponentai\/3bse008516r1\/","og_locale":"lt_LT","og_type":"article","og_title":"3BSE008516R1 | PLC Supply spot","og_description":"ABB 3BSE008516R1 \u2013 PM851K01 processor unit for AC 800M control systems, designed for reliable industrial automation and process control.","og_url":"https:\/\/plcsupplyspot.com\/lt\/automatikos-komponentai\/3bse008516r1\/","og_site_name":"PLC Supply spot","article_publisher":"https:\/\/www.facebook.com\/profile.php?id=61571705128033","article_modified_time":"2026-03-02T11:45:37+00:00","og_image":[{"width":523,"height":755,"url":"https:\/\/plcsupplyspot.com\/wp-content\/uploads\/2026\/03\/3BSE008516R1.jpg","type":"image\/jpeg"}],"twitter_card":"summary_large_image","twitter_misc":{"Est. reading time":"1 minut\u0117"},"schema":{"@context":"https:\/\/schema.org","@graph":[{"@type":"WebPage","@id":"https:\/\/plcsupplyspot.com\/lt\/automatikos-komponentai\/3bse008516r1\/","url":"https:\/\/plcsupplyspot.com\/lt\/automatikos-komponentai\/3bse008516r1\/","name":"3BSE008516R1 | PLC Supply spot","isPartOf":{"@id":"https:\/\/plcsupplyspot.com\/lt\/#website"},"primaryImageOfPage":{"@id":"https:\/\/plcsupplyspot.com\/lt\/automatikos-komponentai\/3bse008516r1\/#primaryimage"},"image":{"@id":"https:\/\/plcsupplyspot.com\/lt\/automatikos-komponentai\/3bse008516r1\/#primaryimage"},"thumbnailUrl":"https:\/\/plcsupplyspot.com\/wp-content\/uploads\/2026\/03\/3BSE008516R1.jpg","datePublished":"2026-03-02T11:29:57+00:00","dateModified":"2026-03-02T11:45:37+00:00","description":"ABB 3BSE008516R1 \u2013 PM851K01 processor unit for AC 800M control systems, designed for reliable industrial automation and process control.","breadcrumb":{"@id":"https:\/\/plcsupplyspot.com\/lt\/automatikos-komponentai\/3bse008516r1\/#breadcrumb"},"inLanguage":"lt-LT","potentialAction":[{"@type":"ReadAction","target":["https:\/\/plcsupplyspot.com\/lt\/automatikos-komponentai\/3bse008516r1\/"]}]},{"@type":"ImageObject","inLanguage":"lt-LT","@id":"https:\/\/plcsupplyspot.com\/lt\/automatikos-komponentai\/3bse008516r1\/#primaryimage","url":"https:\/\/plcsupplyspot.com\/wp-content\/uploads\/2026\/03\/3BSE008516R1.jpg","contentUrl":"https:\/\/plcsupplyspot.com\/wp-content\/uploads\/2026\/03\/3BSE008516R1.jpg","width":523,"height":755},{"@type":"BreadcrumbList","@id":"https:\/\/plcsupplyspot.com\/lt\/automatikos-komponentai\/3bse008516r1\/#breadcrumb","itemListElement":[{"@type":"ListItem","position":1,"name":"home","item":"https:\/\/plcsupplyspot.com\/lt\/"},{"@type":"ListItem","position":2,"name":"Automatikos komponentai","item":"https:\/\/plcsupplyspot.com\/lt\/automatikos-komponentai\/"},{"@type":"ListItem","position":3,"name":"3BSE008516R1"}]},{"@type":"WebSite","@id":"https:\/\/plcsupplyspot.com\/lt\/#website","url":"https:\/\/plcsupplyspot.com\/lt\/","name":"PLC Supply Spot","description":"Innovate. Accelerate. Automate!","publisher":{"@id":"https:\/\/plcsupplyspot.com\/lt\/#organization"},"potentialAction":[{"@type":"SearchAction","target":{"@type":"EntryPoint","urlTemplate":"https:\/\/plcsupplyspot.com\/lt\/?s={search_term_string}"},"query-input":{"@type":"PropertyValueSpecification","valueRequired":true,"valueName":"search_term_string"}}],"inLanguage":"lt-LT"},{"@type":"Organization","@id":"https:\/\/plcsupplyspot.com\/lt\/#organization","name":"PLC Supply Spot","alternateName":"PLC Supply Spot","url":"https:\/\/plcsupplyspot.com\/lt\/","logo":{"@type":"ImageObject","inLanguage":"lt-LT","@id":"https:\/\/plcsupplyspot.com\/lt\/#\/schema\/logo\/image\/","url":"https:\/\/plcsupplyspot.com\/wp-content\/uploads\/2026\/01\/plc-supply-spot-logo-1.png","contentUrl":"https:\/\/plcsupplyspot.com\/wp-content\/uploads\/2026\/01\/plc-supply-spot-logo-1.png","width":720,"height":720,"caption":"PLC Supply Spot"},"image":{"@id":"https:\/\/plcsupplyspot.com\/lt\/#\/schema\/logo\/image\/"},"sameAs":["https:\/\/www.facebook.com\/profile.php?id=61571705128033"]}]}},"_links":{"self":[{"href":"https:\/\/plcsupplyspot.com\/lt\/wp-json\/wp\/v2\/product\/10203","targetHints":{"allow":["GET"]}}],"collection":[{"href":"https:\/\/plcsupplyspot.com\/lt\/wp-json\/wp\/v2\/product"}],"about":[{"href":"https:\/\/plcsupplyspot.com\/lt\/wp-json\/wp\/v2\/types\/product"}],"version-history":[{"count":3,"href":"https:\/\/plcsupplyspot.com\/lt\/wp-json\/wp\/v2\/product\/10203\/revisions"}],"predecessor-version":[{"id":10209,"href":"https:\/\/plcsupplyspot.com\/lt\/wp-json\/wp\/v2\/product\/10203\/revisions\/10209"}],"wp:featuredmedia":[{"embeddable":true,"href":"https:\/\/plcsupplyspot.com\/lt\/wp-json\/wp\/v2\/media\/10205"}],"wp:attachment":[{"href":"https:\/\/plcsupplyspot.com\/lt\/wp-json\/wp\/v2\/media?parent=10203"}],"wp:term":[{"taxonomy":"product_brand","embeddable":true,"href":"https:\/\/plcsupplyspot.com\/lt\/wp-json\/wp\/v2\/product_brand?post=10203"},{"taxonomy":"product_cat","embeddable":true,"href":"https:\/\/plcsupplyspot.com\/lt\/wp-json\/wp\/v2\/product_cat?post=10203"},{"taxonomy":"product_tag","embeddable":true,"href":"https:\/\/plcsupplyspot.com\/lt\/wp-json\/wp\/v2\/product_tag?post=10203"}],"curies":[{"name":"wp","href":"https:\/\/api.w.org\/{rel}","templated":true}]}}