{"id":10195,"date":"2026-03-02T10:58:54","date_gmt":"2026-03-02T10:58:54","guid":{"rendered":"https:\/\/plcsupplyspot.com\/?post_type=product&#038;p=10195"},"modified":"2026-03-02T11:07:21","modified_gmt":"2026-03-02T11:07:21","slug":"3bse008550r1","status":"publish","type":"product","link":"https:\/\/plcsupplyspot.com\/lt\/automatikos-komponentai\/3bse008550r1\/","title":{"rendered":"3BSE008550R1"},"content":{"rendered":"<h6 data-start=\"2088\" data-end=\"2131\">ABB 3BSE008550R1 \u2013 PM860K01 valdiklis<\/h6>\n<p data-start=\"2133\" data-end=\"2446\">ABB 3BSE008550R1 (PM860K01) yra procesoriaus modulis, skirtas AC 800M valdymo sistem\u0173 platformai. Jis u\u017etikrina patikim\u0105 ir auk\u0161to na\u0161umo valdym\u0105 paskirstytose automatizavimo sistemose, naudojamose pramon\u0117je. Modulis pritaikytas stabiliai veikti proces\u0173 valdymo, energetikos, gamybos ir infrastrukt\u016bros srityse.<\/p>\n<p data-start=\"2448\" data-end=\"2716\">PM860K01 integruojamas \u012f AC 800M valdiklio architekt\u016br\u0105 ir palaiko komunikacij\u0105 per pramoninius tinklus bei Ethernet s\u0105sajas, u\u017etikrindamas skland\u0173 sistemos i\u0161pl\u0117tim\u0105 ir integracij\u0105. Tvirta konstrukcija leid\u017eia u\u017etikrinti nepertraukiam\u0105 darb\u0105 sud\u0117tingomis s\u0105lygomis.<\/p>\n<p data-start=\"2718\" data-end=\"3009\"><strong data-start=\"2718\" data-end=\"2741\">Technin\u0117 santrauka:<\/strong><br data-start=\"2741\" data-end=\"2744\" \/>\u2022 Produkto tipas: procesoriaus modulis<br data-start=\"2782\" data-end=\"2785\" \/>\u2022 Modelis: PM860K01<br data-start=\"2804\" data-end=\"2807\" \/>\u2022 Platforma: AC 800M<br data-start=\"2827\" data-end=\"2830\" \/>\u2022 Komunikacija: Ethernet ir lauko magistral\u0117s s\u0105sajos<br data-start=\"2883\" data-end=\"2886\" \/>\u2022 Pritaikymas: paskirstytos valdymo sistemos (DCS)<br data-start=\"2936\" data-end=\"2939\" \/>\u2022 Montavimas: AC 800M valdiklio sistema<br data-start=\"2978\" data-end=\"2981\" \/>\u2022 Skirtas darbui pramon\u0117je<\/p>\n<p data-start=\"3011\" data-end=\"3210\"><strong data-start=\"3011\" data-end=\"3042\">Tipin\u0117s panaudojimo sritys:<\/strong><br data-start=\"3042\" data-end=\"3045\" \/>\u2022 Proces\u0173 valdymas<br data-start=\"3063\" data-end=\"3066\" \/>\u2022 Elektros energijos gamyba ir paskirstymas<br data-start=\"3109\" data-end=\"3112\" \/>\u2022 Naftos ir duj\u0173 pramon\u0117<br data-start=\"3136\" data-end=\"3139\" \/>\u2022 Gamybos automatizavimas<br data-start=\"3164\" data-end=\"3167\" \/>\u2022 Infrastrukt\u016bros ir komunalin\u0117s sistemos<\/p>\n<p data-start=\"3212\" data-end=\"3411\"><strong data-start=\"3212\" data-end=\"3231\">Apie gamintoj\u0105:<\/strong><br data-start=\"3231\" data-end=\"3234\" \/>ABB \u2013 pasaulin\u0117 elektrifikacijos ir automatizavimo technologij\u0173 lyder\u0117, kurianti pa\u017eangias valdymo sistemas, PLC ir paskirstytas valdymo sistemas pramonei bei infrastrukt\u016brai.<\/p>\n","protected":false},"excerpt":{"rendered":"<p data-start=\"527\" data-end=\"630\">PM860K01 valdiklis skirtas ABB AC 800M paskirstytoms valdymo sistemoms.<\/p>\n<p data-start=\"317\" data-end=\"487\">\n","protected":false},"featured_media":10197,"template":"","meta":{"site-sidebar-layout":"no-sidebar","site-content-layout":"default","ast-site-content-layout":"normal-width-container","site-content-style":"default","site-sidebar-style":"default","ast-global-header-display":"","ast-banner-title-visibility":"","ast-main-header-display":"","ast-hfb-above-header-display":"","ast-hfb-below-header-display":"","ast-hfb-mobile-header-display":"","site-post-title":"","ast-breadcrumbs-content":"","ast-featured-img":"","footer-sml-layout":"","ast-disable-related-posts":"","theme-transparent-header-meta":"default","adv-header-id-meta":"","stick-header-meta":"default","header-above-stick-meta":"","header-main-stick-meta":"","header-below-stick-meta":"","astra-migrate-meta-layouts":"set","ast-page-background-enabled":"default","ast-page-background-meta":{"desktop":{"background-color":"","background-image":"","background-repeat":"repeat","background-position":"center center","background-size":"auto","background-attachment":"scroll","background-type":"","background-media":"","overlay-type":"","overlay-color":"","overlay-opacity":"","overlay-gradient":""},"tablet":{"background-color":"","background-image":"","background-repeat":"repeat","background-position":"center center","background-size":"auto","background-attachment":"scroll","background-type":"","background-media":"","overlay-type":"","overlay-color":"","overlay-opacity":"","overlay-gradient":""},"mobile":{"background-color":"","background-image":"","background-repeat":"repeat","background-position":"center center","background-size":"auto","background-attachment":"scroll","background-type":"","background-media":"","overlay-type":"","overlay-color":"","overlay-opacity":"","overlay-gradient":""}},"ast-content-background-meta":{"desktop":{"background-color":"var(--ast-global-color-5)","background-image":"","background-repeat":"repeat","background-position":"center center","background-size":"auto","background-attachment":"scroll","background-type":"","background-media":"","overlay-type":"","overlay-color":"","overlay-opacity":"","overlay-gradient":""},"tablet":{"background-color":"var(--ast-global-color-5)","background-image":"","background-repeat":"repeat","background-position":"center center","background-size":"auto","background-attachment":"scroll","background-type":"","background-media":"","overlay-type":"","overlay-color":"","overlay-opacity":"","overlay-gradient":""},"mobile":{"background-color":"var(--ast-global-color-5)","background-image":"","background-repeat":"repeat","background-position":"center center","background-size":"auto","background-attachment":"scroll","background-type":"","background-media":"","overlay-type":"","overlay-color":"","overlay-opacity":"","overlay-gradient":""}}},"product_brand":[],"product_cat":[124],"product_tag":[],"class_list":{"0":"post-10195","1":"product","2":"type-product","3":"status-publish","4":"has-post-thumbnail","6":"product_cat-abb","7":"desktop-align-left","8":"tablet-align-left","9":"mobile-align-left","10":"ast-product-gallery-layout-horizontal-slider","11":"ast-product-tabs-layout-horizontal","13":"first","14":"onbackorder","15":"downloadable","16":"taxable","17":"shipping-taxable","18":"purchasable","19":"product-type-simple"},"yoast_head":"<!-- This site is optimized with the Yoast SEO plugin v27.3 - https:\/\/yoast.com\/product\/yoast-seo-wordpress\/ -->\n<title>3BSE008550R1 | PLC Supply spot<\/title>\n<meta name=\"description\" content=\"ABB 3BSE008550R1 \u2013 PM860K01 valdiklis, skirtas AC 800M valdymo sistemoms ir pramon\u0117s automatizavimui.\" \/>\n<meta name=\"robots\" content=\"index, follow, max-snippet:-1, max-image-preview:large, max-video-preview:-1\" \/>\n<link rel=\"canonical\" href=\"https:\/\/plcsupplyspot.com\/lt\/automatikos-komponentai\/3bse008550r1\/\" \/>\n<meta property=\"og:locale\" content=\"lt_LT\" \/>\n<meta property=\"og:type\" content=\"article\" \/>\n<meta property=\"og:title\" content=\"3BSE008550R1 | PLC Supply spot\" \/>\n<meta property=\"og:description\" content=\"ABB 3BSE008550R1 \u2013 PM860K01 valdiklis, skirtas AC 800M valdymo sistemoms ir pramon\u0117s automatizavimui.\" \/>\n<meta property=\"og:url\" content=\"https:\/\/plcsupplyspot.com\/lt\/automatikos-komponentai\/3bse008550r1\/\" \/>\n<meta property=\"og:site_name\" content=\"PLC Supply spot\" \/>\n<meta property=\"article:publisher\" content=\"https:\/\/www.facebook.com\/profile.php?id=61571705128033\" \/>\n<meta property=\"article:modified_time\" content=\"2026-03-02T11:07:21+00:00\" \/>\n<meta property=\"og:image\" content=\"https:\/\/plcsupplyspot.com\/wp-content\/uploads\/2026\/03\/3BSE008550R1.webp\" \/>\n\t<meta property=\"og:image:width\" content=\"500\" \/>\n\t<meta property=\"og:image:height\" content=\"500\" \/>\n\t<meta property=\"og:image:type\" content=\"image\/webp\" \/>\n<meta name=\"twitter:card\" content=\"summary_large_image\" \/>\n<meta name=\"twitter:label1\" content=\"Est. reading time\" \/>\n\t<meta name=\"twitter:data1\" content=\"1 minut\u0117\" \/>\n<!-- \/ Yoast SEO plugin. -->","yoast_head_json":{"title":"3BSE008550R1 | PLC Supply spot","description":"ABB 3BSE008550R1 \u2013 PM860K01 valdiklis, skirtas AC 800M valdymo sistemoms ir pramon\u0117s automatizavimui.","robots":{"index":"index","follow":"follow","max-snippet":"max-snippet:-1","max-image-preview":"max-image-preview:large","max-video-preview":"max-video-preview:-1"},"canonical":"https:\/\/plcsupplyspot.com\/lt\/automatikos-komponentai\/3bse008550r1\/","og_locale":"lt_LT","og_type":"article","og_title":"3BSE008550R1 | PLC Supply spot","og_description":"ABB 3BSE008550R1 \u2013 PM860K01 valdiklis, skirtas AC 800M valdymo sistemoms ir pramon\u0117s automatizavimui.","og_url":"https:\/\/plcsupplyspot.com\/lt\/automatikos-komponentai\/3bse008550r1\/","og_site_name":"PLC Supply spot","article_publisher":"https:\/\/www.facebook.com\/profile.php?id=61571705128033","article_modified_time":"2026-03-02T11:07:21+00:00","og_image":[{"width":500,"height":500,"url":"https:\/\/plcsupplyspot.com\/wp-content\/uploads\/2026\/03\/3BSE008550R1.webp","type":"image\/webp"}],"twitter_card":"summary_large_image","twitter_misc":{"Est. reading time":"1 minut\u0117"},"schema":{"@context":"https:\/\/schema.org","@graph":[{"@type":"WebPage","@id":"https:\/\/plcsupplyspot.com\/lt\/automatikos-komponentai\/3bse008550r1\/","url":"https:\/\/plcsupplyspot.com\/lt\/automatikos-komponentai\/3bse008550r1\/","name":"3BSE008550R1 | PLC Supply spot","isPartOf":{"@id":"https:\/\/plcsupplyspot.com\/lt\/#website"},"primaryImageOfPage":{"@id":"https:\/\/plcsupplyspot.com\/lt\/automatikos-komponentai\/3bse008550r1\/#primaryimage"},"image":{"@id":"https:\/\/plcsupplyspot.com\/lt\/automatikos-komponentai\/3bse008550r1\/#primaryimage"},"thumbnailUrl":"https:\/\/plcsupplyspot.com\/wp-content\/uploads\/2026\/03\/3BSE008550R1.webp","datePublished":"2026-03-02T10:58:54+00:00","dateModified":"2026-03-02T11:07:21+00:00","description":"ABB 3BSE008550R1 \u2013 PM860K01 valdiklis, skirtas AC 800M valdymo sistemoms ir pramon\u0117s automatizavimui.","breadcrumb":{"@id":"https:\/\/plcsupplyspot.com\/lt\/automatikos-komponentai\/3bse008550r1\/#breadcrumb"},"inLanguage":"lt-LT","potentialAction":[{"@type":"ReadAction","target":["https:\/\/plcsupplyspot.com\/lt\/automatikos-komponentai\/3bse008550r1\/"]}]},{"@type":"ImageObject","inLanguage":"lt-LT","@id":"https:\/\/plcsupplyspot.com\/lt\/automatikos-komponentai\/3bse008550r1\/#primaryimage","url":"https:\/\/plcsupplyspot.com\/wp-content\/uploads\/2026\/03\/3BSE008550R1.webp","contentUrl":"https:\/\/plcsupplyspot.com\/wp-content\/uploads\/2026\/03\/3BSE008550R1.webp","width":500,"height":500},{"@type":"BreadcrumbList","@id":"https:\/\/plcsupplyspot.com\/lt\/automatikos-komponentai\/3bse008550r1\/#breadcrumb","itemListElement":[{"@type":"ListItem","position":1,"name":"home","item":"https:\/\/plcsupplyspot.com\/lt\/"},{"@type":"ListItem","position":2,"name":"Automatikos komponentai","item":"https:\/\/plcsupplyspot.com\/lt\/automatikos-komponentai\/"},{"@type":"ListItem","position":3,"name":"3BSE008550R1"}]},{"@type":"WebSite","@id":"https:\/\/plcsupplyspot.com\/lt\/#website","url":"https:\/\/plcsupplyspot.com\/lt\/","name":"PLC Supply Spot","description":"Innovate. Accelerate. Automate!","publisher":{"@id":"https:\/\/plcsupplyspot.com\/lt\/#organization"},"potentialAction":[{"@type":"SearchAction","target":{"@type":"EntryPoint","urlTemplate":"https:\/\/plcsupplyspot.com\/lt\/?s={search_term_string}"},"query-input":{"@type":"PropertyValueSpecification","valueRequired":true,"valueName":"search_term_string"}}],"inLanguage":"lt-LT"},{"@type":"Organization","@id":"https:\/\/plcsupplyspot.com\/lt\/#organization","name":"PLC Supply Spot","alternateName":"PLC Supply Spot","url":"https:\/\/plcsupplyspot.com\/lt\/","logo":{"@type":"ImageObject","inLanguage":"lt-LT","@id":"https:\/\/plcsupplyspot.com\/lt\/#\/schema\/logo\/image\/","url":"https:\/\/plcsupplyspot.com\/wp-content\/uploads\/2026\/01\/plc-supply-spot-logo-1.png","contentUrl":"https:\/\/plcsupplyspot.com\/wp-content\/uploads\/2026\/01\/plc-supply-spot-logo-1.png","width":720,"height":720,"caption":"PLC Supply Spot"},"image":{"@id":"https:\/\/plcsupplyspot.com\/lt\/#\/schema\/logo\/image\/"},"sameAs":["https:\/\/www.facebook.com\/profile.php?id=61571705128033"]}]}},"_links":{"self":[{"href":"https:\/\/plcsupplyspot.com\/lt\/wp-json\/wp\/v2\/product\/10195","targetHints":{"allow":["GET"]}}],"collection":[{"href":"https:\/\/plcsupplyspot.com\/lt\/wp-json\/wp\/v2\/product"}],"about":[{"href":"https:\/\/plcsupplyspot.com\/lt\/wp-json\/wp\/v2\/types\/product"}],"version-history":[{"count":3,"href":"https:\/\/plcsupplyspot.com\/lt\/wp-json\/wp\/v2\/product\/10195\/revisions"}],"predecessor-version":[{"id":10201,"href":"https:\/\/plcsupplyspot.com\/lt\/wp-json\/wp\/v2\/product\/10195\/revisions\/10201"}],"wp:featuredmedia":[{"embeddable":true,"href":"https:\/\/plcsupplyspot.com\/lt\/wp-json\/wp\/v2\/media\/10197"}],"wp:attachment":[{"href":"https:\/\/plcsupplyspot.com\/lt\/wp-json\/wp\/v2\/media?parent=10195"}],"wp:term":[{"taxonomy":"product_brand","embeddable":true,"href":"https:\/\/plcsupplyspot.com\/lt\/wp-json\/wp\/v2\/product_brand?post=10195"},{"taxonomy":"product_cat","embeddable":true,"href":"https:\/\/plcsupplyspot.com\/lt\/wp-json\/wp\/v2\/product_cat?post=10195"},{"taxonomy":"product_tag","embeddable":true,"href":"https:\/\/plcsupplyspot.com\/lt\/wp-json\/wp\/v2\/product_tag?post=10195"}],"curies":[{"name":"wp","href":"https:\/\/api.w.org\/{rel}","templated":true}]}}