{"id":10142,"date":"2026-02-27T10:38:43","date_gmt":"2026-02-27T10:38:43","guid":{"rendered":"https:\/\/plcsupplyspot.com\/?post_type=product&#038;p=10142"},"modified":"2026-02-27T11:02:24","modified_gmt":"2026-02-27T11:02:24","slug":"1756-pa75","status":"publish","type":"product","link":"https:\/\/plcsupplyspot.com\/lt\/automatikos-komponentai\/1756-pa75\/","title":{"rendered":"1756-PA75"},"content":{"rendered":"<p data-start=\"2093\" data-end=\"2143\"><strong data-start=\"2093\" data-end=\"2141\">Allen-Bradley 1756-PA75 \u2013 maitinimo \u0161altinis<\/strong><\/p>\n<p data-start=\"2145\" data-end=\"2592\">Allen-Bradley 1756-PA75 yra maitinimo \u0161altinio modulis, skirtas ControlLogix automatizavimo platformai. Jis u\u017etikrina 75W gali\u0105 ir konvertuoja 120\/240V AC \u012f\u0117jim\u0105 (47\u201363 Hz) \u012f stabil\u0173 DC i\u0161\u0117jim\u0105, reikaling\u0105 patikimam ControlLogix sistem\u0173 veikimui. Modulis montuojamas tiesiai \u012f ControlLogix \u0161asi ir u\u017etikrina stabil\u0173 energijos paskirstym\u0105 PLC komponentams, veikdamas pramonin\u0117mis s\u0105lygomis, kuri\u0173 temperat\u016bros diapazonas siekia nuo 0\u00b0C iki +60\u00b0C.<\/p>\n<p data-start=\"2594\" data-end=\"2892\"><strong data-start=\"2594\" data-end=\"2617\">Technin\u0117 santrauka:<\/strong><br data-start=\"2617\" data-end=\"2620\" \/>\u2022 Serija: ControlLogix<br data-start=\"2642\" data-end=\"2645\" \/>\u2022 Modulio tipas: maitinimo \u0161altinis<br data-start=\"2680\" data-end=\"2683\" \/>\u2022 I\u0161\u0117jimo galia: 75W<br data-start=\"2703\" data-end=\"2706\" \/>\u2022 \u012e\u0117jimo \u012ftampa: 120\/240V AC<br data-start=\"2734\" data-end=\"2737\" \/>\u2022 Da\u017enis: 47\u201363 Hz<br data-start=\"2755\" data-end=\"2758\" \/>\u2022 Backplane srov\u0117: apie 4A @ 5V DC<br data-start=\"2792\" data-end=\"2795\" \/>\u2022 Darbin\u0117 temperat\u016bra: 0\u00b0C iki +60\u00b0C<br data-start=\"2831\" data-end=\"2834\" \/>\u2022 Montavimas: ControlLogix \u0161asi<br data-start=\"2865\" data-end=\"2868\" \/>\u2022 Apsaugos klas\u0117: IP20<\/p>\n<p data-start=\"2894\" data-end=\"3064\"><strong data-start=\"2894\" data-end=\"2925\">Tipin\u0117s panaudojimo sritys:<\/strong><br data-start=\"2925\" data-end=\"2928\" \/>\u2022 Pramonin\u0117s automatizavimo sistemos<br data-start=\"2964\" data-end=\"2967\" \/>\u2022 Gamybos linijos<br data-start=\"2984\" data-end=\"2987\" \/>\u2022 Proces\u0173 valdymas<br data-start=\"3005\" data-end=\"3008\" \/>\u2022 Valdymo spintos<br data-start=\"3025\" data-end=\"3028\" \/>\u2022 PLC pagrindu veikian\u010dios ma\u0161inos<\/p>\n<p data-start=\"3066\" data-end=\"3228\"><strong data-start=\"3066\" data-end=\"3085\">Apie gamintoj\u0105:<\/strong><br data-start=\"3085\" data-end=\"3088\" \/>Allen-Bradley \u2013 Rockwell Automation dalis, pasaulyje \u017einoma d\u0117l patikim\u0173 PLC sistem\u0173, valdymo komponent\u0173 ir pa\u017eangi\u0173 pramonini\u0173 sprendim\u0173.<\/p>\n","protected":false},"excerpt":{"rendered":"<p data-start=\"697\" data-end=\"823\">ControlLogix maitinimo \u0161altinis su 75W galia ir 120\/240V AC \u012f\u0117jimu stabiliai sistemos veiklai.<\/p>\n<p data-start=\"317\" data-end=\"487\">\n","protected":false},"featured_media":10144,"template":"","meta":{"site-sidebar-layout":"no-sidebar","site-content-layout":"default","ast-site-content-layout":"normal-width-container","site-content-style":"default","site-sidebar-style":"default","ast-global-header-display":"","ast-banner-title-visibility":"","ast-main-header-display":"","ast-hfb-above-header-display":"","ast-hfb-below-header-display":"","ast-hfb-mobile-header-display":"","site-post-title":"","ast-breadcrumbs-content":"","ast-featured-img":"","footer-sml-layout":"","ast-disable-related-posts":"","theme-transparent-header-meta":"default","adv-header-id-meta":"","stick-header-meta":"default","header-above-stick-meta":"","header-main-stick-meta":"","header-below-stick-meta":"","astra-migrate-meta-layouts":"set","ast-page-background-enabled":"default","ast-page-background-meta":{"desktop":{"background-color":"","background-image":"","background-repeat":"repeat","background-position":"center center","background-size":"auto","background-attachment":"scroll","background-type":"","background-media":"","overlay-type":"","overlay-color":"","overlay-opacity":"","overlay-gradient":""},"tablet":{"background-color":"","background-image":"","background-repeat":"repeat","background-position":"center center","background-size":"auto","background-attachment":"scroll","background-type":"","background-media":"","overlay-type":"","overlay-color":"","overlay-opacity":"","overlay-gradient":""},"mobile":{"background-color":"","background-image":"","background-repeat":"repeat","background-position":"center center","background-size":"auto","background-attachment":"scroll","background-type":"","background-media":"","overlay-type":"","overlay-color":"","overlay-opacity":"","overlay-gradient":""}},"ast-content-background-meta":{"desktop":{"background-color":"var(--ast-global-color-5)","background-image":"","background-repeat":"repeat","background-position":"center center","background-size":"auto","background-attachment":"scroll","background-type":"","background-media":"","overlay-type":"","overlay-color":"","overlay-opacity":"","overlay-gradient":""},"tablet":{"background-color":"var(--ast-global-color-5)","background-image":"","background-repeat":"repeat","background-position":"center center","background-size":"auto","background-attachment":"scroll","background-type":"","background-media":"","overlay-type":"","overlay-color":"","overlay-opacity":"","overlay-gradient":""},"mobile":{"background-color":"var(--ast-global-color-5)","background-image":"","background-repeat":"repeat","background-position":"center center","background-size":"auto","background-attachment":"scroll","background-type":"","background-media":"","overlay-type":"","overlay-color":"","overlay-opacity":"","overlay-gradient":""}}},"product_brand":[],"product_cat":[116],"product_tag":[],"class_list":{"0":"post-10142","1":"product","2":"type-product","3":"status-publish","4":"has-post-thumbnail","6":"product_cat-allen-bradley","7":"desktop-align-left","8":"tablet-align-left","9":"mobile-align-left","10":"ast-product-gallery-layout-horizontal-slider","11":"ast-product-gallery-with-no-image","12":"ast-product-tabs-layout-horizontal","14":"first","15":"onbackorder","16":"downloadable","17":"taxable","18":"shipping-taxable","19":"purchasable","20":"product-type-simple"},"yoast_head":"<!-- This site is optimized with the Yoast SEO plugin v27.3 - https:\/\/yoast.com\/product\/yoast-seo-wordpress\/ -->\n<title>1756-PA75 | PLC Supply spot<\/title>\n<meta name=\"description\" content=\"Allen-Bradley 1756-PA75 \u2013 ControlLogix maitinimo \u0161altinis, 75W, 120\/240V AC \u012f\u0117jimas, skirtas pramon\u0117s automatizavimo sistemoms.\" \/>\n<meta name=\"robots\" content=\"index, follow, max-snippet:-1, max-image-preview:large, max-video-preview:-1\" \/>\n<link rel=\"canonical\" href=\"https:\/\/plcsupplyspot.com\/lt\/automatikos-komponentai\/1756-pa75\/\" \/>\n<meta property=\"og:locale\" content=\"lt_LT\" \/>\n<meta property=\"og:type\" content=\"article\" \/>\n<meta property=\"og:title\" content=\"1756-PA75 | PLC Supply spot\" \/>\n<meta property=\"og:description\" content=\"Allen-Bradley 1756-PA75 \u2013 ControlLogix maitinimo \u0161altinis, 75W, 120\/240V AC \u012f\u0117jimas, skirtas pramon\u0117s automatizavimo sistemoms.\" \/>\n<meta property=\"og:url\" content=\"https:\/\/plcsupplyspot.com\/lt\/automatikos-komponentai\/1756-pa75\/\" \/>\n<meta property=\"og:site_name\" content=\"PLC Supply spot\" \/>\n<meta property=\"article:publisher\" content=\"https:\/\/www.facebook.com\/profile.php?id=61571705128033\" \/>\n<meta property=\"article:modified_time\" content=\"2026-02-27T11:02:24+00:00\" \/>\n<meta property=\"og:image\" content=\"https:\/\/plcsupplyspot.com\/wp-content\/uploads\/2026\/02\/1756-PA75.jpg\" \/>\n\t<meta property=\"og:image:width\" content=\"1000\" \/>\n\t<meta property=\"og:image:height\" content=\"1000\" \/>\n\t<meta property=\"og:image:type\" content=\"image\/jpeg\" \/>\n<meta name=\"twitter:card\" content=\"summary_large_image\" \/>\n<meta name=\"twitter:label1\" content=\"Est. reading time\" \/>\n\t<meta name=\"twitter:data1\" content=\"1 minut\u0117\" \/>\n<!-- \/ Yoast SEO plugin. -->","yoast_head_json":{"title":"1756-PA75 | PLC Supply spot","description":"Allen-Bradley 1756-PA75 \u2013 ControlLogix maitinimo \u0161altinis, 75W, 120\/240V AC \u012f\u0117jimas, skirtas pramon\u0117s automatizavimo sistemoms.","robots":{"index":"index","follow":"follow","max-snippet":"max-snippet:-1","max-image-preview":"max-image-preview:large","max-video-preview":"max-video-preview:-1"},"canonical":"https:\/\/plcsupplyspot.com\/lt\/automatikos-komponentai\/1756-pa75\/","og_locale":"lt_LT","og_type":"article","og_title":"1756-PA75 | PLC Supply spot","og_description":"Allen-Bradley 1756-PA75 \u2013 ControlLogix maitinimo \u0161altinis, 75W, 120\/240V AC \u012f\u0117jimas, skirtas pramon\u0117s automatizavimo sistemoms.","og_url":"https:\/\/plcsupplyspot.com\/lt\/automatikos-komponentai\/1756-pa75\/","og_site_name":"PLC Supply spot","article_publisher":"https:\/\/www.facebook.com\/profile.php?id=61571705128033","article_modified_time":"2026-02-27T11:02:24+00:00","og_image":[{"width":1000,"height":1000,"url":"https:\/\/plcsupplyspot.com\/wp-content\/uploads\/2026\/02\/1756-PA75.jpg","type":"image\/jpeg"}],"twitter_card":"summary_large_image","twitter_misc":{"Est. reading time":"1 minut\u0117"},"schema":{"@context":"https:\/\/schema.org","@graph":[{"@type":"WebPage","@id":"https:\/\/plcsupplyspot.com\/lt\/automatikos-komponentai\/1756-pa75\/","url":"https:\/\/plcsupplyspot.com\/lt\/automatikos-komponentai\/1756-pa75\/","name":"1756-PA75 | PLC Supply spot","isPartOf":{"@id":"https:\/\/plcsupplyspot.com\/lt\/#website"},"primaryImageOfPage":{"@id":"https:\/\/plcsupplyspot.com\/lt\/automatikos-komponentai\/1756-pa75\/#primaryimage"},"image":{"@id":"https:\/\/plcsupplyspot.com\/lt\/automatikos-komponentai\/1756-pa75\/#primaryimage"},"thumbnailUrl":"https:\/\/plcsupplyspot.com\/wp-content\/uploads\/2026\/02\/1756-PA75.jpg","datePublished":"2026-02-27T10:38:43+00:00","dateModified":"2026-02-27T11:02:24+00:00","description":"Allen-Bradley 1756-PA75 \u2013 ControlLogix maitinimo \u0161altinis, 75W, 120\/240V AC \u012f\u0117jimas, skirtas pramon\u0117s automatizavimo sistemoms.","breadcrumb":{"@id":"https:\/\/plcsupplyspot.com\/lt\/automatikos-komponentai\/1756-pa75\/#breadcrumb"},"inLanguage":"lt-LT","potentialAction":[{"@type":"ReadAction","target":["https:\/\/plcsupplyspot.com\/lt\/automatikos-komponentai\/1756-pa75\/"]}]},{"@type":"ImageObject","inLanguage":"lt-LT","@id":"https:\/\/plcsupplyspot.com\/lt\/automatikos-komponentai\/1756-pa75\/#primaryimage","url":"https:\/\/plcsupplyspot.com\/wp-content\/uploads\/2026\/02\/1756-PA75.jpg","contentUrl":"https:\/\/plcsupplyspot.com\/wp-content\/uploads\/2026\/02\/1756-PA75.jpg","width":1000,"height":1000},{"@type":"BreadcrumbList","@id":"https:\/\/plcsupplyspot.com\/lt\/automatikos-komponentai\/1756-pa75\/#breadcrumb","itemListElement":[{"@type":"ListItem","position":1,"name":"home","item":"https:\/\/plcsupplyspot.com\/lt\/"},{"@type":"ListItem","position":2,"name":"Automatikos komponentai","item":"https:\/\/plcsupplyspot.com\/lt\/automatikos-komponentai\/"},{"@type":"ListItem","position":3,"name":"1756-PA75"}]},{"@type":"WebSite","@id":"https:\/\/plcsupplyspot.com\/lt\/#website","url":"https:\/\/plcsupplyspot.com\/lt\/","name":"PLC Supply Spot","description":"Innovate. Accelerate. Automate!","publisher":{"@id":"https:\/\/plcsupplyspot.com\/lt\/#organization"},"potentialAction":[{"@type":"SearchAction","target":{"@type":"EntryPoint","urlTemplate":"https:\/\/plcsupplyspot.com\/lt\/?s={search_term_string}"},"query-input":{"@type":"PropertyValueSpecification","valueRequired":true,"valueName":"search_term_string"}}],"inLanguage":"lt-LT"},{"@type":"Organization","@id":"https:\/\/plcsupplyspot.com\/lt\/#organization","name":"PLC Supply Spot","alternateName":"PLC Supply Spot","url":"https:\/\/plcsupplyspot.com\/lt\/","logo":{"@type":"ImageObject","inLanguage":"lt-LT","@id":"https:\/\/plcsupplyspot.com\/lt\/#\/schema\/logo\/image\/","url":"https:\/\/plcsupplyspot.com\/wp-content\/uploads\/2026\/01\/plc-supply-spot-logo-1.png","contentUrl":"https:\/\/plcsupplyspot.com\/wp-content\/uploads\/2026\/01\/plc-supply-spot-logo-1.png","width":720,"height":720,"caption":"PLC Supply Spot"},"image":{"@id":"https:\/\/plcsupplyspot.com\/lt\/#\/schema\/logo\/image\/"},"sameAs":["https:\/\/www.facebook.com\/profile.php?id=61571705128033"]}]}},"_links":{"self":[{"href":"https:\/\/plcsupplyspot.com\/lt\/wp-json\/wp\/v2\/product\/10142","targetHints":{"allow":["GET"]}}],"collection":[{"href":"https:\/\/plcsupplyspot.com\/lt\/wp-json\/wp\/v2\/product"}],"about":[{"href":"https:\/\/plcsupplyspot.com\/lt\/wp-json\/wp\/v2\/types\/product"}],"version-history":[{"count":3,"href":"https:\/\/plcsupplyspot.com\/lt\/wp-json\/wp\/v2\/product\/10142\/revisions"}],"predecessor-version":[{"id":10149,"href":"https:\/\/plcsupplyspot.com\/lt\/wp-json\/wp\/v2\/product\/10142\/revisions\/10149"}],"wp:featuredmedia":[{"embeddable":true,"href":"https:\/\/plcsupplyspot.com\/lt\/wp-json\/wp\/v2\/media\/10144"}],"wp:attachment":[{"href":"https:\/\/plcsupplyspot.com\/lt\/wp-json\/wp\/v2\/media?parent=10142"}],"wp:term":[{"taxonomy":"product_brand","embeddable":true,"href":"https:\/\/plcsupplyspot.com\/lt\/wp-json\/wp\/v2\/product_brand?post=10142"},{"taxonomy":"product_cat","embeddable":true,"href":"https:\/\/plcsupplyspot.com\/lt\/wp-json\/wp\/v2\/product_cat?post=10142"},{"taxonomy":"product_tag","embeddable":true,"href":"https:\/\/plcsupplyspot.com\/lt\/wp-json\/wp\/v2\/product_tag?post=10142"}],"curies":[{"name":"wp","href":"https:\/\/api.w.org\/{rel}","templated":true}]}}