{"id":10104,"date":"2026-02-26T14:26:38","date_gmt":"2026-02-26T14:26:38","guid":{"rendered":"https:\/\/plcsupplyspot.com\/?post_type=product&#038;p=10104"},"modified":"2026-02-26T14:35:11","modified_gmt":"2026-02-26T14:35:11","slug":"6es7511-1ak02-0ab0","status":"publish","type":"product","link":"https:\/\/plcsupplyspot.com\/lt\/automatikos-komponentai\/6es7511-1ak02-0ab0\/","title":{"rendered":"6ES7511-1AK02-0AB0"},"content":{"rendered":"<p data-start=\"463\" data-end=\"525\"><strong data-start=\"463\" data-end=\"525\">Siemens 6ES7511-1AK02-0AB0 \u2013 SIMATIC S7-1500 CPU 1511-1 PN<\/strong><\/p>\n<p data-start=\"527\" data-end=\"847\">Siemens 6ES7511-1AK02-0AB0 yra SIMATIC S7-1500 serijos centrinis procesorius (CPU 1511-1 PN), skirtas modulin\u0117ms ir ple\u010diamoms pramon\u0117s automatizavimo sistemoms. \u0160is valdiklis turi integruot\u0105 PROFINET ry\u0161io s\u0105saj\u0105, leid\u017eian\u010di\u0105 tiesiogiai prijungti paskirstytas \u012fvesties ir i\u0161vesties sistemas bei kitus tinklo \u012frenginius.<\/p>\n<p data-start=\"849\" data-end=\"1049\">CPU pasi\u017eymi auk\u0161tu apdorojimo na\u0161umu, patikima veikimo architekt\u016bra ir i\u0161pl\u0117stin\u0117mis diagnostikos funkcijomis. Jis tinkamas naudoti ma\u0161in\u0173 automatizavimo, gamybos linij\u0173 ir proces\u0173 valdymo sistemose.<\/p>\n<p data-start=\"1051\" data-end=\"1353\"><strong data-start=\"1051\" data-end=\"1074\">Technin\u0117 santrauka:<\/strong><br data-start=\"1074\" data-end=\"1077\" \/>\u2022 Serija: SIMATIC S7-1500<br data-start=\"1102\" data-end=\"1105\" \/>\u2022 Modelis: CPU 1511-1 PN<br data-start=\"1129\" data-end=\"1132\" \/>\u2022 Integruota komunikacija: PROFINET<br data-start=\"1167\" data-end=\"1170\" \/>\u2022 Darbin\u0117 atmintis: 150 KB programai<br data-start=\"1206\" data-end=\"1209\" \/>\u2022 Maitinimo \u012ftampa: 24 V nuolatin\u0117 srov\u0117<br data-start=\"1249\" data-end=\"1252\" \/>\u2022 Diagnostika: integruota sistemos diagnostika<br data-start=\"1298\" data-end=\"1301\" \/>\u2022 Montavimas: DIN b\u0117gelis<br data-start=\"1326\" data-end=\"1329\" \/>\u2022 Apsaugos klas\u0117: IP20<\/p>\n<p data-start=\"1355\" data-end=\"1549\"><strong data-start=\"1355\" data-end=\"1386\">Tipin\u0117s panaudojimo sritys:<\/strong><br data-start=\"1386\" data-end=\"1389\" \/>\u2022 Ma\u0161in\u0173 automatizavimas<br data-start=\"1413\" data-end=\"1416\" \/>\u2022 Gamybos ir surinkimo linijos<br data-start=\"1446\" data-end=\"1449\" \/>\u2022 Proces\u0173 valdymo sistemos<br data-start=\"1475\" data-end=\"1478\" \/>\u2022 Paskirstytos automatizavimo sistemos<br data-start=\"1516\" data-end=\"1519\" \/>\u2022 Pramonin\u0117s valdymo spintos<\/p>\n<p data-start=\"1551\" data-end=\"1741\"><strong data-start=\"1551\" data-end=\"1570\">Apie gamintoj\u0105:<\/strong><br data-start=\"1570\" data-end=\"1573\" \/>Siemens yra pasaulin\u0117 pramon\u0117s automatizavimo technologij\u0173 lyder\u0117, kurianti programuojamus valdiklius, paskirstytas sistemas ir integruotus valdymo sprendimus pramonei.<\/p>\n","protected":false},"excerpt":{"rendered":"<p data-start=\"644\" data-end=\"732\">SIMATIC S7-1500 CPU 1511-1 PN centrinis procesorius su integruota PROFINET komunikacija.<\/p>\n<p data-start=\"317\" data-end=\"487\">\n","protected":false},"featured_media":10106,"template":"","meta":{"site-sidebar-layout":"no-sidebar","site-content-layout":"default","ast-site-content-layout":"normal-width-container","site-content-style":"default","site-sidebar-style":"default","ast-global-header-display":"","ast-banner-title-visibility":"","ast-main-header-display":"","ast-hfb-above-header-display":"","ast-hfb-below-header-display":"","ast-hfb-mobile-header-display":"","site-post-title":"","ast-breadcrumbs-content":"","ast-featured-img":"","footer-sml-layout":"","ast-disable-related-posts":"","theme-transparent-header-meta":"default","adv-header-id-meta":"","stick-header-meta":"default","header-above-stick-meta":"","header-main-stick-meta":"","header-below-stick-meta":"","astra-migrate-meta-layouts":"set","ast-page-background-enabled":"default","ast-page-background-meta":{"desktop":{"background-color":"","background-image":"","background-repeat":"repeat","background-position":"center center","background-size":"auto","background-attachment":"scroll","background-type":"","background-media":"","overlay-type":"","overlay-color":"","overlay-opacity":"","overlay-gradient":""},"tablet":{"background-color":"","background-image":"","background-repeat":"repeat","background-position":"center center","background-size":"auto","background-attachment":"scroll","background-type":"","background-media":"","overlay-type":"","overlay-color":"","overlay-opacity":"","overlay-gradient":""},"mobile":{"background-color":"","background-image":"","background-repeat":"repeat","background-position":"center center","background-size":"auto","background-attachment":"scroll","background-type":"","background-media":"","overlay-type":"","overlay-color":"","overlay-opacity":"","overlay-gradient":""}},"ast-content-background-meta":{"desktop":{"background-color":"var(--ast-global-color-5)","background-image":"","background-repeat":"repeat","background-position":"center center","background-size":"auto","background-attachment":"scroll","background-type":"","background-media":"","overlay-type":"","overlay-color":"","overlay-opacity":"","overlay-gradient":""},"tablet":{"background-color":"var(--ast-global-color-5)","background-image":"","background-repeat":"repeat","background-position":"center center","background-size":"auto","background-attachment":"scroll","background-type":"","background-media":"","overlay-type":"","overlay-color":"","overlay-opacity":"","overlay-gradient":""},"mobile":{"background-color":"var(--ast-global-color-5)","background-image":"","background-repeat":"repeat","background-position":"center center","background-size":"auto","background-attachment":"scroll","background-type":"","background-media":"","overlay-type":"","overlay-color":"","overlay-opacity":"","overlay-gradient":""}}},"product_brand":[],"product_cat":[121],"product_tag":[],"class_list":{"0":"post-10104","1":"product","2":"type-product","3":"status-publish","4":"has-post-thumbnail","6":"product_cat-siemens","7":"desktop-align-left","8":"tablet-align-left","9":"mobile-align-left","10":"ast-product-gallery-layout-horizontal-slider","11":"ast-product-tabs-layout-horizontal","13":"first","14":"onbackorder","15":"downloadable","16":"taxable","17":"shipping-taxable","18":"purchasable","19":"product-type-simple"},"yoast_head":"<!-- This site is optimized with the Yoast SEO plugin v27.3 - https:\/\/yoast.com\/product\/yoast-seo-wordpress\/ -->\n<title>6ES7511-1AK02-0AB0 | PLC Supply spot<\/title>\n<meta name=\"description\" content=\"Siemens 6ES7511-1AK02-0AB0 \u2013 SIMATIC S7-1500 CPU 1511-1 PN su integruota PROFINET s\u0105saja pramon\u0117s automatizavimo sistemoms.\" \/>\n<meta name=\"robots\" content=\"index, follow, max-snippet:-1, max-image-preview:large, max-video-preview:-1\" \/>\n<link rel=\"canonical\" href=\"https:\/\/plcsupplyspot.com\/lt\/automatikos-komponentai\/6es7511-1ak02-0ab0\/\" \/>\n<meta property=\"og:locale\" content=\"lt_LT\" \/>\n<meta property=\"og:type\" content=\"article\" \/>\n<meta property=\"og:title\" content=\"6ES7511-1AK02-0AB0 | PLC Supply spot\" \/>\n<meta property=\"og:description\" content=\"Siemens 6ES7511-1AK02-0AB0 \u2013 SIMATIC S7-1500 CPU 1511-1 PN su integruota PROFINET s\u0105saja pramon\u0117s automatizavimo sistemoms.\" \/>\n<meta property=\"og:url\" content=\"https:\/\/plcsupplyspot.com\/lt\/automatikos-komponentai\/6es7511-1ak02-0ab0\/\" \/>\n<meta property=\"og:site_name\" content=\"PLC Supply spot\" \/>\n<meta property=\"article:publisher\" content=\"https:\/\/www.facebook.com\/profile.php?id=61571705128033\" \/>\n<meta property=\"article:modified_time\" content=\"2026-02-26T14:35:11+00:00\" \/>\n<meta property=\"og:image\" content=\"https:\/\/plcsupplyspot.com\/wp-content\/uploads\/2026\/02\/6ES7511-1AK02-0AB0.jpg\" \/>\n\t<meta property=\"og:image:width\" content=\"224\" \/>\n\t<meta property=\"og:image:height\" content=\"224\" \/>\n\t<meta property=\"og:image:type\" content=\"image\/jpeg\" \/>\n<meta name=\"twitter:card\" content=\"summary_large_image\" \/>\n<meta name=\"twitter:label1\" content=\"Est. reading time\" \/>\n\t<meta name=\"twitter:data1\" content=\"1 minut\u0117\" \/>\n<!-- \/ Yoast SEO plugin. -->","yoast_head_json":{"title":"6ES7511-1AK02-0AB0 | PLC Supply spot","description":"Siemens 6ES7511-1AK02-0AB0 \u2013 SIMATIC S7-1500 CPU 1511-1 PN su integruota PROFINET s\u0105saja pramon\u0117s automatizavimo sistemoms.","robots":{"index":"index","follow":"follow","max-snippet":"max-snippet:-1","max-image-preview":"max-image-preview:large","max-video-preview":"max-video-preview:-1"},"canonical":"https:\/\/plcsupplyspot.com\/lt\/automatikos-komponentai\/6es7511-1ak02-0ab0\/","og_locale":"lt_LT","og_type":"article","og_title":"6ES7511-1AK02-0AB0 | PLC Supply spot","og_description":"Siemens 6ES7511-1AK02-0AB0 \u2013 SIMATIC S7-1500 CPU 1511-1 PN su integruota PROFINET s\u0105saja pramon\u0117s automatizavimo sistemoms.","og_url":"https:\/\/plcsupplyspot.com\/lt\/automatikos-komponentai\/6es7511-1ak02-0ab0\/","og_site_name":"PLC Supply spot","article_publisher":"https:\/\/www.facebook.com\/profile.php?id=61571705128033","article_modified_time":"2026-02-26T14:35:11+00:00","og_image":[{"width":224,"height":224,"url":"https:\/\/plcsupplyspot.com\/wp-content\/uploads\/2026\/02\/6ES7511-1AK02-0AB0.jpg","type":"image\/jpeg"}],"twitter_card":"summary_large_image","twitter_misc":{"Est. reading time":"1 minut\u0117"},"schema":{"@context":"https:\/\/schema.org","@graph":[{"@type":"WebPage","@id":"https:\/\/plcsupplyspot.com\/lt\/automatikos-komponentai\/6es7511-1ak02-0ab0\/","url":"https:\/\/plcsupplyspot.com\/lt\/automatikos-komponentai\/6es7511-1ak02-0ab0\/","name":"6ES7511-1AK02-0AB0 | PLC Supply spot","isPartOf":{"@id":"https:\/\/plcsupplyspot.com\/lt\/#website"},"primaryImageOfPage":{"@id":"https:\/\/plcsupplyspot.com\/lt\/automatikos-komponentai\/6es7511-1ak02-0ab0\/#primaryimage"},"image":{"@id":"https:\/\/plcsupplyspot.com\/lt\/automatikos-komponentai\/6es7511-1ak02-0ab0\/#primaryimage"},"thumbnailUrl":"https:\/\/plcsupplyspot.com\/wp-content\/uploads\/2026\/02\/6ES7511-1AK02-0AB0.jpg","datePublished":"2026-02-26T14:26:38+00:00","dateModified":"2026-02-26T14:35:11+00:00","description":"Siemens 6ES7511-1AK02-0AB0 \u2013 SIMATIC S7-1500 CPU 1511-1 PN su integruota PROFINET s\u0105saja pramon\u0117s automatizavimo sistemoms.","breadcrumb":{"@id":"https:\/\/plcsupplyspot.com\/lt\/automatikos-komponentai\/6es7511-1ak02-0ab0\/#breadcrumb"},"inLanguage":"lt-LT","potentialAction":[{"@type":"ReadAction","target":["https:\/\/plcsupplyspot.com\/lt\/automatikos-komponentai\/6es7511-1ak02-0ab0\/"]}]},{"@type":"ImageObject","inLanguage":"lt-LT","@id":"https:\/\/plcsupplyspot.com\/lt\/automatikos-komponentai\/6es7511-1ak02-0ab0\/#primaryimage","url":"https:\/\/plcsupplyspot.com\/wp-content\/uploads\/2026\/02\/6ES7511-1AK02-0AB0.jpg","contentUrl":"https:\/\/plcsupplyspot.com\/wp-content\/uploads\/2026\/02\/6ES7511-1AK02-0AB0.jpg","width":224,"height":224},{"@type":"BreadcrumbList","@id":"https:\/\/plcsupplyspot.com\/lt\/automatikos-komponentai\/6es7511-1ak02-0ab0\/#breadcrumb","itemListElement":[{"@type":"ListItem","position":1,"name":"home","item":"https:\/\/plcsupplyspot.com\/lt\/"},{"@type":"ListItem","position":2,"name":"Automatikos komponentai","item":"https:\/\/plcsupplyspot.com\/lt\/automatikos-komponentai\/"},{"@type":"ListItem","position":3,"name":"6ES7511-1AK02-0AB0"}]},{"@type":"WebSite","@id":"https:\/\/plcsupplyspot.com\/lt\/#website","url":"https:\/\/plcsupplyspot.com\/lt\/","name":"PLC Supply Spot","description":"Innovate. Accelerate. Automate!","publisher":{"@id":"https:\/\/plcsupplyspot.com\/lt\/#organization"},"potentialAction":[{"@type":"SearchAction","target":{"@type":"EntryPoint","urlTemplate":"https:\/\/plcsupplyspot.com\/lt\/?s={search_term_string}"},"query-input":{"@type":"PropertyValueSpecification","valueRequired":true,"valueName":"search_term_string"}}],"inLanguage":"lt-LT"},{"@type":"Organization","@id":"https:\/\/plcsupplyspot.com\/lt\/#organization","name":"PLC Supply Spot","alternateName":"PLC Supply Spot","url":"https:\/\/plcsupplyspot.com\/lt\/","logo":{"@type":"ImageObject","inLanguage":"lt-LT","@id":"https:\/\/plcsupplyspot.com\/lt\/#\/schema\/logo\/image\/","url":"https:\/\/plcsupplyspot.com\/wp-content\/uploads\/2026\/01\/plc-supply-spot-logo-1.png","contentUrl":"https:\/\/plcsupplyspot.com\/wp-content\/uploads\/2026\/01\/plc-supply-spot-logo-1.png","width":720,"height":720,"caption":"PLC Supply Spot"},"image":{"@id":"https:\/\/plcsupplyspot.com\/lt\/#\/schema\/logo\/image\/"},"sameAs":["https:\/\/www.facebook.com\/profile.php?id=61571705128033"]}]}},"_links":{"self":[{"href":"https:\/\/plcsupplyspot.com\/lt\/wp-json\/wp\/v2\/product\/10104","targetHints":{"allow":["GET"]}}],"collection":[{"href":"https:\/\/plcsupplyspot.com\/lt\/wp-json\/wp\/v2\/product"}],"about":[{"href":"https:\/\/plcsupplyspot.com\/lt\/wp-json\/wp\/v2\/types\/product"}],"version-history":[{"count":3,"href":"https:\/\/plcsupplyspot.com\/lt\/wp-json\/wp\/v2\/product\/10104\/revisions"}],"predecessor-version":[{"id":10112,"href":"https:\/\/plcsupplyspot.com\/lt\/wp-json\/wp\/v2\/product\/10104\/revisions\/10112"}],"wp:featuredmedia":[{"embeddable":true,"href":"https:\/\/plcsupplyspot.com\/lt\/wp-json\/wp\/v2\/media\/10106"}],"wp:attachment":[{"href":"https:\/\/plcsupplyspot.com\/lt\/wp-json\/wp\/v2\/media?parent=10104"}],"wp:term":[{"taxonomy":"product_brand","embeddable":true,"href":"https:\/\/plcsupplyspot.com\/lt\/wp-json\/wp\/v2\/product_brand?post=10104"},{"taxonomy":"product_cat","embeddable":true,"href":"https:\/\/plcsupplyspot.com\/lt\/wp-json\/wp\/v2\/product_cat?post=10104"},{"taxonomy":"product_tag","embeddable":true,"href":"https:\/\/plcsupplyspot.com\/lt\/wp-json\/wp\/v2\/product_tag?post=10104"}],"curies":[{"name":"wp","href":"https:\/\/api.w.org\/{rel}","templated":true}]}}