{"id":10074,"date":"2026-02-24T13:51:45","date_gmt":"2026-02-24T13:51:45","guid":{"rendered":"https:\/\/plcsupplyspot.com\/?post_type=product&#038;p=10074"},"modified":"2026-02-26T14:56:35","modified_gmt":"2026-02-26T14:56:35","slug":"1070847","status":"publish","type":"product","link":"https:\/\/plcsupplyspot.com\/lt\/automatikos-komponentai\/1070847\/","title":{"rendered":"1070847"},"content":{"rendered":"<p data-start=\"1893\" data-end=\"1931\"><strong data-start=\"1893\" data-end=\"1931\">SICK 1070847 \u2013 pramoninis jutiklis<\/strong><\/p>\n<p data-start=\"1933\" data-end=\"2113\">SICK 1070847 yra pramoninis jutiklis, skirtas integruoti \u012f automatizavimo ir valdymo sistemas. Jis u\u017etikrina patikim\u0105 signal\u0173 aptikim\u0105 ir perdavim\u0105 sud\u0117tingomis pramon\u0117s s\u0105lygomis.<\/p>\n<p data-start=\"2115\" data-end=\"2296\">Jutiklis sukurtas stabiliai veikti ir b\u016bti suderinamas su PLC pagrindu veikian\u010diomis sistemomis. Tinka naudoti ten, kur reikalingas tikslus proces\u0173 steb\u0117jimas ir patikimas veikimas.<\/p>\n<p data-start=\"2298\" data-end=\"2699\"><strong data-start=\"2298\" data-end=\"2321\">Technin\u0117 santrauka:<\/strong><br data-start=\"2321\" data-end=\"2324\" \/>\u2022 Produkto tipas: pramoninis jutiklis<br data-start=\"2361\" data-end=\"2364\" \/>\u2022 Funkcija: signal\u0173 aptikimas ir i\u0161vedimas<br data-start=\"2406\" data-end=\"2409\" \/>\u2022 I\u0161\u0117jimo tipas: perjungiamas arba analoginis (priklausomai nuo konfig\u016bracijos)<br data-start=\"2488\" data-end=\"2491\" \/>\u2022 Korpusas: pramoniniam naudojimui pritaikyta konstrukcija<br data-start=\"2549\" data-end=\"2552\" \/>\u2022 Apsaugos klas\u0117: tinkama pramoninei aplinkai<br data-start=\"2597\" data-end=\"2600\" \/>\u2022 Montavimas: montuojamas \u012f \u012frengin\u012f ar sistem\u0105<br data-start=\"2647\" data-end=\"2650\" \/>\u2022 Paskirtis: automatizavimo ir proces\u0173 kontrol\u0117<\/p>\n<p data-start=\"2701\" data-end=\"2873\"><strong data-start=\"2701\" data-end=\"2732\">Tipin\u0117s panaudojimo sritys:<\/strong><br data-start=\"2732\" data-end=\"2735\" \/>\u2022 Ma\u0161in\u0173 automatizavimas<br data-start=\"2759\" data-end=\"2762\" \/>\u2022 Gamybos linijos<br data-start=\"2779\" data-end=\"2782\" \/>\u2022 Med\u017eiag\u0173 transportavimo sistemos<br data-start=\"2816\" data-end=\"2819\" \/>\u2022 Pramoninis steb\u0117jimas<br data-start=\"2842\" data-end=\"2845\" \/>\u2022 Proces\u0173 valdymo sistemos<\/p>\n<p data-start=\"2875\" data-end=\"3038\"><strong data-start=\"2875\" data-end=\"2894\">Apie gamintoj\u0105:<\/strong><br data-start=\"2894\" data-end=\"2897\" \/>SICK yra pasaulin\u0117 pramonini\u0173 jutikli\u0173 ir automatizavimo sprendim\u0173 gamintoja, kurianti pa\u017eangias aptikimo ir matavimo technologijas pramonei.<\/p>\n","protected":false},"excerpt":{"rendered":"<p data-start=\"575\" data-end=\"665\">Pramoninis jutiklis patikimam signal\u0173 aptikimui ir integravimui \u012f automatizavimo sistemas.<\/p>\n<p data-start=\"317\" data-end=\"487\">\n","protected":false},"featured_media":10076,"template":"","meta":{"site-sidebar-layout":"no-sidebar","site-content-layout":"default","ast-site-content-layout":"normal-width-container","site-content-style":"default","site-sidebar-style":"default","ast-global-header-display":"","ast-banner-title-visibility":"","ast-main-header-display":"","ast-hfb-above-header-display":"","ast-hfb-below-header-display":"","ast-hfb-mobile-header-display":"","site-post-title":"","ast-breadcrumbs-content":"","ast-featured-img":"","footer-sml-layout":"","ast-disable-related-posts":"","theme-transparent-header-meta":"default","adv-header-id-meta":"","stick-header-meta":"default","header-above-stick-meta":"","header-main-stick-meta":"","header-below-stick-meta":"","astra-migrate-meta-layouts":"set","ast-page-background-enabled":"default","ast-page-background-meta":{"desktop":{"background-color":"","background-image":"","background-repeat":"repeat","background-position":"center center","background-size":"auto","background-attachment":"scroll","background-type":"","background-media":"","overlay-type":"","overlay-color":"","overlay-opacity":"","overlay-gradient":""},"tablet":{"background-color":"","background-image":"","background-repeat":"repeat","background-position":"center center","background-size":"auto","background-attachment":"scroll","background-type":"","background-media":"","overlay-type":"","overlay-color":"","overlay-opacity":"","overlay-gradient":""},"mobile":{"background-color":"","background-image":"","background-repeat":"repeat","background-position":"center center","background-size":"auto","background-attachment":"scroll","background-type":"","background-media":"","overlay-type":"","overlay-color":"","overlay-opacity":"","overlay-gradient":""}},"ast-content-background-meta":{"desktop":{"background-color":"var(--ast-global-color-5)","background-image":"","background-repeat":"repeat","background-position":"center center","background-size":"auto","background-attachment":"scroll","background-type":"","background-media":"","overlay-type":"","overlay-color":"","overlay-opacity":"","overlay-gradient":""},"tablet":{"background-color":"var(--ast-global-color-5)","background-image":"","background-repeat":"repeat","background-position":"center center","background-size":"auto","background-attachment":"scroll","background-type":"","background-media":"","overlay-type":"","overlay-color":"","overlay-opacity":"","overlay-gradient":""},"mobile":{"background-color":"var(--ast-global-color-5)","background-image":"","background-repeat":"repeat","background-position":"center center","background-size":"auto","background-attachment":"scroll","background-type":"","background-media":"","overlay-type":"","overlay-color":"","overlay-opacity":"","overlay-gradient":""}}},"product_brand":[],"product_cat":[118,123],"product_tag":[],"class_list":{"0":"post-10074","1":"product","2":"type-product","3":"status-publish","4":"has-post-thumbnail","6":"product_cat-jutikliai","7":"product_cat-kiti-prekes-zenklai","8":"desktop-align-left","9":"tablet-align-left","10":"mobile-align-left","11":"ast-product-gallery-layout-horizontal-slider","12":"ast-product-tabs-layout-horizontal","14":"first","15":"onbackorder","16":"downloadable","17":"taxable","18":"shipping-taxable","19":"purchasable","20":"product-type-simple"},"yoast_head":"<!-- This site is optimized with the Yoast SEO plugin v27.3 - https:\/\/yoast.com\/product\/yoast-seo-wordpress\/ -->\n<title>1070847 | PLC Supply spot<\/title>\n<meta name=\"description\" content=\"SICK 1070847 \u2013 pramoninis jutiklis, skirtas patikimam aptikimui ir signal\u0173 perdavimui automatizavimo bei valdymo sistemose.\" \/>\n<meta name=\"robots\" content=\"index, follow, max-snippet:-1, max-image-preview:large, max-video-preview:-1\" \/>\n<link rel=\"canonical\" href=\"https:\/\/plcsupplyspot.com\/lt\/automatikos-komponentai\/1070847\/\" \/>\n<meta property=\"og:locale\" content=\"lt_LT\" \/>\n<meta property=\"og:type\" content=\"article\" \/>\n<meta property=\"og:title\" content=\"1070847 | PLC Supply spot\" \/>\n<meta property=\"og:description\" content=\"SICK 1070847 \u2013 pramoninis jutiklis, skirtas patikimam aptikimui ir signal\u0173 perdavimui automatizavimo bei valdymo sistemose.\" \/>\n<meta property=\"og:url\" content=\"https:\/\/plcsupplyspot.com\/lt\/automatikos-komponentai\/1070847\/\" \/>\n<meta property=\"og:site_name\" content=\"PLC Supply spot\" \/>\n<meta property=\"article:publisher\" content=\"https:\/\/www.facebook.com\/profile.php?id=61571705128033\" \/>\n<meta property=\"article:modified_time\" content=\"2026-02-26T14:56:35+00:00\" \/>\n<meta property=\"og:image\" content=\"https:\/\/plcsupplyspot.com\/wp-content\/uploads\/2026\/02\/1070847.webp\" \/>\n\t<meta property=\"og:image:width\" content=\"640\" \/>\n\t<meta property=\"og:image:height\" content=\"640\" \/>\n\t<meta property=\"og:image:type\" content=\"image\/webp\" \/>\n<meta name=\"twitter:card\" content=\"summary_large_image\" \/>\n<meta name=\"twitter:label1\" content=\"Est. reading time\" \/>\n\t<meta name=\"twitter:data1\" content=\"1 minut\u0117\" \/>\n<!-- \/ Yoast SEO plugin. -->","yoast_head_json":{"title":"1070847 | PLC Supply spot","description":"SICK 1070847 \u2013 pramoninis jutiklis, skirtas patikimam aptikimui ir signal\u0173 perdavimui automatizavimo bei valdymo sistemose.","robots":{"index":"index","follow":"follow","max-snippet":"max-snippet:-1","max-image-preview":"max-image-preview:large","max-video-preview":"max-video-preview:-1"},"canonical":"https:\/\/plcsupplyspot.com\/lt\/automatikos-komponentai\/1070847\/","og_locale":"lt_LT","og_type":"article","og_title":"1070847 | PLC Supply spot","og_description":"SICK 1070847 \u2013 pramoninis jutiklis, skirtas patikimam aptikimui ir signal\u0173 perdavimui automatizavimo bei valdymo sistemose.","og_url":"https:\/\/plcsupplyspot.com\/lt\/automatikos-komponentai\/1070847\/","og_site_name":"PLC Supply spot","article_publisher":"https:\/\/www.facebook.com\/profile.php?id=61571705128033","article_modified_time":"2026-02-26T14:56:35+00:00","og_image":[{"width":640,"height":640,"url":"https:\/\/plcsupplyspot.com\/wp-content\/uploads\/2026\/02\/1070847.webp","type":"image\/webp"}],"twitter_card":"summary_large_image","twitter_misc":{"Est. reading time":"1 minut\u0117"},"schema":{"@context":"https:\/\/schema.org","@graph":[{"@type":"WebPage","@id":"https:\/\/plcsupplyspot.com\/lt\/automatikos-komponentai\/1070847\/","url":"https:\/\/plcsupplyspot.com\/lt\/automatikos-komponentai\/1070847\/","name":"1070847 | PLC Supply spot","isPartOf":{"@id":"https:\/\/plcsupplyspot.com\/lt\/#website"},"primaryImageOfPage":{"@id":"https:\/\/plcsupplyspot.com\/lt\/automatikos-komponentai\/1070847\/#primaryimage"},"image":{"@id":"https:\/\/plcsupplyspot.com\/lt\/automatikos-komponentai\/1070847\/#primaryimage"},"thumbnailUrl":"https:\/\/plcsupplyspot.com\/wp-content\/uploads\/2026\/02\/1070847.webp","datePublished":"2026-02-24T13:51:45+00:00","dateModified":"2026-02-26T14:56:35+00:00","description":"SICK 1070847 \u2013 pramoninis jutiklis, skirtas patikimam aptikimui ir signal\u0173 perdavimui automatizavimo bei valdymo sistemose.","breadcrumb":{"@id":"https:\/\/plcsupplyspot.com\/lt\/automatikos-komponentai\/1070847\/#breadcrumb"},"inLanguage":"lt-LT","potentialAction":[{"@type":"ReadAction","target":["https:\/\/plcsupplyspot.com\/lt\/automatikos-komponentai\/1070847\/"]}]},{"@type":"ImageObject","inLanguage":"lt-LT","@id":"https:\/\/plcsupplyspot.com\/lt\/automatikos-komponentai\/1070847\/#primaryimage","url":"https:\/\/plcsupplyspot.com\/wp-content\/uploads\/2026\/02\/1070847.webp","contentUrl":"https:\/\/plcsupplyspot.com\/wp-content\/uploads\/2026\/02\/1070847.webp","width":640,"height":640},{"@type":"BreadcrumbList","@id":"https:\/\/plcsupplyspot.com\/lt\/automatikos-komponentai\/1070847\/#breadcrumb","itemListElement":[{"@type":"ListItem","position":1,"name":"home","item":"https:\/\/plcsupplyspot.com\/lt\/"},{"@type":"ListItem","position":2,"name":"Automatikos komponentai","item":"https:\/\/plcsupplyspot.com\/lt\/automatikos-komponentai\/"},{"@type":"ListItem","position":3,"name":"1070847"}]},{"@type":"WebSite","@id":"https:\/\/plcsupplyspot.com\/lt\/#website","url":"https:\/\/plcsupplyspot.com\/lt\/","name":"PLC Supply Spot","description":"Innovate. Accelerate. Automate!","publisher":{"@id":"https:\/\/plcsupplyspot.com\/lt\/#organization"},"potentialAction":[{"@type":"SearchAction","target":{"@type":"EntryPoint","urlTemplate":"https:\/\/plcsupplyspot.com\/lt\/?s={search_term_string}"},"query-input":{"@type":"PropertyValueSpecification","valueRequired":true,"valueName":"search_term_string"}}],"inLanguage":"lt-LT"},{"@type":"Organization","@id":"https:\/\/plcsupplyspot.com\/lt\/#organization","name":"PLC Supply Spot","alternateName":"PLC Supply Spot","url":"https:\/\/plcsupplyspot.com\/lt\/","logo":{"@type":"ImageObject","inLanguage":"lt-LT","@id":"https:\/\/plcsupplyspot.com\/lt\/#\/schema\/logo\/image\/","url":"https:\/\/plcsupplyspot.com\/wp-content\/uploads\/2026\/01\/plc-supply-spot-logo-1.png","contentUrl":"https:\/\/plcsupplyspot.com\/wp-content\/uploads\/2026\/01\/plc-supply-spot-logo-1.png","width":720,"height":720,"caption":"PLC Supply Spot"},"image":{"@id":"https:\/\/plcsupplyspot.com\/lt\/#\/schema\/logo\/image\/"},"sameAs":["https:\/\/www.facebook.com\/profile.php?id=61571705128033"]}]}},"_links":{"self":[{"href":"https:\/\/plcsupplyspot.com\/lt\/wp-json\/wp\/v2\/product\/10074","targetHints":{"allow":["GET"]}}],"collection":[{"href":"https:\/\/plcsupplyspot.com\/lt\/wp-json\/wp\/v2\/product"}],"about":[{"href":"https:\/\/plcsupplyspot.com\/lt\/wp-json\/wp\/v2\/types\/product"}],"version-history":[{"count":5,"href":"https:\/\/plcsupplyspot.com\/lt\/wp-json\/wp\/v2\/product\/10074\/revisions"}],"predecessor-version":[{"id":10081,"href":"https:\/\/plcsupplyspot.com\/lt\/wp-json\/wp\/v2\/product\/10074\/revisions\/10081"}],"wp:featuredmedia":[{"embeddable":true,"href":"https:\/\/plcsupplyspot.com\/lt\/wp-json\/wp\/v2\/media\/10076"}],"wp:attachment":[{"href":"https:\/\/plcsupplyspot.com\/lt\/wp-json\/wp\/v2\/media?parent=10074"}],"wp:term":[{"taxonomy":"product_brand","embeddable":true,"href":"https:\/\/plcsupplyspot.com\/lt\/wp-json\/wp\/v2\/product_brand?post=10074"},{"taxonomy":"product_cat","embeddable":true,"href":"https:\/\/plcsupplyspot.com\/lt\/wp-json\/wp\/v2\/product_cat?post=10074"},{"taxonomy":"product_tag","embeddable":true,"href":"https:\/\/plcsupplyspot.com\/lt\/wp-json\/wp\/v2\/product_tag?post=10074"}],"curies":[{"name":"wp","href":"https:\/\/api.w.org\/{rel}","templated":true}]}}