{"id":10052,"date":"2026-02-20T09:51:07","date_gmt":"2026-02-20T09:51:07","guid":{"rendered":"https:\/\/plcsupplyspot.com\/?post_type=product&#038;p=10052"},"modified":"2026-02-20T10:03:34","modified_gmt":"2026-02-20T10:03:34","slug":"6es7193-4cb20-0aa0","status":"publish","type":"product","link":"https:\/\/plcsupplyspot.com\/lt\/automatikos-komponentai\/6es7193-4cb20-0aa0\/","title":{"rendered":"6ES7193-4CB20-0AA0"},"content":{"rendered":"<p data-start=\"444\" data-end=\"491\"><strong data-start=\"444\" data-end=\"491\">Siemens 6ES7193-4CB20-0AA0 \u2013 gnybt\u0173 modulis<\/strong><\/p>\n<p data-start=\"493\" data-end=\"780\">Siemens 6ES7193-4CB20-0AA0 yra SIMATIC ET 200S sistemos gnybt\u0173 modulis, naudojamas kaip mechaninis ir elektrinis pagrindas elektroniniams \u012fvesties ir i\u0161vesties moduliams. \u0160is modulis leid\u017eia patikimai sumontuoti ir prijungti atitinkamus I\/O modulius paskirstytoje automatizavimo stotyje.<\/p>\n<p data-start=\"782\" data-end=\"966\">Gnybt\u0173 modulis u\u017etikrina saug\u0173 laid\u0173 sujungim\u0105 ir stabil\u0173 kontakt\u0105 su elektroniniu moduliu. Jis montuojamas ant DIN b\u0117gelio valdymo spintoje ir sudaro ET 200S stoties strukt\u016brin\u0119 dal\u012f.<\/p>\n<p data-start=\"968\" data-end=\"1264\"><strong data-start=\"968\" data-end=\"991\">Technin\u0117 santrauka:<\/strong><br data-start=\"991\" data-end=\"994\" \/>\u2022 Serija: SIMATIC ET 200S<br data-start=\"1019\" data-end=\"1022\" \/>\u2022 Produkto tipas: gnybt\u0173 modulis<br data-start=\"1054\" data-end=\"1057\" \/>\u2022 Paskirtis: I\/O moduli\u0173 montavimas ir laid\u0173 prijungimas<br data-start=\"1113\" data-end=\"1116\" \/>\u2022 Jungimo tipas: var\u017etiniai gnybtai<br data-start=\"1151\" data-end=\"1154\" \/>\u2022 Montavimo tipas: DIN b\u0117gelis<br data-start=\"1184\" data-end=\"1187\" \/>\u2022 Apsaugos klas\u0117: IP20<br data-start=\"1209\" data-end=\"1212\" \/>\u2022 Naudojimas: paskirstytos automatizavimo sistemos<\/p>\n<p data-start=\"1266\" data-end=\"1467\"><strong data-start=\"1266\" data-end=\"1297\">Tipin\u0117s panaudojimo sritys:<\/strong><br data-start=\"1297\" data-end=\"1300\" \/>\u2022 Paskirstytos \u012fvesties ir i\u0161vesties sistemos<br data-start=\"1345\" data-end=\"1348\" \/>\u2022 Pramonin\u0117s valdymo spintos<br data-start=\"1376\" data-end=\"1379\" \/>\u2022 Gamybos ir surinkimo linijos<br data-start=\"1409\" data-end=\"1412\" \/>\u2022 Ma\u0161in\u0173 automatizavimas<br data-start=\"1436\" data-end=\"1439\" \/>\u2022 Proces\u0173 valdymo sistemos<\/p>\n<p data-start=\"1469\" data-end=\"1647\"><strong data-start=\"1469\" data-end=\"1488\">Apie gamintoj\u0105:<\/strong><br data-start=\"1488\" data-end=\"1491\" \/>Siemens yra pasaulin\u0117 pramon\u0117s automatizavimo technologij\u0173 gamintoja, kurianti valdiklius, paskirstytas sistemas ir integruotus valdymo sprendimus pramonei.<\/p>\n","protected":false},"excerpt":{"rendered":"<p data-start=\"633\" data-end=\"702\">SIMATIC ET 200S gnybt\u0173 modulis I\/O moduli\u0173 montavimui ir prijungimui.<\/p>\n<p data-start=\"317\" data-end=\"487\">\n","protected":false},"featured_media":10054,"template":"","meta":{"site-sidebar-layout":"no-sidebar","site-content-layout":"default","ast-site-content-layout":"normal-width-container","site-content-style":"default","site-sidebar-style":"default","ast-global-header-display":"","ast-banner-title-visibility":"","ast-main-header-display":"","ast-hfb-above-header-display":"","ast-hfb-below-header-display":"","ast-hfb-mobile-header-display":"","site-post-title":"","ast-breadcrumbs-content":"","ast-featured-img":"","footer-sml-layout":"","ast-disable-related-posts":"","theme-transparent-header-meta":"default","adv-header-id-meta":"","stick-header-meta":"default","header-above-stick-meta":"","header-main-stick-meta":"","header-below-stick-meta":"","astra-migrate-meta-layouts":"set","ast-page-background-enabled":"default","ast-page-background-meta":{"desktop":{"background-color":"","background-image":"","background-repeat":"repeat","background-position":"center center","background-size":"auto","background-attachment":"scroll","background-type":"","background-media":"","overlay-type":"","overlay-color":"","overlay-opacity":"","overlay-gradient":""},"tablet":{"background-color":"","background-image":"","background-repeat":"repeat","background-position":"center center","background-size":"auto","background-attachment":"scroll","background-type":"","background-media":"","overlay-type":"","overlay-color":"","overlay-opacity":"","overlay-gradient":""},"mobile":{"background-color":"","background-image":"","background-repeat":"repeat","background-position":"center center","background-size":"auto","background-attachment":"scroll","background-type":"","background-media":"","overlay-type":"","overlay-color":"","overlay-opacity":"","overlay-gradient":""}},"ast-content-background-meta":{"desktop":{"background-color":"var(--ast-global-color-5)","background-image":"","background-repeat":"repeat","background-position":"center center","background-size":"auto","background-attachment":"scroll","background-type":"","background-media":"","overlay-type":"","overlay-color":"","overlay-opacity":"","overlay-gradient":""},"tablet":{"background-color":"var(--ast-global-color-5)","background-image":"","background-repeat":"repeat","background-position":"center center","background-size":"auto","background-attachment":"scroll","background-type":"","background-media":"","overlay-type":"","overlay-color":"","overlay-opacity":"","overlay-gradient":""},"mobile":{"background-color":"var(--ast-global-color-5)","background-image":"","background-repeat":"repeat","background-position":"center center","background-size":"auto","background-attachment":"scroll","background-type":"","background-media":"","overlay-type":"","overlay-color":"","overlay-opacity":"","overlay-gradient":""}}},"product_brand":[],"product_cat":[121],"product_tag":[],"class_list":{"0":"post-10052","1":"product","2":"type-product","3":"status-publish","4":"has-post-thumbnail","6":"product_cat-siemens","7":"desktop-align-left","8":"tablet-align-left","9":"mobile-align-left","10":"ast-product-gallery-layout-horizontal-slider","11":"ast-product-tabs-layout-horizontal","13":"first","14":"onbackorder","15":"downloadable","16":"taxable","17":"shipping-taxable","18":"purchasable","19":"product-type-simple"},"yoast_head":"<!-- This site is optimized with the Yoast SEO plugin v26.6 - https:\/\/yoast.com\/wordpress\/plugins\/seo\/ -->\n<title>6ES7193-4CB20-0AA0 | PLC Supply spot<\/title>\n<meta name=\"description\" content=\"Siemens 6ES7193-4CB20-0AA0 \u2013 SIMATIC ET 200S gnybt\u0173 modulis, skirtas I\/O moduli\u0173 montavimui paskirstytose automatizavimo sistemose.\" \/>\n<meta name=\"robots\" content=\"index, follow, max-snippet:-1, max-image-preview:large, max-video-preview:-1\" \/>\n<link rel=\"canonical\" href=\"https:\/\/plcsupplyspot.com\/lt\/automatikos-komponentai\/6es7193-4cb20-0aa0\/\" \/>\n<meta property=\"og:locale\" content=\"lt_LT\" \/>\n<meta property=\"og:type\" content=\"article\" \/>\n<meta property=\"og:title\" content=\"6ES7193-4CB20-0AA0 | PLC Supply spot\" \/>\n<meta property=\"og:description\" content=\"Siemens 6ES7193-4CB20-0AA0 \u2013 SIMATIC ET 200S gnybt\u0173 modulis, skirtas I\/O moduli\u0173 montavimui paskirstytose automatizavimo sistemose.\" \/>\n<meta property=\"og:url\" content=\"https:\/\/plcsupplyspot.com\/lt\/automatikos-komponentai\/6es7193-4cb20-0aa0\/\" \/>\n<meta property=\"og:site_name\" content=\"PLC Supply spot\" \/>\n<meta property=\"article:publisher\" content=\"https:\/\/www.facebook.com\/profile.php?id=61571705128033\" \/>\n<meta property=\"article:modified_time\" content=\"2026-02-20T10:03:34+00:00\" \/>\n<meta property=\"og:image\" content=\"https:\/\/plcsupplyspot.com\/wp-content\/uploads\/2026\/02\/6ES7193-4CB20-0AA0.jpg\" \/>\n\t<meta property=\"og:image:width\" content=\"400\" \/>\n\t<meta property=\"og:image:height\" content=\"400\" \/>\n\t<meta property=\"og:image:type\" content=\"image\/jpeg\" \/>\n<meta name=\"twitter:card\" content=\"summary_large_image\" \/>\n<meta name=\"twitter:label1\" content=\"Est. reading time\" \/>\n\t<meta name=\"twitter:data1\" content=\"1 minut\u0117\" \/>\n<!-- \/ Yoast SEO plugin. -->","yoast_head_json":{"title":"6ES7193-4CB20-0AA0 | PLC Supply spot","description":"Siemens 6ES7193-4CB20-0AA0 \u2013 SIMATIC ET 200S gnybt\u0173 modulis, skirtas I\/O moduli\u0173 montavimui paskirstytose automatizavimo sistemose.","robots":{"index":"index","follow":"follow","max-snippet":"max-snippet:-1","max-image-preview":"max-image-preview:large","max-video-preview":"max-video-preview:-1"},"canonical":"https:\/\/plcsupplyspot.com\/lt\/automatikos-komponentai\/6es7193-4cb20-0aa0\/","og_locale":"lt_LT","og_type":"article","og_title":"6ES7193-4CB20-0AA0 | PLC Supply spot","og_description":"Siemens 6ES7193-4CB20-0AA0 \u2013 SIMATIC ET 200S gnybt\u0173 modulis, skirtas I\/O moduli\u0173 montavimui paskirstytose automatizavimo sistemose.","og_url":"https:\/\/plcsupplyspot.com\/lt\/automatikos-komponentai\/6es7193-4cb20-0aa0\/","og_site_name":"PLC Supply spot","article_publisher":"https:\/\/www.facebook.com\/profile.php?id=61571705128033","article_modified_time":"2026-02-20T10:03:34+00:00","og_image":[{"width":400,"height":400,"url":"https:\/\/plcsupplyspot.com\/wp-content\/uploads\/2026\/02\/6ES7193-4CB20-0AA0.jpg","type":"image\/jpeg"}],"twitter_card":"summary_large_image","twitter_misc":{"Est. reading time":"1 minut\u0117"},"schema":{"@context":"https:\/\/schema.org","@graph":[{"@type":"WebPage","@id":"https:\/\/plcsupplyspot.com\/lt\/automatikos-komponentai\/6es7193-4cb20-0aa0\/","url":"https:\/\/plcsupplyspot.com\/lt\/automatikos-komponentai\/6es7193-4cb20-0aa0\/","name":"6ES7193-4CB20-0AA0 | PLC Supply spot","isPartOf":{"@id":"https:\/\/plcsupplyspot.com\/lt\/#website"},"primaryImageOfPage":{"@id":"https:\/\/plcsupplyspot.com\/lt\/automatikos-komponentai\/6es7193-4cb20-0aa0\/#primaryimage"},"image":{"@id":"https:\/\/plcsupplyspot.com\/lt\/automatikos-komponentai\/6es7193-4cb20-0aa0\/#primaryimage"},"thumbnailUrl":"https:\/\/plcsupplyspot.com\/wp-content\/uploads\/2026\/02\/6ES7193-4CB20-0AA0.jpg","datePublished":"2026-02-20T09:51:07+00:00","dateModified":"2026-02-20T10:03:34+00:00","description":"Siemens 6ES7193-4CB20-0AA0 \u2013 SIMATIC ET 200S gnybt\u0173 modulis, skirtas I\/O moduli\u0173 montavimui paskirstytose automatizavimo sistemose.","breadcrumb":{"@id":"https:\/\/plcsupplyspot.com\/lt\/automatikos-komponentai\/6es7193-4cb20-0aa0\/#breadcrumb"},"inLanguage":"lt-LT","potentialAction":[{"@type":"ReadAction","target":["https:\/\/plcsupplyspot.com\/lt\/automatikos-komponentai\/6es7193-4cb20-0aa0\/"]}]},{"@type":"ImageObject","inLanguage":"lt-LT","@id":"https:\/\/plcsupplyspot.com\/lt\/automatikos-komponentai\/6es7193-4cb20-0aa0\/#primaryimage","url":"https:\/\/plcsupplyspot.com\/wp-content\/uploads\/2026\/02\/6ES7193-4CB20-0AA0.jpg","contentUrl":"https:\/\/plcsupplyspot.com\/wp-content\/uploads\/2026\/02\/6ES7193-4CB20-0AA0.jpg","width":400,"height":400},{"@type":"BreadcrumbList","@id":"https:\/\/plcsupplyspot.com\/lt\/automatikos-komponentai\/6es7193-4cb20-0aa0\/#breadcrumb","itemListElement":[{"@type":"ListItem","position":1,"name":"home","item":"https:\/\/plcsupplyspot.com\/lt\/"},{"@type":"ListItem","position":2,"name":"Automatikos komponentai","item":"https:\/\/plcsupplyspot.com\/lt\/automatikos-komponentai\/"},{"@type":"ListItem","position":3,"name":"6ES7193-4CB20-0AA0"}]},{"@type":"WebSite","@id":"https:\/\/plcsupplyspot.com\/lt\/#website","url":"https:\/\/plcsupplyspot.com\/lt\/","name":"PLC Supply Spot","description":"Innovate. Accelerate. Automate!","publisher":{"@id":"https:\/\/plcsupplyspot.com\/lt\/#organization"},"potentialAction":[{"@type":"SearchAction","target":{"@type":"EntryPoint","urlTemplate":"https:\/\/plcsupplyspot.com\/lt\/?s={search_term_string}"},"query-input":{"@type":"PropertyValueSpecification","valueRequired":true,"valueName":"search_term_string"}}],"inLanguage":"lt-LT"},{"@type":"Organization","@id":"https:\/\/plcsupplyspot.com\/lt\/#organization","name":"PLC Supply Spot","alternateName":"PLC Supply Spot","url":"https:\/\/plcsupplyspot.com\/lt\/","logo":{"@type":"ImageObject","inLanguage":"lt-LT","@id":"https:\/\/plcsupplyspot.com\/lt\/#\/schema\/logo\/image\/","url":"https:\/\/plcsupplyspot.com\/wp-content\/uploads\/2026\/01\/plc-supply-spot-logo-1.png","contentUrl":"https:\/\/plcsupplyspot.com\/wp-content\/uploads\/2026\/01\/plc-supply-spot-logo-1.png","width":720,"height":720,"caption":"PLC Supply Spot"},"image":{"@id":"https:\/\/plcsupplyspot.com\/lt\/#\/schema\/logo\/image\/"},"sameAs":["https:\/\/www.facebook.com\/profile.php?id=61571705128033"]}]}},"_links":{"self":[{"href":"https:\/\/plcsupplyspot.com\/lt\/wp-json\/wp\/v2\/product\/10052","targetHints":{"allow":["GET"]}}],"collection":[{"href":"https:\/\/plcsupplyspot.com\/lt\/wp-json\/wp\/v2\/product"}],"about":[{"href":"https:\/\/plcsupplyspot.com\/lt\/wp-json\/wp\/v2\/types\/product"}],"version-history":[{"count":3,"href":"https:\/\/plcsupplyspot.com\/lt\/wp-json\/wp\/v2\/product\/10052\/revisions"}],"predecessor-version":[{"id":10060,"href":"https:\/\/plcsupplyspot.com\/lt\/wp-json\/wp\/v2\/product\/10052\/revisions\/10060"}],"wp:featuredmedia":[{"embeddable":true,"href":"https:\/\/plcsupplyspot.com\/lt\/wp-json\/wp\/v2\/media\/10054"}],"wp:attachment":[{"href":"https:\/\/plcsupplyspot.com\/lt\/wp-json\/wp\/v2\/media?parent=10052"}],"wp:term":[{"taxonomy":"product_brand","embeddable":true,"href":"https:\/\/plcsupplyspot.com\/lt\/wp-json\/wp\/v2\/product_brand?post=10052"},{"taxonomy":"product_cat","embeddable":true,"href":"https:\/\/plcsupplyspot.com\/lt\/wp-json\/wp\/v2\/product_cat?post=10052"},{"taxonomy":"product_tag","embeddable":true,"href":"https:\/\/plcsupplyspot.com\/lt\/wp-json\/wp\/v2\/product_tag?post=10052"}],"curies":[{"name":"wp","href":"https:\/\/api.w.org\/{rel}","templated":true}]}}