{"id":10045,"date":"2026-02-20T09:45:34","date_gmt":"2026-02-20T09:45:34","guid":{"rendered":"https:\/\/plcsupplyspot.com\/?post_type=product&#038;p=10045"},"modified":"2026-02-20T09:50:44","modified_gmt":"2026-02-20T09:50:44","slug":"6es7151-3aa23-0ab0","status":"publish","type":"product","link":"https:\/\/plcsupplyspot.com\/lt\/automatikos-komponentai\/6es7151-3aa23-0ab0\/","title":{"rendered":"6ES7151-3AA23-0AB0"},"content":{"rendered":"<p data-start=\"2205\" data-end=\"2286\"><strong data-start=\"2205\" data-end=\"2286\">Siemens 6ES7151-3AA23-0AB0 \u2013 SIMATIC DP IM 151-3 High Feature s\u0105sajos modulis<\/strong><\/p>\n<p data-start=\"2288\" data-end=\"2488\">Siemens 6ES7151-3AA23-0AB0 yra SIMATIC DP IM 151-3 High Feature s\u0105sajos modulis, skirtas ET 200S paskirstytos \u012fvesties ir i\u0161vesties stoties prijungimui prie centrinio PLC per PROFIBUS DP ry\u0161io tinkl\u0105.<\/p>\n<p data-start=\"2490\" data-end=\"2744\">High Feature versija palaiko i\u0161pl\u0117stines diagnostikos ir parametravimo funkcijas. Modulis u\u017etikrina greit\u0105 ir patikim\u0105 duomen\u0173 perdavim\u0105 tarp valdiklio ir paskirstyt\u0173 I\/O moduli\u0173, tod\u0117l tinka sud\u0117tingoms ir intensyvioms pramon\u0117s automatizavimo sistemoms.<\/p>\n<p data-start=\"2746\" data-end=\"3111\"><strong data-start=\"2746\" data-end=\"2769\">Technin\u0117 santrauka:<\/strong><br data-start=\"2769\" data-end=\"2772\" \/>\u2022 Serija: SIMATIC ET 200S<br data-start=\"2797\" data-end=\"2800\" \/>\u2022 Modelis: IM 151-3 High Feature<br data-start=\"2832\" data-end=\"2835\" \/>\u2022 Ry\u0161io protokolas: PROFIBUS DP<br data-start=\"2866\" data-end=\"2869\" \/>\u2022 Perdavimo greitis: iki 12 Mbit\/s<br data-start=\"2903\" data-end=\"2906\" \/>\u2022 Maitinimo \u012ftampa: 24V DC<br data-start=\"2932\" data-end=\"2935\" \/>\u2022 Maksimalus moduli\u0173 skai\u010dius stotyje: iki 63<br data-start=\"2980\" data-end=\"2983\" \/>\u2022 Diagnostika: i\u0161pl\u0117stin\u0117 diagnostika ir b\u016bsenos indikatoriai<br data-start=\"3044\" data-end=\"3047\" \/>\u2022 Montavimas: ET 200S bazinis modulis<br data-start=\"3084\" data-end=\"3087\" \/>\u2022 Apsaugos klas\u0117: IP20<\/p>\n<p data-start=\"3113\" data-end=\"3307\"><strong data-start=\"3113\" data-end=\"3144\">Tipin\u0117s panaudojimo sritys:<\/strong><br data-start=\"3144\" data-end=\"3147\" \/>\u2022 Paskirstytos automatizavimo sistemos<br data-start=\"3185\" data-end=\"3188\" \/>\u2022 Gamybos ir surinkimo linijos<br data-start=\"3218\" data-end=\"3221\" \/>\u2022 Proces\u0173 valdymo sistemos<br data-start=\"3247\" data-end=\"3250\" \/>\u2022 Ma\u0161in\u0173 automatizavimas<br data-start=\"3274\" data-end=\"3277\" \/>\u2022 Pramonin\u0117s valdymo spintos<\/p>\n<p data-start=\"3309\" data-end=\"3505\"><strong data-start=\"3309\" data-end=\"3328\">Apie gamintoj\u0105:<\/strong><br data-start=\"3328\" data-end=\"3331\" \/>Siemens yra pasaulin\u0117 pramon\u0117s automatizavimo technologij\u0173 lyder\u0117, kurianti PLC, paskirstytas I\/O sistemas, komunikacijos modulius ir integruotus valdymo sprendimus pramonei.<\/p>\n","protected":false},"excerpt":{"rendered":"<p data-start=\"762\" data-end=\"879\">SIMATIC DP IM 151-3 High Feature s\u0105sajos modulis su PROFIBUS DP ry\u0161iu ET 200S paskirstytoms automatizavimo sistemoms.<\/p>\n<p data-start=\"317\" data-end=\"487\">\n","protected":false},"featured_media":10039,"template":"","meta":{"site-sidebar-layout":"no-sidebar","site-content-layout":"default","ast-site-content-layout":"normal-width-container","site-content-style":"default","site-sidebar-style":"default","ast-global-header-display":"","ast-banner-title-visibility":"","ast-main-header-display":"","ast-hfb-above-header-display":"","ast-hfb-below-header-display":"","ast-hfb-mobile-header-display":"","site-post-title":"","ast-breadcrumbs-content":"","ast-featured-img":"","footer-sml-layout":"","ast-disable-related-posts":"","theme-transparent-header-meta":"default","adv-header-id-meta":"","stick-header-meta":"default","header-above-stick-meta":"","header-main-stick-meta":"","header-below-stick-meta":"","astra-migrate-meta-layouts":"set","ast-page-background-enabled":"default","ast-page-background-meta":{"desktop":{"background-color":"","background-image":"","background-repeat":"repeat","background-position":"center center","background-size":"auto","background-attachment":"scroll","background-type":"","background-media":"","overlay-type":"","overlay-color":"","overlay-opacity":"","overlay-gradient":""},"tablet":{"background-color":"","background-image":"","background-repeat":"repeat","background-position":"center center","background-size":"auto","background-attachment":"scroll","background-type":"","background-media":"","overlay-type":"","overlay-color":"","overlay-opacity":"","overlay-gradient":""},"mobile":{"background-color":"","background-image":"","background-repeat":"repeat","background-position":"center center","background-size":"auto","background-attachment":"scroll","background-type":"","background-media":"","overlay-type":"","overlay-color":"","overlay-opacity":"","overlay-gradient":""}},"ast-content-background-meta":{"desktop":{"background-color":"var(--ast-global-color-5)","background-image":"","background-repeat":"repeat","background-position":"center center","background-size":"auto","background-attachment":"scroll","background-type":"","background-media":"","overlay-type":"","overlay-color":"","overlay-opacity":"","overlay-gradient":""},"tablet":{"background-color":"var(--ast-global-color-5)","background-image":"","background-repeat":"repeat","background-position":"center center","background-size":"auto","background-attachment":"scroll","background-type":"","background-media":"","overlay-type":"","overlay-color":"","overlay-opacity":"","overlay-gradient":""},"mobile":{"background-color":"var(--ast-global-color-5)","background-image":"","background-repeat":"repeat","background-position":"center center","background-size":"auto","background-attachment":"scroll","background-type":"","background-media":"","overlay-type":"","overlay-color":"","overlay-opacity":"","overlay-gradient":""}}},"product_brand":[],"product_cat":[121],"product_tag":[],"class_list":{"0":"post-10045","1":"product","2":"type-product","3":"status-publish","4":"has-post-thumbnail","6":"product_cat-siemens","7":"desktop-align-left","8":"tablet-align-left","9":"mobile-align-left","10":"ast-product-gallery-layout-horizontal-slider","11":"ast-product-tabs-layout-horizontal","13":"first","14":"onbackorder","15":"downloadable","16":"taxable","17":"shipping-taxable","18":"purchasable","19":"product-type-simple"},"yoast_head":"<!-- This site is optimized with the Yoast SEO plugin v27.3 - https:\/\/yoast.com\/product\/yoast-seo-wordpress\/ -->\n<title>6ES7151-3AA23-0AB0 | PLC Supply spot<\/title>\n<meta name=\"description\" content=\"Siemens 6ES7151-3AA23-0AB0 \u2013 SIMATIC DP IM 151-3 High Feature s\u0105sajos modulis su PROFIBUS DP ry\u0161iu, 24V DC maitinimas, iki 12 Mbit\/s ET 200S sistemoms.\" \/>\n<meta name=\"robots\" content=\"index, follow, max-snippet:-1, max-image-preview:large, max-video-preview:-1\" \/>\n<link rel=\"canonical\" href=\"https:\/\/plcsupplyspot.com\/lt\/automatikos-komponentai\/6es7151-3aa23-0ab0\/\" \/>\n<meta property=\"og:locale\" content=\"lt_LT\" \/>\n<meta property=\"og:type\" content=\"article\" \/>\n<meta property=\"og:title\" content=\"6ES7151-3AA23-0AB0 | PLC Supply spot\" \/>\n<meta property=\"og:description\" content=\"Siemens 6ES7151-3AA23-0AB0 \u2013 SIMATIC DP IM 151-3 High Feature s\u0105sajos modulis su PROFIBUS DP ry\u0161iu, 24V DC maitinimas, iki 12 Mbit\/s ET 200S sistemoms.\" \/>\n<meta property=\"og:url\" content=\"https:\/\/plcsupplyspot.com\/lt\/automatikos-komponentai\/6es7151-3aa23-0ab0\/\" \/>\n<meta property=\"og:site_name\" content=\"PLC Supply spot\" \/>\n<meta property=\"article:publisher\" content=\"https:\/\/www.facebook.com\/profile.php?id=61571705128033\" \/>\n<meta property=\"article:modified_time\" content=\"2026-02-20T09:50:44+00:00\" \/>\n<meta property=\"og:image\" content=\"https:\/\/plcsupplyspot.com\/wp-content\/uploads\/2026\/02\/6ES7151-3AA23-0AB0.webp\" \/>\n\t<meta property=\"og:image:width\" content=\"1200\" \/>\n\t<meta property=\"og:image:height\" content=\"1200\" \/>\n\t<meta property=\"og:image:type\" content=\"image\/webp\" \/>\n<meta name=\"twitter:card\" content=\"summary_large_image\" \/>\n<meta name=\"twitter:label1\" content=\"Est. reading time\" \/>\n\t<meta name=\"twitter:data1\" content=\"1 minut\u0117\" \/>\n<!-- \/ Yoast SEO plugin. -->","yoast_head_json":{"title":"6ES7151-3AA23-0AB0 | PLC Supply spot","description":"Siemens 6ES7151-3AA23-0AB0 \u2013 SIMATIC DP IM 151-3 High Feature s\u0105sajos modulis su PROFIBUS DP ry\u0161iu, 24V DC maitinimas, iki 12 Mbit\/s ET 200S sistemoms.","robots":{"index":"index","follow":"follow","max-snippet":"max-snippet:-1","max-image-preview":"max-image-preview:large","max-video-preview":"max-video-preview:-1"},"canonical":"https:\/\/plcsupplyspot.com\/lt\/automatikos-komponentai\/6es7151-3aa23-0ab0\/","og_locale":"lt_LT","og_type":"article","og_title":"6ES7151-3AA23-0AB0 | PLC Supply spot","og_description":"Siemens 6ES7151-3AA23-0AB0 \u2013 SIMATIC DP IM 151-3 High Feature s\u0105sajos modulis su PROFIBUS DP ry\u0161iu, 24V DC maitinimas, iki 12 Mbit\/s ET 200S sistemoms.","og_url":"https:\/\/plcsupplyspot.com\/lt\/automatikos-komponentai\/6es7151-3aa23-0ab0\/","og_site_name":"PLC Supply spot","article_publisher":"https:\/\/www.facebook.com\/profile.php?id=61571705128033","article_modified_time":"2026-02-20T09:50:44+00:00","og_image":[{"width":1200,"height":1200,"url":"https:\/\/plcsupplyspot.com\/wp-content\/uploads\/2026\/02\/6ES7151-3AA23-0AB0.webp","type":"image\/webp"}],"twitter_card":"summary_large_image","twitter_misc":{"Est. reading time":"1 minut\u0117"},"schema":{"@context":"https:\/\/schema.org","@graph":[{"@type":"WebPage","@id":"https:\/\/plcsupplyspot.com\/lt\/automatikos-komponentai\/6es7151-3aa23-0ab0\/","url":"https:\/\/plcsupplyspot.com\/lt\/automatikos-komponentai\/6es7151-3aa23-0ab0\/","name":"6ES7151-3AA23-0AB0 | PLC Supply spot","isPartOf":{"@id":"https:\/\/plcsupplyspot.com\/lt\/#website"},"primaryImageOfPage":{"@id":"https:\/\/plcsupplyspot.com\/lt\/automatikos-komponentai\/6es7151-3aa23-0ab0\/#primaryimage"},"image":{"@id":"https:\/\/plcsupplyspot.com\/lt\/automatikos-komponentai\/6es7151-3aa23-0ab0\/#primaryimage"},"thumbnailUrl":"https:\/\/plcsupplyspot.com\/wp-content\/uploads\/2026\/02\/6ES7151-3AA23-0AB0.webp","datePublished":"2026-02-20T09:45:34+00:00","dateModified":"2026-02-20T09:50:44+00:00","description":"Siemens 6ES7151-3AA23-0AB0 \u2013 SIMATIC DP IM 151-3 High Feature s\u0105sajos modulis su PROFIBUS DP ry\u0161iu, 24V DC maitinimas, iki 12 Mbit\/s ET 200S sistemoms.","breadcrumb":{"@id":"https:\/\/plcsupplyspot.com\/lt\/automatikos-komponentai\/6es7151-3aa23-0ab0\/#breadcrumb"},"inLanguage":"lt-LT","potentialAction":[{"@type":"ReadAction","target":["https:\/\/plcsupplyspot.com\/lt\/automatikos-komponentai\/6es7151-3aa23-0ab0\/"]}]},{"@type":"ImageObject","inLanguage":"lt-LT","@id":"https:\/\/plcsupplyspot.com\/lt\/automatikos-komponentai\/6es7151-3aa23-0ab0\/#primaryimage","url":"https:\/\/plcsupplyspot.com\/wp-content\/uploads\/2026\/02\/6ES7151-3AA23-0AB0.webp","contentUrl":"https:\/\/plcsupplyspot.com\/wp-content\/uploads\/2026\/02\/6ES7151-3AA23-0AB0.webp","width":1200,"height":1200},{"@type":"BreadcrumbList","@id":"https:\/\/plcsupplyspot.com\/lt\/automatikos-komponentai\/6es7151-3aa23-0ab0\/#breadcrumb","itemListElement":[{"@type":"ListItem","position":1,"name":"home","item":"https:\/\/plcsupplyspot.com\/lt\/"},{"@type":"ListItem","position":2,"name":"Automatikos komponentai","item":"https:\/\/plcsupplyspot.com\/lt\/automatikos-komponentai\/"},{"@type":"ListItem","position":3,"name":"6ES7151-3AA23-0AB0"}]},{"@type":"WebSite","@id":"https:\/\/plcsupplyspot.com\/lt\/#website","url":"https:\/\/plcsupplyspot.com\/lt\/","name":"PLC Supply Spot","description":"Innovate. Accelerate. Automate!","publisher":{"@id":"https:\/\/plcsupplyspot.com\/lt\/#organization"},"potentialAction":[{"@type":"SearchAction","target":{"@type":"EntryPoint","urlTemplate":"https:\/\/plcsupplyspot.com\/lt\/?s={search_term_string}"},"query-input":{"@type":"PropertyValueSpecification","valueRequired":true,"valueName":"search_term_string"}}],"inLanguage":"lt-LT"},{"@type":"Organization","@id":"https:\/\/plcsupplyspot.com\/lt\/#organization","name":"PLC Supply Spot","alternateName":"PLC Supply Spot","url":"https:\/\/plcsupplyspot.com\/lt\/","logo":{"@type":"ImageObject","inLanguage":"lt-LT","@id":"https:\/\/plcsupplyspot.com\/lt\/#\/schema\/logo\/image\/","url":"https:\/\/plcsupplyspot.com\/wp-content\/uploads\/2026\/01\/plc-supply-spot-logo-1.png","contentUrl":"https:\/\/plcsupplyspot.com\/wp-content\/uploads\/2026\/01\/plc-supply-spot-logo-1.png","width":720,"height":720,"caption":"PLC Supply Spot"},"image":{"@id":"https:\/\/plcsupplyspot.com\/lt\/#\/schema\/logo\/image\/"},"sameAs":["https:\/\/www.facebook.com\/profile.php?id=61571705128033"]}]}},"_links":{"self":[{"href":"https:\/\/plcsupplyspot.com\/lt\/wp-json\/wp\/v2\/product\/10045","targetHints":{"allow":["GET"]}}],"collection":[{"href":"https:\/\/plcsupplyspot.com\/lt\/wp-json\/wp\/v2\/product"}],"about":[{"href":"https:\/\/plcsupplyspot.com\/lt\/wp-json\/wp\/v2\/types\/product"}],"version-history":[{"count":2,"href":"https:\/\/plcsupplyspot.com\/lt\/wp-json\/wp\/v2\/product\/10045\/revisions"}],"predecessor-version":[{"id":10050,"href":"https:\/\/plcsupplyspot.com\/lt\/wp-json\/wp\/v2\/product\/10045\/revisions\/10050"}],"wp:featuredmedia":[{"embeddable":true,"href":"https:\/\/plcsupplyspot.com\/lt\/wp-json\/wp\/v2\/media\/10039"}],"wp:attachment":[{"href":"https:\/\/plcsupplyspot.com\/lt\/wp-json\/wp\/v2\/media?parent=10045"}],"wp:term":[{"taxonomy":"product_brand","embeddable":true,"href":"https:\/\/plcsupplyspot.com\/lt\/wp-json\/wp\/v2\/product_brand?post=10045"},{"taxonomy":"product_cat","embeddable":true,"href":"https:\/\/plcsupplyspot.com\/lt\/wp-json\/wp\/v2\/product_cat?post=10045"},{"taxonomy":"product_tag","embeddable":true,"href":"https:\/\/plcsupplyspot.com\/lt\/wp-json\/wp\/v2\/product_tag?post=10045"}],"curies":[{"name":"wp","href":"https:\/\/api.w.org\/{rel}","templated":true}]}}