{"id":10002,"date":"2026-02-19T12:04:24","date_gmt":"2026-02-19T12:04:24","guid":{"rendered":"https:\/\/plcsupplyspot.com\/?post_type=product&#038;p=10002"},"modified":"2026-02-19T12:16:06","modified_gmt":"2026-02-19T12:16:06","slug":"6av2124-6qj00-0ax1-3","status":"publish","type":"product","link":"https:\/\/plcsupplyspot.com\/lt\/automatikos-komponentai\/6av2124-6qj00-0ax1-3\/","title":{"rendered":"6AV2124-6QJ00-0AX1"},"content":{"rendered":"<p data-start=\"1970\" data-end=\"2018\"><strong data-start=\"1971\" data-end=\"2028\">Siemens 6AV2124-6QJ00-0AX1 \u2013 SIMATIC HMI KTP700 Basic<\/strong><\/p>\n<p data-start=\"2030\" data-end=\"2230\">Siemens 6AV2124-6QJ00-0AX1 yra SIMATIC HMI KTP700 Basic operatorin\u0117 panel\u0117, skirta pramon\u0117s automatizavimo sistem\u0173 vizualizacijai ir valdymui. Ji turi 7 coli\u0173 TFT ekran\u0105 su lietimo ir mygtuk\u0173 valdymu.<\/p>\n<p data-start=\"2232\" data-end=\"2358\">Panel\u0117 suprojektuota ma\u0161in\u0173 lygio aplikacijoms ir lengvai integruojama su SIMATIC valdikliais per PROFINET arba PROFIBUS ry\u0161\u012f.<\/p>\n<p data-start=\"2360\" data-end=\"2692\"><strong data-start=\"2360\" data-end=\"2383\">Technin\u0117 santrauka:<\/strong><br data-start=\"2383\" data-end=\"2386\" \/>\u2022 Serija: SIMATIC HMI Basic Panel<br data-start=\"2419\" data-end=\"2422\" \/>\u2022 Modelis: KTP700 Basic<br data-start=\"2445\" data-end=\"2448\" \/>\u2022 Ekrano dydis: 7&#8243; TFT<br data-start=\"2470\" data-end=\"2473\" \/>\u2022 Rai\u0161ka: 800 \u00d7 480 pikseli\u0173<br data-start=\"2501\" data-end=\"2504\" \/>\u2022 Valdymas: lietimui jautrus ekranas + funkciniai mygtukai<br data-start=\"2562\" data-end=\"2565\" \/>\u2022 S\u0105saja: PROFINET \/ Ethernet<br data-start=\"2594\" data-end=\"2597\" \/>\u2022 Maitinimo \u012ftampa: 24V DC<br data-start=\"2623\" data-end=\"2626\" \/>\u2022 Apsaugos klas\u0117: IP65 (priekin\u0117 dalis)<br data-start=\"2665\" data-end=\"2668\" \/>\u2022 Montavimas: \u012f panel\u0119<\/p>\n<p data-start=\"2694\" data-end=\"2862\"><strong data-start=\"2694\" data-end=\"2713\">Kur naudojamas:<\/strong><br data-start=\"2713\" data-end=\"2716\" \/>\u2022 Ma\u0161in\u0173 vizualizacija<br data-start=\"2738\" data-end=\"2741\" \/>\u2022 Gamybos linij\u0173 steb\u0117jimas<br data-start=\"2768\" data-end=\"2771\" \/>\u2022 Operatorin\u0117s valdymo panel\u0117s<br data-start=\"2801\" data-end=\"2804\" \/>\u2022 Pakavimo \u012franga<br data-start=\"2821\" data-end=\"2824\" \/>\u2022 Pramonin\u0117s automatizavimo sistemos<\/p>\n<p data-start=\"2864\" data-end=\"3013\"><strong data-start=\"2864\" data-end=\"2883\">Apie gamintoj\u0105:<\/strong><br data-start=\"2883\" data-end=\"2886\" \/>Siemens yra pasaulin\u0117 pramon\u0117s automatizavimo technologij\u0173 lyder\u0117, si\u016blanti PLC, HMI paneles ir integruotus valdymo sprendimus.<\/p>\n","protected":false},"excerpt":{"rendered":"<p data-start=\"697\" data-end=\"792\">SIMATIC HMI KTP700 Basic su 7&#8243; TFT ekranu, lietimo ir mygtuk\u0173 valdymu pramoniniams \u012frenginiams.<\/p>\n<p data-start=\"317\" data-end=\"487\">\n","protected":false},"featured_media":9995,"template":"","meta":{"site-sidebar-layout":"no-sidebar","site-content-layout":"default","ast-site-content-layout":"normal-width-container","site-content-style":"default","site-sidebar-style":"default","ast-global-header-display":"","ast-banner-title-visibility":"","ast-main-header-display":"","ast-hfb-above-header-display":"","ast-hfb-below-header-display":"","ast-hfb-mobile-header-display":"","site-post-title":"","ast-breadcrumbs-content":"","ast-featured-img":"","footer-sml-layout":"","ast-disable-related-posts":"","theme-transparent-header-meta":"default","adv-header-id-meta":"","stick-header-meta":"default","header-above-stick-meta":"","header-main-stick-meta":"","header-below-stick-meta":"","astra-migrate-meta-layouts":"set","ast-page-background-enabled":"default","ast-page-background-meta":{"desktop":{"background-color":"","background-image":"","background-repeat":"repeat","background-position":"center center","background-size":"auto","background-attachment":"scroll","background-type":"","background-media":"","overlay-type":"","overlay-color":"","overlay-opacity":"","overlay-gradient":""},"tablet":{"background-color":"","background-image":"","background-repeat":"repeat","background-position":"center center","background-size":"auto","background-attachment":"scroll","background-type":"","background-media":"","overlay-type":"","overlay-color":"","overlay-opacity":"","overlay-gradient":""},"mobile":{"background-color":"","background-image":"","background-repeat":"repeat","background-position":"center center","background-size":"auto","background-attachment":"scroll","background-type":"","background-media":"","overlay-type":"","overlay-color":"","overlay-opacity":"","overlay-gradient":""}},"ast-content-background-meta":{"desktop":{"background-color":"var(--ast-global-color-5)","background-image":"","background-repeat":"repeat","background-position":"center center","background-size":"auto","background-attachment":"scroll","background-type":"","background-media":"","overlay-type":"","overlay-color":"","overlay-opacity":"","overlay-gradient":""},"tablet":{"background-color":"var(--ast-global-color-5)","background-image":"","background-repeat":"repeat","background-position":"center center","background-size":"auto","background-attachment":"scroll","background-type":"","background-media":"","overlay-type":"","overlay-color":"","overlay-opacity":"","overlay-gradient":""},"mobile":{"background-color":"var(--ast-global-color-5)","background-image":"","background-repeat":"repeat","background-position":"center center","background-size":"auto","background-attachment":"scroll","background-type":"","background-media":"","overlay-type":"","overlay-color":"","overlay-opacity":"","overlay-gradient":""}}},"product_brand":[],"product_cat":[],"product_tag":[],"class_list":{"0":"post-10002","1":"product","2":"type-product","3":"status-publish","4":"has-post-thumbnail","6":"desktop-align-left","7":"tablet-align-left","8":"mobile-align-left","9":"ast-product-gallery-layout-horizontal-slider","10":"ast-product-gallery-with-no-image","11":"ast-product-tabs-layout-horizontal","13":"first","14":"onbackorder","15":"downloadable","16":"taxable","17":"shipping-taxable","18":"purchasable","19":"product-type-simple"},"yoast_head":"<!-- This site is optimized with the Yoast SEO plugin v26.6 - https:\/\/yoast.com\/wordpress\/plugins\/seo\/ -->\n<title>6AV2124-6QJ00-0AX1 | PLC Supply spot<\/title>\n<meta name=\"description\" content=\"Siemens 6AV2124-6QJ00-0AX1 \u2013 SIMATIC HMI KTP700 Basic panel\u0117 su 7&quot; TFT ekranu, lietimui jautriu valdymu ir mygtukais, skirta pramon\u0117s automatizavimui.\" \/>\n<meta name=\"robots\" content=\"index, follow, max-snippet:-1, max-image-preview:large, max-video-preview:-1\" \/>\n<link rel=\"canonical\" href=\"https:\/\/plcsupplyspot.com\/lt\/automatikos-komponentai\/6av2124-6qj00-0ax1-3\/\" \/>\n<meta property=\"og:locale\" content=\"lt_LT\" \/>\n<meta property=\"og:type\" content=\"article\" \/>\n<meta property=\"og:title\" content=\"6AV2124-6QJ00-0AX1 | PLC Supply spot\" \/>\n<meta property=\"og:description\" content=\"Siemens 6AV2124-6QJ00-0AX1 \u2013 SIMATIC HMI KTP700 Basic panel\u0117 su 7&quot; TFT ekranu, lietimui jautriu valdymu ir mygtukais, skirta pramon\u0117s automatizavimui.\" \/>\n<meta property=\"og:url\" content=\"https:\/\/plcsupplyspot.com\/lt\/automatikos-komponentai\/6av2124-6qj00-0ax1-3\/\" \/>\n<meta property=\"og:site_name\" content=\"PLC Supply spot\" \/>\n<meta property=\"article:publisher\" content=\"https:\/\/www.facebook.com\/profile.php?id=61571705128033\" \/>\n<meta property=\"article:modified_time\" content=\"2026-02-19T12:16:06+00:00\" \/>\n<meta property=\"og:image\" content=\"https:\/\/plcsupplyspot.com\/wp-content\/uploads\/2026\/02\/6AV2124-0MC01-0AX0.jpg\" \/>\n\t<meta property=\"og:image:width\" content=\"2500\" \/>\n\t<meta property=\"og:image:height\" content=\"2500\" \/>\n\t<meta property=\"og:image:type\" content=\"image\/jpeg\" \/>\n<meta name=\"twitter:card\" content=\"summary_large_image\" \/>\n<meta name=\"twitter:label1\" content=\"Est. reading time\" \/>\n\t<meta name=\"twitter:data1\" content=\"1 minut\u0117\" \/>\n<!-- \/ Yoast SEO plugin. -->","yoast_head_json":{"title":"6AV2124-6QJ00-0AX1 | PLC Supply spot","description":"Siemens 6AV2124-6QJ00-0AX1 \u2013 SIMATIC HMI KTP700 Basic panel\u0117 su 7\" TFT ekranu, lietimui jautriu valdymu ir mygtukais, skirta pramon\u0117s automatizavimui.","robots":{"index":"index","follow":"follow","max-snippet":"max-snippet:-1","max-image-preview":"max-image-preview:large","max-video-preview":"max-video-preview:-1"},"canonical":"https:\/\/plcsupplyspot.com\/lt\/automatikos-komponentai\/6av2124-6qj00-0ax1-3\/","og_locale":"lt_LT","og_type":"article","og_title":"6AV2124-6QJ00-0AX1 | PLC Supply spot","og_description":"Siemens 6AV2124-6QJ00-0AX1 \u2013 SIMATIC HMI KTP700 Basic panel\u0117 su 7\" TFT ekranu, lietimui jautriu valdymu ir mygtukais, skirta pramon\u0117s automatizavimui.","og_url":"https:\/\/plcsupplyspot.com\/lt\/automatikos-komponentai\/6av2124-6qj00-0ax1-3\/","og_site_name":"PLC Supply spot","article_publisher":"https:\/\/www.facebook.com\/profile.php?id=61571705128033","article_modified_time":"2026-02-19T12:16:06+00:00","og_image":[{"width":2500,"height":2500,"url":"https:\/\/plcsupplyspot.com\/wp-content\/uploads\/2026\/02\/6AV2124-0MC01-0AX0.jpg","type":"image\/jpeg"}],"twitter_card":"summary_large_image","twitter_misc":{"Est. reading time":"1 minut\u0117"},"schema":{"@context":"https:\/\/schema.org","@graph":[{"@type":"WebPage","@id":"https:\/\/plcsupplyspot.com\/lt\/automatikos-komponentai\/6av2124-6qj00-0ax1-3\/","url":"https:\/\/plcsupplyspot.com\/lt\/automatikos-komponentai\/6av2124-6qj00-0ax1-3\/","name":"6AV2124-6QJ00-0AX1 | PLC Supply spot","isPartOf":{"@id":"https:\/\/plcsupplyspot.com\/lt\/#website"},"primaryImageOfPage":{"@id":"https:\/\/plcsupplyspot.com\/lt\/automatikos-komponentai\/6av2124-6qj00-0ax1-3\/#primaryimage"},"image":{"@id":"https:\/\/plcsupplyspot.com\/lt\/automatikos-komponentai\/6av2124-6qj00-0ax1-3\/#primaryimage"},"thumbnailUrl":"https:\/\/plcsupplyspot.com\/wp-content\/uploads\/2026\/02\/6AV2124-0MC01-0AX0.jpg","datePublished":"2026-02-19T12:04:24+00:00","dateModified":"2026-02-19T12:16:06+00:00","description":"Siemens 6AV2124-6QJ00-0AX1 \u2013 SIMATIC HMI KTP700 Basic panel\u0117 su 7\" TFT ekranu, lietimui jautriu valdymu ir mygtukais, skirta pramon\u0117s automatizavimui.","breadcrumb":{"@id":"https:\/\/plcsupplyspot.com\/lt\/automatikos-komponentai\/6av2124-6qj00-0ax1-3\/#breadcrumb"},"inLanguage":"lt-LT","potentialAction":[{"@type":"ReadAction","target":["https:\/\/plcsupplyspot.com\/lt\/automatikos-komponentai\/6av2124-6qj00-0ax1-3\/"]}]},{"@type":"ImageObject","inLanguage":"lt-LT","@id":"https:\/\/plcsupplyspot.com\/lt\/automatikos-komponentai\/6av2124-6qj00-0ax1-3\/#primaryimage","url":"https:\/\/plcsupplyspot.com\/wp-content\/uploads\/2026\/02\/6AV2124-0MC01-0AX0.jpg","contentUrl":"https:\/\/plcsupplyspot.com\/wp-content\/uploads\/2026\/02\/6AV2124-0MC01-0AX0.jpg","width":2500,"height":2500},{"@type":"BreadcrumbList","@id":"https:\/\/plcsupplyspot.com\/lt\/automatikos-komponentai\/6av2124-6qj00-0ax1-3\/#breadcrumb","itemListElement":[{"@type":"ListItem","position":1,"name":"home","item":"https:\/\/plcsupplyspot.com\/lt\/"},{"@type":"ListItem","position":2,"name":"Automatikos komponentai","item":"https:\/\/plcsupplyspot.com\/lt\/automatikos-komponentai\/"},{"@type":"ListItem","position":3,"name":"6AV2124-6QJ00-0AX1"}]},{"@type":"WebSite","@id":"https:\/\/plcsupplyspot.com\/lt\/#website","url":"https:\/\/plcsupplyspot.com\/lt\/","name":"PLC Supply Spot","description":"Innovate. Accelerate. Automate!","publisher":{"@id":"https:\/\/plcsupplyspot.com\/lt\/#organization"},"potentialAction":[{"@type":"SearchAction","target":{"@type":"EntryPoint","urlTemplate":"https:\/\/plcsupplyspot.com\/lt\/?s={search_term_string}"},"query-input":{"@type":"PropertyValueSpecification","valueRequired":true,"valueName":"search_term_string"}}],"inLanguage":"lt-LT"},{"@type":"Organization","@id":"https:\/\/plcsupplyspot.com\/lt\/#organization","name":"PLC Supply Spot","alternateName":"PLC Supply Spot","url":"https:\/\/plcsupplyspot.com\/lt\/","logo":{"@type":"ImageObject","inLanguage":"lt-LT","@id":"https:\/\/plcsupplyspot.com\/lt\/#\/schema\/logo\/image\/","url":"https:\/\/plcsupplyspot.com\/wp-content\/uploads\/2026\/01\/plc-supply-spot-logo-1.png","contentUrl":"https:\/\/plcsupplyspot.com\/wp-content\/uploads\/2026\/01\/plc-supply-spot-logo-1.png","width":720,"height":720,"caption":"PLC Supply Spot"},"image":{"@id":"https:\/\/plcsupplyspot.com\/lt\/#\/schema\/logo\/image\/"},"sameAs":["https:\/\/www.facebook.com\/profile.php?id=61571705128033"]}]}},"_links":{"self":[{"href":"https:\/\/plcsupplyspot.com\/lt\/wp-json\/wp\/v2\/product\/10002","targetHints":{"allow":["GET"]}}],"collection":[{"href":"https:\/\/plcsupplyspot.com\/lt\/wp-json\/wp\/v2\/product"}],"about":[{"href":"https:\/\/plcsupplyspot.com\/lt\/wp-json\/wp\/v2\/types\/product"}],"version-history":[{"count":3,"href":"https:\/\/plcsupplyspot.com\/lt\/wp-json\/wp\/v2\/product\/10002\/revisions"}],"predecessor-version":[{"id":10006,"href":"https:\/\/plcsupplyspot.com\/lt\/wp-json\/wp\/v2\/product\/10002\/revisions\/10006"}],"wp:featuredmedia":[{"embeddable":true,"href":"https:\/\/plcsupplyspot.com\/lt\/wp-json\/wp\/v2\/media\/9995"}],"wp:attachment":[{"href":"https:\/\/plcsupplyspot.com\/lt\/wp-json\/wp\/v2\/media?parent=10002"}],"wp:term":[{"taxonomy":"product_brand","embeddable":true,"href":"https:\/\/plcsupplyspot.com\/lt\/wp-json\/wp\/v2\/product_brand?post=10002"},{"taxonomy":"product_cat","embeddable":true,"href":"https:\/\/plcsupplyspot.com\/lt\/wp-json\/wp\/v2\/product_cat?post=10002"},{"taxonomy":"product_tag","embeddable":true,"href":"https:\/\/plcsupplyspot.com\/lt\/wp-json\/wp\/v2\/product_tag?post=10002"}],"curies":[{"name":"wp","href":"https:\/\/api.w.org\/{rel}","templated":true}]}}