{"id":5050,"date":"2025-01-23T08:46:06","date_gmt":"2025-01-23T08:46:06","guid":{"rendered":"https:\/\/plcsupplyspot.com\/?page_id=5050"},"modified":"2025-09-25T20:54:14","modified_gmt":"2025-09-25T20:54:14","slug":"prekes-zenklai","status":"publish","type":"page","link":"https:\/\/plcsupplyspot.com\/lt\/prekes-zenklai\/","title":{"rendered":"Prek\u0117s \u017eenklai"},"content":{"rendered":"\t\t<div data-elementor-type=\"wp-page\" data-elementor-id=\"5050\" class=\"elementor elementor-5050 elementor-5049\" data-elementor-post-type=\"page\">\n\t\t\t\t<div class=\"elementor-element elementor-element-c0ce411 e-flex e-con-boxed e-con e-parent\" data-id=\"c0ce411\" data-element_type=\"container\" data-e-type=\"container\">\n\t\t\t\t\t<div class=\"e-con-inner\">\n\t\t<div class=\"elementor-element elementor-element-3786008 e-con-full e-flex e-con e-child\" data-id=\"3786008\" data-element_type=\"container\" data-e-type=\"container\">\n\t\t\t\t<div class=\"elementor-element elementor-element-5564bb8 elementor-widget-divider--view-line elementor-widget elementor-widget-divider\" data-id=\"5564bb8\" data-element_type=\"widget\" data-e-type=\"widget\" data-widget_type=\"divider.default\">\n\t\t\t\t<div class=\"elementor-widget-container\">\n\t\t\t\t\t\t\t<div class=\"elementor-divider\">\n\t\t\t<span class=\"elementor-divider-separator\">\n\t\t\t\t\t\t<\/span>\n\t\t<\/div>\n\t\t\t\t\t\t<\/div>\n\t\t\t\t<\/div>\n\t\t\t\t<\/div>\n\t\t<div class=\"elementor-element elementor-element-1b04e7d e-con-full e-flex e-con e-child\" data-id=\"1b04e7d\" data-element_type=\"container\" data-e-type=\"container\">\n\t\t\t\t<\/div>\n\t\t\t\t\t<\/div>\n\t\t\t\t<\/div>\n\t\t<div class=\"elementor-element elementor-element-8792f0e e-flex e-con-boxed e-con e-parent\" data-id=\"8792f0e\" data-element_type=\"container\" data-e-type=\"container\" data-settings=\"{&quot;background_background&quot;:&quot;classic&quot;}\">\n\t\t\t\t\t<div class=\"e-con-inner\">\n\t\t\t\t<div class=\"elementor-element elementor-element-5df6d7a elementor-widget elementor-widget-spacer\" data-id=\"5df6d7a\" data-element_type=\"widget\" data-e-type=\"widget\" data-widget_type=\"spacer.default\">\n\t\t\t\t<div class=\"elementor-widget-container\">\n\t\t\t\t\t\t\t<div class=\"elementor-spacer\">\n\t\t\t<div class=\"elementor-spacer-inner\"><\/div>\n\t\t<\/div>\n\t\t\t\t\t\t<\/div>\n\t\t\t\t<\/div>\n\t\t\t\t\t<\/div>\n\t\t\t\t<\/div>\n\t\t<div class=\"elementor-element elementor-element-7152edc e-flex e-con-boxed e-con e-parent\" data-id=\"7152edc\" data-element_type=\"container\" data-e-type=\"container\" data-settings=\"{&quot;background_background&quot;:&quot;classic&quot;}\">\n\t\t\t\t\t<div class=\"e-con-inner\">\n\t\t\t\t<div class=\"elementor-element elementor-element-7cfe2c9 elementor-widget elementor-widget-heading\" data-id=\"7cfe2c9\" data-element_type=\"widget\" data-e-type=\"widget\" data-widget_type=\"heading.default\">\n\t\t\t\t<div class=\"elementor-widget-container\">\n\t\t\t\t\t<h1 class=\"elementor-heading-title elementor-size-default\">preki\u0173 \u017eenklai<\/h1>\t\t\t\t<\/div>\n\t\t\t\t<\/div>\n\t\t\t\t<div class=\"elementor-element elementor-element-7b3a40e elementor-widget-divider--view-line elementor-widget elementor-widget-divider\" data-id=\"7b3a40e\" data-element_type=\"widget\" data-e-type=\"widget\" data-widget_type=\"divider.default\">\n\t\t\t\t<div class=\"elementor-widget-container\">\n\t\t\t\t\t\t\t<div class=\"elementor-divider\">\n\t\t\t<span class=\"elementor-divider-separator\">\n\t\t\t\t\t\t<\/span>\n\t\t<\/div>\n\t\t\t\t\t\t<\/div>\n\t\t\t\t<\/div>\n\t\t<div class=\"elementor-element elementor-element-15f0403 e-grid e-con-full e-con e-child\" data-id=\"15f0403\" data-element_type=\"container\" data-e-type=\"container\">\n\t\t\t\t<div class=\"elementor-element elementor-element-15345ea elementor-widget elementor-widget-image\" data-id=\"15345ea\" data-element_type=\"widget\" data-e-type=\"widget\" data-widget_type=\"image.default\">\n\t\t\t\t<div class=\"elementor-widget-container\">\n\t\t\t\t\t\t\t\t\t\t\t\t\t\t\t\t<a href=\"https:\/\/plcsupplyspot.com\/lt\/produkto-kategorija\/abb\/\" target=\"_blank\">\n\t\t\t\t\t\t\t<img decoding=\"async\" width=\"300\" height=\"68\" src=\"https:\/\/plcsupplyspot.com\/wp-content\/uploads\/2024\/06\/44792733-300x68.webp\" class=\"attachment-medium size-medium wp-image-4646\" alt=\"ABB\" srcset=\"https:\/\/plcsupplyspot.com\/wp-content\/uploads\/2024\/06\/44792733-300x68.webp 300w, https:\/\/plcsupplyspot.com\/wp-content\/uploads\/2024\/06\/44792733-1024x234.webp 1024w, https:\/\/plcsupplyspot.com\/wp-content\/uploads\/2024\/06\/44792733-768x175.webp 768w, https:\/\/plcsupplyspot.com\/wp-content\/uploads\/2024\/06\/44792733-400x91.webp 400w, https:\/\/plcsupplyspot.com\/wp-content\/uploads\/2024\/06\/44792733.webp 1333w\" sizes=\"(max-width: 300px) 100vw, 300px\" \/>\t\t\t\t\t\t\t\t<\/a>\n\t\t\t\t\t\t\t\t\t\t\t\t\t\t\t<\/div>\n\t\t\t\t<\/div>\n\t\t\t\t<div class=\"elementor-element elementor-element-5939f7d elementor-widget elementor-widget-image\" data-id=\"5939f7d\" data-element_type=\"widget\" data-e-type=\"widget\" data-widget_type=\"image.default\">\n\t\t\t\t<div class=\"elementor-widget-container\">\n\t\t\t\t\t\t\t\t\t\t\t\t\t\t\t\t<a href=\"https:\/\/plcsupplyspot.com\/lt\/produkto-kategorija\/omron\/\" target=\"_blank\">\n\t\t\t\t\t\t\t<img decoding=\"async\" width=\"300\" height=\"107\" src=\"https:\/\/plcsupplyspot.com\/wp-content\/uploads\/2024\/06\/44792734-300x107.webp\" class=\"attachment-medium size-medium wp-image-4647\" alt=\"Omron brand logo\" srcset=\"https:\/\/plcsupplyspot.com\/wp-content\/uploads\/2024\/06\/44792734-300x107.webp 300w, https:\/\/plcsupplyspot.com\/wp-content\/uploads\/2024\/06\/44792734-1024x365.webp 1024w, https:\/\/plcsupplyspot.com\/wp-content\/uploads\/2024\/06\/44792734-768x274.webp 768w, https:\/\/plcsupplyspot.com\/wp-content\/uploads\/2024\/06\/44792734-400x143.webp 400w, https:\/\/plcsupplyspot.com\/wp-content\/uploads\/2024\/06\/44792734.webp 1188w\" sizes=\"(max-width: 300px) 100vw, 300px\" \/>\t\t\t\t\t\t\t\t<\/a>\n\t\t\t\t\t\t\t\t\t\t\t\t\t\t\t<\/div>\n\t\t\t\t<\/div>\n\t\t\t\t<div class=\"elementor-element elementor-element-fc389a2 elementor-widget elementor-widget-image\" data-id=\"fc389a2\" data-element_type=\"widget\" data-e-type=\"widget\" data-widget_type=\"image.default\">\n\t\t\t\t<div class=\"elementor-widget-container\">\n\t\t\t\t\t\t\t\t\t\t\t\t\t\t\t\t<a href=\"https:\/\/plcsupplyspot.com\/lt\/produkto-kategorija\/allen-bradley\/\" target=\"_blank\">\n\t\t\t\t\t\t\t<img decoding=\"async\" width=\"300\" height=\"68\" src=\"https:\/\/plcsupplyspot.com\/wp-content\/uploads\/2024\/06\/44792735-300x68.webp\" class=\"attachment-medium size-medium wp-image-4648\" alt=\"Allen-Bradley brands\" srcset=\"https:\/\/plcsupplyspot.com\/wp-content\/uploads\/2024\/06\/44792735-300x68.webp 300w, https:\/\/plcsupplyspot.com\/wp-content\/uploads\/2024\/06\/44792735-1024x233.webp 1024w, https:\/\/plcsupplyspot.com\/wp-content\/uploads\/2024\/06\/44792735-768x175.webp 768w, https:\/\/plcsupplyspot.com\/wp-content\/uploads\/2024\/06\/44792735-400x91.webp 400w, https:\/\/plcsupplyspot.com\/wp-content\/uploads\/2024\/06\/44792735.webp 1336w\" sizes=\"(max-width: 300px) 100vw, 300px\" \/>\t\t\t\t\t\t\t\t<\/a>\n\t\t\t\t\t\t\t\t\t\t\t\t\t\t\t<\/div>\n\t\t\t\t<\/div>\n\t\t\t\t<div class=\"elementor-element elementor-element-e8d18fa elementor-widget elementor-widget-image\" data-id=\"e8d18fa\" data-element_type=\"widget\" data-e-type=\"widget\" data-widget_type=\"image.default\">\n\t\t\t\t<div class=\"elementor-widget-container\">\n\t\t\t\t\t\t\t\t\t\t\t\t\t\t\t\t<a href=\"https:\/\/plcsupplyspot.com\/lt\/produkto-kategorija\/siemens\/\" target=\"_blank\">\n\t\t\t\t\t\t\t<img loading=\"lazy\" decoding=\"async\" width=\"300\" height=\"62\" src=\"https:\/\/plcsupplyspot.com\/wp-content\/uploads\/2024\/06\/44792736-300x62.webp\" class=\"attachment-medium size-medium wp-image-4649\" alt=\"Siemens\" srcset=\"https:\/\/plcsupplyspot.com\/wp-content\/uploads\/2024\/06\/44792736-300x62.webp 300w, https:\/\/plcsupplyspot.com\/wp-content\/uploads\/2024\/06\/44792736-1024x210.webp 1024w, https:\/\/plcsupplyspot.com\/wp-content\/uploads\/2024\/06\/44792736-768x158.webp 768w, https:\/\/plcsupplyspot.com\/wp-content\/uploads\/2024\/06\/44792736-400x82.webp 400w, https:\/\/plcsupplyspot.com\/wp-content\/uploads\/2024\/06\/44792736.webp 1304w\" sizes=\"(max-width: 300px) 100vw, 300px\" \/>\t\t\t\t\t\t\t\t<\/a>\n\t\t\t\t\t\t\t\t\t\t\t\t\t\t\t<\/div>\n\t\t\t\t<\/div>\n\t\t\t\t<div class=\"elementor-element elementor-element-ce4a0c4 elementor-widget elementor-widget-image\" data-id=\"ce4a0c4\" data-element_type=\"widget\" data-e-type=\"widget\" data-widget_type=\"image.default\">\n\t\t\t\t<div class=\"elementor-widget-container\">\n\t\t\t\t\t\t\t\t\t\t\t\t\t\t\t\t<a href=\"https:\/\/plcsupplyspot.com\/lt\/produkto-kategorija\/schneider\/\" target=\"_blank\">\n\t\t\t\t\t\t\t<img loading=\"lazy\" decoding=\"async\" width=\"300\" height=\"68\" src=\"https:\/\/plcsupplyspot.com\/wp-content\/uploads\/2024\/06\/44792737-300x68.webp\" class=\"attachment-medium size-medium wp-image-4650\" alt=\"Schneider Electric Brand\" srcset=\"https:\/\/plcsupplyspot.com\/wp-content\/uploads\/2024\/06\/44792737-300x68.webp 300w, https:\/\/plcsupplyspot.com\/wp-content\/uploads\/2024\/06\/44792737-1024x232.webp 1024w, https:\/\/plcsupplyspot.com\/wp-content\/uploads\/2024\/06\/44792737-768x174.webp 768w, https:\/\/plcsupplyspot.com\/wp-content\/uploads\/2024\/06\/44792737-400x91.webp 400w, https:\/\/plcsupplyspot.com\/wp-content\/uploads\/2024\/06\/44792737.webp 1252w\" sizes=\"(max-width: 300px) 100vw, 300px\" \/>\t\t\t\t\t\t\t\t<\/a>\n\t\t\t\t\t\t\t\t\t\t\t\t\t\t\t<\/div>\n\t\t\t\t<\/div>\n\t\t\t\t<\/div>\n\t\t\t\t\t<\/div>\n\t\t\t\t<\/div>\n\t\t<div class=\"elementor-element elementor-element-4944244 e-flex e-con-boxed e-con e-parent\" data-id=\"4944244\" data-element_type=\"container\" data-e-type=\"container\" data-settings=\"{&quot;background_background&quot;:&quot;classic&quot;}\">\n\t\t\t\t\t<div class=\"e-con-inner\">\n\t\t\t\t<div class=\"elementor-element elementor-element-c94c220 elementor-widget elementor-widget-spacer\" data-id=\"c94c220\" data-element_type=\"widget\" data-e-type=\"widget\" data-widget_type=\"spacer.default\">\n\t\t\t\t<div class=\"elementor-widget-container\">\n\t\t\t\t\t\t\t<div class=\"elementor-spacer\">\n\t\t\t<div class=\"elementor-spacer-inner\"><\/div>\n\t\t<\/div>\n\t\t\t\t\t\t<\/div>\n\t\t\t\t<\/div>\n\t\t\t\t<div class=\"elementor-element elementor-element-d01356b elementor-align-center elementor-widget elementor-widget-button\" data-id=\"d01356b\" data-element_type=\"widget\" data-e-type=\"widget\" data-widget_type=\"button.default\">\n\t\t\t\t<div class=\"elementor-widget-container\">\n\t\t\t\t\t\t\t\t\t<div class=\"elementor-button-wrapper\">\n\t\t\t\t\t<a class=\"elementor-button elementor-button-link elementor-size-sm\" href=\"https:\/\/plcsupplyspot.com\/lt\/automatikos-komponentai\/\">\n\t\t\t\t\t\t<span class=\"elementor-button-content-wrapper\">\n\t\t\t\t\t\t\t\t\t<span class=\"elementor-button-text\">Parduotuv\u0117<\/span>\n\t\t\t\t\t<\/span>\n\t\t\t\t\t<\/a>\n\t\t\t\t<\/div>\n\t\t\t\t\t\t\t\t<\/div>\n\t\t\t\t<\/div>\n\t\t\t\t<div class=\"elementor-element elementor-element-06ec897 elementor-widget elementor-widget-spacer\" data-id=\"06ec897\" data-element_type=\"widget\" data-e-type=\"widget\" data-widget_type=\"spacer.default\">\n\t\t\t\t<div class=\"elementor-widget-container\">\n\t\t\t\t\t\t\t<div class=\"elementor-spacer\">\n\t\t\t<div class=\"elementor-spacer-inner\"><\/div>\n\t\t<\/div>\n\t\t\t\t\t\t<\/div>\n\t\t\t\t<\/div>\n\t\t\t\t\t<\/div>\n\t\t\t\t<\/div>\n\t\t\t\t<\/div>\n\t\t","protected":false},"excerpt":{"rendered":"<p>preki\u0173 \u017eenklai Parduotuv\u0117<\/p>\n","protected":false},"author":1,"featured_media":0,"parent":0,"menu_order":0,"comment_status":"closed","ping_status":"closed","template":"elementor_header_footer","meta":{"site-sidebar-layout":"no-sidebar","site-content-layout":"page-builder","ast-site-content-layout":"full-width-container","site-content-style":"default","site-sidebar-style":"default","ast-global-header-display":"","ast-banner-title-visibility":"","ast-main-header-display":"","ast-hfb-above-header-display":"","ast-hfb-below-header-display":"","ast-hfb-mobile-header-display":"","site-post-title":"disabled","ast-breadcrumbs-content":"","ast-featured-img":"disabled","footer-sml-layout":"","ast-disable-related-posts":"","theme-transparent-header-meta":"","adv-header-id-meta":"","stick-header-meta":"","header-above-stick-meta":"","header-main-stick-meta":"","header-below-stick-meta":"","astra-migrate-meta-layouts":"set","ast-page-background-enabled":"default","ast-page-background-meta":{"desktop":{"background-color":"","background-image":"","background-repeat":"repeat","background-position":"center center","background-size":"auto","background-attachment":"scroll","background-type":"","background-media":"","overlay-type":"","overlay-color":"","overlay-opacity":"","overlay-gradient":""},"tablet":{"background-color":"","background-image":"","background-repeat":"repeat","background-position":"center center","background-size":"auto","background-attachment":"scroll","background-type":"","background-media":"","overlay-type":"","overlay-color":"","overlay-opacity":"","overlay-gradient":""},"mobile":{"background-color":"","background-image":"","background-repeat":"repeat","background-position":"center center","background-size":"auto","background-attachment":"scroll","background-type":"","background-media":"","overlay-type":"","overlay-color":"","overlay-opacity":"","overlay-gradient":""}},"ast-content-background-meta":{"desktop":{"background-color":"var(--ast-global-color-5)","background-image":"","background-repeat":"repeat","background-position":"center center","background-size":"auto","background-attachment":"scroll","background-type":"","background-media":"","overlay-type":"","overlay-color":"","overlay-opacity":"","overlay-gradient":""},"tablet":{"background-color":"var(--ast-global-color-5)","background-image":"","background-repeat":"repeat","background-position":"center center","background-size":"auto","background-attachment":"scroll","background-type":"","background-media":"","overlay-type":"","overlay-color":"","overlay-opacity":"","overlay-gradient":""},"mobile":{"background-color":"var(--ast-global-color-5)","background-image":"","background-repeat":"repeat","background-position":"center center","background-size":"auto","background-attachment":"scroll","background-type":"","background-media":"","overlay-type":"","overlay-color":"","overlay-opacity":"","overlay-gradient":""}},"footnotes":""},"class_list":["post-5050","page","type-page","status-publish","hentry"],"yoast_head":"<!-- This site is optimized with the Yoast SEO plugin v27.3 - https:\/\/yoast.com\/product\/yoast-seo-wordpress\/ -->\n<title>Prek\u0117s \u017eenklai | PLC Supply spot<\/title>\n<meta name=\"robots\" content=\"index, follow, max-snippet:-1, max-image-preview:large, max-video-preview:-1\" \/>\n<link rel=\"canonical\" href=\"https:\/\/plcsupplyspot.com\/lt\/prekes-zenklai\/\" \/>\n<meta property=\"og:locale\" content=\"lt_LT\" \/>\n<meta property=\"og:type\" content=\"article\" \/>\n<meta property=\"og:title\" content=\"Prek\u0117s \u017eenklai | PLC Supply spot\" \/>\n<meta property=\"og:description\" content=\"preki\u0173 \u017eenklai Parduotuv\u0117\" \/>\n<meta property=\"og:url\" content=\"https:\/\/plcsupplyspot.com\/lt\/prekes-zenklai\/\" \/>\n<meta property=\"og:site_name\" content=\"PLC Supply spot\" \/>\n<meta property=\"article:publisher\" content=\"https:\/\/www.facebook.com\/profile.php?id=61571705128033\" \/>\n<meta property=\"article:modified_time\" content=\"2025-09-25T20:54:14+00:00\" \/>\n<meta property=\"og:image\" content=\"https:\/\/plcsupplyspot.com\/wp-content\/uploads\/2024\/06\/44792733.webp\" \/>\n\t<meta property=\"og:image:width\" content=\"1333\" \/>\n\t<meta property=\"og:image:height\" content=\"304\" \/>\n\t<meta property=\"og:image:type\" content=\"image\/webp\" \/>\n<meta name=\"twitter:card\" content=\"summary_large_image\" \/>\n<meta name=\"twitter:label1\" content=\"Est. reading time\" \/>\n\t<meta name=\"twitter:data1\" content=\"2 minut\u0117s\" \/>\n<!-- \/ Yoast SEO plugin. -->","yoast_head_json":{"title":"Prek\u0117s \u017eenklai | PLC Supply spot","robots":{"index":"index","follow":"follow","max-snippet":"max-snippet:-1","max-image-preview":"max-image-preview:large","max-video-preview":"max-video-preview:-1"},"canonical":"https:\/\/plcsupplyspot.com\/lt\/prekes-zenklai\/","og_locale":"lt_LT","og_type":"article","og_title":"Prek\u0117s \u017eenklai | PLC Supply spot","og_description":"preki\u0173 \u017eenklai Parduotuv\u0117","og_url":"https:\/\/plcsupplyspot.com\/lt\/prekes-zenklai\/","og_site_name":"PLC Supply spot","article_publisher":"https:\/\/www.facebook.com\/profile.php?id=61571705128033","article_modified_time":"2025-09-25T20:54:14+00:00","og_image":[{"width":1333,"height":304,"url":"https:\/\/plcsupplyspot.com\/wp-content\/uploads\/2024\/06\/44792733.webp","type":"image\/webp"}],"twitter_card":"summary_large_image","twitter_misc":{"Est. reading time":"2 minut\u0117s"},"schema":{"@context":"https:\/\/schema.org","@graph":[{"@type":"WebPage","@id":"https:\/\/plcsupplyspot.com\/lt\/prekes-zenklai\/","url":"https:\/\/plcsupplyspot.com\/lt\/prekes-zenklai\/","name":"Prek\u0117s \u017eenklai | PLC Supply spot","isPartOf":{"@id":"https:\/\/plcsupplyspot.com\/lt\/#website"},"primaryImageOfPage":{"@id":"https:\/\/plcsupplyspot.com\/lt\/prekes-zenklai\/#primaryimage"},"image":{"@id":"https:\/\/plcsupplyspot.com\/lt\/prekes-zenklai\/#primaryimage"},"thumbnailUrl":"https:\/\/plcsupplyspot.com\/wp-content\/uploads\/2024\/06\/44792733-300x68.webp","datePublished":"2025-01-23T08:46:06+00:00","dateModified":"2025-09-25T20:54:14+00:00","breadcrumb":{"@id":"https:\/\/plcsupplyspot.com\/lt\/prekes-zenklai\/#breadcrumb"},"inLanguage":"lt-LT","potentialAction":[{"@type":"ReadAction","target":["https:\/\/plcsupplyspot.com\/lt\/prekes-zenklai\/"]}]},{"@type":"ImageObject","inLanguage":"lt-LT","@id":"https:\/\/plcsupplyspot.com\/lt\/prekes-zenklai\/#primaryimage","url":"https:\/\/plcsupplyspot.com\/wp-content\/uploads\/2024\/06\/44792733-300x68.webp","contentUrl":"https:\/\/plcsupplyspot.com\/wp-content\/uploads\/2024\/06\/44792733-300x68.webp"},{"@type":"BreadcrumbList","@id":"https:\/\/plcsupplyspot.com\/lt\/prekes-zenklai\/#breadcrumb","itemListElement":[{"@type":"ListItem","position":1,"name":"home","item":"https:\/\/plcsupplyspot.com\/lt\/"},{"@type":"ListItem","position":2,"name":"Prek\u0117s \u017eenklai"}]},{"@type":"WebSite","@id":"https:\/\/plcsupplyspot.com\/lt\/#website","url":"https:\/\/plcsupplyspot.com\/lt\/","name":"PLC Supply Spot","description":"Innovate. Accelerate. Automate!","publisher":{"@id":"https:\/\/plcsupplyspot.com\/lt\/#organization"},"potentialAction":[{"@type":"SearchAction","target":{"@type":"EntryPoint","urlTemplate":"https:\/\/plcsupplyspot.com\/lt\/?s={search_term_string}"},"query-input":{"@type":"PropertyValueSpecification","valueRequired":true,"valueName":"search_term_string"}}],"inLanguage":"lt-LT"},{"@type":"Organization","@id":"https:\/\/plcsupplyspot.com\/lt\/#organization","name":"PLC Supply Spot","alternateName":"PLC Supply Spot","url":"https:\/\/plcsupplyspot.com\/lt\/","logo":{"@type":"ImageObject","inLanguage":"lt-LT","@id":"https:\/\/plcsupplyspot.com\/lt\/#\/schema\/logo\/image\/","url":"https:\/\/plcsupplyspot.com\/wp-content\/uploads\/2026\/01\/plc-supply-spot-logo-1.png","contentUrl":"https:\/\/plcsupplyspot.com\/wp-content\/uploads\/2026\/01\/plc-supply-spot-logo-1.png","width":720,"height":720,"caption":"PLC Supply Spot"},"image":{"@id":"https:\/\/plcsupplyspot.com\/lt\/#\/schema\/logo\/image\/"},"sameAs":["https:\/\/www.facebook.com\/profile.php?id=61571705128033"]}]}},"_links":{"self":[{"href":"https:\/\/plcsupplyspot.com\/lt\/wp-json\/wp\/v2\/pages\/5050","targetHints":{"allow":["GET"]}}],"collection":[{"href":"https:\/\/plcsupplyspot.com\/lt\/wp-json\/wp\/v2\/pages"}],"about":[{"href":"https:\/\/plcsupplyspot.com\/lt\/wp-json\/wp\/v2\/types\/page"}],"author":[{"embeddable":true,"href":"https:\/\/plcsupplyspot.com\/lt\/wp-json\/wp\/v2\/users\/1"}],"replies":[{"embeddable":true,"href":"https:\/\/plcsupplyspot.com\/lt\/wp-json\/wp\/v2\/comments?post=5050"}],"version-history":[{"count":17,"href":"https:\/\/plcsupplyspot.com\/lt\/wp-json\/wp\/v2\/pages\/5050\/revisions"}],"predecessor-version":[{"id":5729,"href":"https:\/\/plcsupplyspot.com\/lt\/wp-json\/wp\/v2\/pages\/5050\/revisions\/5729"}],"wp:attachment":[{"href":"https:\/\/plcsupplyspot.com\/lt\/wp-json\/wp\/v2\/media?parent=5050"}],"curies":[{"name":"wp","href":"https:\/\/api.w.org\/{rel}","templated":true}]}}