{"id":4954,"date":"2024-06-02T10:17:55","date_gmt":"2024-06-02T10:17:55","guid":{"rendered":"https:\/\/plcsupplyspot.com\/apie-mus\/"},"modified":"2026-01-16T07:26:37","modified_gmt":"2026-01-16T07:26:37","slug":"apie-mus","status":"publish","type":"page","link":"https:\/\/plcsupplyspot.com\/lt\/apie-mus\/","title":{"rendered":"Apie mus"},"content":{"rendered":"\t\t<div data-elementor-type=\"wp-page\" data-elementor-id=\"4954\" class=\"elementor elementor-4954 elementor-2713\" data-elementor-post-type=\"page\">\n\t\t\t\t<div class=\"elementor-element elementor-element-c0ce411 e-flex e-con-boxed e-con e-parent\" data-id=\"c0ce411\" data-element_type=\"container\" data-e-type=\"container\">\n\t\t\t\t\t<div class=\"e-con-inner\">\n\t\t<div class=\"elementor-element elementor-element-3786008 e-con-full e-flex e-con e-child\" data-id=\"3786008\" data-element_type=\"container\" data-e-type=\"container\">\n\t\t\t\t<\/div>\n\t\t<div class=\"elementor-element elementor-element-1b04e7d e-con-full e-flex e-con e-child\" data-id=\"1b04e7d\" data-element_type=\"container\" data-e-type=\"container\">\n\t\t\t\t<\/div>\n\t\t\t\t\t<\/div>\n\t\t\t\t<\/div>\n\t\t<div class=\"elementor-element elementor-element-8792f0e e-flex e-con-boxed e-con e-parent\" data-id=\"8792f0e\" data-element_type=\"container\" data-e-type=\"container\" data-settings=\"{&quot;background_background&quot;:&quot;classic&quot;}\">\n\t\t\t\t\t<div class=\"e-con-inner\">\n\t\t\t\t<div class=\"elementor-element elementor-element-5df6d7a elementor-widget elementor-widget-spacer\" data-id=\"5df6d7a\" data-element_type=\"widget\" data-e-type=\"widget\" data-widget_type=\"spacer.default\">\n\t\t\t\t<div class=\"elementor-widget-container\">\n\t\t\t\t\t\t\t<div class=\"elementor-spacer\">\n\t\t\t<div class=\"elementor-spacer-inner\"><\/div>\n\t\t<\/div>\n\t\t\t\t\t\t<\/div>\n\t\t\t\t<\/div>\n\t\t\t\t<div class=\"elementor-element elementor-element-d01356b elementor-align-right elementor-widget elementor-widget-button\" data-id=\"d01356b\" data-element_type=\"widget\" data-e-type=\"widget\" data-widget_type=\"button.default\">\n\t\t\t\t<div class=\"elementor-widget-container\">\n\t\t\t\t\t\t\t\t\t<div class=\"elementor-button-wrapper\">\n\t\t\t\t\t<a class=\"elementor-button elementor-button-link elementor-size-sm\" href=\"https:\/\/plcsupplyspot.com\/lt\/susisiekime\/\">\n\t\t\t\t\t\t<span class=\"elementor-button-content-wrapper\">\n\t\t\t\t\t\t\t\t\t<span class=\"elementor-button-text\">Susisiekime<\/span>\n\t\t\t\t\t<\/span>\n\t\t\t\t\t<\/a>\n\t\t\t\t<\/div>\n\t\t\t\t\t\t\t\t<\/div>\n\t\t\t\t<\/div>\n\t\t\t\t\t<\/div>\n\t\t\t\t<\/div>\n\t\t<div class=\"elementor-element elementor-element-3d85c24 e-flex e-con-boxed e-con e-parent\" data-id=\"3d85c24\" data-element_type=\"container\" data-e-type=\"container\" data-settings=\"{&quot;background_background&quot;:&quot;classic&quot;}\">\n\t\t\t\t\t<div class=\"e-con-inner\">\n\t\t\t\t<div class=\"elementor-element elementor-element-6ae3ede elementor-widget elementor-widget-heading\" data-id=\"6ae3ede\" data-element_type=\"widget\" data-e-type=\"widget\" data-widget_type=\"heading.default\">\n\t\t\t\t<div class=\"elementor-widget-container\">\n\t\t\t\t\t<h1 class=\"elementor-heading-title elementor-size-default\">Kas mes esame?<\/h1>\t\t\t\t<\/div>\n\t\t\t\t<\/div>\n\t\t\t\t<div class=\"elementor-element elementor-element-2a4415c elementor-widget-divider--view-line elementor-widget elementor-widget-divider\" data-id=\"2a4415c\" data-element_type=\"widget\" data-e-type=\"widget\" data-widget_type=\"divider.default\">\n\t\t\t\t<div class=\"elementor-widget-container\">\n\t\t\t\t\t\t\t<div class=\"elementor-divider\">\n\t\t\t<span class=\"elementor-divider-separator\">\n\t\t\t\t\t\t<\/span>\n\t\t<\/div>\n\t\t\t\t\t\t<\/div>\n\t\t\t\t<\/div>\n\t\t\t\t<div class=\"elementor-element elementor-element-21a21ea elementor-widget elementor-widget-heading\" data-id=\"21a21ea\" data-element_type=\"widget\" data-e-type=\"widget\" data-widget_type=\"heading.default\">\n\t\t\t\t<div class=\"elementor-widget-container\">\n\t\t\t\t\t<h2 class=\"elementor-heading-title elementor-size-default\">M\u016bs\u0173 pagrindinis tikslas<\/h2>\t\t\t\t<\/div>\n\t\t\t\t<\/div>\n\t\t\t\t<div class=\"elementor-element elementor-element-5f7ed62 elementor-widget elementor-widget-text-editor\" data-id=\"5f7ed62\" data-element_type=\"widget\" data-e-type=\"widget\" data-widget_type=\"text-editor.default\">\n\t\t\t\t<div class=\"elementor-widget-container\">\n\t\t\t\t\t\t\t\t\t<p>Siekiame u\u017etikrinti patikim\u0105 ir veiksming\u0105 produkt\u0173 tiekim\u0105 m\u016bs\u0173 klientams, pad\u0117ti jiems i\u0161laikyti veikian\u010dias gamybos linijas ir u\u017etikrinti ilgaam\u017ei\u0161kum\u0105 bei kokyb\u0119. Suprantame, kaip svarbu tiekti patikimus komponentus ir gaminius, kad pramon\u0117s veikla b\u016bt\u0173 sklandi, ir siekiame b\u016bti patikimu partneriu tenkinant j\u016bs\u0173 automatizavimo poreikius. <\/p>\n<p>Be tiekimo paslaug\u0173, teikiame konsultacijas ir technin\u0119 pagalb\u0105, kad pad\u0117tume klientams pasirinkti tinkamus gaminius ar sprendimus, atitinkan\u010dius j\u0173 unikalius reikalavimus ir specifikacijas. M\u016bs\u0173 ekspert\u0173 komanda yra pasirengusi teikti rekomendacijas ir suteikti kompetencijos, kad u\u017etikrintume, jog j\u016bs\u0173 pramonin\u0117ms reikm\u0117ms b\u016bt\u0173 parinkti tinkamiausi komponentai. <\/p>\n<p>Nesvarbu, ar jums reikia tiekimo pasi\u016blymo, remonto, ar bet kokios kitos technin\u0117s pagalbos, galite pasikliauti m\u016bs\u0173 \u012fmone kaip patikimu automatikos produkt\u0173 ir komponent\u0173 tiek\u0117ju. Esame \u012fsipareigoj\u0119 teikti i\u0161skirtines paslaugas ir pranokti j\u016bs\u0173 l\u016bkes\u010dius pramonin\u0117s automatikos pramon\u0117je. <\/p>\n\t\t\t\t\t\t\t\t<\/div>\n\t\t\t\t<\/div>\n\t\t\t\t<div class=\"elementor-element elementor-element-617933d elementor-widget elementor-widget-spacer\" data-id=\"617933d\" data-element_type=\"widget\" data-e-type=\"widget\" data-widget_type=\"spacer.default\">\n\t\t\t\t<div class=\"elementor-widget-container\">\n\t\t\t\t\t\t\t<div class=\"elementor-spacer\">\n\t\t\t<div class=\"elementor-spacer-inner\"><\/div>\n\t\t<\/div>\n\t\t\t\t\t\t<\/div>\n\t\t\t\t<\/div>\n\t\t\t\t\t<\/div>\n\t\t\t\t<\/div>\n\t\t<div class=\"elementor-element elementor-element-4944244 e-con-full e-flex e-con e-parent\" data-id=\"4944244\" data-element_type=\"container\" data-e-type=\"container\" data-settings=\"{&quot;background_background&quot;:&quot;classic&quot;}\">\n\t\t<div class=\"elementor-element elementor-element-2914ce6 e-con-full e-flex e-con e-child\" data-id=\"2914ce6\" data-element_type=\"container\" data-e-type=\"container\">\n\t\t\t\t<div class=\"elementor-element elementor-element-880a44a elementor-widget elementor-widget-heading\" data-id=\"880a44a\" data-element_type=\"widget\" data-e-type=\"widget\" data-widget_type=\"heading.default\">\n\t\t\t\t<div class=\"elementor-widget-container\">\n\t\t\t\t\t<h2 class=\"elementor-heading-title elementor-size-default\">Platus produkt\u0173<br>pasirinkimas<\/h2>\t\t\t\t<\/div>\n\t\t\t\t<\/div>\n\t\t\t\t<div class=\"elementor-element elementor-element-8db58eb elementor-widget elementor-widget-text-editor\" data-id=\"8db58eb\" data-element_type=\"widget\" data-e-type=\"widget\" data-widget_type=\"text-editor.default\">\n\t\t\t\t<div class=\"elementor-widget-container\">\n\t\t\t\t\t\t\t\t\t<p>Did\u017eiuojam\u0117s gal\u0117dami pasi\u016blyti plat\u0173 automatikos produkt\u0173 ir komponent\u0173 asortiment\u0105.<\/p>\n\t\t\t\t\t\t\t\t<\/div>\n\t\t\t\t<\/div>\n\t\t\t\t<\/div>\n\t\t<div class=\"elementor-element elementor-element-e787055 e-con-full e-flex e-con e-child\" data-id=\"e787055\" data-element_type=\"container\" data-e-type=\"container\">\n\t\t\t\t<div class=\"elementor-element elementor-element-4891b41 elementor-widget elementor-widget-heading\" data-id=\"4891b41\" data-element_type=\"widget\" data-e-type=\"widget\" data-widget_type=\"heading.default\">\n\t\t\t\t<div class=\"elementor-widget-container\">\n\t\t\t\t\t<h2 class=\"elementor-heading-title elementor-size-default\">Kokyb\u0117 ir <br>Patikimumas<\/h2>\t\t\t\t<\/div>\n\t\t\t\t<\/div>\n\t\t\t\t<div class=\"elementor-element elementor-element-bd46b25 elementor-widget elementor-widget-text-editor\" data-id=\"bd46b25\" data-element_type=\"widget\" data-e-type=\"widget\" data-widget_type=\"text-editor.default\">\n\t\t\t\t<div class=\"elementor-widget-container\">\n\t\t\t\t\t\t\t\t\t<p>Savo gaminius \u012fsigyjame i\u0161 patikim\u0173 gamintoj\u0173 ir atliekame grie\u017etus kokyb\u0117s patikrinimus, kad u\u017etikrintume j\u0173 patikimum\u0105 ir veikim\u0105.<\/p>\n\t\t\t\t\t\t\t\t<\/div>\n\t\t\t\t<\/div>\n\t\t\t\t<\/div>\n\t\t<div class=\"elementor-element elementor-element-fb64bff e-con-full e-flex e-con e-child\" data-id=\"fb64bff\" data-element_type=\"container\" data-e-type=\"container\">\n\t\t\t\t<div class=\"elementor-element elementor-element-0ee0154 elementor-widget elementor-widget-heading\" data-id=\"0ee0154\" data-element_type=\"widget\" data-e-type=\"widget\" data-widget_type=\"heading.default\">\n\t\t\t\t<div class=\"elementor-widget-container\">\n\t\t\t\t\t<h2 class=\"elementor-heading-title elementor-size-default\">Konkurencinga<br>kaina<\/h2>\t\t\t\t<\/div>\n\t\t\t\t<\/div>\n\t\t\t\t<div class=\"elementor-element elementor-element-edb7ed6 elementor-widget elementor-widget-text-editor\" data-id=\"edb7ed6\" data-element_type=\"widget\" data-e-type=\"widget\" data-widget_type=\"text-editor.default\">\n\t\t\t\t<div class=\"elementor-widget-container\">\n\t\t\t\t\t\t\t\t\t<p>M\u016bs\u0173 naudot\u0173 ir nebenaudojam\u0173 automatikos gamini\u0173 asortimentas suteikia jums ekonomi\u0161k\u0173 galimybi\u0173 nesuma\u017einant kokyb\u0117s.<\/p>\n\t\t\t\t\t\t\t\t<\/div>\n\t\t\t\t<\/div>\n\t\t\t\t<\/div>\n\t\t<div class=\"elementor-element elementor-element-5e544e3 e-con-full e-flex e-con e-child\" data-id=\"5e544e3\" data-element_type=\"container\" data-e-type=\"container\">\n\t\t\t\t<div class=\"elementor-element elementor-element-af15efe elementor-widget elementor-widget-heading\" data-id=\"af15efe\" data-element_type=\"widget\" data-e-type=\"widget\" data-widget_type=\"heading.default\">\n\t\t\t\t<div class=\"elementor-widget-container\">\n\t\t\t\t\t<h2 class=\"elementor-heading-title elementor-size-default\">Technin\u0117<BR>pagalba<\/h2>\t\t\t\t<\/div>\n\t\t\t\t<\/div>\n\t\t\t\t<div class=\"elementor-element elementor-element-53e2424 elementor-widget elementor-widget-text-editor\" data-id=\"53e2424\" data-element_type=\"widget\" data-e-type=\"widget\" data-widget_type=\"text-editor.default\">\n\t\t\t\t<div class=\"elementor-widget-container\">\n\t\t\t\t\t\t\t\t\t<p>Mes neapsiribojame vien tik produkt\u0173 tiekimu. M\u016bs\u0173 tikslas &#8211; pateikti i\u0161samius sprendimus, kurie atitikt\u0173 konkre\u010dius j\u016bs\u0173 poreikius. <\/p>\n\t\t\t\t\t\t\t\t<\/div>\n\t\t\t\t<\/div>\n\t\t\t\t<\/div>\n\t\t\t\t<\/div>\n\t\t<div class=\"elementor-element elementor-element-b009b27 e-flex e-con-boxed e-con e-parent\" data-id=\"b009b27\" data-element_type=\"container\" data-e-type=\"container\" data-settings=\"{&quot;background_background&quot;:&quot;classic&quot;}\">\n\t\t\t\t\t<div class=\"e-con-inner\">\n\t\t\t\t<div class=\"elementor-element elementor-element-680bb2d elementor-widget elementor-widget-spacer\" data-id=\"680bb2d\" data-element_type=\"widget\" data-e-type=\"widget\" data-widget_type=\"spacer.default\">\n\t\t\t\t<div class=\"elementor-widget-container\">\n\t\t\t\t\t\t\t<div class=\"elementor-spacer\">\n\t\t\t<div class=\"elementor-spacer-inner\"><\/div>\n\t\t<\/div>\n\t\t\t\t\t\t<\/div>\n\t\t\t\t<\/div>\n\t\t\t\t\t<\/div>\n\t\t\t\t<\/div>\n\t\t\t\t<\/div>\n\t\t","protected":false},"excerpt":{"rendered":"<p>Susisiekime Kas mes esame? M\u016bs\u0173 pagrindinis tikslas Siekiame u\u017etikrinti patikim\u0105 ir veiksming\u0105 produkt\u0173 tiekim\u0105 m\u016bs\u0173 klientams, pad\u0117ti jiems i\u0161laikyti veikian\u010dias gamybos linijas ir u\u017etikrinti ilgaam\u017ei\u0161kum\u0105 bei kokyb\u0119. Suprantame, kaip svarbu tiekti patikimus komponentus ir gaminius, kad pramon\u0117s veikla b\u016bt\u0173 sklandi, ir siekiame b\u016bti patikimu partneriu tenkinant j\u016bs\u0173 automatizavimo poreikius. Be tiekimo paslaug\u0173, teikiame konsultacijas ir [&hellip;]<\/p>\n","protected":false},"author":2,"featured_media":0,"parent":0,"menu_order":0,"comment_status":"closed","ping_status":"closed","template":"elementor_header_footer","meta":{"site-sidebar-layout":"no-sidebar","site-content-layout":"page-builder","ast-site-content-layout":"full-width-container","site-content-style":"default","site-sidebar-style":"default","ast-global-header-display":"","ast-banner-title-visibility":"","ast-main-header-display":"","ast-hfb-above-header-display":"","ast-hfb-below-header-display":"","ast-hfb-mobile-header-display":"","site-post-title":"disabled","ast-breadcrumbs-content":"","ast-featured-img":"disabled","footer-sml-layout":"","ast-disable-related-posts":"","theme-transparent-header-meta":"","adv-header-id-meta":"","stick-header-meta":"","header-above-stick-meta":"","header-main-stick-meta":"","header-below-stick-meta":"","astra-migrate-meta-layouts":"set","ast-page-background-enabled":"default","ast-page-background-meta":{"desktop":{"background-color":"","background-image":"","background-repeat":"repeat","background-position":"center center","background-size":"auto","background-attachment":"scroll","background-type":"","background-media":"","overlay-type":"","overlay-color":"","overlay-opacity":"","overlay-gradient":""},"tablet":{"background-color":"","background-image":"","background-repeat":"repeat","background-position":"center center","background-size":"auto","background-attachment":"scroll","background-type":"","background-media":"","overlay-type":"","overlay-color":"","overlay-opacity":"","overlay-gradient":""},"mobile":{"background-color":"","background-image":"","background-repeat":"repeat","background-position":"center center","background-size":"auto","background-attachment":"scroll","background-type":"","background-media":"","overlay-type":"","overlay-color":"","overlay-opacity":"","overlay-gradient":""}},"ast-content-background-meta":{"desktop":{"background-color":"var(--ast-global-color-5)","background-image":"","background-repeat":"repeat","background-position":"center center","background-size":"auto","background-attachment":"scroll","background-type":"","background-media":"","overlay-type":"","overlay-color":"","overlay-opacity":"","overlay-gradient":""},"tablet":{"background-color":"var(--ast-global-color-5)","background-image":"","background-repeat":"repeat","background-position":"center center","background-size":"auto","background-attachment":"scroll","background-type":"","background-media":"","overlay-type":"","overlay-color":"","overlay-opacity":"","overlay-gradient":""},"mobile":{"background-color":"var(--ast-global-color-5)","background-image":"","background-repeat":"repeat","background-position":"center center","background-size":"auto","background-attachment":"scroll","background-type":"","background-media":"","overlay-type":"","overlay-color":"","overlay-opacity":"","overlay-gradient":""}},"footnotes":""},"class_list":["post-4954","page","type-page","status-publish","hentry"],"yoast_head":"<!-- This site is optimized with the Yoast SEO plugin v27.3 - https:\/\/yoast.com\/product\/yoast-seo-wordpress\/ -->\n<title>PLC Supply Spot - apie mus<\/title>\n<meta name=\"description\" content=\"&quot;PLC Supply Spot: J\u016bs\u0173 patikimas partneris pramon\u0117s automatizavimo srityje. Kokybi\u0161ki automatikos komponentai, greitas pristatymas ir profesionali pagalba.&quot;\" \/>\n<meta name=\"robots\" content=\"index, follow, max-snippet:-1, max-image-preview:large, max-video-preview:-1\" \/>\n<link rel=\"canonical\" href=\"https:\/\/plcsupplyspot.com\/lt\/apie-mus\/\" \/>\n<meta property=\"og:locale\" content=\"lt_LT\" \/>\n<meta property=\"og:type\" content=\"article\" \/>\n<meta property=\"og:title\" content=\"PLC Supply Spot - apie mus\" \/>\n<meta property=\"og:description\" content=\"&quot;PLC Supply Spot: J\u016bs\u0173 patikimas partneris pramon\u0117s automatizavimo srityje. Kokybi\u0161ki automatikos komponentai, greitas pristatymas ir profesionali pagalba.&quot;\" \/>\n<meta property=\"og:url\" content=\"https:\/\/plcsupplyspot.com\/lt\/apie-mus\/\" \/>\n<meta property=\"og:site_name\" content=\"PLC Supply spot\" \/>\n<meta property=\"article:publisher\" content=\"https:\/\/www.facebook.com\/profile.php?id=61571705128033\" \/>\n<meta property=\"article:modified_time\" content=\"2026-01-16T07:26:37+00:00\" \/>\n<meta property=\"og:image\" content=\"https:\/\/plcsupplyspot.com\/wp-content\/uploads\/2026\/01\/plc-supply-spot-logo-1.png\" \/>\n\t<meta property=\"og:image:width\" content=\"720\" \/>\n\t<meta property=\"og:image:height\" content=\"720\" \/>\n\t<meta property=\"og:image:type\" content=\"image\/png\" \/>\n<meta name=\"twitter:card\" content=\"summary_large_image\" \/>\n<meta name=\"twitter:label1\" content=\"Est. reading time\" \/>\n\t<meta name=\"twitter:data1\" content=\"2 minut\u0117s\" \/>\n<!-- \/ Yoast SEO plugin. -->","yoast_head_json":{"title":"PLC Supply Spot - apie mus","description":"\"PLC Supply Spot: J\u016bs\u0173 patikimas partneris pramon\u0117s automatizavimo srityje. Kokybi\u0161ki automatikos komponentai, greitas pristatymas ir profesionali pagalba.\"","robots":{"index":"index","follow":"follow","max-snippet":"max-snippet:-1","max-image-preview":"max-image-preview:large","max-video-preview":"max-video-preview:-1"},"canonical":"https:\/\/plcsupplyspot.com\/lt\/apie-mus\/","og_locale":"lt_LT","og_type":"article","og_title":"PLC Supply Spot - apie mus","og_description":"\"PLC Supply Spot: J\u016bs\u0173 patikimas partneris pramon\u0117s automatizavimo srityje. Kokybi\u0161ki automatikos komponentai, greitas pristatymas ir profesionali pagalba.\"","og_url":"https:\/\/plcsupplyspot.com\/lt\/apie-mus\/","og_site_name":"PLC Supply spot","article_publisher":"https:\/\/www.facebook.com\/profile.php?id=61571705128033","article_modified_time":"2026-01-16T07:26:37+00:00","og_image":[{"width":720,"height":720,"url":"https:\/\/plcsupplyspot.com\/wp-content\/uploads\/2026\/01\/plc-supply-spot-logo-1.png","type":"image\/png"}],"twitter_card":"summary_large_image","twitter_misc":{"Est. reading time":"2 minut\u0117s"},"schema":{"@context":"https:\/\/schema.org","@graph":[{"@type":"WebPage","@id":"https:\/\/plcsupplyspot.com\/lt\/apie-mus\/","url":"https:\/\/plcsupplyspot.com\/lt\/apie-mus\/","name":"PLC Supply Spot - apie mus","isPartOf":{"@id":"https:\/\/plcsupplyspot.com\/lt\/#website"},"datePublished":"2024-06-02T10:17:55+00:00","dateModified":"2026-01-16T07:26:37+00:00","description":"\"PLC Supply Spot: J\u016bs\u0173 patikimas partneris pramon\u0117s automatizavimo srityje. Kokybi\u0161ki automatikos komponentai, greitas pristatymas ir profesionali pagalba.\"","breadcrumb":{"@id":"https:\/\/plcsupplyspot.com\/lt\/apie-mus\/#breadcrumb"},"inLanguage":"lt-LT","potentialAction":[{"@type":"ReadAction","target":["https:\/\/plcsupplyspot.com\/lt\/apie-mus\/"]}]},{"@type":"BreadcrumbList","@id":"https:\/\/plcsupplyspot.com\/lt\/apie-mus\/#breadcrumb","itemListElement":[{"@type":"ListItem","position":1,"name":"home","item":"https:\/\/plcsupplyspot.com\/lt\/"},{"@type":"ListItem","position":2,"name":"Apie mus"}]},{"@type":"WebSite","@id":"https:\/\/plcsupplyspot.com\/lt\/#website","url":"https:\/\/plcsupplyspot.com\/lt\/","name":"PLC Supply Spot","description":"Innovate. Accelerate. Automate!","publisher":{"@id":"https:\/\/plcsupplyspot.com\/lt\/#organization"},"potentialAction":[{"@type":"SearchAction","target":{"@type":"EntryPoint","urlTemplate":"https:\/\/plcsupplyspot.com\/lt\/?s={search_term_string}"},"query-input":{"@type":"PropertyValueSpecification","valueRequired":true,"valueName":"search_term_string"}}],"inLanguage":"lt-LT"},{"@type":"Organization","@id":"https:\/\/plcsupplyspot.com\/lt\/#organization","name":"PLC Supply Spot","alternateName":"PLC Supply Spot","url":"https:\/\/plcsupplyspot.com\/lt\/","logo":{"@type":"ImageObject","inLanguage":"lt-LT","@id":"https:\/\/plcsupplyspot.com\/lt\/#\/schema\/logo\/image\/","url":"https:\/\/plcsupplyspot.com\/wp-content\/uploads\/2026\/01\/plc-supply-spot-logo-1.png","contentUrl":"https:\/\/plcsupplyspot.com\/wp-content\/uploads\/2026\/01\/plc-supply-spot-logo-1.png","width":720,"height":720,"caption":"PLC Supply Spot"},"image":{"@id":"https:\/\/plcsupplyspot.com\/lt\/#\/schema\/logo\/image\/"},"sameAs":["https:\/\/www.facebook.com\/profile.php?id=61571705128033"]}]}},"_links":{"self":[{"href":"https:\/\/plcsupplyspot.com\/lt\/wp-json\/wp\/v2\/pages\/4954","targetHints":{"allow":["GET"]}}],"collection":[{"href":"https:\/\/plcsupplyspot.com\/lt\/wp-json\/wp\/v2\/pages"}],"about":[{"href":"https:\/\/plcsupplyspot.com\/lt\/wp-json\/wp\/v2\/types\/page"}],"author":[{"embeddable":true,"href":"https:\/\/plcsupplyspot.com\/lt\/wp-json\/wp\/v2\/users\/2"}],"replies":[{"embeddable":true,"href":"https:\/\/plcsupplyspot.com\/lt\/wp-json\/wp\/v2\/comments?post=4954"}],"version-history":[{"count":16,"href":"https:\/\/plcsupplyspot.com\/lt\/wp-json\/wp\/v2\/pages\/4954\/revisions"}],"predecessor-version":[{"id":9342,"href":"https:\/\/plcsupplyspot.com\/lt\/wp-json\/wp\/v2\/pages\/4954\/revisions\/9342"}],"wp:attachment":[{"href":"https:\/\/plcsupplyspot.com\/lt\/wp-json\/wp\/v2\/media?parent=4954"}],"curies":[{"name":"wp","href":"https:\/\/api.w.org\/{rel}","templated":true}]}}