{"id":4903,"date":"2023-06-25T23:21:59","date_gmt":"2023-06-25T23:21:59","guid":{"rendered":"https:\/\/plcsupplyspot.com\/privatumo-politika\/"},"modified":"2025-01-22T05:52:36","modified_gmt":"2025-01-22T05:52:36","slug":"privatumo-politika","status":"publish","type":"page","link":"https:\/\/plcsupplyspot.com\/lt\/privatumo-politika\/","title":{"rendered":"Privatumo politika"},"content":{"rendered":"\t\t<div data-elementor-type=\"wp-page\" data-elementor-id=\"4903\" class=\"elementor elementor-4903 elementor-3\" data-elementor-post-type=\"page\">\n\t\t\t\t<div class=\"elementor-element elementor-element-144cb446 e-flex e-con-boxed e-con e-parent\" data-id=\"144cb446\" data-element_type=\"container\" data-e-type=\"container\">\n\t\t\t\t\t<div class=\"e-con-inner\">\n\t\t\t\t<div class=\"elementor-element elementor-element-25fbed0d elementor-widget elementor-widget-text-editor\" data-id=\"25fbed0d\" data-element_type=\"widget\" data-e-type=\"widget\" data-widget_type=\"text-editor.default\">\n\t\t\t\t<div class=\"elementor-widget-container\">\n\t\t\t\t\t\t\t\t\t<p> <\/p>\n<p><strong>PRIVATUMO POLITIKA<\/strong><\/p>\n<p>\u0160ioje privatumo politikoje (toliau &#8211; <strong>Privatumo politika)<\/strong> pateiksime informacij\u0105 apie tai, kaip &#8222;Plc supply spot&#8221;, MB, registracijos numeris 305675435, buvein\u0117s adresas V. Nagevi\u010diaus g. 3, 08235 Vilnius, Lietuva (toliau &#8211; <strong>Duomen\u0173 valdytojas<\/strong>), tvarko j\u016bs\u0173 asmens duomenis internetin\u0117je parduotuv\u0117je https:\/\/plcsupplyspot.com\/. <\/p>\n<p>Su Duomen\u0173 valdytoju galite susisiekti naudodami \u0161i\u0105 kontaktin\u0119 informacij\u0105:<\/p>\n<p>Telefonas: +<br>El. pa\u0161to adresas: info@plcsupplyspot.com<br>Adresas: V. Nagevi\u010diaus g. 3, 08235 Vilnius, Lietuva <\/p>\n<p><strong>Kokius j\u016bs\u0173 asmens duomenis tvarkome?<\/strong><\/p>\n<ul>\n<li>Tikslas: <strong><em>Sudaryti ir vykdyti sutartis su juridiniais asmenimis<\/em><\/strong>\n<ul>\n<li>Tvarkomi asmens duomenys: Vardas, pavard\u0117, gimimo data, kontaktin\u0117 informacija, susira\u0161in\u0117jimo turinys, kita sutartyje nurodyta informacija.<\/li>\n<li>Teisinis pagrindas: Teis\u0117tas interesas vykdyti veikl\u0105.<\/li>\n<li>Laikymo laikotarpis: De\u0161imt met\u0173 po sutarties galiojimo pabaigos.<\/li>\n<\/ul>\n<\/li>\n<li>Tikslas: <strong><em>Sudaryti ir vykdyti susitarimus su fiziniais asmenimis<\/em><\/strong>\n<ul>\n<li>Tvarkomi asmens duomenys: Vardas, pavard\u0117, gimimo data, adresas, telefono numeris, el. pa\u0161to adresas.<\/li>\n<li>Teisinis pagrindas: Sutartis.<\/li>\n<li>Laikymo laikotarpis: De\u0161imt met\u0173 po sutarties galiojimo pabaigos.<\/li>\n<li>Asmens duomenys gali b\u016bti perduodami mok\u0117jimo paslaug\u0173 teik\u0117jams.<\/li>\n<\/ul>\n<\/li>\n<li>Tikslas: <strong><em>U\u017esakymams pristatyti<\/em><\/strong>\n<ul>\n<li>Tvarkomi asmens duomenys: Vardas, pavard\u0117, telefono numeris, el. pa\u0161to adresas, adresas, pa\u0117mimo vietos duomenys, siuntos numeris.<\/li>\n<li>Teisinis pagrindas: Sutartis.<\/li>\n<li>Laikymo laikotarpis: De\u0161imt met\u0173 po sutarties galiojimo pabaigos.<\/li>\n<li>Asmens duomenys gali b\u016bti perduodami kurjeri\u0173, pristatymo, pa\u0161to paslaug\u0173 teik\u0117jams.<\/li>\n<\/ul>\n<\/li>\n<li>Tikslas: <strong><em>Gr\u0105\u017einimams atlikti<\/em><\/strong>\n<ul>\n<li>Tvarkomi asmens duomenys: Vardas, pavard\u0117, banko s\u0105skaitos numeris, kiti duomenys.<\/li>\n<li>Teisinis pagrindas: Sutartis, teisinis \u012fsipareigojimas.<\/li>\n<li>Laikymo laikotarpis: De\u0161imt met\u0173 po gr\u0105\u017einimo.<\/li>\n<li>Asmens duomenys gali b\u016bti perduodami mok\u0117jimo paslaug\u0173 teik\u0117jams.<\/li>\n<\/ul>\n<\/li>\n<li>Tikslas: <strong><em>Svetain\u0117s naudotoj\u0173 paskyr\u0173 k\u016brimas ir valdymas<\/em><\/strong>\n<ul>\n<li>Tvarkomi asmens duomenys: Vardas, pavard\u0117, paskyros pavadinimas ir slapta\u017eodis, telefono numeris, el. pa\u0161to adresas, adresas, nuotrauka.<\/li>\n<li>Teisinis pagrindas: Sutartis.<\/li>\n<li>Laikymo laikotarpis: Du metai po paskutinio prisijungimo prie paskyros.<\/li>\n<\/ul>\n<\/li>\n<li>Tikslas: <strong><em>Bendravimas su svetain\u0117s lankytojais<\/em><\/strong>\n<ul>\n<li>Tvarkomi asmens duomenys: Vardas, pavard\u0117, telefono numeris, el. pa\u0161to adresas.<\/li>\n<li>Teisinis pagrindas: Duomen\u0173 subjekto pra\u0161ymu imtis veiksm\u0173 prie\u0161 sudarant sutart\u012f \/ teis\u0117tas interesas vykdyti veikl\u0105 ir (arba) u\u017etikrinti kokyb\u0119.<\/li>\n<li>Laikymo laikotarpis: Saugojimo trukm\u0117: vieneri metai nuo u\u017eklausos i\u0161sprendimo.<\/li>\n<\/ul>\n<\/li>\n<li>Tikslas: <strong><em>Tiesiogin\u0117s rinkodaros tikslais (si\u0173sti naujienlai\u0161kius \/ kvietimus \u012f renginius, si\u016blyti pana\u0161ias prekes \/ paslaugas)<\/em><\/strong>\n<ul>\n<li>Tvarkomi asmens duomenys: Vardas, pavard\u0117, el. pa\u0161to adresas, telefono numeris.<\/li>\n<li>Teisinis pagrindas: Teisinis pagrindas: sutikimas, teis\u0117tas interesas si\u016blyti klientams pana\u0161ias prekes ar paslaugas.<\/li>\n<li>Laikymo laikotarpis: Dveji metai po sutikimo arba dveji metai po preki\u0173 ar paslaug\u0173 \u012fsigijimo.<\/li>\n<li>Asmens duomenys gali b\u016bti perduodami naujienlai\u0161ki\u0173 siuntimo sprendimams.<\/li>\n<\/ul>\n<\/li>\n<li>Tikslas: <strong><em>Socialin\u0117s \u017einiasklaidos paskyr\u0173 tvarkymui<\/em><\/strong>\n<ul>\n<li>Tvarkomi asmens duomenys: Unikalus ID, IP adresas, technin\u0117s \u012frangos informacija.<\/li>\n<li>Teisinis pagrindas: Sutikimas \/ teis\u0117tas interesas bendrauti su klientais.<\/li>\n<li>Laikymo laikotarpis: Saugojimo trukm\u0117: tol, kol svetain\u0117s lankytojai yra tokios \u017einiasklaidos paskyros sek\u0117jai.<\/li>\n<li>Informacij\u0105, kuri\u0105 mums perduodate lankydamiesi m\u016bs\u0173 socialin\u0117s \u017einiasklaidos svetain\u0117se (\u012fskaitant prane\u0161imus, mygtuk\u0173 &#8222;Patinka&#8221; ir &#8222;Sekti&#8221; naudojim\u0105 ar kit\u0105 bendravim\u0105), kontroliuosime kartu su socialin\u0117s \u017einiasklaidos valdytojais kaip bendri valdytojai.<\/li>\n<li>\u0160iuo metu turime \u0161ias socialin\u0117s \u017einiasklaidos paskyras:<\/li>\n<\/ul>\n<\/li>\n<li><a href=\"https:\/\/www.linkedin.com\/company\/mb-plc-supply-spot\/\">https:\/\/www.linkedin.com\/company\/mb-plc-supply-spot\/<\/a> &#8222;Linkedin&#8221;; j\u0173 privatumo politik\u0105 galima rasti adresu <a href=\"https:\/\/www.linkedin.com\/legal\/privacy-policy\">https:\/\/www.linkedin.com\/legal\/privacy-policy<\/a>.<\/li>\n<\/ul>\n<p>Perskaitykite tre\u010diosios \u0161alies privatumo politik\u0105 ir, jei turite klausim\u0173, kaip ji naudoja j\u016bs\u0173 asmens duomenis, kreipkit\u0117s tiesiogiai \u012f paslaugos teik\u0117j\u0105.<\/p>\n<p><strong>Kam galime perduoti j\u016bs\u0173 asmens duomenis?<\/strong><\/p>\n<p>Informacij\u0105 apie jus galime perduoti savo darbuotojams, atstovams ir paslaug\u0173 teik\u0117jams, pavyzd\u017eiui, skol\u0173 administravimo ir (arba) i\u0161ie\u0161kojimo bendrov\u0117ms arba archyvavimo paslaugas teikian\u010dioms bendrov\u0117ms, taip pat teisini\u0173 ir (arba) rinkodaros ir (arba) IT paslaug\u0173 teik\u0117jams arba subrangovams, jei to pagr\u012fstai reikia \u0161ioje privatumo politikoje nurodytais tikslais.<\/p>\n<p>Be to, j\u016bs\u0173 asmens duomenis galime atskleisti tais atvejais, kai to reikalauja \u012fstatymai arba siekdami apsaugoti savo teises ar interesus (\u012fskaitant atvej\u012f, kai j\u016bs\u0173 asmens duomenys perduodami kitiems asmenims skol\u0173 i\u0161ie\u0161kojimo tikslais), taip pat kai ketiname parduoti dal\u012f bendrov\u0117s verslo ar turto arba reorganizuoti bendrov\u0119 (ir toki\u0173 proces\u0173 metu esame papra\u0161yti atskleisti j\u016bs\u0173 asmens duomenis bet kuriam (potencialiam) tokio verslo ar turto pirk\u0117jui arba kitiems reorganizavimo dalyviams.<\/p>\n<p><strong>Kaip tvarkomi j\u016bs\u0173 asmens duomenys?<\/strong><\/p>\n<p>J\u016bs\u0173 asmens duomenys bus tvarkomi vadovaujantis Bendruoju duomen\u0173 apsaugos reglamentu ( <strong>BDAR<\/strong>), Lietuvos Respublikos asmens duomen\u0173 teisin\u0117s apsaugos \u012fstatymu ir kitais teis\u0117s akt\u0173 reikalavimais. Duomen\u0173 valdytojas, nustatydamas asmens duomen\u0173 tvarkymo priemones ir tokio tvarkymo metu, tur\u0117t\u0173 \u012fgyvendinti tinkamas technines ir organizacines priemones, numatytas teis\u0117s aktuose d\u0117l asmens duomen\u0173 apsaugos nuo atsitiktinio ar neteis\u0117to sunaikinimo, sugadinimo, pakeitimo, praradimo, atskleidimo ar bet kokio kito neteis\u0117to tvarkymo, ir imsis tinkam\u0173 priemoni\u0173, atsi\u017evelgdamas \u012f rizik\u0105, susijusi\u0105 su tokiu asmens duomen\u0173 tvarkymu. <\/p>\n<p><strong>Kokios yra j\u016bs\u0173 teis\u0117s?  <\/strong><\/p>\n<p>Toliau pateikiama informacija apie j\u016bs\u0173 teises, susijusias su Duomen\u0173 valdytojo atliekamu j\u016bs\u0173 asmens duomen\u0173 tvarkymu, ir apie tai, kaip \u0161iomis teis\u0117mis galima pasinaudoti. Jei norite gauti daugiau informacijos apie savo teises arba norite jomis pasinaudoti, susisiekite su mumis \u0161ioje privatumo politikoje nurodytu el. pa\u0161to adresu. <\/p>\n<ul>\n<li>Galite bet kada susisiekti su mumis ir paklausti, ar tvarkome j\u016bs\u0173 asmens duomenis. Jei j\u016bs\u0173 asmens duomenis saugome ar naudojame bet kokiu b\u016bdu, turite teis\u0119 susipa\u017einti su tokiais duomenimis. Nor\u0117dami pasinaudoti tokia teise, atsi\u0173skite mums ra\u0161ti\u0161k\u0105 pra\u0161ym\u0105 \u0161ioje privatumo politikoje nurodytu el. pa\u0161to adresu. Galime papra\u0161yti patvirtinti savo tapatyb\u0119, kad j\u016bs\u0173 pra\u0161ymas b\u016bt\u0173 patenkintas. Pateikdami tok\u012f pra\u0161ym\u0105, laikykit\u0117s protingumo ir s\u0105\u017einingumo princip\u0173.    <\/li>\n<li>Jei dav\u0117te mums sutikim\u0105 tvarkyti j\u016bs\u0173 asmens duomenis, galite bet kada at\u0161aukti tok\u012f sutikim\u0105 i\u0161si\u0173sdami mums lai\u0161k\u0105 \u0161ioje privatumo politikoje nurodytu el. pa\u0161to adresu.<\/li>\n<li>Turite teis\u0119 pra\u0161yti, kad i\u0161taisytume bet kokius netikslumus j\u016bs\u0173 asmens duomenyse. Tokiu atveju galime papra\u0161yti j\u016bs\u0173 patvirtinti i\u0161taisyt\u0105 informacij\u0105. <\/li>\n<li>Turite teis\u0119 pra\u0161yti, kad i\u0161trintume j\u016bs\u0173 asmens duomenis. \u0160i teis\u0117 gali b\u016bti \u012fgyvendinama BDAR 17 straipsnyje nurodytais atvejais. <\/li>\n<li>Turite teis\u0119 pra\u0161yti, kad apribotume arba susilaikytume nuo j\u016bs\u0173 asmens duomen\u0173 tvarkymo.<\/li>\n<li>Turite teis\u0119 \u012f duomen\u0173 perkeliamum\u0105, jei tokie duomenys tvarkomi automatizuotomis priemon\u0117mis, o mes tokius duomenis i\u0161 j\u016bs\u0173 gavome j\u016bs\u0173 sutikimo pagrindu arba sutarties sudarymo tikslu. Jei nuspr\u0119site pasinaudoti \u0161ia teise, j\u016bs\u0173 pra\u0161ymu perduosime j\u016bs\u0173 pateikt\u0173 duomen\u0173 kopij\u0105. <\/li>\n<li>Pagal BDAR 21 straipsn\u012f turite teis\u0119 nesutikti, kad b\u016bt\u0173 tvarkomi j\u016bs\u0173 asmens duomenys.<\/li>\n<\/ul>\n<p><strong>Kaip galite pasinaudoti savo teis\u0117mis?<\/strong><\/p>\n<p>Nor\u0117dami \u012fgyvendinti savo teises, galite pateikti mums pra\u0161ymus, skundus ar pretenzijas ra\u0161tu, naudodamiesi \u0161ioje privatumo politikoje nurodyta kontaktine informacija.<\/p>\n<p>\u012e j\u016bs\u0173 pra\u0161ym\u0105, skund\u0105 ar pretenzij\u0105 atsakysime ra\u0161tu pagal galiojan\u010dius \u012fstatymus ir stengsim\u0117s suteikti jums reikiam\u0105 informacij\u0105 per kuo trumpesn\u012f laik\u0105, bet jokiu b\u016bdu ne v\u0117liau kaip per 30 (trisde\u0161imt) dien\u0173 nuo j\u016bs\u0173 pra\u0161ymo gavimo.<\/p>\n<p>Jei gav\u0119 j\u016bs\u0173 pra\u0161ym\u0105, skund\u0105 ar pretenzij\u0105 abejojame d\u0117l j\u016bs\u0173 tapatyb\u0117s, galime papra\u0161yti parei\u0161k\u0117jo pateikti asmens tapatyb\u0119 patvirtinant\u012f dokument\u0105.<\/p>\n<p><strong>Skundai<\/strong><\/p>\n<p>Jei manote, kad j\u016bs\u0173, kaip duomen\u0173 subjekto, teis\u0117s buvo ir (arba) gali b\u016bti pa\u017eeistos, nedelsdami susisiekite su mumis \u0161ioje privatumo politikoje nurodytu el. pa\u0161to adresu. U\u017etikriname, kad gav\u0119 j\u016bs\u0173 skund\u0105, per proting\u0105 laik\u0105 informuosime jus apie skundo tyrimo eig\u0105, o v\u0117liau ir apie jo rezultatus. Jei toks tyrimo rezultatas J\u016bs\u0173 netenkina, galite pateikti skund\u0105 prie\u017ei\u016bros institucijai: Lietuvoje &#8211; Valstybinei duomen\u0173 apsaugos inspekcijai<a href=\"https:\/\/vdai.lrv.lt\/\">(https:\/\/vdai.lrv.lt\/<\/a>), o kit\u0173 ES \u0161ali\u0173 prie\u017ei\u016bros institucij\u0173 s\u0105ra\u0161\u0105 galite rasti Europos duomen\u0173 apsaugos valdybos interneto svetain\u0117je <a href=\"https:\/\/www.edpb.europa.eu\/about-edpb\/about-edpb\/members_lt\">https:\/\/www.edpb.europa.eu\/about-edpb\/about-edpb\/members_lt<\/a>.  <\/p>\n<p><strong>Atsakomyb\u0117  <\/strong><\/p>\n<p>Esate atsakingi u\u017e tai, kad j\u016bs\u0173 pateikta informacija b\u016bt\u0173 tiksli, teisinga ir i\u0161sami. Tur\u0117tum\u0117te nedelsdami prane\u0161ti mums el. pa\u0161tu, jei pasikei\u010dia j\u016bs\u0173 pateikti duomenys. Tod\u0117l mes neb\u016bsime atsakingi u\u017e bet koki\u0105 \u017eal\u0105, atsiradusi\u0105 d\u0117l to, kad nepateik\u0117te teising\u0173 ar i\u0161sami\u0173 asmens duomen\u0173 arba neprane\u0161\u0117te mums apie toki\u0173 duomen\u0173 pakeitimus.  <\/p>\n<p>\u0160i privatumo politika paskutin\u012f kart\u0105 atnaujinta 2024 m. bir\u017eelio 23 d.<\/p>\n<p> <\/p>\t\t\t\t\t\t\t\t<\/div>\n\t\t\t\t<\/div>\n\t\t\t\t\t<\/div>\n\t\t\t\t<\/div>\n\t\t\t\t<\/div>\n\t\t","protected":false},"excerpt":{"rendered":"<p>PRIVATUMO POLITIKA \u0160ioje privatumo politikoje (toliau &#8211; Privatumo politika) pateiksime informacij\u0105 apie tai, kaip &#8222;Plc supply spot&#8221;, MB, registracijos numeris 305675435, buvein\u0117s adresas V. Nagevi\u010diaus g. 3, 08235 Vilnius, Lietuva (toliau &#8211; Duomen\u0173 valdytojas), tvarko j\u016bs\u0173 asmens duomenis internetin\u0117je parduotuv\u0117je https:\/\/plcsupplyspot.com\/. Su Duomen\u0173 valdytoju galite susisiekti naudodami \u0161i\u0105 kontaktin\u0119 informacij\u0105: Telefonas: +El. pa\u0161to adresas: info@plcsupplyspot.comAdresas: [&hellip;]<\/p>\n","protected":false},"author":1,"featured_media":0,"parent":0,"menu_order":0,"comment_status":"closed","ping_status":"open","template":"elementor_header_footer","meta":{"site-sidebar-layout":"default","site-content-layout":"","ast-site-content-layout":"default","site-content-style":"default","site-sidebar-style":"default","ast-global-header-display":"","ast-banner-title-visibility":"","ast-main-header-display":"","ast-hfb-above-header-display":"","ast-hfb-below-header-display":"","ast-hfb-mobile-header-display":"","site-post-title":"","ast-breadcrumbs-content":"","ast-featured-img":"","footer-sml-layout":"","ast-disable-related-posts":"","theme-transparent-header-meta":"","adv-header-id-meta":"","stick-header-meta":"","header-above-stick-meta":"","header-main-stick-meta":"","header-below-stick-meta":"","astra-migrate-meta-layouts":"default","ast-page-background-enabled":"default","ast-page-background-meta":{"desktop":{"background-color":"","background-image":"","background-repeat":"repeat","background-position":"center center","background-size":"auto","background-attachment":"scroll","background-type":"","background-media":"","overlay-type":"","overlay-color":"","overlay-opacity":"","overlay-gradient":""},"tablet":{"background-color":"","background-image":"","background-repeat":"repeat","background-position":"center center","background-size":"auto","background-attachment":"scroll","background-type":"","background-media":"","overlay-type":"","overlay-color":"","overlay-opacity":"","overlay-gradient":""},"mobile":{"background-color":"","background-image":"","background-repeat":"repeat","background-position":"center center","background-size":"auto","background-attachment":"scroll","background-type":"","background-media":"","overlay-type":"","overlay-color":"","overlay-opacity":"","overlay-gradient":""}},"ast-content-background-meta":{"desktop":{"background-color":"var(--ast-global-color-5)","background-image":"","background-repeat":"repeat","background-position":"center center","background-size":"auto","background-attachment":"scroll","background-type":"","background-media":"","overlay-type":"","overlay-color":"","overlay-opacity":"","overlay-gradient":""},"tablet":{"background-color":"var(--ast-global-color-5)","background-image":"","background-repeat":"repeat","background-position":"center center","background-size":"auto","background-attachment":"scroll","background-type":"","background-media":"","overlay-type":"","overlay-color":"","overlay-opacity":"","overlay-gradient":""},"mobile":{"background-color":"var(--ast-global-color-5)","background-image":"","background-repeat":"repeat","background-position":"center center","background-size":"auto","background-attachment":"scroll","background-type":"","background-media":"","overlay-type":"","overlay-color":"","overlay-opacity":"","overlay-gradient":""}},"footnotes":""},"class_list":["post-4903","page","type-page","status-publish","hentry"],"yoast_head":"<!-- This site is optimized with the Yoast SEO plugin v27.3 - https:\/\/yoast.com\/product\/yoast-seo-wordpress\/ -->\n<title>Privatumo politika | PLC Supply spot<\/title>\n<meta name=\"robots\" content=\"index, follow, max-snippet:-1, max-image-preview:large, max-video-preview:-1\" \/>\n<link rel=\"canonical\" href=\"https:\/\/plcsupplyspot.com\/lt\/privatumo-politika\/\" \/>\n<meta property=\"og:locale\" content=\"lt_LT\" \/>\n<meta property=\"og:type\" content=\"article\" \/>\n<meta property=\"og:title\" content=\"Privatumo politika | PLC Supply spot\" \/>\n<meta property=\"og:description\" content=\"PRIVATUMO POLITIKA \u0160ioje privatumo politikoje (toliau &#8211; Privatumo politika) pateiksime informacij\u0105 apie tai, kaip &#8222;Plc supply spot&#8221;, MB, registracijos numeris 305675435, buvein\u0117s adresas V. Nagevi\u010diaus g. 3, 08235 Vilnius, Lietuva (toliau &#8211; Duomen\u0173 valdytojas), tvarko j\u016bs\u0173 asmens duomenis internetin\u0117je parduotuv\u0117je https:\/\/plcsupplyspot.com\/. Su Duomen\u0173 valdytoju galite susisiekti naudodami \u0161i\u0105 kontaktin\u0119 informacij\u0105: Telefonas: +El. pa\u0161to adresas: info@plcsupplyspot.comAdresas: [&hellip;]\" \/>\n<meta property=\"og:url\" content=\"https:\/\/plcsupplyspot.com\/lt\/privatumo-politika\/\" \/>\n<meta property=\"og:site_name\" content=\"PLC Supply spot\" \/>\n<meta property=\"article:publisher\" content=\"https:\/\/www.facebook.com\/profile.php?id=61571705128033\" \/>\n<meta property=\"article:modified_time\" content=\"2025-01-22T05:52:36+00:00\" \/>\n<meta property=\"og:image\" content=\"https:\/\/plcsupplyspot.com\/wp-content\/uploads\/2026\/01\/plc-supply-spot-logo-1.png\" \/>\n\t<meta property=\"og:image:width\" content=\"720\" \/>\n\t<meta property=\"og:image:height\" content=\"720\" \/>\n\t<meta property=\"og:image:type\" content=\"image\/png\" \/>\n<meta name=\"twitter:card\" content=\"summary_large_image\" \/>\n<meta name=\"twitter:label1\" content=\"Est. reading time\" \/>\n\t<meta name=\"twitter:data1\" content=\"7 minut\u0117s\" \/>\n<!-- \/ Yoast SEO plugin. -->","yoast_head_json":{"title":"Privatumo politika | PLC Supply spot","robots":{"index":"index","follow":"follow","max-snippet":"max-snippet:-1","max-image-preview":"max-image-preview:large","max-video-preview":"max-video-preview:-1"},"canonical":"https:\/\/plcsupplyspot.com\/lt\/privatumo-politika\/","og_locale":"lt_LT","og_type":"article","og_title":"Privatumo politika | PLC Supply spot","og_description":"PRIVATUMO POLITIKA \u0160ioje privatumo politikoje (toliau &#8211; Privatumo politika) pateiksime informacij\u0105 apie tai, kaip &#8222;Plc supply spot&#8221;, MB, registracijos numeris 305675435, buvein\u0117s adresas V. Nagevi\u010diaus g. 3, 08235 Vilnius, Lietuva (toliau &#8211; Duomen\u0173 valdytojas), tvarko j\u016bs\u0173 asmens duomenis internetin\u0117je parduotuv\u0117je https:\/\/plcsupplyspot.com\/. Su Duomen\u0173 valdytoju galite susisiekti naudodami \u0161i\u0105 kontaktin\u0119 informacij\u0105: Telefonas: +El. pa\u0161to adresas: info@plcsupplyspot.comAdresas: [&hellip;]","og_url":"https:\/\/plcsupplyspot.com\/lt\/privatumo-politika\/","og_site_name":"PLC Supply spot","article_publisher":"https:\/\/www.facebook.com\/profile.php?id=61571705128033","article_modified_time":"2025-01-22T05:52:36+00:00","og_image":[{"width":720,"height":720,"url":"https:\/\/plcsupplyspot.com\/wp-content\/uploads\/2026\/01\/plc-supply-spot-logo-1.png","type":"image\/png"}],"twitter_card":"summary_large_image","twitter_misc":{"Est. reading time":"7 minut\u0117s"},"schema":{"@context":"https:\/\/schema.org","@graph":[{"@type":"WebPage","@id":"https:\/\/plcsupplyspot.com\/lt\/privatumo-politika\/","url":"https:\/\/plcsupplyspot.com\/lt\/privatumo-politika\/","name":"Privatumo politika | PLC Supply spot","isPartOf":{"@id":"https:\/\/plcsupplyspot.com\/lt\/#website"},"datePublished":"2023-06-25T23:21:59+00:00","dateModified":"2025-01-22T05:52:36+00:00","breadcrumb":{"@id":"https:\/\/plcsupplyspot.com\/lt\/privatumo-politika\/#breadcrumb"},"inLanguage":"lt-LT","potentialAction":[{"@type":"ReadAction","target":["https:\/\/plcsupplyspot.com\/lt\/privatumo-politika\/"]}]},{"@type":"BreadcrumbList","@id":"https:\/\/plcsupplyspot.com\/lt\/privatumo-politika\/#breadcrumb","itemListElement":[{"@type":"ListItem","position":1,"name":"home","item":"https:\/\/plcsupplyspot.com\/lt\/"},{"@type":"ListItem","position":2,"name":"Privatumo politika"}]},{"@type":"WebSite","@id":"https:\/\/plcsupplyspot.com\/lt\/#website","url":"https:\/\/plcsupplyspot.com\/lt\/","name":"PLC Supply Spot","description":"Innovate. Accelerate. Automate!","publisher":{"@id":"https:\/\/plcsupplyspot.com\/lt\/#organization"},"potentialAction":[{"@type":"SearchAction","target":{"@type":"EntryPoint","urlTemplate":"https:\/\/plcsupplyspot.com\/lt\/?s={search_term_string}"},"query-input":{"@type":"PropertyValueSpecification","valueRequired":true,"valueName":"search_term_string"}}],"inLanguage":"lt-LT"},{"@type":"Organization","@id":"https:\/\/plcsupplyspot.com\/lt\/#organization","name":"PLC Supply Spot","alternateName":"PLC Supply Spot","url":"https:\/\/plcsupplyspot.com\/lt\/","logo":{"@type":"ImageObject","inLanguage":"lt-LT","@id":"https:\/\/plcsupplyspot.com\/lt\/#\/schema\/logo\/image\/","url":"https:\/\/plcsupplyspot.com\/wp-content\/uploads\/2026\/01\/plc-supply-spot-logo-1.png","contentUrl":"https:\/\/plcsupplyspot.com\/wp-content\/uploads\/2026\/01\/plc-supply-spot-logo-1.png","width":720,"height":720,"caption":"PLC Supply Spot"},"image":{"@id":"https:\/\/plcsupplyspot.com\/lt\/#\/schema\/logo\/image\/"},"sameAs":["https:\/\/www.facebook.com\/profile.php?id=61571705128033"]}]}},"_links":{"self":[{"href":"https:\/\/plcsupplyspot.com\/lt\/wp-json\/wp\/v2\/pages\/4903","targetHints":{"allow":["GET"]}}],"collection":[{"href":"https:\/\/plcsupplyspot.com\/lt\/wp-json\/wp\/v2\/pages"}],"about":[{"href":"https:\/\/plcsupplyspot.com\/lt\/wp-json\/wp\/v2\/types\/page"}],"author":[{"embeddable":true,"href":"https:\/\/plcsupplyspot.com\/lt\/wp-json\/wp\/v2\/users\/1"}],"replies":[{"embeddable":true,"href":"https:\/\/plcsupplyspot.com\/lt\/wp-json\/wp\/v2\/comments?post=4903"}],"version-history":[{"count":1,"href":"https:\/\/plcsupplyspot.com\/lt\/wp-json\/wp\/v2\/pages\/4903\/revisions"}],"predecessor-version":[{"id":4904,"href":"https:\/\/plcsupplyspot.com\/lt\/wp-json\/wp\/v2\/pages\/4903\/revisions\/4904"}],"wp:attachment":[{"href":"https:\/\/plcsupplyspot.com\/lt\/wp-json\/wp\/v2\/media?parent=4903"}],"curies":[{"name":"wp","href":"https:\/\/api.w.org\/{rel}","templated":true}]}}