{"id":4899,"date":"2024-06-25T09:00:57","date_gmt":"2024-06-25T09:00:57","guid":{"rendered":"https:\/\/plcsupplyspot.com\/terminai-ir-salygos\/"},"modified":"2026-01-16T07:31:59","modified_gmt":"2026-01-16T07:31:59","slug":"terminai-ir-salygos","status":"publish","type":"page","link":"https:\/\/plcsupplyspot.com\/lt\/terminai-ir-salygos\/","title":{"rendered":"Terminai ir s\u0105lygos"},"content":{"rendered":"\t\t<div data-elementor-type=\"wp-page\" data-elementor-id=\"4899\" class=\"elementor elementor-4899 elementor-3758\" data-elementor-post-type=\"page\">\n\t\t\t\t<div class=\"elementor-element elementor-element-144cb446 e-flex e-con-boxed e-con e-parent\" data-id=\"144cb446\" data-element_type=\"container\" data-e-type=\"container\">\n\t\t\t\t\t<div class=\"e-con-inner\">\n\t\t\t\t<div class=\"elementor-element elementor-element-25fbed0d elementor-widget elementor-widget-text-editor\" data-id=\"25fbed0d\" data-element_type=\"widget\" data-e-type=\"widget\" data-widget_type=\"text-editor.default\">\n\t\t\t\t<div class=\"elementor-widget-container\">\n\t\t\t\t\t\t\t\t\t<h1><span style=\"font-size: 24px;\"><strong>TERMINAI IR S\u0104LYGOS<\/strong><\/span><\/h1><p><strong>BENDROSIOS NUOSTATOS<\/strong><\/p><p>\u0160ios s\u0105lygos (toliau &#8211; <strong>S\u0105lygos<\/strong>) yra &#8222;Plc supply spot&#8221;, MB, registracijos numeris 305675435, buvein\u0117s adresas V. Nagevi\u010diaus g. 3, 08235 Vilnius, Lietuva (toliau &#8211; <strong>Pardav\u0117jas<\/strong>), ir J\u016bs\u0173 sutartis, kuria remdamasis Pardav\u0117jas suteiks Jums galimyb\u0119 \u012fsigyti preki\u0173 (toliau &#8211; <strong>Prek\u0117s<\/strong>), parduodam\u0173 https:\/\/plcsupplyspot.com\/ internetin\u0117je parduotuv\u0117je (toliau &#8211; <strong>Parduotuv\u0117<\/strong>).<\/p><p>Su Pardav\u0117ju galite susisiekti naudodami \u0161i\u0105 kontaktin\u0119 informacij\u0105:<\/p><p>Telefonas: +<br \/>El. pa\u0161to adresas: info@plcsupplyspot.com<br \/>Adresas: V. Nagevi\u010diaus g. 3, 08235 Vilnius, Lietuva<\/p><p>Parduotuv\u0117 skirta profesionalams, didmenininkams (B2B), kurie perka Prekes, susijusias su j\u0173 verslu, prekyba, amatu ar profesija. Jei nesate profesionalas ir jums reikia Preki\u0173, kreipkit\u0117s \u012f technik\u0105, kuris pad\u0117s i\u0161sirinkti jums tinkamas Prekes ir u\u017esakyti jas i\u0161 Parduotuv\u0117s.<\/p><p>Turite teis\u0119 pirkti Parduotuv\u0117je tik tuo atveju, jei tai susij\u0119 su j\u016bs\u0173 verslu, prekyba, amatu ar profesija (ne vartojimo tikslais) ir pagal galiojan\u010dius \u012fstatymus galite sudaryti privalom\u0105 sutart\u012f su Pardav\u0117ju, ir tik jei laikot\u0117s \u0161i\u0173 S\u0105lyg\u0173 ir galiojan\u010di\u0173 \u012fstatym\u0173. Pateikdami u\u017esakym\u0105 patvirtinate, kad atitinkate \u0161io punkto reikalavimus ir \u012fsipareigojate laikytis S\u0105lyg\u0173. Pardav\u0117jas remiasi \u0161iuo patvirtinimu ir laiko, kad pirkimo-pardavimo sutartis sudaroma su verslo klientu (ne vartotoju), kol ne\u012frodyta kitaip.<\/p><p><strong>PIRKIMAS<\/strong><\/p><p>Kai apsilankysite Parduotuv\u0117je ir pasirinksite prekes, pagal j\u016bs\u0173 pasirinkimus bus sukurtas pirkini\u0173 krep\u0161elis.<\/p><p>Suk\u016br\u0119 pirkini\u0173 krep\u0161el\u012f tur\u0117site \u012fvesti informacij\u0105, reikaling\u0105 pasirinktoms Prek\u0117ms pristatyti. \u012esitikinkite, kad pateikta informacija yra teisinga ir kad u\u017esakytos Prek\u0117s atitinka j\u016bs\u0173 pageidavimus. Prie\u0161 patvirtindami u\u017esakym\u0105 tur\u0117site galimyb\u0119 i\u0161taisyti klaidas, jei toki\u0173 yra. J\u016bs\u0173 pateikti asmens duomenys bus tvarkomi pagal <a href=\"https:\/\/plcsupplyspot.com\/lt\/privatumo-politika\/\" target=\"_blank\" rel=\"noopener\">Privatumo politik\u0105<\/a>.<\/p><p>J\u016bs sutinkate, kad pateikdami u\u017esakym\u0105 Parduotuv\u0117je \u012fsipareigojate sumok\u0117ti u\u017esakyme nurodyt\u0105 Preki\u0173 kain\u0105. \u012e Parduotuv\u0117s ir u\u017esakyme nurodyt\u0105 kain\u0105 \u012fskai\u010diuoti visi mokes\u010diai, i\u0161skyrus Preki\u0173 pristatymo mokest\u012f, kur\u012f tur\u0117site sumok\u0117ti papildomai (jei Parduotuv\u0117 nenurodo kitaip). Visos kainos Parduotuv\u0117je ir u\u017esakyme nurodytos eurais.<\/p><p>U\u017e Prekes galite atsiskaityti \u0161iais b\u016bdais: e. bankininkyste, kredito kortele, banko pavedimu.<\/p><p>Mok\u0117jimas turi b\u016bti atliktas i\u0161 karto pateikus u\u017esakym\u0105.<\/p><p>Jums patvirtinus u\u017esakym\u0105, pardav\u0117jas gaus vis\u0105 informacij\u0105 apie u\u017esakym\u0105. U\u017esakymas bus laikomas pateiktu, kai j\u012f gaus Pardav\u0117jas, o tai kartu reik\u0161, kad tarp j\u016bs\u0173 ir Pardav\u0117jo sudaryta sutartis. Nepaisant to, Pardav\u0117jo pareiga vykdyti tok\u012f susitarim\u0105 neatsiras, kol Pardav\u0117jas negaus mok\u0117jimo paslaug\u0173 teik\u0117jo patvirtinimo apie apmok\u0117jim\u0105 u\u017e Prekes.<\/p><p>Pateikus u\u017esakym\u0105 ir u\u017e j\u012f sumok\u0117jus, j\u016bs\u0173 nurodytu adresu bus i\u0161si\u0173stas el. lai\u0161kas, kuriame bus nurodytos u\u017esakytos Prek\u0117s ir j\u016bs\u0173 pateikti duomenys.<\/p><p>Gav\u0119s mok\u0117jimo u\u017e u\u017esakytas Prekes patvirtinim\u0105, Pardav\u0117jas \u012fsipareigoja \u012fvykdyti j\u016bs\u0173 u\u017esakym\u0105.<\/p><p><strong>PREKI\u0172 SAVYB\u0116S IR KOKYB\u0116<\/strong><\/p><p>Preki\u0173 savyb\u0117s bus nurodytos kiekviename Parduotuv\u0117je pateiktame Preki\u0173 apra\u0161yme. Pardav\u0117jas sieks u\u017etikrinti, kad Prek\u0117s atitikt\u0173 teis\u0117s akt\u0173 reikalavimus ir b\u016bt\u0173 tinkamos naudoti pagal paskirt\u012f.<\/p><p>Pateikdami u\u017esakym\u0105 patvirtinate, kad \u017einote ir suprantate, jog Parduotuv\u0117je rodom\u0173 Preki\u0173 spalva, forma ar kitos savyb\u0117s gali nesutapti su faktiniu Preki\u0173 dyd\u017eiu, forma ar spalva d\u0117l j\u016bs\u0173 naudojamo monitoriaus ar kito \u012frenginio savybi\u0173 ar nustatym\u0173. Tokie skirtumai nebus laikomi Preki\u0173 tr\u016bkumais, i\u0161skyrus atvejus, kai tokie skirtumai atsiranda d\u0117l Pardav\u0117jo ar su juo susijusi\u0173 asmen\u0173 veiksm\u0173.<\/p><p>Pardav\u0117jas \u012fsipareigoja pristatyti Prekes, atitinkan\u010dias Parduotuv\u0117je pateiktame Preki\u0173 apra\u0161yme nurodyt\u0105 informacij\u0105. Pardav\u0117jas taip pat \u012fsipareigoja pateikti jums u\u017esakyme nurodyt\u0105 Preki\u0173 asortiment\u0105 ir kiek\u012f, ta\u010diau neatsako u\u017e bet kokius pristatyt\u0173 Preki\u0173 asortimento ar kiekio netikslumus, jei tokie netikslumai atsirado d\u0117l to, kad Pardav\u0117jui pateiktame u\u017esakyme nepateik\u0117te teisingos informacijos.<\/p><p><strong>PREKI\u0172 PRISTATYMAS<\/strong><\/p><p>U\u017esakydami Prekes turite pasirinkti pristatymo b\u016bd\u0105 ir nurodyti pristatymo adres\u0105.<\/p><p>Atkreipkite d\u0117mes\u012f, kad visi pristatymo terminai yra apytiksliai. Visada stengiam\u0117s u\u017esakymus pristatyti kuo grei\u010diau, ta\u010diau kartais pristatymas gali u\u017etrukti ilgiau d\u0117l didelio u\u017esakym\u0173 kiekio arba pristatymo paslaug\u0173 teik\u0117j\u0173 galimybi\u0173. Patikrinkite informacij\u0105 apie pristatymo b\u016bsen\u0105, kuri\u0105 visada atnaujina Pardav\u0117jas. Kai u\u017esakymas bus i\u0161si\u0173stas, pristatymo b\u016bsen\u0105 galite patikrinti \u012fvesdami sekimo numer\u012f paslaug\u0173 teik\u0117jo sistemoje.<\/p><p>Jei atsi\u0117m\u0119 pirkin\u012f pastebite, kad jame n\u0117ra u\u017esakyt\u0173 Preki\u0173, nedelsdami susisiekite su Pardav\u0117ju.<\/p><p>Prek\u0117s bus supakuotos atsi\u017evelgiant \u012f j\u0173 pob\u016bd\u012f, kad b\u016bt\u0173 u\u017etikrintas j\u0173 tinkamumas naudoti pristatymo metu.<\/p><p><strong>PREKI\u0172 PAKEITIMAS ARBA GR\u0104\u017dINIMAS<\/strong><\/p><p><strong>Garantija<\/strong><\/p><p>Kiekvienai prekei suteikiama 12 (dvylikos) m\u0117nesi\u0173 garantija arba kita gamintojo prat\u0119sta garantija.<\/p><p>Pretenzijos d\u0117l defekt\u0173, atsiradusi\u0173 naudojant Prekes, gali b\u016bti pateikiamos per j\u0173 garantin\u012f laikotarp\u012f. Garantinis laikotarpis skai\u010diuojamas nuo Preki\u0173 pristatymo (perdavimo) Pirk\u0117jui dienos.<\/p><p>Garantija negalioja, jei defektai atsirado ne d\u0117l Pardav\u0117jo ar Preki\u0173 gamintojo kalt\u0117s, pavyzd\u017eiui, d\u0117l netinkamo naudojimo, montavimo ne pagal gamintojo reikalavimus ir pan. Pardav\u0117jas ar gamintojas neatsako u\u017e Preki\u0173 defektus, sugadinimus, pa\u017eeidimus ar kitus tr\u016bkumus, atsiradusius d\u0117l to, kad Pirk\u0117jas ar asmenys, veikiantys Pirk\u0117jo vardu ar interesais, sand\u0117liuoja, eksploatuoja, montuoja ar kitaip naudoja Prekes ne pagal gamintojo pateiktas Preki\u0173 montavimo instrukcijas.<\/p><p>Jei Preki\u0173 garantijos laikotarpiu Pirk\u0117jas pastebi, kad Parduotuv\u0117je \u012fsigytos Prek\u0117s yra netinkamos kokyb\u0117s ir nekokybi\u0161kos, Pirk\u0117jas privalo nedelsdamas, bet ne v\u0117liau kaip per 5 (penkias) darbo dienas nuo defekto pasteb\u0117jimo dienos, prane\u0161ti apie tai Pardav\u0117jui \u0161i\u0173 Taisykli\u0173 prad\u017eioje nurodytu elektroninio pa\u0161to adresu. Prane\u0161ant Pardav\u0117jui, b\u016btina pateikti \u0161iuos duomenis:<\/p><ul><li>nekokybi\u0161k\u0173 preki\u0173 nuotraukas, kuriose matomi defektai;<\/li><li>pirkimo \u012frodymas (perkant gauta s\u0105skaita fakt\u016bra).<\/li><\/ul><p>Sprend\u017eiant pagr\u012fstas Pirk\u0117jo pretenzijas d\u0117l Preki\u0173 kokyb\u0117s, Pardav\u0117jas pakei\u010dia Prekes pana\u0161ios kokyb\u0117s prek\u0117mis per \u0161ali\u0173 sutart\u0105 laikotarp\u012f arba gr\u0105\u017eina pinigus.<\/p><p><strong>Kiti atvejai<\/strong><\/p><p>Kokybi\u0161kos ir be defekt\u0173 prek\u0117s nekei\u010diamos ir negr\u0105\u017einamos, nebent su Pardav\u0117ju susitariama kitaip.<\/p><p>Pasibaigus garantiniam laikotarpiui, Prek\u0117s nekei\u010diamos ir negr\u0105\u017einamos.<\/p><p><strong>INTELEKTIN\u0116 NUOSAVYB\u0116<\/strong><\/p><p>Prek\u0117s pa\u017eym\u0117tos preki\u0173 \u017eenklais ir kitais identifikatoriais, kurie priklauso Pardav\u0117jui ir (arba) kitoms \u0161alims ir yra saugomi \u012fstatym\u0173. Visos intelektin\u0117s nuosavyb\u0117s teis\u0117s \u012f Prekes (atskiras j\u0173 dalis) taip pat priklauso Pardav\u0117jui ir (arba) kitoms \u0161alims.<\/p><p>Visi Parduotuv\u0117je, jos domeno pavadinime, pa\u010dioje Parduotuv\u0117je ir jos interneto svetain\u0117je naudojami preki\u0173 \u017eenklai ir logotipai (\u012fskaitant bet kokius atskirus j\u0173 elementus, tokius kaip tekstai, nuotraukos, pie\u0161iniai ir kita Parduotuv\u0117je ir (arba) interneto svetain\u0117je skelbiama med\u017eiaga), taip pat bet kurio Parduotuv\u0117s ir (arba) interneto svetain\u0117s puslapio pateikimas, vaizdas, dizainas ir visos intelektin\u0117s nuosavyb\u0117s teis\u0117s \u012f juos priklauso tik Pardav\u0117jui ir (arba) kitoms \u0161alims. J\u016bs sutinkate neatkurti, nemodifikuoti ir kitaip nenaudoti \u0161ios intelektin\u0117s nuosavyb\u0117s be atskiro ra\u0161ti\u0161ko tokios nuosavyb\u0117s teisi\u0173 tur\u0117tojo sutikimo.<\/p><p><strong>ATSAKOMYB\u0116<\/strong><\/p><p>Turite pateikti Pardav\u0117jui pra\u0161om\u0105 informacij\u0105, kuri turi b\u016bti tiksli ir i\u0161sami. J\u016bs privalote u\u017etikrinti, kad pristatymo adresas b\u016bt\u0173 nurodytas teisingai.<\/p><p>Pardav\u0117jo atsakomyb\u0117 u\u017e Preki\u0173 kokyb\u0119 ir pristatym\u0105 yra tokia pati, kaip nustatyta galiojan\u010diuose \u012fstatymuose ir kituose teis\u0117s aktuose.<\/p><p>Bet kokiu atveju esate atsakingi u\u017e savo prisijungimo duomen\u0173 apsaug\u0105. Ta\u010diau jei pasteb\u0117jote, kad j\u016bs\u0173 prisijungimo duomenys naudojami neleistinai, nedelsdami susisiekite su Pardav\u0117ju.<\/p><p><strong>KEITIMAS IR NUTRAUKIMAS<\/strong><\/p><p>Pardav\u0117jas gali kartais keisti \u0161ias S\u0105lygas. Naujausi\u0105 (galiojan\u010di\u0105) S\u0105lyg\u0173 versij\u0105 visada bus galima rasti Parduotuv\u0117je. Prie\u0161 patvirtindami u\u017esakym\u0105 turite perskaityti tuo metu galiojan\u010dias S\u0105lygas. Patvirtinus u\u017esakym\u0105, jam bus taikomos patvirtinimo dien\u0105 galiojan\u010dios S\u0105lygos.<\/p><p>Pardav\u0117jas gal\u0117s bet kada nutraukti prekyb\u0105 internetu (u\u017edaryti parduotuv\u0119). Toks veiklos nutraukimas netur\u0117s \u012ftakos jokiai tuo metu galiojan\u010diai pirkimo-pardavimo sutar\u010diai.<\/p><p><strong>\u012eVAIR\u016aS<\/strong><\/p><p>\u0160i\u0173 S\u0105lyg\u0173 ir kiekvienos pirkimo-pardavimo sutarties vykdymui ir ai\u0161kinimui taikomi Lietuvos Respublikos \u012fstatymai.<\/p><p>Bet kokie gin\u010dai, nesutarimai ar pretenzijos, kylantys d\u0117l \u0161i\u0173 S\u0105lyg\u0173 ar bet kurios susijusios pirkimo-pardavimo sutarties (\u012fskaitant j\u0173 pa\u017eeidim\u0105, nutraukim\u0105 ar galiojim\u0105), sprend\u017eiami derybomis.<\/p><p>Visi prane\u0161imai ir kiti prane\u0161imai, susij\u0119 su pirkimu Parduotuv\u0117je ir \u0161iomis Taisykl\u0117mis, bus siun\u010diami el. pa\u0161tu (jei Pardav\u0117jui &#8211; pirmiau nurodytu el. pa\u0161to adresu, o jei jums &#8211; el. pa\u0161to adresu, nurodytu pateikiant u\u017esakym\u0105).<\/p><p>Jei kuri nors \u0161i\u0173 S\u0105lyg\u0173 nuostata yra arba tampa negaliojan\u010dia (visa arba i\u0161 dalies), tai neturi \u012ftakos likusi\u0173 nuostat\u0173 galiojimui.<\/p><p>\u0160ios s\u0105lygos paskutin\u012f kart\u0105 atnaujintos 2024 m. bir\u017eelio 23 d.<\/p>\t\t\t\t\t\t\t\t<\/div>\n\t\t\t\t<\/div>\n\t\t\t\t\t<\/div>\n\t\t\t\t<\/div>\n\t\t\t\t<\/div>\n\t\t","protected":false},"excerpt":{"rendered":"<p>TERMINAI IR S\u0104LYGOS BENDROSIOS NUOSTATOS \u0160ios s\u0105lygos (toliau &#8211; S\u0105lygos) yra &#8222;Plc supply spot&#8221;, MB, registracijos numeris 305675435, buvein\u0117s adresas V. Nagevi\u010diaus g. 3, 08235 Vilnius, Lietuva (toliau &#8211; Pardav\u0117jas), ir J\u016bs\u0173 sutartis, kuria remdamasis Pardav\u0117jas suteiks Jums galimyb\u0119 \u012fsigyti preki\u0173 (toliau &#8211; Prek\u0117s), parduodam\u0173 https:\/\/plcsupplyspot.com\/ internetin\u0117je parduotuv\u0117je (toliau &#8211; Parduotuv\u0117). Su Pardav\u0117ju galite susisiekti [&hellip;]<\/p>\n","protected":false},"author":2,"featured_media":0,"parent":0,"menu_order":0,"comment_status":"closed","ping_status":"open","template":"elementor_header_footer","meta":{"site-sidebar-layout":"default","site-content-layout":"","ast-site-content-layout":"default","site-content-style":"default","site-sidebar-style":"default","ast-global-header-display":"","ast-banner-title-visibility":"","ast-main-header-display":"","ast-hfb-above-header-display":"","ast-hfb-below-header-display":"","ast-hfb-mobile-header-display":"","site-post-title":"","ast-breadcrumbs-content":"","ast-featured-img":"","footer-sml-layout":"","ast-disable-related-posts":"","theme-transparent-header-meta":"","adv-header-id-meta":"","stick-header-meta":"","header-above-stick-meta":"","header-main-stick-meta":"","header-below-stick-meta":"","astra-migrate-meta-layouts":"default","ast-page-background-enabled":"default","ast-page-background-meta":{"desktop":{"background-color":"","background-image":"","background-repeat":"repeat","background-position":"center center","background-size":"auto","background-attachment":"scroll","background-type":"","background-media":"","overlay-type":"","overlay-color":"","overlay-opacity":"","overlay-gradient":""},"tablet":{"background-color":"","background-image":"","background-repeat":"repeat","background-position":"center center","background-size":"auto","background-attachment":"scroll","background-type":"","background-media":"","overlay-type":"","overlay-color":"","overlay-opacity":"","overlay-gradient":""},"mobile":{"background-color":"","background-image":"","background-repeat":"repeat","background-position":"center center","background-size":"auto","background-attachment":"scroll","background-type":"","background-media":"","overlay-type":"","overlay-color":"","overlay-opacity":"","overlay-gradient":""}},"ast-content-background-meta":{"desktop":{"background-color":"var(--ast-global-color-5)","background-image":"","background-repeat":"repeat","background-position":"center center","background-size":"auto","background-attachment":"scroll","background-type":"","background-media":"","overlay-type":"","overlay-color":"","overlay-opacity":"","overlay-gradient":""},"tablet":{"background-color":"var(--ast-global-color-5)","background-image":"","background-repeat":"repeat","background-position":"center center","background-size":"auto","background-attachment":"scroll","background-type":"","background-media":"","overlay-type":"","overlay-color":"","overlay-opacity":"","overlay-gradient":""},"mobile":{"background-color":"var(--ast-global-color-5)","background-image":"","background-repeat":"repeat","background-position":"center center","background-size":"auto","background-attachment":"scroll","background-type":"","background-media":"","overlay-type":"","overlay-color":"","overlay-opacity":"","overlay-gradient":""}},"footnotes":""},"class_list":["post-4899","page","type-page","status-publish","hentry"],"yoast_head":"<!-- This site is optimized with the Yoast SEO plugin v27.3 - https:\/\/yoast.com\/product\/yoast-seo-wordpress\/ -->\n<title>Terminai ir s\u0105lygos | PLC Supply spot<\/title>\n<meta name=\"robots\" content=\"index, follow, max-snippet:-1, max-image-preview:large, max-video-preview:-1\" \/>\n<link rel=\"canonical\" href=\"https:\/\/plcsupplyspot.com\/lt\/terminai-ir-salygos\/\" \/>\n<meta property=\"og:locale\" content=\"lt_LT\" \/>\n<meta property=\"og:type\" content=\"article\" \/>\n<meta property=\"og:title\" content=\"Terminai ir s\u0105lygos | PLC Supply spot\" \/>\n<meta property=\"og:description\" content=\"TERMINAI IR S\u0104LYGOS BENDROSIOS NUOSTATOS \u0160ios s\u0105lygos (toliau &#8211; S\u0105lygos) yra &#8222;Plc supply spot&#8221;, MB, registracijos numeris 305675435, buvein\u0117s adresas V. Nagevi\u010diaus g. 3, 08235 Vilnius, Lietuva (toliau &#8211; Pardav\u0117jas), ir J\u016bs\u0173 sutartis, kuria remdamasis Pardav\u0117jas suteiks Jums galimyb\u0119 \u012fsigyti preki\u0173 (toliau &#8211; Prek\u0117s), parduodam\u0173 https:\/\/plcsupplyspot.com\/ internetin\u0117je parduotuv\u0117je (toliau &#8211; Parduotuv\u0117). Su Pardav\u0117ju galite susisiekti [&hellip;]\" \/>\n<meta property=\"og:url\" content=\"https:\/\/plcsupplyspot.com\/lt\/terminai-ir-salygos\/\" \/>\n<meta property=\"og:site_name\" content=\"PLC Supply spot\" \/>\n<meta property=\"article:publisher\" content=\"https:\/\/www.facebook.com\/profile.php?id=61571705128033\" \/>\n<meta property=\"article:modified_time\" content=\"2026-01-16T07:31:59+00:00\" \/>\n<meta property=\"og:image\" content=\"https:\/\/plcsupplyspot.com\/wp-content\/uploads\/2026\/01\/plc-supply-spot-logo-1.png\" \/>\n\t<meta property=\"og:image:width\" content=\"720\" \/>\n\t<meta property=\"og:image:height\" content=\"720\" \/>\n\t<meta property=\"og:image:type\" content=\"image\/png\" \/>\n<meta name=\"twitter:card\" content=\"summary_large_image\" \/>\n<meta name=\"twitter:label1\" content=\"Est. reading time\" \/>\n\t<meta name=\"twitter:data1\" content=\"7 minut\u0117s\" \/>\n<!-- \/ Yoast SEO plugin. -->","yoast_head_json":{"title":"Terminai ir s\u0105lygos | PLC Supply spot","robots":{"index":"index","follow":"follow","max-snippet":"max-snippet:-1","max-image-preview":"max-image-preview:large","max-video-preview":"max-video-preview:-1"},"canonical":"https:\/\/plcsupplyspot.com\/lt\/terminai-ir-salygos\/","og_locale":"lt_LT","og_type":"article","og_title":"Terminai ir s\u0105lygos | PLC Supply spot","og_description":"TERMINAI IR S\u0104LYGOS BENDROSIOS NUOSTATOS \u0160ios s\u0105lygos (toliau &#8211; S\u0105lygos) yra &#8222;Plc supply spot&#8221;, MB, registracijos numeris 305675435, buvein\u0117s adresas V. Nagevi\u010diaus g. 3, 08235 Vilnius, Lietuva (toliau &#8211; Pardav\u0117jas), ir J\u016bs\u0173 sutartis, kuria remdamasis Pardav\u0117jas suteiks Jums galimyb\u0119 \u012fsigyti preki\u0173 (toliau &#8211; Prek\u0117s), parduodam\u0173 https:\/\/plcsupplyspot.com\/ internetin\u0117je parduotuv\u0117je (toliau &#8211; Parduotuv\u0117). Su Pardav\u0117ju galite susisiekti [&hellip;]","og_url":"https:\/\/plcsupplyspot.com\/lt\/terminai-ir-salygos\/","og_site_name":"PLC Supply spot","article_publisher":"https:\/\/www.facebook.com\/profile.php?id=61571705128033","article_modified_time":"2026-01-16T07:31:59+00:00","og_image":[{"width":720,"height":720,"url":"https:\/\/plcsupplyspot.com\/wp-content\/uploads\/2026\/01\/plc-supply-spot-logo-1.png","type":"image\/png"}],"twitter_card":"summary_large_image","twitter_misc":{"Est. reading time":"7 minut\u0117s"},"schema":{"@context":"https:\/\/schema.org","@graph":[{"@type":"WebPage","@id":"https:\/\/plcsupplyspot.com\/lt\/terminai-ir-salygos\/","url":"https:\/\/plcsupplyspot.com\/lt\/terminai-ir-salygos\/","name":"Terminai ir s\u0105lygos | PLC Supply spot","isPartOf":{"@id":"https:\/\/plcsupplyspot.com\/lt\/#website"},"datePublished":"2024-06-25T09:00:57+00:00","dateModified":"2026-01-16T07:31:59+00:00","breadcrumb":{"@id":"https:\/\/plcsupplyspot.com\/lt\/terminai-ir-salygos\/#breadcrumb"},"inLanguage":"lt-LT","potentialAction":[{"@type":"ReadAction","target":["https:\/\/plcsupplyspot.com\/lt\/terminai-ir-salygos\/"]}]},{"@type":"BreadcrumbList","@id":"https:\/\/plcsupplyspot.com\/lt\/terminai-ir-salygos\/#breadcrumb","itemListElement":[{"@type":"ListItem","position":1,"name":"home","item":"https:\/\/plcsupplyspot.com\/lt\/"},{"@type":"ListItem","position":2,"name":"Terminai ir s\u0105lygos"}]},{"@type":"WebSite","@id":"https:\/\/plcsupplyspot.com\/lt\/#website","url":"https:\/\/plcsupplyspot.com\/lt\/","name":"PLC Supply Spot","description":"Innovate. Accelerate. Automate!","publisher":{"@id":"https:\/\/plcsupplyspot.com\/lt\/#organization"},"potentialAction":[{"@type":"SearchAction","target":{"@type":"EntryPoint","urlTemplate":"https:\/\/plcsupplyspot.com\/lt\/?s={search_term_string}"},"query-input":{"@type":"PropertyValueSpecification","valueRequired":true,"valueName":"search_term_string"}}],"inLanguage":"lt-LT"},{"@type":"Organization","@id":"https:\/\/plcsupplyspot.com\/lt\/#organization","name":"PLC Supply Spot","alternateName":"PLC Supply Spot","url":"https:\/\/plcsupplyspot.com\/lt\/","logo":{"@type":"ImageObject","inLanguage":"lt-LT","@id":"https:\/\/plcsupplyspot.com\/lt\/#\/schema\/logo\/image\/","url":"https:\/\/plcsupplyspot.com\/wp-content\/uploads\/2026\/01\/plc-supply-spot-logo-1.png","contentUrl":"https:\/\/plcsupplyspot.com\/wp-content\/uploads\/2026\/01\/plc-supply-spot-logo-1.png","width":720,"height":720,"caption":"PLC Supply Spot"},"image":{"@id":"https:\/\/plcsupplyspot.com\/lt\/#\/schema\/logo\/image\/"},"sameAs":["https:\/\/www.facebook.com\/profile.php?id=61571705128033"]}]}},"_links":{"self":[{"href":"https:\/\/plcsupplyspot.com\/lt\/wp-json\/wp\/v2\/pages\/4899","targetHints":{"allow":["GET"]}}],"collection":[{"href":"https:\/\/plcsupplyspot.com\/lt\/wp-json\/wp\/v2\/pages"}],"about":[{"href":"https:\/\/plcsupplyspot.com\/lt\/wp-json\/wp\/v2\/types\/page"}],"author":[{"embeddable":true,"href":"https:\/\/plcsupplyspot.com\/lt\/wp-json\/wp\/v2\/users\/2"}],"replies":[{"embeddable":true,"href":"https:\/\/plcsupplyspot.com\/lt\/wp-json\/wp\/v2\/comments?post=4899"}],"version-history":[{"count":9,"href":"https:\/\/plcsupplyspot.com\/lt\/wp-json\/wp\/v2\/pages\/4899\/revisions"}],"predecessor-version":[{"id":9349,"href":"https:\/\/plcsupplyspot.com\/lt\/wp-json\/wp\/v2\/pages\/4899\/revisions\/9349"}],"wp:attachment":[{"href":"https:\/\/plcsupplyspot.com\/lt\/wp-json\/wp\/v2\/media?parent=4899"}],"curies":[{"name":"wp","href":"https:\/\/api.w.org\/{rel}","templated":true}]}}