{"id":4895,"date":"2024-06-21T10:37:50","date_gmt":"2024-06-21T10:37:50","guid":{"rendered":"https:\/\/plcsupplyspot.com\/taisykles\/"},"modified":"2025-01-22T05:51:48","modified_gmt":"2025-01-22T05:51:48","slug":"taisykles","status":"publish","type":"page","link":"https:\/\/plcsupplyspot.com\/lt\/taisykles\/","title":{"rendered":"Taisykl\u0117s"},"content":{"rendered":"\t\t<div data-elementor-type=\"wp-page\" data-elementor-id=\"4895\" class=\"elementor elementor-4895\" data-elementor-post-type=\"page\">\n\t\t\t\t<div class=\"elementor-element elementor-element-144cb446 e-flex e-con-boxed e-con e-parent\" data-id=\"144cb446\" data-element_type=\"container\" data-e-type=\"container\">\n\t\t\t\t\t<div class=\"e-con-inner\">\n\t\t\t\t<div class=\"elementor-element elementor-element-25fbed0d elementor-widget elementor-widget-text-editor\" data-id=\"25fbed0d\" data-element_type=\"widget\" data-e-type=\"widget\" data-widget_type=\"text-editor.default\">\n\t\t\t\t<div class=\"elementor-widget-container\">\n\t\t\t\t\t\t\t\t\t<p><\/p>\n<h2>Kas mes esame<\/h2>\n<p><\/p>\n<p><strong class=\"privacy-policy-tutorial\">Si\u016blomas tekstas: <\/strong>M\u016bs\u0173 svetain\u0117s adresas: http:\/\/plcsupplyspot.com.<\/p>\n<p><\/p>\n<h2>Komentarai<\/h2>\n<p><\/p>\n<p><strong class=\"privacy-policy-tutorial\">Si\u016blomas tekstas: <\/strong>Kai lankytojai svetain\u0117je palieka komentarus, mes renkame komentar\u0173 formoje nurodytus duomenis, taip pat lankytojo IP adres\u0105 ir nar\u0161ykl\u0117s vartotojo agento eilut\u0119, kad b\u016bt\u0173 lengviau aptikti \u0161lam\u0161t\u0105.<\/p>\n<p><\/p>\n<p>I\u0161 j\u016bs\u0173 el. pa\u0161to adreso sukurta anonimin\u0117 eilut\u0117 (dar vadinama hash) gali b\u016bti pateikta &#8222;Gravatar&#8221; paslaugai, kad b\u016bt\u0173 galima nustatyti, ar j\u0105 naudojate. Su &#8222;Gravatar&#8221; paslaugos privatumo politika galite susipa\u017einti \u010dia: https:\/\/automattic.com\/privacy\/. Patvirtinus j\u016bs\u0173 komentar\u0105, j\u016bs\u0173 profilio nuotrauka matoma vie\u0161ai, atsi\u017evelgiant \u012f j\u016bs\u0173 komentaro kontekst\u0105. <\/p>\n<p><\/p>\n<h2>\u017diniasklaida<\/h2>\n<p><\/p>\n<p><strong class=\"privacy-policy-tutorial\">Si\u016blomas tekstas: <\/strong>Jei \u012f svetain\u0119 \u012fkeliate vaizdus, tur\u0117tum\u0117te vengti \u012fkelti vaizdus su \u012fterptais buvimo vietos duomenimis (EXIF GPS). Svetain\u0117s lankytojai gali atsisi\u0173sti ir i\u0161 svetain\u0117s vaizd\u0173 i\u0161gauti bet kokius buvimo vietos duomenis. <\/p>\n<p><\/p>\n<h2>Slapukai<\/h2>\n<p><\/p>\n<p><strong class=\"privacy-policy-tutorial\">Si\u016blomas tekstas: <\/strong>Jei paliekate komentar\u0105 m\u016bs\u0173 svetain\u0117je, galite sutikti, kad j\u016bs\u0173 vardas, el. pa\u0161to adresas ir svetain\u0117 b\u016bt\u0173 \u012fra\u0161yti \u012f slapukus. Tai daroma j\u016bs\u0173 patogumui, kad jums nereik\u0117t\u0173 i\u0161 naujo pildyti savo duomen\u0173 paliekant kit\u0105 komentar\u0105. \u0160ie slapukai galioja vienerius metus.  <\/p>\n<p><\/p>\n<p>Jei apsilankysite m\u016bs\u0173 prisijungimo puslapyje, nustatysime laikin\u0105 slapuk\u0105, kad nustatytume, ar j\u016bs\u0173 nar\u0161ykl\u0117 priima slapukus. \u0160iame slapuke n\u0117ra joki\u0173 asmenini\u0173 duomen\u0173 ir jis i\u0161metamas, kai u\u017edarote nar\u0161ykl\u0119. <\/p>\n<p><\/p>\n<p>Kai prisijungiate, taip pat nustatome kelis slapukus, kad i\u0161saugotume j\u016bs\u0173 prisijungimo informacij\u0105 ir ekrano rodymo pasirinkimus. Prisijungimo slapukai galioja dvi dienas, o ekrano parink\u010di\u0173 slapukai &#8211; metus. Jei pasirinksite &#8222;Prisiminti mane&#8221;, j\u016bs\u0173 prisijungimo duomenys i\u0161liks dvi savaites. Jei i\u0161eisite i\u0161 savo paskyros, prisijungimo slapukai bus pa\u0161alinti.   <\/p>\n<p><\/p>\n<p>Jei redaguojate arba publikuojate straipsn\u012f, j\u016bs\u0173 nar\u0161ykl\u0117je bus i\u0161saugotas papildomas slapukas. \u0160iame slapuke n\u0117ra joki\u0173 asmenini\u0173 duomen\u0173, jame tiesiog nurodomas straipsnio, kur\u012f k\u0105 tik redagavote, skelbimo ID. Jis nustoja galioti po 1 dienos.  <\/p>\n<p><\/p>\n<h2>\u012eterptasis turinys i\u0161 kit\u0173 svetaini\u0173<\/h2>\n<p><\/p>\n<p><strong class=\"privacy-policy-tutorial\">Si\u016blomas tekstas: <\/strong>\u012e \u0161ios svetain\u0117s straipsnius gali b\u016bti \u012fterptas turinys (pvz., vaizdo \u012fra\u0161ai, paveiksl\u0117liai, straipsniai ir pan.). \u012eterptasis turinys i\u0161 kit\u0173 svetaini\u0173 elgiasi lygiai taip pat, tarsi lankytojas b\u016bt\u0173 apsilank\u0119s kitoje svetain\u0117je. <\/p>\n<p><\/p>\n<p>\u0160iose svetain\u0117se gali b\u016bti renkami duomenys apie jus, naudojami slapukai, \u012fterpiamas papildomas tre\u010di\u0173j\u0173 \u0161ali\u0173 steb\u0117jimas ir stebima j\u016bs\u0173 s\u0105veika su \u012fterptu turiniu, \u012fskaitant j\u016bs\u0173 s\u0105veikos su \u012fterptu turiniu steb\u0117jim\u0105, jei turite paskyr\u0105 ir esate prisijung\u0119 prie tos svetain\u0117s.<\/p>\n<p><\/p>\n<h2>Su kuo dalijam\u0117s j\u016bs\u0173 duomenimis<\/h2>\n<p><\/p>\n<p><strong class=\"privacy-policy-tutorial\">Si\u016blomas tekstas: <\/strong>Jei papra\u0161ysite i\u0161 naujo nustatyti slapta\u017eod\u012f, j\u016bs\u0173 IP adresas bus \u012ftrauktas \u012f el.<\/p>\n<p><\/p>\n<h2>Kiek laiko saugome j\u016bs\u0173 duomenis<\/h2>\n<p><\/p>\n<p><strong class=\"privacy-policy-tutorial\">Si\u016blomas tekstas: <\/strong>Jei paliekate komentar\u0105, komentaras ir jo metaduomenys saugomi neribot\u0105 laik\u0105. Taip yra tam, kad gal\u0117tume automati\u0161kai atpa\u017einti ir patvirtinti visus tolesnius komentarus, u\u017euot laik\u0119 juos moderavimo eil\u0117je. <\/p>\n<p><\/p>\n<p>Naudotoj\u0173, kurie registruojasi m\u016bs\u0173 svetain\u0117je (jei toki\u0173 yra), asmenin\u0119 informacij\u0105 taip pat saugome j\u0173 naudotojo profilyje. Visi naudotojai gali bet kada per\u017ei\u016br\u0117ti, redaguoti ar i\u0161trinti savo asmenin\u0119 informacij\u0105 (i\u0161skyrus tai, kad jie negali pakeisti savo naudotojo vardo). Svetain\u0117s administratoriai taip pat gali matyti ir redaguoti \u0161i\u0105 informacij\u0105.  <\/p>\n<p><\/p>\n<h2>Kokias teises turite \u012f savo duomenis<\/h2>\n<p><\/p>\n<p><strong class=\"privacy-policy-tutorial\">Si\u016blomas tekstas: <\/strong>Jei turite paskyr\u0105 \u0161ioje svetain\u0117je arba esate palik\u0119 komentar\u0173, galite papra\u0161yti, kad jums b\u016bt\u0173 i\u0161si\u0173stas eksportuotas m\u016bs\u0173 turim\u0173 j\u016bs\u0173 asmens duomen\u0173 failas, \u012fskaitant visus duomenis, kuriuos mums pateik\u0117te. Taip pat galite papra\u0161yti, kad i\u0161trintume visus turimus j\u016bs\u0173 asmens duomenis. Tai neapima joki\u0173 duomen\u0173, kuriuos privalome saugoti administraciniais, teisiniais ar saugumo tikslais.  <\/p>\n<p><\/p>\n<h2>Kur siun\u010diami j\u016bs\u0173 duomenys<\/h2>\n<p><\/p>\n<p><strong class=\"privacy-policy-tutorial\">Si\u016blomas tekstas: <\/strong>Lankytoj\u0173 komentarai gali b\u016bti tikrinami naudojant automatin\u0119 \u0161lam\u0161to aptikimo paslaug\u0105.<\/p>\n<p><\/p>\n\t\t\t\t\t\t\t\t<\/div>\n\t\t\t\t<\/div>\n\t\t\t\t\t<\/div>\n\t\t\t\t<\/div>\n\t\t\t\t<\/div>\n\t\t","protected":false},"excerpt":{"rendered":"<p>Kas mes esame Si\u016blomas tekstas: M\u016bs\u0173 svetain\u0117s adresas: http:\/\/plcsupplyspot.com. Komentarai Si\u016blomas tekstas: Kai lankytojai svetain\u0117je palieka komentarus, mes renkame komentar\u0173 formoje nurodytus duomenis, taip pat lankytojo IP adres\u0105 ir nar\u0161ykl\u0117s vartotojo agento eilut\u0119, kad b\u016bt\u0173 lengviau aptikti \u0161lam\u0161t\u0105. I\u0161 j\u016bs\u0173 el. pa\u0161to adreso sukurta anonimin\u0117 eilut\u0117 (dar vadinama hash) gali b\u016bti pateikta &#8222;Gravatar&#8221; paslaugai, kad [&hellip;]<\/p>\n","protected":false},"author":2,"featured_media":0,"parent":0,"menu_order":0,"comment_status":"closed","ping_status":"closed","template":"elementor_header_footer","meta":{"site-sidebar-layout":"default","site-content-layout":"","ast-site-content-layout":"default","site-content-style":"default","site-sidebar-style":"default","ast-global-header-display":"","ast-banner-title-visibility":"","ast-main-header-display":"","ast-hfb-above-header-display":"","ast-hfb-below-header-display":"","ast-hfb-mobile-header-display":"","site-post-title":"","ast-breadcrumbs-content":"","ast-featured-img":"","footer-sml-layout":"","ast-disable-related-posts":"","theme-transparent-header-meta":"","adv-header-id-meta":"","stick-header-meta":"","header-above-stick-meta":"","header-main-stick-meta":"","header-below-stick-meta":"","astra-migrate-meta-layouts":"default","ast-page-background-enabled":"default","ast-page-background-meta":{"desktop":{"background-color":"","background-image":"","background-repeat":"repeat","background-position":"center center","background-size":"auto","background-attachment":"scroll","background-type":"","background-media":"","overlay-type":"","overlay-color":"","overlay-opacity":"","overlay-gradient":""},"tablet":{"background-color":"","background-image":"","background-repeat":"repeat","background-position":"center center","background-size":"auto","background-attachment":"scroll","background-type":"","background-media":"","overlay-type":"","overlay-color":"","overlay-opacity":"","overlay-gradient":""},"mobile":{"background-color":"","background-image":"","background-repeat":"repeat","background-position":"center center","background-size":"auto","background-attachment":"scroll","background-type":"","background-media":"","overlay-type":"","overlay-color":"","overlay-opacity":"","overlay-gradient":""}},"ast-content-background-meta":{"desktop":{"background-color":"var(--ast-global-color-5)","background-image":"","background-repeat":"repeat","background-position":"center center","background-size":"auto","background-attachment":"scroll","background-type":"","background-media":"","overlay-type":"","overlay-color":"","overlay-opacity":"","overlay-gradient":""},"tablet":{"background-color":"var(--ast-global-color-5)","background-image":"","background-repeat":"repeat","background-position":"center center","background-size":"auto","background-attachment":"scroll","background-type":"","background-media":"","overlay-type":"","overlay-color":"","overlay-opacity":"","overlay-gradient":""},"mobile":{"background-color":"var(--ast-global-color-5)","background-image":"","background-repeat":"repeat","background-position":"center center","background-size":"auto","background-attachment":"scroll","background-type":"","background-media":"","overlay-type":"","overlay-color":"","overlay-opacity":"","overlay-gradient":""}},"footnotes":""},"class_list":["post-4895","page","type-page","status-publish","hentry"],"yoast_head":"<!-- This site is optimized with the Yoast SEO plugin v27.3 - https:\/\/yoast.com\/product\/yoast-seo-wordpress\/ -->\n<title>Taisykl\u0117s | PLC Supply spot<\/title>\n<meta name=\"robots\" content=\"index, follow, max-snippet:-1, max-image-preview:large, max-video-preview:-1\" \/>\n<link rel=\"canonical\" href=\"https:\/\/plcsupplyspot.com\/lt\/taisykles\/\" \/>\n<meta property=\"og:locale\" content=\"lt_LT\" \/>\n<meta property=\"og:type\" content=\"article\" \/>\n<meta property=\"og:title\" content=\"Taisykl\u0117s | PLC Supply spot\" \/>\n<meta property=\"og:description\" content=\"Kas mes esame Si\u016blomas tekstas: M\u016bs\u0173 svetain\u0117s adresas: http:\/\/plcsupplyspot.com. Komentarai Si\u016blomas tekstas: Kai lankytojai svetain\u0117je palieka komentarus, mes renkame komentar\u0173 formoje nurodytus duomenis, taip pat lankytojo IP adres\u0105 ir nar\u0161ykl\u0117s vartotojo agento eilut\u0119, kad b\u016bt\u0173 lengviau aptikti \u0161lam\u0161t\u0105. I\u0161 j\u016bs\u0173 el. pa\u0161to adreso sukurta anonimin\u0117 eilut\u0117 (dar vadinama hash) gali b\u016bti pateikta &#8222;Gravatar&#8221; paslaugai, kad [&hellip;]\" \/>\n<meta property=\"og:url\" content=\"https:\/\/plcsupplyspot.com\/lt\/taisykles\/\" \/>\n<meta property=\"og:site_name\" content=\"PLC Supply spot\" \/>\n<meta property=\"article:publisher\" content=\"https:\/\/www.facebook.com\/profile.php?id=61571705128033\" \/>\n<meta property=\"article:modified_time\" content=\"2025-01-22T05:51:48+00:00\" \/>\n<meta property=\"og:image\" content=\"https:\/\/plcsupplyspot.com\/wp-content\/uploads\/2026\/01\/plc-supply-spot-logo-1.png\" \/>\n\t<meta property=\"og:image:width\" content=\"720\" \/>\n\t<meta property=\"og:image:height\" content=\"720\" \/>\n\t<meta property=\"og:image:type\" content=\"image\/png\" \/>\n<meta name=\"twitter:card\" content=\"summary_large_image\" \/>\n<meta name=\"twitter:label1\" content=\"Est. reading time\" \/>\n\t<meta name=\"twitter:data1\" content=\"3 minut\u0117s\" \/>\n<!-- \/ Yoast SEO plugin. -->","yoast_head_json":{"title":"Taisykl\u0117s | PLC Supply spot","robots":{"index":"index","follow":"follow","max-snippet":"max-snippet:-1","max-image-preview":"max-image-preview:large","max-video-preview":"max-video-preview:-1"},"canonical":"https:\/\/plcsupplyspot.com\/lt\/taisykles\/","og_locale":"lt_LT","og_type":"article","og_title":"Taisykl\u0117s | PLC Supply spot","og_description":"Kas mes esame Si\u016blomas tekstas: M\u016bs\u0173 svetain\u0117s adresas: http:\/\/plcsupplyspot.com. Komentarai Si\u016blomas tekstas: Kai lankytojai svetain\u0117je palieka komentarus, mes renkame komentar\u0173 formoje nurodytus duomenis, taip pat lankytojo IP adres\u0105 ir nar\u0161ykl\u0117s vartotojo agento eilut\u0119, kad b\u016bt\u0173 lengviau aptikti \u0161lam\u0161t\u0105. I\u0161 j\u016bs\u0173 el. pa\u0161to adreso sukurta anonimin\u0117 eilut\u0117 (dar vadinama hash) gali b\u016bti pateikta &#8222;Gravatar&#8221; paslaugai, kad [&hellip;]","og_url":"https:\/\/plcsupplyspot.com\/lt\/taisykles\/","og_site_name":"PLC Supply spot","article_publisher":"https:\/\/www.facebook.com\/profile.php?id=61571705128033","article_modified_time":"2025-01-22T05:51:48+00:00","og_image":[{"width":720,"height":720,"url":"https:\/\/plcsupplyspot.com\/wp-content\/uploads\/2026\/01\/plc-supply-spot-logo-1.png","type":"image\/png"}],"twitter_card":"summary_large_image","twitter_misc":{"Est. reading time":"3 minut\u0117s"},"schema":{"@context":"https:\/\/schema.org","@graph":[{"@type":"WebPage","@id":"https:\/\/plcsupplyspot.com\/lt\/taisykles\/","url":"https:\/\/plcsupplyspot.com\/lt\/taisykles\/","name":"Taisykl\u0117s | PLC Supply spot","isPartOf":{"@id":"https:\/\/plcsupplyspot.com\/lt\/#website"},"datePublished":"2024-06-21T10:37:50+00:00","dateModified":"2025-01-22T05:51:48+00:00","breadcrumb":{"@id":"https:\/\/plcsupplyspot.com\/lt\/taisykles\/#breadcrumb"},"inLanguage":"lt-LT","potentialAction":[{"@type":"ReadAction","target":["https:\/\/plcsupplyspot.com\/lt\/taisykles\/"]}]},{"@type":"BreadcrumbList","@id":"https:\/\/plcsupplyspot.com\/lt\/taisykles\/#breadcrumb","itemListElement":[{"@type":"ListItem","position":1,"name":"home","item":"https:\/\/plcsupplyspot.com\/lt\/"},{"@type":"ListItem","position":2,"name":"Taisykl\u0117s"}]},{"@type":"WebSite","@id":"https:\/\/plcsupplyspot.com\/lt\/#website","url":"https:\/\/plcsupplyspot.com\/lt\/","name":"PLC Supply Spot","description":"Innovate. Accelerate. Automate!","publisher":{"@id":"https:\/\/plcsupplyspot.com\/lt\/#organization"},"potentialAction":[{"@type":"SearchAction","target":{"@type":"EntryPoint","urlTemplate":"https:\/\/plcsupplyspot.com\/lt\/?s={search_term_string}"},"query-input":{"@type":"PropertyValueSpecification","valueRequired":true,"valueName":"search_term_string"}}],"inLanguage":"lt-LT"},{"@type":"Organization","@id":"https:\/\/plcsupplyspot.com\/lt\/#organization","name":"PLC Supply Spot","alternateName":"PLC Supply Spot","url":"https:\/\/plcsupplyspot.com\/lt\/","logo":{"@type":"ImageObject","inLanguage":"lt-LT","@id":"https:\/\/plcsupplyspot.com\/lt\/#\/schema\/logo\/image\/","url":"https:\/\/plcsupplyspot.com\/wp-content\/uploads\/2026\/01\/plc-supply-spot-logo-1.png","contentUrl":"https:\/\/plcsupplyspot.com\/wp-content\/uploads\/2026\/01\/plc-supply-spot-logo-1.png","width":720,"height":720,"caption":"PLC Supply Spot"},"image":{"@id":"https:\/\/plcsupplyspot.com\/lt\/#\/schema\/logo\/image\/"},"sameAs":["https:\/\/www.facebook.com\/profile.php?id=61571705128033"]}]}},"_links":{"self":[{"href":"https:\/\/plcsupplyspot.com\/lt\/wp-json\/wp\/v2\/pages\/4895","targetHints":{"allow":["GET"]}}],"collection":[{"href":"https:\/\/plcsupplyspot.com\/lt\/wp-json\/wp\/v2\/pages"}],"about":[{"href":"https:\/\/plcsupplyspot.com\/lt\/wp-json\/wp\/v2\/types\/page"}],"author":[{"embeddable":true,"href":"https:\/\/plcsupplyspot.com\/lt\/wp-json\/wp\/v2\/users\/2"}],"replies":[{"embeddable":true,"href":"https:\/\/plcsupplyspot.com\/lt\/wp-json\/wp\/v2\/comments?post=4895"}],"version-history":[{"count":5,"href":"https:\/\/plcsupplyspot.com\/lt\/wp-json\/wp\/v2\/pages\/4895\/revisions"}],"predecessor-version":[{"id":4902,"href":"https:\/\/plcsupplyspot.com\/lt\/wp-json\/wp\/v2\/pages\/4895\/revisions\/4902"}],"wp:attachment":[{"href":"https:\/\/plcsupplyspot.com\/lt\/wp-json\/wp\/v2\/media?parent=4895"}],"curies":[{"name":"wp","href":"https:\/\/api.w.org\/{rel}","templated":true}]}}